{"id":8736,"date":"2025-12-23T05:05:46","date_gmt":"2025-12-23T05:05:46","guid":{"rendered":"https:\/\/phoenixmicrdev.wpengine.com\/phoenix-micron\/systeme-cnv-2\/"},"modified":"2026-03-04T14:08:35","modified_gmt":"2026-03-04T14:08:35","slug":"systeme-cnv-2","status":"publish","type":"page","link":"https:\/\/phoenixmicron.com\/fr\/phoenix-micron\/systeme-cnv-2\/","title":{"rendered":"SYST\u00c8ME CNV"},"content":{"rendered":"","protected":false},"excerpt":{"rendered":"","protected":false},"author":1,"featured_media":0,"parent":6222,"menu_order":0,"comment_status":"closed","ping_status":"closed","template":"page-full-width.php","meta":{"_acf_changed":false,"_themeisle_gutenberg_block_has_review":false,"footnotes":""},"class_list":["post-8736","page","type-page","status-publish","hentry"],"acf":[],"yoast_head":"<!-- This site is optimized with the Yoast SEO plugin v27.2 - https:\/\/yoast.com\/product\/yoast-seo-wordpress\/ -->\n<title>SYST\u00c8ME CNV - Phoenix-micron<\/title>\n<meta name=\"description\" content=\"Le syst\u00e8me laser MICRON de Phoenix, guid\u00e9 par l&#039;image, produit une photocoagulation laser pr\u00e9cise et facile \u00e0 d\u00e9livrer pour g\u00e9n\u00e9rer une n\u00e9ovascularisation choro\u00efdienne (CNV). Pour en savoir plus.\" \/>\n<meta name=\"robots\" content=\"index, follow, max-snippet:-1, max-image-preview:large, max-video-preview:-1\" \/>\n<link rel=\"canonical\" href=\"https:\/\/phoenixmicron.com\/fr\/phoenix-micron\/systeme-cnv-2\/\" \/>\n<meta property=\"og:locale\" content=\"fr_FR\" \/>\n<meta property=\"og:type\" content=\"article\" \/>\n<meta property=\"og:title\" content=\"SYST\u00c8ME CNV - Phoenix-micron\" \/>\n<meta property=\"og:description\" content=\"Le syst\u00e8me laser MICRON de Phoenix, guid\u00e9 par l&#039;image, produit une photocoagulation laser pr\u00e9cise et facile \u00e0 d\u00e9livrer pour g\u00e9n\u00e9rer une n\u00e9ovascularisation choro\u00efdienne (CNV). Pour en savoir plus.\" \/>\n<meta property=\"og:url\" content=\"https:\/\/phoenixmicron.com\/fr\/phoenix-micron\/systeme-cnv-2\/\" \/>\n<meta property=\"og:site_name\" content=\"Phoenix-micron\" \/>\n<meta property=\"article:modified_time\" content=\"2026-03-04T14:08:35+00:00\" \/>\n<meta name=\"twitter:card\" content=\"summary_large_image\" \/>\n<script type=\"application\/ld+json\" class=\"yoast-schema-graph\">{\"@context\":\"https:\/\/schema.org\",\"@graph\":[{\"@type\":\"WebPage\",\"@id\":\"https:\/\/phoenixmicron.com\/fr\/phoenix-micron\/systeme-cnv-2\/\",\"url\":\"https:\/\/phoenixmicron.com\/fr\/phoenix-micron\/systeme-cnv-2\/\",\"name\":\"SYST\u00c8ME CNV - Phoenix-micron\",\"isPartOf\":{\"@id\":\"https:\/\/phoenixmicron.com\/fr\/#website\"},\"datePublished\":\"2025-12-23T05:05:46+00:00\",\"dateModified\":\"2026-03-04T14:08:35+00:00\",\"description\":\"Le syst\u00e8me laser MICRON de Phoenix, guid\u00e9 par l'image, produit une photocoagulation laser pr\u00e9cise et facile \u00e0 d\u00e9livrer pour g\u00e9n\u00e9rer une n\u00e9ovascularisation choro\u00efdienne (CNV). Pour en savoir plus.\",\"breadcrumb\":{\"@id\":\"https:\/\/phoenixmicron.com\/fr\/phoenix-micron\/systeme-cnv-2\/#breadcrumb\"},\"inLanguage\":\"fr-FR\",\"potentialAction\":[{\"@type\":\"ReadAction\",\"target\":[\"https:\/\/phoenixmicron.com\/fr\/phoenix-micron\/systeme-cnv-2\/\"]}]},{\"@type\":\"BreadcrumbList\",\"@id\":\"https:\/\/phoenixmicron.com\/fr\/phoenix-micron\/systeme-cnv-2\/#breadcrumb\",\"itemListElement\":[{\"@type\":\"ListItem\",\"position\":1,\"name\":\"Home\",\"item\":\"https:\/\/phoenixmicron.com\/fr\/phoenix-micron\/\"},{\"@type\":\"ListItem\",\"position\":2,\"name\":\"Phoenix MICRON\u00ae\",\"item\":\"https:\/\/phoenixmicron.com\/fr\/phoenix-micron\/\"},{\"@type\":\"ListItem\",\"position\":3,\"name\":\"SYST\u00c8ME CNV\"}]},{\"@type\":\"WebSite\",\"@id\":\"https:\/\/phoenixmicron.com\/fr\/#website\",\"url\":\"https:\/\/phoenixmicron.com\/fr\/\",\"name\":\"Phoenix-micron\",\"description\":\"\",\"publisher\":{\"@id\":\"https:\/\/phoenixmicron.com\/fr\/#organization\"},\"potentialAction\":[{\"@type\":\"SearchAction\",\"target\":{\"@type\":\"EntryPoint\",\"urlTemplate\":\"https:\/\/phoenixmicron.com\/fr\/?s={search_term_string}\"},\"query-input\":{\"@type\":\"PropertyValueSpecification\",\"valueRequired\":true,\"valueName\":\"search_term_string\"}}],\"inLanguage\":\"fr-FR\"},{\"@type\":\"Organization\",\"@id\":\"https:\/\/phoenixmicron.com\/fr\/#organization\",\"name\":\"Phoenix-micron\",\"url\":\"https:\/\/phoenixmicron.com\/fr\/\",\"logo\":{\"@type\":\"ImageObject\",\"inLanguage\":\"fr-FR\",\"@id\":\"https:\/\/phoenixmicron.com\/fr\/#\/schema\/logo\/image\/\",\"url\":\"https:\/\/phoenixmicron.com\/wp-content\/uploads\/2019\/04\/faviconlogo.png\",\"contentUrl\":\"https:\/\/phoenixmicron.com\/wp-content\/uploads\/2019\/04\/faviconlogo.png\",\"width\":200,\"height\":200,\"caption\":\"Phoenix-micron\"},\"image\":{\"@id\":\"https:\/\/phoenixmicron.com\/fr\/#\/schema\/logo\/image\/\"}}]}<\/script>\n<!-- \/ Yoast SEO plugin. -->","yoast_head_json":{"title":"SYST\u00c8ME CNV - Phoenix-micron","description":"Le syst\u00e8me laser MICRON de Phoenix, guid\u00e9 par l'image, produit une photocoagulation laser pr\u00e9cise et facile \u00e0 d\u00e9livrer pour g\u00e9n\u00e9rer une n\u00e9ovascularisation choro\u00efdienne (CNV). Pour en savoir plus.","robots":{"index":"index","follow":"follow","max-snippet":"max-snippet:-1","max-image-preview":"max-image-preview:large","max-video-preview":"max-video-preview:-1"},"canonical":"https:\/\/phoenixmicron.com\/fr\/phoenix-micron\/systeme-cnv-2\/","og_locale":"fr_FR","og_type":"article","og_title":"SYST\u00c8ME CNV - Phoenix-micron","og_description":"Le syst\u00e8me laser MICRON de Phoenix, guid\u00e9 par l'image, produit une photocoagulation laser pr\u00e9cise et facile \u00e0 d\u00e9livrer pour g\u00e9n\u00e9rer une n\u00e9ovascularisation choro\u00efdienne (CNV). Pour en savoir plus.","og_url":"https:\/\/phoenixmicron.com\/fr\/phoenix-micron\/systeme-cnv-2\/","og_site_name":"Phoenix-micron","article_modified_time":"2026-03-04T14:08:35+00:00","twitter_card":"summary_large_image","schema":{"@context":"https:\/\/schema.org","@graph":[{"@type":"WebPage","@id":"https:\/\/phoenixmicron.com\/fr\/phoenix-micron\/systeme-cnv-2\/","url":"https:\/\/phoenixmicron.com\/fr\/phoenix-micron\/systeme-cnv-2\/","name":"SYST\u00c8ME CNV - Phoenix-micron","isPartOf":{"@id":"https:\/\/phoenixmicron.com\/fr\/#website"},"datePublished":"2025-12-23T05:05:46+00:00","dateModified":"2026-03-04T14:08:35+00:00","description":"Le syst\u00e8me laser MICRON de Phoenix, guid\u00e9 par l'image, produit une photocoagulation laser pr\u00e9cise et facile \u00e0 d\u00e9livrer pour g\u00e9n\u00e9rer une n\u00e9ovascularisation choro\u00efdienne (CNV). Pour en savoir plus.","breadcrumb":{"@id":"https:\/\/phoenixmicron.com\/fr\/phoenix-micron\/systeme-cnv-2\/#breadcrumb"},"inLanguage":"fr-FR","potentialAction":[{"@type":"ReadAction","target":["https:\/\/phoenixmicron.com\/fr\/phoenix-micron\/systeme-cnv-2\/"]}]},{"@type":"BreadcrumbList","@id":"https:\/\/phoenixmicron.com\/fr\/phoenix-micron\/systeme-cnv-2\/#breadcrumb","itemListElement":[{"@type":"ListItem","position":1,"name":"Home","item":"https:\/\/phoenixmicron.com\/fr\/phoenix-micron\/"},{"@type":"ListItem","position":2,"name":"Phoenix MICRON\u00ae","item":"https:\/\/phoenixmicron.com\/fr\/phoenix-micron\/"},{"@type":"ListItem","position":3,"name":"SYST\u00c8ME CNV"}]},{"@type":"WebSite","@id":"https:\/\/phoenixmicron.com\/fr\/#website","url":"https:\/\/phoenixmicron.com\/fr\/","name":"Phoenix-micron","description":"","publisher":{"@id":"https:\/\/phoenixmicron.com\/fr\/#organization"},"potentialAction":[{"@type":"SearchAction","target":{"@type":"EntryPoint","urlTemplate":"https:\/\/phoenixmicron.com\/fr\/?s={search_term_string}"},"query-input":{"@type":"PropertyValueSpecification","valueRequired":true,"valueName":"search_term_string"}}],"inLanguage":"fr-FR"},{"@type":"Organization","@id":"https:\/\/phoenixmicron.com\/fr\/#organization","name":"Phoenix-micron","url":"https:\/\/phoenixmicron.com\/fr\/","logo":{"@type":"ImageObject","inLanguage":"fr-FR","@id":"https:\/\/phoenixmicron.com\/fr\/#\/schema\/logo\/image\/","url":"https:\/\/phoenixmicron.com\/wp-content\/uploads\/2019\/04\/faviconlogo.png","contentUrl":"https:\/\/phoenixmicron.com\/wp-content\/uploads\/2019\/04\/faviconlogo.png","width":200,"height":200,"caption":"Phoenix-micron"},"image":{"@id":"https:\/\/phoenixmicron.com\/fr\/#\/schema\/logo\/image\/"}}]}},"_links":{"self":[{"href":"https:\/\/phoenixmicron.com\/fr\/wp-json\/wp\/v2\/pages\/8736","targetHints":{"allow":["GET"]}}],"collection":[{"href":"https:\/\/phoenixmicron.com\/fr\/wp-json\/wp\/v2\/pages"}],"about":[{"href":"https:\/\/phoenixmicron.com\/fr\/wp-json\/wp\/v2\/types\/page"}],"author":[{"embeddable":true,"href":"https:\/\/phoenixmicron.com\/fr\/wp-json\/wp\/v2\/users\/1"}],"replies":[{"embeddable":true,"href":"https:\/\/phoenixmicron.com\/fr\/wp-json\/wp\/v2\/comments?post=8736"}],"version-history":[{"count":0,"href":"https:\/\/phoenixmicron.com\/fr\/wp-json\/wp\/v2\/pages\/8736\/revisions"}],"up":[{"embeddable":true,"href":"https:\/\/phoenixmicron.com\/fr\/wp-json\/wp\/v2\/pages\/6222"}],"wp:attachment":[{"href":"https:\/\/phoenixmicron.com\/fr\/wp-json\/wp\/v2\/media?parent=8736"}],"curies":[{"name":"wp","href":"https:\/\/api.w.org\/{rel}","templated":true}]}}