{"id":7852,"date":"2019-04-25T05:41:19","date_gmt":"2019-04-25T05:41:19","guid":{"rendered":"https:\/\/phoenixmicrdev.wpengine.com\/phoenix-micron\/oct-guide-par-limage\/"},"modified":"2026-04-13T08:26:52","modified_gmt":"2026-04-13T08:26:52","slug":"oct-guide-par-limage","status":"publish","type":"page","link":"https:\/\/phoenixmicron.com\/fr\/phoenix-micron\/oct-guide-par-limage\/","title":{"rendered":"OCT guid\u00e9 par l&rsquo;image"},"content":{"rendered":"\n<h1>\n\t\t\tMICRON<!--wpml-no-translate-->\u00ae<!--\/wpml-no-translate--> Image-Guided OCT\t<\/h1>\n\t<p>Tomographie par coh\u00e9rence optique (OCT) optimis\u00e9e pour les souris et les rats, avec une r\u00e9solution longitudinale inf\u00e9rieure \u00e0 2 microns<\/p>\n\t<strong>MICRON OCT guid\u00e9 par l&rsquo;image :<br \/>\n<\/strong>\n\t<ul>\n<li>Pr\u00e9sente des coupes histologiques optiques sur une vue du fond d&rsquo;\u0153il en temps r\u00e9el<\/li>\n<li>Se fixe rapidement au syst\u00e8me d&rsquo;imagerie MICRON et ne n\u00e9cessite pas d&rsquo;espace de travail suppl\u00e9mentaire.<\/li>\n<li>R\u00e9duit les artefacts de mouvement gr\u00e2ce \u00e0 l&rsquo;imagerie en contact avec la corn\u00e9e de l&rsquo;animal<\/li>\n<li>Inclut de puissants outils de visualisation de la segmentation 2D et 3D pour fournir des valeurs d&rsquo;\u00e9paisseur r\u00e9tinienne con\u00e7ues sp\u00e9cifiquement pour l&rsquo;\u0153il de la souris et du rat.<\/li>\n<\/ul>\n\t<p><a href=\"https:\/\/phoenixmicron.com\/wp-content\/uploads\/2026\/04\/MICRON-OCT2-2026.pdf\" target=\"_blank\" rel=\"noopener\">fiche technique<\/a> | <a href=\"https:\/\/phoenixmicron.com\/fr\/?page_id=7862\" rel=\"noopener\">articles<\/a><\/p>\n<figure itemscope itemtype=\"https:\/\/schema.org\/ImageObject\">\n\t\t\t\t<img decoding=\"async\" data-src=\"https:\/\/phoenixmicron.com\/wp-content\/uploads\/2019\/04\/OCT2_SCANS-e1431380965319.png\" alt=\"Scanners OCT et clich\u00e9s de positionnement du fond d&#039;\u0153il en direct\" height=\"503\" width=\"920\" title=\"OCT2_SCANS-e1431380965319\" onerror=\"this.style.display='none'\" src=\"data:image\/svg+xml;base64,PHN2ZyB3aWR0aD0iMSIgaGVpZ2h0PSIxIiB4bWxucz0iaHR0cDovL3d3dy53My5vcmcvMjAwMC9zdmciPjwvc3ZnPg==\" class=\"lazyload\" style=\"--smush-placeholder-width: 920px; --smush-placeholder-aspect-ratio: 920\/503;\" \/>\n\t<\/figure>\n\t<p>Le syst\u00e8me OCT2 MICRON<sup><!--wpml-no-translate-->\u00ae<!--\/wpml-no-translate--><\/sup> Image-Guided a \u00e9t\u00e9 con\u00e7u sp\u00e9cifiquement pour r\u00e9pondre aux exigences de la recherche in vivo sur les souris et les rats, en fournissant de superbes images OCT de souris et de rats.<\/p>\n<p>Le syst\u00e8me OCT2 comprend un affichage en temps r\u00e9el du fond d&rsquo;\u0153il avec une ligne de balayage superpos\u00e9e pour permettre un positionnement pr\u00e9cis de l&rsquo;imagerie OCT. Le syst\u00e8me prend en charge la capture 2D et la production de volumes 3D, et comprend un ensemble d&rsquo;outils puissants de segmentation et de visualisation. <\/p>\n\t<strong>Caract\u00e9ristiques du MICRON\u00ae <!--wpml-no-translate--><!--\/wpml-no-translate--> par l&rsquo;image :<br \/>\n<\/strong>\n<ul>\n<li>Affichage du fond d&rsquo;\u0153il en temps r\u00e9el et pr\u00e9sentation de l&rsquo;image OCT en temps r\u00e9el<\/li>\n<li>R\u00e9solution longitudinale de 1,8 micron<\/li>\n<li>Profondeur d&rsquo;imagerie de 1,4 mm, permettant une p\u00e9n\u00e9tration profonde dans la scl\u00e9rotique<\/li>\n<li>Mod\u00e8les de balayage de lignes, de cercles et de volumes en 3D<\/li>\n<li>Objectifs s\u00e9par\u00e9s optimis\u00e9s pour les souris et les rats<\/li>\n<li>Outils de segmentation 2D et 3D, y compris la visualisation 3D interactive<\/li>\n<\/ul>\n<figure itemscope itemtype=\"https:\/\/schema.org\/ImageObject\">\n\t\t\t\t<img decoding=\"async\" data-src=\"https:\/\/phoenixmicron.com\/wp-content\/uploads\/2024\/08\/7_MICRON-IV-and-5-OCT-v2-1.png\" alt=\"7_MICRON IV et 5 OCT v2 (1)\" height=\"684\" width=\"700\" title=\"7_MICRON IV et 5 OCT v2 (1)\" onerror=\"this.style.display='none'\" src=\"data:image\/svg+xml;base64,PHN2ZyB3aWR0aD0iMSIgaGVpZ2h0PSIxIiB4bWxucz0iaHR0cDovL3d3dy53My5vcmcvMjAwMC9zdmciPjwvc3ZnPg==\" class=\"lazyload\" style=\"--smush-placeholder-width: 700px; --smush-placeholder-aspect-ratio: 700\/684;\" \/>\n\t<\/figure>\n<figure itemscope itemtype=\"https:\/\/schema.org\/ImageObject\">\n\t\t\t\t<img decoding=\"async\" data-src=\"https:\/\/phoenixmicron.com\/wp-content\/uploads\/2025\/04\/Image-1.jpg\" alt=\"Image 1\" height=\"850\" width=\"1400\" title=\"Image 1\" onerror=\"this.style.display='none'\" src=\"data:image\/svg+xml;base64,PHN2ZyB3aWR0aD0iMSIgaGVpZ2h0PSIxIiB4bWxucz0iaHR0cDovL3d3dy53My5vcmcvMjAwMC9zdmciPjwvc3ZnPg==\" class=\"lazyload\" style=\"--smush-placeholder-width: 1400px; --smush-placeholder-aspect-ratio: 1400\/850;\" \/>\n\t<\/figure>\n\n","protected":false},"excerpt":{"rendered":"<p>MICRON\u00ae Image-Guided OCT Tomographie par coh\u00e9rence optique (OCT) optimis\u00e9e pour les souris et les rats, avec une r\u00e9solution longitudinale inf\u00e9rieure \u00e0 2 microns MICRON OCT guid\u00e9 par l&rsquo;image : Pr\u00e9sente des coupes histologiques optiques sur une vue du fond d&rsquo;\u0153il en temps r\u00e9el Se fixe rapidement au syst\u00e8me d&rsquo;imagerie MICRON et ne n\u00e9cessite pas d&rsquo;espace [&hellip;]<\/p>\n","protected":false},"author":6,"featured_media":0,"parent":6222,"menu_order":0,"comment_status":"closed","ping_status":"closed","template":"page-full-width.php","meta":{"_acf_changed":false,"_themeisle_gutenberg_block_has_review":false,"footnotes":""},"class_list":["post-7852","page","type-page","status-publish","hentry"],"acf":[],"yoast_head":"<!-- This site is optimized with the Yoast SEO plugin v27.2 - https:\/\/yoast.com\/product\/yoast-seo-wordpress\/ -->\n<title>OCT guid\u00e9 par l&#039;image - Phoenix-micron<\/title>\n<meta name=\"robots\" content=\"index, follow, max-snippet:-1, max-image-preview:large, max-video-preview:-1\" \/>\n<link rel=\"canonical\" href=\"https:\/\/phoenixmicron.com\/fr\/phoenix-micron\/oct-guide-par-limage\/\" \/>\n<meta property=\"og:locale\" content=\"fr_FR\" \/>\n<meta property=\"og:type\" content=\"article\" \/>\n<meta property=\"og:title\" content=\"OCT guid\u00e9 par l&#039;image - Phoenix-micron\" \/>\n<meta property=\"og:description\" content=\"MICRON\u00ae Image-Guided OCT Tomographie par coh\u00e9rence optique (OCT) optimis\u00e9e pour les souris et les rats, avec une r\u00e9solution longitudinale inf\u00e9rieure \u00e0 2 microns MICRON OCT guid\u00e9 par l&rsquo;image : Pr\u00e9sente des coupes histologiques optiques sur une vue du fond d&rsquo;\u0153il en temps r\u00e9el Se fixe rapidement au syst\u00e8me d&rsquo;imagerie MICRON et ne n\u00e9cessite pas d&rsquo;espace [&hellip;]\" \/>\n<meta property=\"og:url\" content=\"https:\/\/phoenixmicron.com\/fr\/phoenix-micron\/oct-guide-par-limage\/\" \/>\n<meta property=\"og:site_name\" content=\"Phoenix-micron\" \/>\n<meta property=\"article:modified_time\" content=\"2026-04-13T08:26:52+00:00\" \/>\n<meta property=\"og:image\" content=\"https:\/\/phoenixmicron.com\/wp-content\/uploads\/2019\/04\/OCT2_SCANS-e1431380965319.png\" \/>\n<meta name=\"twitter:card\" content=\"summary_large_image\" \/>\n<meta name=\"twitter:label1\" content=\"Dur\u00e9e de lecture estim\u00e9e\" \/>\n\t<meta name=\"twitter:data1\" content=\"1 minute\" \/>\n<script type=\"application\/ld+json\" class=\"yoast-schema-graph\">{\"@context\":\"https:\/\/schema.org\",\"@graph\":[{\"@type\":\"WebPage\",\"@id\":\"https:\/\/phoenixmicron.com\/fr\/phoenix-micron\/oct-guide-par-limage\/\",\"url\":\"https:\/\/phoenixmicron.com\/fr\/phoenix-micron\/oct-guide-par-limage\/\",\"name\":\"OCT guid\u00e9 par l'image - Phoenix-micron\",\"isPartOf\":{\"@id\":\"https:\/\/phoenixmicron.com\/fr\/#website\"},\"primaryImageOfPage\":{\"@id\":\"https:\/\/phoenixmicron.com\/fr\/phoenix-micron\/oct-guide-par-limage\/#primaryimage\"},\"image\":{\"@id\":\"https:\/\/phoenixmicron.com\/fr\/phoenix-micron\/oct-guide-par-limage\/#primaryimage\"},\"thumbnailUrl\":\"https:\/\/phoenixmicron.com\/wp-content\/uploads\/2019\/04\/OCT2_SCANS-e1431380965319.png\",\"datePublished\":\"2019-04-25T05:41:19+00:00\",\"dateModified\":\"2026-04-13T08:26:52+00:00\",\"breadcrumb\":{\"@id\":\"https:\/\/phoenixmicron.com\/fr\/phoenix-micron\/oct-guide-par-limage\/#breadcrumb\"},\"inLanguage\":\"fr-FR\",\"potentialAction\":[{\"@type\":\"ReadAction\",\"target\":[\"https:\/\/phoenixmicron.com\/fr\/phoenix-micron\/oct-guide-par-limage\/\"]}]},{\"@type\":\"ImageObject\",\"inLanguage\":\"fr-FR\",\"@id\":\"https:\/\/phoenixmicron.com\/fr\/phoenix-micron\/oct-guide-par-limage\/#primaryimage\",\"url\":\"https:\/\/phoenixmicron.com\/wp-content\/uploads\/2019\/04\/OCT2_SCANS-e1431380965319.png\",\"contentUrl\":\"https:\/\/phoenixmicron.com\/wp-content\/uploads\/2019\/04\/OCT2_SCANS-e1431380965319.png\"},{\"@type\":\"BreadcrumbList\",\"@id\":\"https:\/\/phoenixmicron.com\/fr\/phoenix-micron\/oct-guide-par-limage\/#breadcrumb\",\"itemListElement\":[{\"@type\":\"ListItem\",\"position\":1,\"name\":\"Home\",\"item\":\"https:\/\/phoenixmicron.com\/fr\/phoenix-micron\/\"},{\"@type\":\"ListItem\",\"position\":2,\"name\":\"Phoenix MICRON\u00ae\",\"item\":\"https:\/\/phoenixmicron.com\/fr\/phoenix-micron\/\"},{\"@type\":\"ListItem\",\"position\":3,\"name\":\"OCT guid\u00e9 par l&rsquo;image\"}]},{\"@type\":\"WebSite\",\"@id\":\"https:\/\/phoenixmicron.com\/fr\/#website\",\"url\":\"https:\/\/phoenixmicron.com\/fr\/\",\"name\":\"Phoenix-micron\",\"description\":\"\",\"publisher\":{\"@id\":\"https:\/\/phoenixmicron.com\/fr\/#organization\"},\"potentialAction\":[{\"@type\":\"SearchAction\",\"target\":{\"@type\":\"EntryPoint\",\"urlTemplate\":\"https:\/\/phoenixmicron.com\/fr\/?s={search_term_string}\"},\"query-input\":{\"@type\":\"PropertyValueSpecification\",\"valueRequired\":true,\"valueName\":\"search_term_string\"}}],\"inLanguage\":\"fr-FR\"},{\"@type\":\"Organization\",\"@id\":\"https:\/\/phoenixmicron.com\/fr\/#organization\",\"name\":\"Phoenix-micron\",\"url\":\"https:\/\/phoenixmicron.com\/fr\/\",\"logo\":{\"@type\":\"ImageObject\",\"inLanguage\":\"fr-FR\",\"@id\":\"https:\/\/phoenixmicron.com\/fr\/#\/schema\/logo\/image\/\",\"url\":\"https:\/\/phoenixmicron.com\/wp-content\/uploads\/2019\/04\/faviconlogo.png\",\"contentUrl\":\"https:\/\/phoenixmicron.com\/wp-content\/uploads\/2019\/04\/faviconlogo.png\",\"width\":200,\"height\":200,\"caption\":\"Phoenix-micron\"},\"image\":{\"@id\":\"https:\/\/phoenixmicron.com\/fr\/#\/schema\/logo\/image\/\"}}]}<\/script>\n<!-- \/ Yoast SEO plugin. -->","yoast_head_json":{"title":"OCT guid\u00e9 par l'image - Phoenix-micron","robots":{"index":"index","follow":"follow","max-snippet":"max-snippet:-1","max-image-preview":"max-image-preview:large","max-video-preview":"max-video-preview:-1"},"canonical":"https:\/\/phoenixmicron.com\/fr\/phoenix-micron\/oct-guide-par-limage\/","og_locale":"fr_FR","og_type":"article","og_title":"OCT guid\u00e9 par l'image - Phoenix-micron","og_description":"MICRON\u00ae Image-Guided OCT Tomographie par coh\u00e9rence optique (OCT) optimis\u00e9e pour les souris et les rats, avec une r\u00e9solution longitudinale inf\u00e9rieure \u00e0 2 microns MICRON OCT guid\u00e9 par l&rsquo;image : Pr\u00e9sente des coupes histologiques optiques sur une vue du fond d&rsquo;\u0153il en temps r\u00e9el Se fixe rapidement au syst\u00e8me d&rsquo;imagerie MICRON et ne n\u00e9cessite pas d&rsquo;espace [&hellip;]","og_url":"https:\/\/phoenixmicron.com\/fr\/phoenix-micron\/oct-guide-par-limage\/","og_site_name":"Phoenix-micron","article_modified_time":"2026-04-13T08:26:52+00:00","og_image":[{"url":"https:\/\/phoenixmicron.com\/wp-content\/uploads\/2019\/04\/OCT2_SCANS-e1431380965319.png","type":"","width":"","height":""}],"twitter_card":"summary_large_image","twitter_misc":{"Dur\u00e9e de lecture estim\u00e9e":"1 minute"},"schema":{"@context":"https:\/\/schema.org","@graph":[{"@type":"WebPage","@id":"https:\/\/phoenixmicron.com\/fr\/phoenix-micron\/oct-guide-par-limage\/","url":"https:\/\/phoenixmicron.com\/fr\/phoenix-micron\/oct-guide-par-limage\/","name":"OCT guid\u00e9 par l'image - Phoenix-micron","isPartOf":{"@id":"https:\/\/phoenixmicron.com\/fr\/#website"},"primaryImageOfPage":{"@id":"https:\/\/phoenixmicron.com\/fr\/phoenix-micron\/oct-guide-par-limage\/#primaryimage"},"image":{"@id":"https:\/\/phoenixmicron.com\/fr\/phoenix-micron\/oct-guide-par-limage\/#primaryimage"},"thumbnailUrl":"https:\/\/phoenixmicron.com\/wp-content\/uploads\/2019\/04\/OCT2_SCANS-e1431380965319.png","datePublished":"2019-04-25T05:41:19+00:00","dateModified":"2026-04-13T08:26:52+00:00","breadcrumb":{"@id":"https:\/\/phoenixmicron.com\/fr\/phoenix-micron\/oct-guide-par-limage\/#breadcrumb"},"inLanguage":"fr-FR","potentialAction":[{"@type":"ReadAction","target":["https:\/\/phoenixmicron.com\/fr\/phoenix-micron\/oct-guide-par-limage\/"]}]},{"@type":"ImageObject","inLanguage":"fr-FR","@id":"https:\/\/phoenixmicron.com\/fr\/phoenix-micron\/oct-guide-par-limage\/#primaryimage","url":"https:\/\/phoenixmicron.com\/wp-content\/uploads\/2019\/04\/OCT2_SCANS-e1431380965319.png","contentUrl":"https:\/\/phoenixmicron.com\/wp-content\/uploads\/2019\/04\/OCT2_SCANS-e1431380965319.png"},{"@type":"BreadcrumbList","@id":"https:\/\/phoenixmicron.com\/fr\/phoenix-micron\/oct-guide-par-limage\/#breadcrumb","itemListElement":[{"@type":"ListItem","position":1,"name":"Home","item":"https:\/\/phoenixmicron.com\/fr\/phoenix-micron\/"},{"@type":"ListItem","position":2,"name":"Phoenix MICRON\u00ae","item":"https:\/\/phoenixmicron.com\/fr\/phoenix-micron\/"},{"@type":"ListItem","position":3,"name":"OCT guid\u00e9 par l&rsquo;image"}]},{"@type":"WebSite","@id":"https:\/\/phoenixmicron.com\/fr\/#website","url":"https:\/\/phoenixmicron.com\/fr\/","name":"Phoenix-micron","description":"","publisher":{"@id":"https:\/\/phoenixmicron.com\/fr\/#organization"},"potentialAction":[{"@type":"SearchAction","target":{"@type":"EntryPoint","urlTemplate":"https:\/\/phoenixmicron.com\/fr\/?s={search_term_string}"},"query-input":{"@type":"PropertyValueSpecification","valueRequired":true,"valueName":"search_term_string"}}],"inLanguage":"fr-FR"},{"@type":"Organization","@id":"https:\/\/phoenixmicron.com\/fr\/#organization","name":"Phoenix-micron","url":"https:\/\/phoenixmicron.com\/fr\/","logo":{"@type":"ImageObject","inLanguage":"fr-FR","@id":"https:\/\/phoenixmicron.com\/fr\/#\/schema\/logo\/image\/","url":"https:\/\/phoenixmicron.com\/wp-content\/uploads\/2019\/04\/faviconlogo.png","contentUrl":"https:\/\/phoenixmicron.com\/wp-content\/uploads\/2019\/04\/faviconlogo.png","width":200,"height":200,"caption":"Phoenix-micron"},"image":{"@id":"https:\/\/phoenixmicron.com\/fr\/#\/schema\/logo\/image\/"}}]}},"_links":{"self":[{"href":"https:\/\/phoenixmicron.com\/fr\/wp-json\/wp\/v2\/pages\/7852","targetHints":{"allow":["GET"]}}],"collection":[{"href":"https:\/\/phoenixmicron.com\/fr\/wp-json\/wp\/v2\/pages"}],"about":[{"href":"https:\/\/phoenixmicron.com\/fr\/wp-json\/wp\/v2\/types\/page"}],"author":[{"embeddable":true,"href":"https:\/\/phoenixmicron.com\/fr\/wp-json\/wp\/v2\/users\/6"}],"replies":[{"embeddable":true,"href":"https:\/\/phoenixmicron.com\/fr\/wp-json\/wp\/v2\/comments?post=7852"}],"version-history":[{"count":0,"href":"https:\/\/phoenixmicron.com\/fr\/wp-json\/wp\/v2\/pages\/7852\/revisions"}],"up":[{"embeddable":true,"href":"https:\/\/phoenixmicron.com\/fr\/wp-json\/wp\/v2\/pages\/6222"}],"wp:attachment":[{"href":"https:\/\/phoenixmicron.com\/fr\/wp-json\/wp\/v2\/media?parent=7852"}],"curies":[{"name":"wp","href":"https:\/\/api.w.org\/{rel}","templated":true}]}}