{"id":7725,"date":"2019-04-12T03:44:31","date_gmt":"2019-04-12T03:44:31","guid":{"rendered":"https:\/\/phoenixmicrdev.wpengine.com\/phoenix-micron\/erg-focal\/"},"modified":"2026-04-13T08:46:12","modified_gmt":"2026-04-13T08:46:12","slug":"erg-focal","status":"publish","type":"page","link":"https:\/\/phoenixmicron.com\/fr\/phoenix-micron\/erg-focal\/","title":{"rendered":"ERG focal"},"content":{"rendered":"\n<h1>\n\t\t\tMICRON<!--wpml-no-translate-->\u00ae<!--\/wpml-no-translate--> Image-Guided Focal ERG\t<\/h1>\n\t<p>Syst\u00e8me ERG focal guid\u00e9 par l&rsquo;image, optimis\u00e9 pour les rongeurs.<\/p>\n\t<ul>\n<li>Se fixe sur la cam\u00e9ra MICRON<\/li>\n<li>La vue du fond d&rsquo;\u0153il en rouge profond permet d&rsquo;adapter l&rsquo;animal \u00e0 l&rsquo;obscurit\u00e9 totale.<\/li>\n<li>Les micromanipulateurs permettent de placer avec pr\u00e9cision le stimulus focal sur une zone cible.<\/li>\n<li>\u00c9lectrode corn\u00e9enne int\u00e9gr\u00e9e &#8211; plus besoin de placer un petit contact<br \/>\ndans un laboratoire obscur.<\/li>\n<\/ul>\n\t<p><a href=\"https:\/\/phoenixmicron.com\/wp-content\/uploads\/2026\/04\/MICRON-Focal-ERG-2026.pdf\" target=\"_blank\" rel=\"noopener\">fiche technique<\/a> | <a href=\"https:\/\/phoenixmicron.com\/fr\/?page_id=7862\" rel=\"noopener\">articles<\/a><\/p>\n<figure itemscope itemtype=\"https:\/\/schema.org\/ImageObject\">\n\t\t\t\t<img decoding=\"async\" data-src=\"https:\/\/phoenixmicron.com\/wp-content\/uploads\/2019\/04\/2e_Focal-ERG.jpg\" alt=\"Logiciel ERG Clean\" height=\"726\" width=\"1132\" title=\"2e_Erg focal\" onerror=\"this.style.display='none'\" src=\"data:image\/svg+xml;base64,PHN2ZyB3aWR0aD0iMSIgaGVpZ2h0PSIxIiB4bWxucz0iaHR0cDovL3d3dy53My5vcmcvMjAwMC9zdmciPjwvc3ZnPg==\" class=\"lazyload\" style=\"--smush-placeholder-width: 1132px; --smush-placeholder-aspect-ratio: 1132\/726;\" \/>\n\t<\/figure>\n\t<p>Les puissants outils d&rsquo;analyse MICRON ne se contentent pas d&rsquo;extraire le potentiel oscillatoire, mais construisent automatiquement un affichage en cascade.<\/p>\n<figure itemscope itemtype=\"https:\/\/schema.org\/ImageObject\">\n\t\t\t\t<img decoding=\"async\" data-src=\"https:\/\/phoenixmicron.com\/wp-content\/uploads\/2019\/04\/waterfall-161-offset.png\" alt=\"Graphique en cascade de l&#039;ERG\" height=\"808\" width=\"790\" title=\"Cascade 161 offset\" onerror=\"this.style.display='none'\" src=\"data:image\/svg+xml;base64,PHN2ZyB3aWR0aD0iMSIgaGVpZ2h0PSIxIiB4bWxucz0iaHR0cDovL3d3dy53My5vcmcvMjAwMC9zdmciPjwvc3ZnPg==\" class=\"lazyload\" style=\"--smush-placeholder-width: 790px; --smush-placeholder-aspect-ratio: 790\/808;\" \/>\n\t<\/figure>\n<figure itemscope itemtype=\"https:\/\/schema.org\/ImageObject\">\n\t\t\t\t<img decoding=\"async\" data-src=\"https:\/\/phoenixmicron.com\/wp-content\/uploads\/2019\/04\/waterfall-no-offset.png\" alt=\"Graphique en cascade de la GRE\" height=\"810\" width=\"792\" title=\"Cascade sans d\u00e9calage\" onerror=\"this.style.display='none'\" src=\"data:image\/svg+xml;base64,PHN2ZyB3aWR0aD0iMSIgaGVpZ2h0PSIxIiB4bWxucz0iaHR0cDovL3d3dy53My5vcmcvMjAwMC9zdmciPjwvc3ZnPg==\" class=\"lazyload\" style=\"--smush-placeholder-width: 792px; --smush-placeholder-aspect-ratio: 792\/810;\" \/>\n\t<\/figure>\n<h3>\n\t\t\tCLEAN Filtre d&rsquo;alimentation\t<\/h3>\n\t<p>Le traitement du signal MICRON CLEAN filtre le bruit de 60 Hz que l&rsquo;on trouve souvent dans les syst\u00e8mes d&rsquo;alimentation des b\u00e2timents.  Cette caract\u00e9ristique unique \u00e9limine le besoin de filtres coupe-bande ou d&rsquo;\u00e9cr\u00eatage de la bande passante, \u00e9vitant ainsi la distorsion et permettant des mesures ERG uniques sans avoir \u00e0 calculer la moyenne des signaux de bas niveau pour \u00e9liminer le bruit.<\/p>\n<figure itemscope itemtype=\"https:\/\/schema.org\/ImageObject\">\n\t\t\t\t<img decoding=\"async\" data-src=\"https:\/\/phoenixmicron.com\/wp-content\/uploads\/2019\/04\/2a_Focal-ERG-4.png\" alt=\"Tableau comparatif du logiciel CLEAN ERG\" height=\"1070\" width=\"1470\" title=\"2a_Focal-ERG-4\" onerror=\"this.style.display='none'\" src=\"data:image\/svg+xml;base64,PHN2ZyB3aWR0aD0iMSIgaGVpZ2h0PSIxIiB4bWxucz0iaHR0cDovL3d3dy53My5vcmcvMjAwMC9zdmciPjwvc3ZnPg==\" class=\"lazyload\" style=\"--smush-placeholder-width: 1470px; --smush-placeholder-aspect-ratio: 1470\/1070;\" \/>\n\t<\/figure>\n<h3>\n\t\t\tSOLUTIONS D&rsquo;ERG POUR L&rsquo;\u0152IL DES RONGEURS\t<\/h3>\n<h4>\n\t\t\tERG de Ganzfeld\t<\/h4>\n\t<p>Une unit\u00e9 compacte et autonome avec une gamme dynamique \u00e9tendue, offrant \u00e0 la fois la lumi\u00e8re UV et la lumi\u00e8re verte pour correspondre pr\u00e9cis\u00e9ment \u00e0 la sensibilit\u00e9 des photor\u00e9cepteurs des rongeurs.<\/p>\n<h4>\n\t\t\tERG focal\t<\/h4>\n\t<p>Fix\u00e9 au syst\u00e8me d&rsquo;imagerie MICRON, l&rsquo;ERG focal permet un ciblage pr\u00e9cis de  des endroits sp\u00e9cifiques de la r\u00e9tine pour l&rsquo;\u00e9tude tout en pr\u00e9servant l&rsquo;adaptation \u00e0 l&rsquo;obscurit\u00e9. Il prend \u00e9galement en charge une large gamme de tailles de taches focales. <\/p>\n<h4>\n\t\t\tUn syst\u00e8me complet\t<\/h4>\n\t<p>\u00c9quip\u00e9 d&rsquo;une gamme compl\u00e8te de fonctions telles que le scintillement, la saturation de l&rsquo;arri\u00e8re-plan et l&rsquo;extraction des ondes OP.<\/p>\n<p>\u00c9quip\u00e9 de CLEAN, une innovation de Phoenix qui supprime automatiquement les captations de 60 Hz.<\/p>\n<h4>\n\t\t\tERG focal guid\u00e9 par l&rsquo;image pour les rongeurs\t<\/h4>\n\t<p>L&rsquo;ERG focal guid\u00e9 par l&rsquo;image MICRON<!--wpml-no-translate-->\u00ae<!--\/wpml-no-translate--> d\u00e9termine quantitativement la fonction r\u00e9tinienne \u00e0 des endroits pr\u00e9cis et produit une carte spatiale de la performance r\u00e9tinienne pour faciliter l&rsquo;\u00e9valuation des r\u00e9gions trait\u00e9es par rapport aux r\u00e9gions non trait\u00e9es. Ceci est possible en utilisant une image rouge fonc\u00e9 et un point de sonde rouge fonc\u00e9, vus sur l&rsquo;image MICRON<!--wpml-no-translate-->\u00ae<!--\/wpml-no-translate--> en temps r\u00e9el, puis en faisant clignoter un stimulus de lumi\u00e8re blanche et en enregistrant le signal \u00e9lectrique. <\/p>\n<p>La modalit\u00e9 ERG guid\u00e9e par l&rsquo;image fonctionne comme un accessoire du syst\u00e8me d&rsquo;imagerie r\u00e9tinienne MICRON, ce qui permet d&rsquo;optimiser l&rsquo;espace du laboratoire. Le MICRON<!--wpml-no-translate-->\u00ae<!--\/wpml-no-translate--> fournit une illumination et une imagerie \u00e0 850 nm, supportant les plus hauts niveaux d&rsquo;adaptation \u00e0 l&rsquo;obscurit\u00e9. <\/p>\n\t<p><strong>Se fixe sur le syst\u00e8me MICRON<!--wpml-no-translate-->\u00ae<!--\/wpml-no-translate--><\/strong><\/p>\n<ul>\n<li>Le guidage par lumi\u00e8re infrarouge permet d&rsquo;adapter l&rsquo;animal \u00e0 l&rsquo;obscurit\u00e9 totale.<\/li>\n<li>\u00c9lectrodes int\u00e9gr\u00e9es : Plus besoin de placer de petits contacts dans un laboratoire obscur<\/li>\n<\/ul>\n\t<p><a href=\"https:\/\/phoenixmicron.com\/wp-content\/uploads\/2024\/08\/MICRON-Focal-ERG-2023.pdf\" target=\"_blank\" rel=\"noopener\">fiche technique<\/a> | <a href=\"https:\/\/phoenixmicron.com\/fr\/?page_id=7862\" rel=\"noopener\">articles<\/a> | <a href=\"https:\/\/phoenixmicron.com\/resources-researchers\/\" rel=\"noopener\">documents de recherche<\/a> | <a href=\"https:\/\/phoenixmicron.com\/resources-researchers\/\">vid\u00e9os<\/a><\/p>\n<figure itemscope itemtype=\"https:\/\/schema.org\/ImageObject\">\n\t\t\t\t<img decoding=\"async\" data-src=\"https:\/\/phoenixmicron.com\/wp-content\/uploads\/2024\/07\/14_M5-fERG-2-website.png\" alt=\"14_M5 fERG-2 site web\" height=\"1255\" width=\"1575\" title=\"14_M5 fERG-2 site web\" onerror=\"this.style.display='none'\" src=\"data:image\/svg+xml;base64,PHN2ZyB3aWR0aD0iMSIgaGVpZ2h0PSIxIiB4bWxucz0iaHR0cDovL3d3dy53My5vcmcvMjAwMC9zdmciPjwvc3ZnPg==\" class=\"lazyload\" style=\"--smush-placeholder-width: 1575px; --smush-placeholder-aspect-ratio: 1575\/1255;\" \/>\n\t<\/figure>\n\n","protected":false},"excerpt":{"rendered":"<p>MICRON\u00ae Image-Guided Focal ERG Syst\u00e8me ERG focal guid\u00e9 par l&rsquo;image, optimis\u00e9 pour les rongeurs. Se fixe sur la cam\u00e9ra MICRON La vue du fond d&rsquo;\u0153il en rouge profond permet d&rsquo;adapter l&rsquo;animal \u00e0 l&rsquo;obscurit\u00e9 totale. Les micromanipulateurs permettent de placer avec pr\u00e9cision le stimulus focal sur une zone cible. \u00c9lectrode corn\u00e9enne int\u00e9gr\u00e9e &#8211; plus besoin de [&hellip;]<\/p>\n","protected":false},"author":6,"featured_media":0,"parent":6222,"menu_order":0,"comment_status":"closed","ping_status":"closed","template":"page-full-width.php","meta":{"_acf_changed":false,"_themeisle_gutenberg_block_has_review":false,"footnotes":""},"class_list":["post-7725","page","type-page","status-publish","hentry"],"acf":[],"yoast_head":"<!-- This site is optimized with the Yoast SEO plugin v27.2 - https:\/\/yoast.com\/product\/yoast-seo-wordpress\/ -->\n<title>ERG focal - Phoenix-micron<\/title>\n<meta name=\"description\" content=\"L&#039;ERG focal MICRON de Phoenix permet de cibler avec pr\u00e9cision l&#039;endroit de la r\u00e9tine \u00e0 \u00e9tudier tout en maintenant l&#039;adaptation \u00e0 l&#039;obscurit\u00e9. En savoir plus.\" \/>\n<meta name=\"robots\" content=\"index, follow, max-snippet:-1, max-image-preview:large, max-video-preview:-1\" \/>\n<link rel=\"canonical\" href=\"https:\/\/phoenixmicron.com\/fr\/phoenix-micron\/erg-focal\/\" \/>\n<meta property=\"og:locale\" content=\"fr_FR\" \/>\n<meta property=\"og:type\" content=\"article\" \/>\n<meta property=\"og:title\" content=\"ERG focal - Phoenix-micron\" \/>\n<meta property=\"og:description\" content=\"L&#039;ERG focal MICRON de Phoenix permet de cibler avec pr\u00e9cision l&#039;endroit de la r\u00e9tine \u00e0 \u00e9tudier tout en maintenant l&#039;adaptation \u00e0 l&#039;obscurit\u00e9. En savoir plus.\" \/>\n<meta property=\"og:url\" content=\"https:\/\/phoenixmicron.com\/fr\/phoenix-micron\/erg-focal\/\" \/>\n<meta property=\"og:site_name\" content=\"Phoenix-micron\" \/>\n<meta property=\"article:modified_time\" content=\"2026-04-13T08:46:12+00:00\" \/>\n<meta property=\"og:image\" content=\"https:\/\/phoenixmicron.com\/wp-content\/uploads\/2019\/04\/2e_Focal-ERG.jpg\" \/>\n<meta name=\"twitter:card\" content=\"summary_large_image\" \/>\n<meta name=\"twitter:label1\" content=\"Dur\u00e9e de lecture estim\u00e9e\" \/>\n\t<meta name=\"twitter:data1\" content=\"2 minutes\" \/>\n<script type=\"application\/ld+json\" class=\"yoast-schema-graph\">{\"@context\":\"https:\/\/schema.org\",\"@graph\":[{\"@type\":\"WebPage\",\"@id\":\"https:\/\/phoenixmicron.com\/fr\/phoenix-micron\/erg-focal\/\",\"url\":\"https:\/\/phoenixmicron.com\/fr\/phoenix-micron\/erg-focal\/\",\"name\":\"ERG focal - Phoenix-micron\",\"isPartOf\":{\"@id\":\"https:\/\/phoenixmicron.com\/fr\/#website\"},\"primaryImageOfPage\":{\"@id\":\"https:\/\/phoenixmicron.com\/fr\/phoenix-micron\/erg-focal\/#primaryimage\"},\"image\":{\"@id\":\"https:\/\/phoenixmicron.com\/fr\/phoenix-micron\/erg-focal\/#primaryimage\"},\"thumbnailUrl\":\"https:\/\/phoenixmicron.com\/wp-content\/uploads\/2019\/04\/2e_Focal-ERG.jpg\",\"datePublished\":\"2019-04-12T03:44:31+00:00\",\"dateModified\":\"2026-04-13T08:46:12+00:00\",\"description\":\"L'ERG focal MICRON de Phoenix permet de cibler avec pr\u00e9cision l'endroit de la r\u00e9tine \u00e0 \u00e9tudier tout en maintenant l'adaptation \u00e0 l'obscurit\u00e9. En savoir plus.\",\"breadcrumb\":{\"@id\":\"https:\/\/phoenixmicron.com\/fr\/phoenix-micron\/erg-focal\/#breadcrumb\"},\"inLanguage\":\"fr-FR\",\"potentialAction\":[{\"@type\":\"ReadAction\",\"target\":[\"https:\/\/phoenixmicron.com\/fr\/phoenix-micron\/erg-focal\/\"]}]},{\"@type\":\"ImageObject\",\"inLanguage\":\"fr-FR\",\"@id\":\"https:\/\/phoenixmicron.com\/fr\/phoenix-micron\/erg-focal\/#primaryimage\",\"url\":\"https:\/\/phoenixmicron.com\/wp-content\/uploads\/2019\/04\/2e_Focal-ERG.jpg\",\"contentUrl\":\"https:\/\/phoenixmicron.com\/wp-content\/uploads\/2019\/04\/2e_Focal-ERG.jpg\"},{\"@type\":\"BreadcrumbList\",\"@id\":\"https:\/\/phoenixmicron.com\/fr\/phoenix-micron\/erg-focal\/#breadcrumb\",\"itemListElement\":[{\"@type\":\"ListItem\",\"position\":1,\"name\":\"Home\",\"item\":\"https:\/\/phoenixmicron.com\/fr\/phoenix-micron\/\"},{\"@type\":\"ListItem\",\"position\":2,\"name\":\"Phoenix MICRON\u00ae\",\"item\":\"https:\/\/phoenixmicron.com\/fr\/phoenix-micron\/\"},{\"@type\":\"ListItem\",\"position\":3,\"name\":\"ERG focal\"}]},{\"@type\":\"WebSite\",\"@id\":\"https:\/\/phoenixmicron.com\/fr\/#website\",\"url\":\"https:\/\/phoenixmicron.com\/fr\/\",\"name\":\"Phoenix-micron\",\"description\":\"\",\"publisher\":{\"@id\":\"https:\/\/phoenixmicron.com\/fr\/#organization\"},\"potentialAction\":[{\"@type\":\"SearchAction\",\"target\":{\"@type\":\"EntryPoint\",\"urlTemplate\":\"https:\/\/phoenixmicron.com\/fr\/?s={search_term_string}\"},\"query-input\":{\"@type\":\"PropertyValueSpecification\",\"valueRequired\":true,\"valueName\":\"search_term_string\"}}],\"inLanguage\":\"fr-FR\"},{\"@type\":\"Organization\",\"@id\":\"https:\/\/phoenixmicron.com\/fr\/#organization\",\"name\":\"Phoenix-micron\",\"url\":\"https:\/\/phoenixmicron.com\/fr\/\",\"logo\":{\"@type\":\"ImageObject\",\"inLanguage\":\"fr-FR\",\"@id\":\"https:\/\/phoenixmicron.com\/fr\/#\/schema\/logo\/image\/\",\"url\":\"https:\/\/phoenixmicron.com\/wp-content\/uploads\/2019\/04\/faviconlogo.png\",\"contentUrl\":\"https:\/\/phoenixmicron.com\/wp-content\/uploads\/2019\/04\/faviconlogo.png\",\"width\":200,\"height\":200,\"caption\":\"Phoenix-micron\"},\"image\":{\"@id\":\"https:\/\/phoenixmicron.com\/fr\/#\/schema\/logo\/image\/\"}}]}<\/script>\n<!-- \/ Yoast SEO plugin. -->","yoast_head_json":{"title":"ERG focal - Phoenix-micron","description":"L'ERG focal MICRON de Phoenix permet de cibler avec pr\u00e9cision l'endroit de la r\u00e9tine \u00e0 \u00e9tudier tout en maintenant l'adaptation \u00e0 l'obscurit\u00e9. En savoir plus.","robots":{"index":"index","follow":"follow","max-snippet":"max-snippet:-1","max-image-preview":"max-image-preview:large","max-video-preview":"max-video-preview:-1"},"canonical":"https:\/\/phoenixmicron.com\/fr\/phoenix-micron\/erg-focal\/","og_locale":"fr_FR","og_type":"article","og_title":"ERG focal - Phoenix-micron","og_description":"L'ERG focal MICRON de Phoenix permet de cibler avec pr\u00e9cision l'endroit de la r\u00e9tine \u00e0 \u00e9tudier tout en maintenant l'adaptation \u00e0 l'obscurit\u00e9. En savoir plus.","og_url":"https:\/\/phoenixmicron.com\/fr\/phoenix-micron\/erg-focal\/","og_site_name":"Phoenix-micron","article_modified_time":"2026-04-13T08:46:12+00:00","og_image":[{"url":"https:\/\/phoenixmicron.com\/wp-content\/uploads\/2019\/04\/2e_Focal-ERG.jpg","type":"","width":"","height":""}],"twitter_card":"summary_large_image","twitter_misc":{"Dur\u00e9e de lecture estim\u00e9e":"2 minutes"},"schema":{"@context":"https:\/\/schema.org","@graph":[{"@type":"WebPage","@id":"https:\/\/phoenixmicron.com\/fr\/phoenix-micron\/erg-focal\/","url":"https:\/\/phoenixmicron.com\/fr\/phoenix-micron\/erg-focal\/","name":"ERG focal - Phoenix-micron","isPartOf":{"@id":"https:\/\/phoenixmicron.com\/fr\/#website"},"primaryImageOfPage":{"@id":"https:\/\/phoenixmicron.com\/fr\/phoenix-micron\/erg-focal\/#primaryimage"},"image":{"@id":"https:\/\/phoenixmicron.com\/fr\/phoenix-micron\/erg-focal\/#primaryimage"},"thumbnailUrl":"https:\/\/phoenixmicron.com\/wp-content\/uploads\/2019\/04\/2e_Focal-ERG.jpg","datePublished":"2019-04-12T03:44:31+00:00","dateModified":"2026-04-13T08:46:12+00:00","description":"L'ERG focal MICRON de Phoenix permet de cibler avec pr\u00e9cision l'endroit de la r\u00e9tine \u00e0 \u00e9tudier tout en maintenant l'adaptation \u00e0 l'obscurit\u00e9. En savoir plus.","breadcrumb":{"@id":"https:\/\/phoenixmicron.com\/fr\/phoenix-micron\/erg-focal\/#breadcrumb"},"inLanguage":"fr-FR","potentialAction":[{"@type":"ReadAction","target":["https:\/\/phoenixmicron.com\/fr\/phoenix-micron\/erg-focal\/"]}]},{"@type":"ImageObject","inLanguage":"fr-FR","@id":"https:\/\/phoenixmicron.com\/fr\/phoenix-micron\/erg-focal\/#primaryimage","url":"https:\/\/phoenixmicron.com\/wp-content\/uploads\/2019\/04\/2e_Focal-ERG.jpg","contentUrl":"https:\/\/phoenixmicron.com\/wp-content\/uploads\/2019\/04\/2e_Focal-ERG.jpg"},{"@type":"BreadcrumbList","@id":"https:\/\/phoenixmicron.com\/fr\/phoenix-micron\/erg-focal\/#breadcrumb","itemListElement":[{"@type":"ListItem","position":1,"name":"Home","item":"https:\/\/phoenixmicron.com\/fr\/phoenix-micron\/"},{"@type":"ListItem","position":2,"name":"Phoenix MICRON\u00ae","item":"https:\/\/phoenixmicron.com\/fr\/phoenix-micron\/"},{"@type":"ListItem","position":3,"name":"ERG focal"}]},{"@type":"WebSite","@id":"https:\/\/phoenixmicron.com\/fr\/#website","url":"https:\/\/phoenixmicron.com\/fr\/","name":"Phoenix-micron","description":"","publisher":{"@id":"https:\/\/phoenixmicron.com\/fr\/#organization"},"potentialAction":[{"@type":"SearchAction","target":{"@type":"EntryPoint","urlTemplate":"https:\/\/phoenixmicron.com\/fr\/?s={search_term_string}"},"query-input":{"@type":"PropertyValueSpecification","valueRequired":true,"valueName":"search_term_string"}}],"inLanguage":"fr-FR"},{"@type":"Organization","@id":"https:\/\/phoenixmicron.com\/fr\/#organization","name":"Phoenix-micron","url":"https:\/\/phoenixmicron.com\/fr\/","logo":{"@type":"ImageObject","inLanguage":"fr-FR","@id":"https:\/\/phoenixmicron.com\/fr\/#\/schema\/logo\/image\/","url":"https:\/\/phoenixmicron.com\/wp-content\/uploads\/2019\/04\/faviconlogo.png","contentUrl":"https:\/\/phoenixmicron.com\/wp-content\/uploads\/2019\/04\/faviconlogo.png","width":200,"height":200,"caption":"Phoenix-micron"},"image":{"@id":"https:\/\/phoenixmicron.com\/fr\/#\/schema\/logo\/image\/"}}]}},"_links":{"self":[{"href":"https:\/\/phoenixmicron.com\/fr\/wp-json\/wp\/v2\/pages\/7725","targetHints":{"allow":["GET"]}}],"collection":[{"href":"https:\/\/phoenixmicron.com\/fr\/wp-json\/wp\/v2\/pages"}],"about":[{"href":"https:\/\/phoenixmicron.com\/fr\/wp-json\/wp\/v2\/types\/page"}],"author":[{"embeddable":true,"href":"https:\/\/phoenixmicron.com\/fr\/wp-json\/wp\/v2\/users\/6"}],"replies":[{"embeddable":true,"href":"https:\/\/phoenixmicron.com\/fr\/wp-json\/wp\/v2\/comments?post=7725"}],"version-history":[{"count":0,"href":"https:\/\/phoenixmicron.com\/fr\/wp-json\/wp\/v2\/pages\/7725\/revisions"}],"up":[{"embeddable":true,"href":"https:\/\/phoenixmicron.com\/fr\/wp-json\/wp\/v2\/pages\/6222"}],"wp:attachment":[{"href":"https:\/\/phoenixmicron.com\/fr\/wp-json\/wp\/v2\/media?parent=7725"}],"curies":[{"name":"wp","href":"https:\/\/api.w.org\/{rel}","templated":true}]}}