{"id":7648,"date":"2023-04-20T05:47:38","date_gmt":"2023-04-20T05:47:38","guid":{"rendered":"https:\/\/phoenixmicrdev.wpengine.com\/phoenix-micron\/phoenix-micron-5\/"},"modified":"2026-04-13T07:33:13","modified_gmt":"2026-04-13T07:33:13","slug":"phoenix-micron-5","status":"publish","type":"page","link":"https:\/\/phoenixmicron.com\/fr\/phoenix-micron\/phoenix-micron-5\/","title":{"rendered":"Phoenix Micron 5"},"content":{"rendered":"","protected":false},"excerpt":{"rendered":"","protected":false},"author":1,"featured_media":0,"parent":6222,"menu_order":0,"comment_status":"closed","ping_status":"closed","template":"page-micron-home.php","meta":{"_acf_changed":false,"_themeisle_gutenberg_block_has_review":false,"footnotes":""},"class_list":["post-7648","page","type-page","status-publish","hentry"],"acf":[],"yoast_head":"<!-- This site is optimized with the Yoast SEO plugin v27.5 - https:\/\/yoast.com\/product\/yoast-seo-wordpress\/ -->\n<title>Phoenix Micron 5 - Phoenix-micron<\/title>\n<meta name=\"description\" content=\"La cam\u00e9ra r\u00e9tinienne MICRON 5 est une plateforme d&#039;imagerie r\u00e9tinienne in vivo de nouvelle g\u00e9n\u00e9ration cr\u00e9\u00e9e pour capturer des images pr\u00e9cises pour des chercheurs exigeants.\" \/>\n<meta name=\"robots\" content=\"index, follow, max-snippet:-1, max-image-preview:large, max-video-preview:-1\" \/>\n<link rel=\"canonical\" href=\"https:\/\/phoenixmicron.com\/fr\/phoenix-micron\/phoenix-micron-5\/\" \/>\n<meta property=\"og:locale\" content=\"fr_FR\" \/>\n<meta property=\"og:type\" content=\"article\" \/>\n<meta property=\"og:title\" content=\"Phoenix Micron 5 - Phoenix-micron\" \/>\n<meta property=\"og:description\" content=\"La cam\u00e9ra r\u00e9tinienne MICRON 5 est une plateforme d&#039;imagerie r\u00e9tinienne in vivo de nouvelle g\u00e9n\u00e9ration cr\u00e9\u00e9e pour capturer des images pr\u00e9cises pour des chercheurs exigeants.\" \/>\n<meta property=\"og:url\" content=\"https:\/\/phoenixmicron.com\/fr\/phoenix-micron\/phoenix-micron-5\/\" \/>\n<meta property=\"og:site_name\" content=\"Phoenix-micron\" \/>\n<meta property=\"article:modified_time\" content=\"2026-04-13T07:33:13+00:00\" \/>\n<meta name=\"twitter:card\" content=\"summary_large_image\" \/>\n<script type=\"application\/ld+json\" class=\"yoast-schema-graph\">{\"@context\":\"https:\\\/\\\/schema.org\",\"@graph\":[{\"@type\":\"WebPage\",\"@id\":\"https:\\\/\\\/phoenixmicron.com\\\/fr\\\/phoenix-micron\\\/phoenix-micron-5\\\/\",\"url\":\"https:\\\/\\\/phoenixmicron.com\\\/fr\\\/phoenix-micron\\\/phoenix-micron-5\\\/\",\"name\":\"Phoenix Micron 5 - Phoenix-micron\",\"isPartOf\":{\"@id\":\"https:\\\/\\\/phoenixmicron.com\\\/fr\\\/#website\"},\"datePublished\":\"2023-04-20T05:47:38+00:00\",\"dateModified\":\"2026-04-13T07:33:13+00:00\",\"description\":\"La cam\u00e9ra r\u00e9tinienne MICRON 5 est une plateforme d'imagerie r\u00e9tinienne in vivo de nouvelle g\u00e9n\u00e9ration cr\u00e9\u00e9e pour capturer des images pr\u00e9cises pour des chercheurs exigeants.\",\"breadcrumb\":{\"@id\":\"https:\\\/\\\/phoenixmicron.com\\\/fr\\\/phoenix-micron\\\/phoenix-micron-5\\\/#breadcrumb\"},\"inLanguage\":\"fr-FR\",\"potentialAction\":[{\"@type\":\"ReadAction\",\"target\":[\"https:\\\/\\\/phoenixmicron.com\\\/fr\\\/phoenix-micron\\\/phoenix-micron-5\\\/\"]}]},{\"@type\":\"BreadcrumbList\",\"@id\":\"https:\\\/\\\/phoenixmicron.com\\\/fr\\\/phoenix-micron\\\/phoenix-micron-5\\\/#breadcrumb\",\"itemListElement\":[{\"@type\":\"ListItem\",\"position\":1,\"name\":\"Home\",\"item\":\"https:\\\/\\\/phoenixmicron.com\\\/fr\\\/phoenix-micron\\\/\"},{\"@type\":\"ListItem\",\"position\":2,\"name\":\"Phoenix MICRON\u00ae\",\"item\":\"https:\\\/\\\/phoenixmicron.com\\\/fr\\\/phoenix-micron\\\/\"},{\"@type\":\"ListItem\",\"position\":3,\"name\":\"Phoenix Micron 5\"}]},{\"@type\":\"WebSite\",\"@id\":\"https:\\\/\\\/phoenixmicron.com\\\/fr\\\/#website\",\"url\":\"https:\\\/\\\/phoenixmicron.com\\\/fr\\\/\",\"name\":\"Phoenix-micron\",\"description\":\"\",\"publisher\":{\"@id\":\"https:\\\/\\\/phoenixmicron.com\\\/fr\\\/#organization\"},\"potentialAction\":[{\"@type\":\"SearchAction\",\"target\":{\"@type\":\"EntryPoint\",\"urlTemplate\":\"https:\\\/\\\/phoenixmicron.com\\\/fr\\\/?s={search_term_string}\"},\"query-input\":{\"@type\":\"PropertyValueSpecification\",\"valueRequired\":true,\"valueName\":\"search_term_string\"}}],\"inLanguage\":\"fr-FR\"},{\"@type\":\"Organization\",\"@id\":\"https:\\\/\\\/phoenixmicron.com\\\/fr\\\/#organization\",\"name\":\"Phoenix-micron\",\"url\":\"https:\\\/\\\/phoenixmicron.com\\\/fr\\\/\",\"logo\":{\"@type\":\"ImageObject\",\"inLanguage\":\"fr-FR\",\"@id\":\"https:\\\/\\\/phoenixmicron.com\\\/fr\\\/#\\\/schema\\\/logo\\\/image\\\/\",\"url\":\"https:\\\/\\\/phoenixmicron.com\\\/wp-content\\\/uploads\\\/2019\\\/04\\\/faviconlogo.png\",\"contentUrl\":\"https:\\\/\\\/phoenixmicron.com\\\/wp-content\\\/uploads\\\/2019\\\/04\\\/faviconlogo.png\",\"width\":200,\"height\":200,\"caption\":\"Phoenix-micron\"},\"image\":{\"@id\":\"https:\\\/\\\/phoenixmicron.com\\\/fr\\\/#\\\/schema\\\/logo\\\/image\\\/\"}}]}<\/script>\n<!-- \/ Yoast SEO plugin. -->","yoast_head_json":{"title":"Phoenix Micron 5 - Phoenix-micron","description":"La cam\u00e9ra r\u00e9tinienne MICRON 5 est une plateforme d'imagerie r\u00e9tinienne in vivo de nouvelle g\u00e9n\u00e9ration cr\u00e9\u00e9e pour capturer des images pr\u00e9cises pour des chercheurs exigeants.","robots":{"index":"index","follow":"follow","max-snippet":"max-snippet:-1","max-image-preview":"max-image-preview:large","max-video-preview":"max-video-preview:-1"},"canonical":"https:\/\/phoenixmicron.com\/fr\/phoenix-micron\/phoenix-micron-5\/","og_locale":"fr_FR","og_type":"article","og_title":"Phoenix Micron 5 - Phoenix-micron","og_description":"La cam\u00e9ra r\u00e9tinienne MICRON 5 est une plateforme d'imagerie r\u00e9tinienne in vivo de nouvelle g\u00e9n\u00e9ration cr\u00e9\u00e9e pour capturer des images pr\u00e9cises pour des chercheurs exigeants.","og_url":"https:\/\/phoenixmicron.com\/fr\/phoenix-micron\/phoenix-micron-5\/","og_site_name":"Phoenix-micron","article_modified_time":"2026-04-13T07:33:13+00:00","twitter_card":"summary_large_image","schema":{"@context":"https:\/\/schema.org","@graph":[{"@type":"WebPage","@id":"https:\/\/phoenixmicron.com\/fr\/phoenix-micron\/phoenix-micron-5\/","url":"https:\/\/phoenixmicron.com\/fr\/phoenix-micron\/phoenix-micron-5\/","name":"Phoenix Micron 5 - Phoenix-micron","isPartOf":{"@id":"https:\/\/phoenixmicron.com\/fr\/#website"},"datePublished":"2023-04-20T05:47:38+00:00","dateModified":"2026-04-13T07:33:13+00:00","description":"La cam\u00e9ra r\u00e9tinienne MICRON 5 est une plateforme d'imagerie r\u00e9tinienne in vivo de nouvelle g\u00e9n\u00e9ration cr\u00e9\u00e9e pour capturer des images pr\u00e9cises pour des chercheurs exigeants.","breadcrumb":{"@id":"https:\/\/phoenixmicron.com\/fr\/phoenix-micron\/phoenix-micron-5\/#breadcrumb"},"inLanguage":"fr-FR","potentialAction":[{"@type":"ReadAction","target":["https:\/\/phoenixmicron.com\/fr\/phoenix-micron\/phoenix-micron-5\/"]}]},{"@type":"BreadcrumbList","@id":"https:\/\/phoenixmicron.com\/fr\/phoenix-micron\/phoenix-micron-5\/#breadcrumb","itemListElement":[{"@type":"ListItem","position":1,"name":"Home","item":"https:\/\/phoenixmicron.com\/fr\/phoenix-micron\/"},{"@type":"ListItem","position":2,"name":"Phoenix MICRON\u00ae","item":"https:\/\/phoenixmicron.com\/fr\/phoenix-micron\/"},{"@type":"ListItem","position":3,"name":"Phoenix Micron 5"}]},{"@type":"WebSite","@id":"https:\/\/phoenixmicron.com\/fr\/#website","url":"https:\/\/phoenixmicron.com\/fr\/","name":"Phoenix-micron","description":"","publisher":{"@id":"https:\/\/phoenixmicron.com\/fr\/#organization"},"potentialAction":[{"@type":"SearchAction","target":{"@type":"EntryPoint","urlTemplate":"https:\/\/phoenixmicron.com\/fr\/?s={search_term_string}"},"query-input":{"@type":"PropertyValueSpecification","valueRequired":true,"valueName":"search_term_string"}}],"inLanguage":"fr-FR"},{"@type":"Organization","@id":"https:\/\/phoenixmicron.com\/fr\/#organization","name":"Phoenix-micron","url":"https:\/\/phoenixmicron.com\/fr\/","logo":{"@type":"ImageObject","inLanguage":"fr-FR","@id":"https:\/\/phoenixmicron.com\/fr\/#\/schema\/logo\/image\/","url":"https:\/\/phoenixmicron.com\/wp-content\/uploads\/2019\/04\/faviconlogo.png","contentUrl":"https:\/\/phoenixmicron.com\/wp-content\/uploads\/2019\/04\/faviconlogo.png","width":200,"height":200,"caption":"Phoenix-micron"},"image":{"@id":"https:\/\/phoenixmicron.com\/fr\/#\/schema\/logo\/image\/"}}]}},"_links":{"self":[{"href":"https:\/\/phoenixmicron.com\/fr\/wp-json\/wp\/v2\/pages\/7648","targetHints":{"allow":["GET"]}}],"collection":[{"href":"https:\/\/phoenixmicron.com\/fr\/wp-json\/wp\/v2\/pages"}],"about":[{"href":"https:\/\/phoenixmicron.com\/fr\/wp-json\/wp\/v2\/types\/page"}],"author":[{"embeddable":true,"href":"https:\/\/phoenixmicron.com\/fr\/wp-json\/wp\/v2\/users\/1"}],"replies":[{"embeddable":true,"href":"https:\/\/phoenixmicron.com\/fr\/wp-json\/wp\/v2\/comments?post=7648"}],"version-history":[{"count":0,"href":"https:\/\/phoenixmicron.com\/fr\/wp-json\/wp\/v2\/pages\/7648\/revisions"}],"up":[{"embeddable":true,"href":"https:\/\/phoenixmicron.com\/fr\/wp-json\/wp\/v2\/pages\/6222"}],"wp:attachment":[{"href":"https:\/\/phoenixmicron.com\/fr\/wp-json\/wp\/v2\/media?parent=7648"}],"curies":[{"name":"wp","href":"https:\/\/api.w.org\/{rel}","templated":true}]}}