{"id":7500,"date":"2019-04-12T08:15:31","date_gmt":"2019-04-12T08:15:31","guid":{"rendered":"https:\/\/phoenixmicrdev.wpengine.com\/phoenix-micron\/imagerie-du-segment-anterieur\/"},"modified":"2026-04-13T08:42:59","modified_gmt":"2026-04-13T08:42:59","slug":"imagerie-du-segment-anterieur","status":"publish","type":"page","link":"https:\/\/phoenixmicron.com\/fr\/phoenix-micron\/imagerie-du-segment-anterieur\/","title":{"rendered":"Imagerie du segment ant\u00e9rieur"},"content":{"rendered":"\n<h1>\n\t\t\tMICRON<!--wpml-no-translate-->\u00ae<!--\/wpml-no-translate--> Slit Lamp\t<\/h1>\n\t<p>Segment ant\u00e9rieur : imagerie multimodale \u00e0 la lampe \u00e0 fente pour le petit \u0153il.<\/p>\n\t<ul>\n<li aria-level=\"1\">Se fixe sur le syst\u00e8me d&rsquo;imagerie MICRON<\/li>\n<li aria-level=\"1\">Comprend une lampe \u00e0 fente avec lumi\u00e8re blanche et filtre bleu de cobalt pour la coloration de la corn\u00e9e \u00e0 la fluoresc\u00e9ine.  <\/li>\n<li aria-level=\"1\">Le r\u00e9glage de la hauteur, de la largeur et de l&rsquo;intensit\u00e9 du faisceau permet des techniques d&rsquo;\u00e9clairage vari\u00e9es.  <\/li>\n<li aria-level=\"1\">Comprend deux lampes d&rsquo;appoint enti\u00e8rement r\u00e9glables pour un \u00e9clairage optimal de l&rsquo;arri\u00e8re-plan  <\/li>\n<li aria-level=\"1\">Capacit\u00e9 d&rsquo;imagerie \u00e0 haute r\u00e9solution de 4 microns<\/li>\n<li aria-level=\"1\">Livr\u00e9 avec un support pour animaux facile \u00e0 utiliser et une platine X-Y.<\/li>\n<\/ul>\n\t<p><a href=\"https:\/\/phoenixmicron.com\/wp-content\/uploads\/2026\/04\/MICRON-Slit-Lamp-2026.pdf\" target=\"_blank\" rel=\"noopener\">fiche technique<\/a> | <a href=\"https:\/\/phoenixmicron.com\/fr\/?page_id=7862\">articles<\/a><\/p>\n\t<p><em>Cliquez sur l&rsquo;image pour l&rsquo;agrandir \u00ab\u00a0<\/em><\/p>\n<h4>\n\t\t\tUne qualit\u00e9 d&rsquo;image exceptionnelle, une grande facilit\u00e9 d&rsquo;utilisation\t<\/h4>\n<h3>\n\t\t\t\u00c9TUDES MULTIMODALES DU SEGMENT ANT\u00c9RIEUR\t<\/h3>\n<h4>\n\t\t\tImagerie de la corn\u00e9e et de l&rsquo;iris \u00e0 la lampe \u00e0 fente avec fluoresc\u00e9ine\t<\/h4>\n<h4>\n\t\t\tImagerie OCT guid\u00e9e par l&rsquo;image\t<\/h4>\n<h4>\n\t\t\tImagerie du cristallin en cas de cataracte\t<\/h4>\n<h4>\n\t\t\tLe syst\u00e8me de lampe \u00e0 fente pour le segment ant\u00e9rieur MICRON\u00ae\t<\/h4>\n\t<p>D\u00e9velopp\u00e9e sp\u00e9cifiquement pour les souris et les rats, cette lampe \u00e0 fente ophtalmique compl\u00e8te offre une r\u00e9solution de quatre microns tout en permettant l&rsquo;imagerie en champ clair et en fluorescence.<\/p>\n<p>Les lampes \u00e0 contre-jour doubles et les filtres offrent une flexibilit\u00e9 suppl\u00e9mentaire pour l&rsquo;imagerie en fluorescence, y compris pour documenter les r\u00e9sultats sur la corn\u00e9e et le cristallin.<\/p>\n<figure itemscope itemtype=\"https:\/\/schema.org\/ImageObject\">\n\t\t\t\t<img decoding=\"async\" data-src=\"https:\/\/phoenixmicron.com\/wp-content\/uploads\/2024\/07\/16_animal-stand-SL-page.png\" alt=\"Support d&#039;animaux facile \u00e0 utiliser\" height=\"236\" width=\"341\" title=\"16_bouton-animal-SL page\" onerror=\"this.style.display='none'\" src=\"data:image\/svg+xml;base64,PHN2ZyB3aWR0aD0iMSIgaGVpZ2h0PSIxIiB4bWxucz0iaHR0cDovL3d3dy53My5vcmcvMjAwMC9zdmciPjwvc3ZnPg==\" class=\"lazyload\" style=\"--smush-placeholder-width: 341px; --smush-placeholder-aspect-ratio: 341\/236;\" \/>\n\t\t<figcaption>Support d&rsquo;animaux facile \u00e0 utiliser<\/figcaption>\n\t<\/figure>\n<figure itemscope itemtype=\"https:\/\/schema.org\/ImageObject\">\n\t\t\t\t<img decoding=\"async\" data-src=\"https:\/\/phoenixmicron.com\/wp-content\/uploads\/2024\/07\/15_Slit-Lamp-1-no-shadow-monochrome.png\" alt=\"15_Slit Lampe 1 pas d&#039;ombre monochrome\" height=\"739\" width=\"748\" title=\"15_Slit Lampe 1 pas d&#039;ombre monochrome\" onerror=\"this.style.display='none'\" src=\"data:image\/svg+xml;base64,PHN2ZyB3aWR0aD0iMSIgaGVpZ2h0PSIxIiB4bWxucz0iaHR0cDovL3d3dy53My5vcmcvMjAwMC9zdmciPjwvc3ZnPg==\" class=\"lazyload\" style=\"--smush-placeholder-width: 748px; --smush-placeholder-aspect-ratio: 748\/739;\" \/>\n\t<\/figure>\n<h4>\n\t\t\tLampe \u00e0 fente pour le segment ant\u00e9rieur\t<\/h4>\n\t<p>Se fixe sur les syst\u00e8mes MICRON<!--wpml-no-translate-->\u00ae<!--\/wpml-no-translate--><\/p>\n<p><a href=\"\/wp-content\/uploads\/2021\/11\/Phoenix-anterior-segment-Slit-Lamp-2021.pdf\" target=\"_blank\" rel=\"noopener\">fiche technique<\/a> | <a href=\"https:\/\/phoenixmicron.com\/fr\/?page_id=7862\">articles<\/a><\/p>\n<figure itemscope itemtype=\"https:\/\/schema.org\/ImageObject\">\n\t\t\t\t<img decoding=\"async\" data-src=\"https:\/\/phoenixmicron.com\/wp-content\/uploads\/2019\/04\/phoenix-micron-iv-slit-lamp.png\" alt=\"Phoenix-Micron-IV-avec-lampe-\u00e0-fente-attach\u00e9e\" height=\"393\" width=\"800\" title=\"lampe \u00e0 fente phoenix-micron-iv\" onerror=\"this.style.display='none'\" src=\"data:image\/svg+xml;base64,PHN2ZyB3aWR0aD0iMSIgaGVpZ2h0PSIxIiB4bWxucz0iaHR0cDovL3d3dy53My5vcmcvMjAwMC9zdmciPjwvc3ZnPg==\" class=\"lazyload\" style=\"--smush-placeholder-width: 800px; --smush-placeholder-aspect-ratio: 800\/393;\" \/>\n\t\t<figcaption>Lampe \u00e0 fente pour le segment ant\u00e9rieur fix\u00e9e au Phoenix MICRON\u00ae IV<\/figcaption>\n\t<\/figure>\n\n","protected":false},"excerpt":{"rendered":"<p>MICRON\u00ae Slit Lamp Segment ant\u00e9rieur : imagerie multimodale \u00e0 la lampe \u00e0 fente pour le petit \u0153il. Se fixe sur le syst\u00e8me d&rsquo;imagerie MICRON Comprend une lampe \u00e0 fente avec lumi\u00e8re blanche et filtre bleu de cobalt pour la coloration de la corn\u00e9e \u00e0 la fluoresc\u00e9ine. Le r\u00e9glage de la hauteur, de la largeur et [&hellip;]<\/p>\n","protected":false},"author":6,"featured_media":0,"parent":6222,"menu_order":0,"comment_status":"closed","ping_status":"closed","template":"page-full-width.php","meta":{"_acf_changed":false,"_themeisle_gutenberg_block_has_review":false,"footnotes":""},"class_list":["post-7500","page","type-page","status-publish","hentry"],"acf":[],"yoast_head":"<!-- This site is optimized with the Yoast SEO plugin v27.2 - https:\/\/yoast.com\/product\/yoast-seo-wordpress\/ -->\n<title>Imagerie du segment ant\u00e9rieur - Phoenix-micron<\/title>\n<meta name=\"description\" content=\"La lampe \u00e0 fente Phoenix MICRON pour le segment ant\u00e9rieur, destin\u00e9e aux souris et aux rats, offre une r\u00e9solution de quatre microns et une imagerie en champ clair et en fluorescence. Pour en savoir plus.\" \/>\n<meta name=\"robots\" content=\"index, follow, max-snippet:-1, max-image-preview:large, max-video-preview:-1\" \/>\n<link rel=\"canonical\" href=\"https:\/\/phoenixmicron.com\/fr\/phoenix-micron\/imagerie-du-segment-anterieur\/\" \/>\n<meta property=\"og:locale\" content=\"fr_FR\" \/>\n<meta property=\"og:type\" content=\"article\" \/>\n<meta property=\"og:title\" content=\"Imagerie du segment ant\u00e9rieur - Phoenix-micron\" \/>\n<meta property=\"og:description\" content=\"La lampe \u00e0 fente Phoenix MICRON pour le segment ant\u00e9rieur, destin\u00e9e aux souris et aux rats, offre une r\u00e9solution de quatre microns et une imagerie en champ clair et en fluorescence. Pour en savoir plus.\" \/>\n<meta property=\"og:url\" content=\"https:\/\/phoenixmicron.com\/fr\/phoenix-micron\/imagerie-du-segment-anterieur\/\" \/>\n<meta property=\"og:site_name\" content=\"Phoenix-micron\" \/>\n<meta property=\"article:modified_time\" content=\"2026-04-13T08:42:59+00:00\" \/>\n<meta property=\"og:image\" content=\"https:\/\/phoenixmicron.com\/wp-content\/uploads\/2024\/07\/16_animal-stand-SL-page.png\" \/>\n<meta name=\"twitter:card\" content=\"summary_large_image\" \/>\n<meta name=\"twitter:label1\" content=\"Dur\u00e9e de lecture estim\u00e9e\" \/>\n\t<meta name=\"twitter:data1\" content=\"1 minute\" \/>\n<script type=\"application\/ld+json\" class=\"yoast-schema-graph\">{\"@context\":\"https:\/\/schema.org\",\"@graph\":[{\"@type\":\"WebPage\",\"@id\":\"https:\/\/phoenixmicron.com\/fr\/phoenix-micron\/imagerie-du-segment-anterieur\/\",\"url\":\"https:\/\/phoenixmicron.com\/fr\/phoenix-micron\/imagerie-du-segment-anterieur\/\",\"name\":\"Imagerie du segment ant\u00e9rieur - Phoenix-micron\",\"isPartOf\":{\"@id\":\"https:\/\/phoenixmicron.com\/fr\/#website\"},\"primaryImageOfPage\":{\"@id\":\"https:\/\/phoenixmicron.com\/fr\/phoenix-micron\/imagerie-du-segment-anterieur\/#primaryimage\"},\"image\":{\"@id\":\"https:\/\/phoenixmicron.com\/fr\/phoenix-micron\/imagerie-du-segment-anterieur\/#primaryimage\"},\"thumbnailUrl\":\"https:\/\/phoenixmicron.com\/wp-content\/uploads\/2024\/07\/16_animal-stand-SL-page.png\",\"datePublished\":\"2019-04-12T08:15:31+00:00\",\"dateModified\":\"2026-04-13T08:42:59+00:00\",\"description\":\"La lampe \u00e0 fente Phoenix MICRON pour le segment ant\u00e9rieur, destin\u00e9e aux souris et aux rats, offre une r\u00e9solution de quatre microns et une imagerie en champ clair et en fluorescence. Pour en savoir plus.\",\"breadcrumb\":{\"@id\":\"https:\/\/phoenixmicron.com\/fr\/phoenix-micron\/imagerie-du-segment-anterieur\/#breadcrumb\"},\"inLanguage\":\"fr-FR\",\"potentialAction\":[{\"@type\":\"ReadAction\",\"target\":[\"https:\/\/phoenixmicron.com\/fr\/phoenix-micron\/imagerie-du-segment-anterieur\/\"]}]},{\"@type\":\"ImageObject\",\"inLanguage\":\"fr-FR\",\"@id\":\"https:\/\/phoenixmicron.com\/fr\/phoenix-micron\/imagerie-du-segment-anterieur\/#primaryimage\",\"url\":\"https:\/\/phoenixmicron.com\/wp-content\/uploads\/2024\/07\/16_animal-stand-SL-page.png\",\"contentUrl\":\"https:\/\/phoenixmicron.com\/wp-content\/uploads\/2024\/07\/16_animal-stand-SL-page.png\"},{\"@type\":\"BreadcrumbList\",\"@id\":\"https:\/\/phoenixmicron.com\/fr\/phoenix-micron\/imagerie-du-segment-anterieur\/#breadcrumb\",\"itemListElement\":[{\"@type\":\"ListItem\",\"position\":1,\"name\":\"Home\",\"item\":\"https:\/\/phoenixmicron.com\/fr\/phoenix-micron\/\"},{\"@type\":\"ListItem\",\"position\":2,\"name\":\"Phoenix MICRON\u00ae\",\"item\":\"https:\/\/phoenixmicron.com\/fr\/phoenix-micron\/\"},{\"@type\":\"ListItem\",\"position\":3,\"name\":\"Imagerie du segment ant\u00e9rieur\"}]},{\"@type\":\"WebSite\",\"@id\":\"https:\/\/phoenixmicron.com\/fr\/#website\",\"url\":\"https:\/\/phoenixmicron.com\/fr\/\",\"name\":\"Phoenix-micron\",\"description\":\"\",\"publisher\":{\"@id\":\"https:\/\/phoenixmicron.com\/fr\/#organization\"},\"potentialAction\":[{\"@type\":\"SearchAction\",\"target\":{\"@type\":\"EntryPoint\",\"urlTemplate\":\"https:\/\/phoenixmicron.com\/fr\/?s={search_term_string}\"},\"query-input\":{\"@type\":\"PropertyValueSpecification\",\"valueRequired\":true,\"valueName\":\"search_term_string\"}}],\"inLanguage\":\"fr-FR\"},{\"@type\":\"Organization\",\"@id\":\"https:\/\/phoenixmicron.com\/fr\/#organization\",\"name\":\"Phoenix-micron\",\"url\":\"https:\/\/phoenixmicron.com\/fr\/\",\"logo\":{\"@type\":\"ImageObject\",\"inLanguage\":\"fr-FR\",\"@id\":\"https:\/\/phoenixmicron.com\/fr\/#\/schema\/logo\/image\/\",\"url\":\"https:\/\/phoenixmicron.com\/wp-content\/uploads\/2019\/04\/faviconlogo.png\",\"contentUrl\":\"https:\/\/phoenixmicron.com\/wp-content\/uploads\/2019\/04\/faviconlogo.png\",\"width\":200,\"height\":200,\"caption\":\"Phoenix-micron\"},\"image\":{\"@id\":\"https:\/\/phoenixmicron.com\/fr\/#\/schema\/logo\/image\/\"}}]}<\/script>\n<!-- \/ Yoast SEO plugin. -->","yoast_head_json":{"title":"Imagerie du segment ant\u00e9rieur - Phoenix-micron","description":"La lampe \u00e0 fente Phoenix MICRON pour le segment ant\u00e9rieur, destin\u00e9e aux souris et aux rats, offre une r\u00e9solution de quatre microns et une imagerie en champ clair et en fluorescence. Pour en savoir plus.","robots":{"index":"index","follow":"follow","max-snippet":"max-snippet:-1","max-image-preview":"max-image-preview:large","max-video-preview":"max-video-preview:-1"},"canonical":"https:\/\/phoenixmicron.com\/fr\/phoenix-micron\/imagerie-du-segment-anterieur\/","og_locale":"fr_FR","og_type":"article","og_title":"Imagerie du segment ant\u00e9rieur - Phoenix-micron","og_description":"La lampe \u00e0 fente Phoenix MICRON pour le segment ant\u00e9rieur, destin\u00e9e aux souris et aux rats, offre une r\u00e9solution de quatre microns et une imagerie en champ clair et en fluorescence. Pour en savoir plus.","og_url":"https:\/\/phoenixmicron.com\/fr\/phoenix-micron\/imagerie-du-segment-anterieur\/","og_site_name":"Phoenix-micron","article_modified_time":"2026-04-13T08:42:59+00:00","og_image":[{"url":"https:\/\/phoenixmicron.com\/wp-content\/uploads\/2024\/07\/16_animal-stand-SL-page.png","type":"","width":"","height":""}],"twitter_card":"summary_large_image","twitter_misc":{"Dur\u00e9e de lecture estim\u00e9e":"1 minute"},"schema":{"@context":"https:\/\/schema.org","@graph":[{"@type":"WebPage","@id":"https:\/\/phoenixmicron.com\/fr\/phoenix-micron\/imagerie-du-segment-anterieur\/","url":"https:\/\/phoenixmicron.com\/fr\/phoenix-micron\/imagerie-du-segment-anterieur\/","name":"Imagerie du segment ant\u00e9rieur - Phoenix-micron","isPartOf":{"@id":"https:\/\/phoenixmicron.com\/fr\/#website"},"primaryImageOfPage":{"@id":"https:\/\/phoenixmicron.com\/fr\/phoenix-micron\/imagerie-du-segment-anterieur\/#primaryimage"},"image":{"@id":"https:\/\/phoenixmicron.com\/fr\/phoenix-micron\/imagerie-du-segment-anterieur\/#primaryimage"},"thumbnailUrl":"https:\/\/phoenixmicron.com\/wp-content\/uploads\/2024\/07\/16_animal-stand-SL-page.png","datePublished":"2019-04-12T08:15:31+00:00","dateModified":"2026-04-13T08:42:59+00:00","description":"La lampe \u00e0 fente Phoenix MICRON pour le segment ant\u00e9rieur, destin\u00e9e aux souris et aux rats, offre une r\u00e9solution de quatre microns et une imagerie en champ clair et en fluorescence. Pour en savoir plus.","breadcrumb":{"@id":"https:\/\/phoenixmicron.com\/fr\/phoenix-micron\/imagerie-du-segment-anterieur\/#breadcrumb"},"inLanguage":"fr-FR","potentialAction":[{"@type":"ReadAction","target":["https:\/\/phoenixmicron.com\/fr\/phoenix-micron\/imagerie-du-segment-anterieur\/"]}]},{"@type":"ImageObject","inLanguage":"fr-FR","@id":"https:\/\/phoenixmicron.com\/fr\/phoenix-micron\/imagerie-du-segment-anterieur\/#primaryimage","url":"https:\/\/phoenixmicron.com\/wp-content\/uploads\/2024\/07\/16_animal-stand-SL-page.png","contentUrl":"https:\/\/phoenixmicron.com\/wp-content\/uploads\/2024\/07\/16_animal-stand-SL-page.png"},{"@type":"BreadcrumbList","@id":"https:\/\/phoenixmicron.com\/fr\/phoenix-micron\/imagerie-du-segment-anterieur\/#breadcrumb","itemListElement":[{"@type":"ListItem","position":1,"name":"Home","item":"https:\/\/phoenixmicron.com\/fr\/phoenix-micron\/"},{"@type":"ListItem","position":2,"name":"Phoenix MICRON\u00ae","item":"https:\/\/phoenixmicron.com\/fr\/phoenix-micron\/"},{"@type":"ListItem","position":3,"name":"Imagerie du segment ant\u00e9rieur"}]},{"@type":"WebSite","@id":"https:\/\/phoenixmicron.com\/fr\/#website","url":"https:\/\/phoenixmicron.com\/fr\/","name":"Phoenix-micron","description":"","publisher":{"@id":"https:\/\/phoenixmicron.com\/fr\/#organization"},"potentialAction":[{"@type":"SearchAction","target":{"@type":"EntryPoint","urlTemplate":"https:\/\/phoenixmicron.com\/fr\/?s={search_term_string}"},"query-input":{"@type":"PropertyValueSpecification","valueRequired":true,"valueName":"search_term_string"}}],"inLanguage":"fr-FR"},{"@type":"Organization","@id":"https:\/\/phoenixmicron.com\/fr\/#organization","name":"Phoenix-micron","url":"https:\/\/phoenixmicron.com\/fr\/","logo":{"@type":"ImageObject","inLanguage":"fr-FR","@id":"https:\/\/phoenixmicron.com\/fr\/#\/schema\/logo\/image\/","url":"https:\/\/phoenixmicron.com\/wp-content\/uploads\/2019\/04\/faviconlogo.png","contentUrl":"https:\/\/phoenixmicron.com\/wp-content\/uploads\/2019\/04\/faviconlogo.png","width":200,"height":200,"caption":"Phoenix-micron"},"image":{"@id":"https:\/\/phoenixmicron.com\/fr\/#\/schema\/logo\/image\/"}}]}},"_links":{"self":[{"href":"https:\/\/phoenixmicron.com\/fr\/wp-json\/wp\/v2\/pages\/7500","targetHints":{"allow":["GET"]}}],"collection":[{"href":"https:\/\/phoenixmicron.com\/fr\/wp-json\/wp\/v2\/pages"}],"about":[{"href":"https:\/\/phoenixmicron.com\/fr\/wp-json\/wp\/v2\/types\/page"}],"author":[{"embeddable":true,"href":"https:\/\/phoenixmicron.com\/fr\/wp-json\/wp\/v2\/users\/6"}],"replies":[{"embeddable":true,"href":"https:\/\/phoenixmicron.com\/fr\/wp-json\/wp\/v2\/comments?post=7500"}],"version-history":[{"count":0,"href":"https:\/\/phoenixmicron.com\/fr\/wp-json\/wp\/v2\/pages\/7500\/revisions"}],"up":[{"embeddable":true,"href":"https:\/\/phoenixmicron.com\/fr\/wp-json\/wp\/v2\/pages\/6222"}],"wp:attachment":[{"href":"https:\/\/phoenixmicron.com\/fr\/wp-json\/wp\/v2\/media?parent=7500"}],"curies":[{"name":"wp","href":"https:\/\/api.w.org\/{rel}","templated":true}]}}