{"id":7457,"date":"2019-04-23T04:28:03","date_gmt":"2019-04-23T04:28:03","guid":{"rendered":"https:\/\/phoenixmicrdev.wpengine.com\/phoenix-micron\/erg-de-ganzfeld\/"},"modified":"2026-04-13T08:22:30","modified_gmt":"2026-04-13T08:22:30","slug":"erg-de-ganzfeld","status":"publish","type":"page","link":"https:\/\/phoenixmicron.com\/fr\/phoenix-micron\/erg-de-ganzfeld\/","title":{"rendered":"ERG de Ganzfeld"},"content":{"rendered":"\n<h1>\n\t\t\tMICRON<!--wpml-no-translate-->\u00ae<!--\/wpml-no-translate--> Ganzfeld ERG\t<\/h1>\n\t<p>Outil d&rsquo;\u00e9lectrophysiologie optimis\u00e9 pour la r\u00e9ponse r\u00e9tinienne unique des photor\u00e9cepteurs de rongeurs<\/p>\n\t<ul>\n<li>Capacit\u00e9 sp\u00e9cifique \u00e0 exciter les c\u00f4nes S, les c\u00f4nes M et les b\u00e2tonnets<\/li>\n<li>La technologie des laboratoires obscurs permet d&rsquo;adapter pleinement l&rsquo;\u0153il \u00e0 l&rsquo;obscurit\u00e9 pour les photor\u00e9cepteurs \u00e0 b\u00e2tonnets murins<\/li>\n<li>Le logiciel contr\u00f4le de mani\u00e8re transparente les stimuli UV et verts pour des tests pr\u00e9cis et personnalisables.<\/li>\n<\/ul>\n\t<p><a href=\"https:\/\/phoenixmicron.com\/wp-content\/uploads\/2026\/04\/MICRON-Ganzfeld-ERG-2026.pdf\" target=\"_blank\" rel=\"noopener\">fiche technique<\/a> | <a href=\"https:\/\/phoenixmicron.com\/fr\/?page_id=7862\" rel=\"noopener\">articles<\/a><\/p>\n<figure itemscope itemtype=\"https:\/\/schema.org\/ImageObject\">\n\t\t\t\t<img decoding=\"async\" data-src=\"https:\/\/phoenixmicron.com\/wp-content\/uploads\/2019\/04\/picture-17-analysis-window-I.png\" alt=\"Fen\u00eatre d&#039;analyse de l&#039;ERG\" height=\"902\" width=\"1607\" title=\"image 17 fen\u00eatre d&#039;analyse I\" onerror=\"this.style.display='none'\" src=\"data:image\/svg+xml;base64,PHN2ZyB3aWR0aD0iMSIgaGVpZ2h0PSIxIiB4bWxucz0iaHR0cDovL3d3dy53My5vcmcvMjAwMC9zdmciPjwvc3ZnPg==\" class=\"lazyload\" style=\"--smush-placeholder-width: 1607px; --smush-placeholder-aspect-ratio: 1607\/902;\" \/>\n\t<\/figure>\n\t<p>Les outils d&rsquo;analyse MICRON ne se contentent pas d&rsquo;extraire le potentiel oscillatoire, mais construisent automatiquement un affichage en cascade.<\/p>\n<figure itemscope itemtype=\"https:\/\/schema.org\/ImageObject\">\n\t\t\t\t<img decoding=\"async\" data-src=\"https:\/\/phoenixmicron.com\/wp-content\/uploads\/2019\/04\/waterfall-161-offset.png\" alt=\"Graphique en cascade de l&#039;ERG\" height=\"808\" width=\"790\" title=\"Cascade 161 offset\" onerror=\"this.style.display='none'\" src=\"data:image\/svg+xml;base64,PHN2ZyB3aWR0aD0iMSIgaGVpZ2h0PSIxIiB4bWxucz0iaHR0cDovL3d3dy53My5vcmcvMjAwMC9zdmciPjwvc3ZnPg==\" class=\"lazyload\" style=\"--smush-placeholder-width: 790px; --smush-placeholder-aspect-ratio: 790\/808;\" \/>\n\t<\/figure>\n<figure itemscope itemtype=\"https:\/\/schema.org\/ImageObject\">\n\t\t\t\t<img decoding=\"async\" data-src=\"https:\/\/phoenixmicron.com\/wp-content\/uploads\/2019\/04\/waterfall-no-offset.png\" alt=\"Graphique en cascade de la GRE\" height=\"810\" width=\"792\" title=\"Cascade sans d\u00e9calage\" onerror=\"this.style.display='none'\" src=\"data:image\/svg+xml;base64,PHN2ZyB3aWR0aD0iMSIgaGVpZ2h0PSIxIiB4bWxucz0iaHR0cDovL3d3dy53My5vcmcvMjAwMC9zdmciPjwvc3ZnPg==\" class=\"lazyload\" style=\"--smush-placeholder-width: 792px; --smush-placeholder-aspect-ratio: 792\/810;\" \/>\n\t<\/figure>\n<h3>\n\t\t\tOutils ERG uniques sp\u00e9cialement con\u00e7us pour les rongeurs\t<\/h3>\n\t<p>Le traitement du signal CLEAN filtre le bruit de 60 Hz que l&rsquo;on trouve souvent dans les syst\u00e8mes d&rsquo;alimentation des b\u00e2timents. Cette caract\u00e9ristique unique \u00e9limine le besoin de filtres coupe-bande ou d&rsquo;\u00e9cr\u00eatage de la bande passante, \u00e9vitant ainsi la distorsion et permettant des mesures ERG uniques sans avoir \u00e0 calculer la moyenne des signaux de bas niveau pour \u00e9liminer le bruit.<\/p>\n<figure itemscope itemtype=\"https:\/\/schema.org\/ImageObject\">\n\t\t\t\t<img decoding=\"async\" data-src=\"https:\/\/phoenixmicron.com\/wp-content\/uploads\/2019\/04\/2a_Focal-ERG-5.png\" alt=\"Tableau des longueurs d&#039;onde d&#039;\u00e9clairage\" height=\"1070\" width=\"1470\" title=\"2a_Focal-ERG-5\" onerror=\"this.style.display='none'\" src=\"data:image\/svg+xml;base64,PHN2ZyB3aWR0aD0iMSIgaGVpZ2h0PSIxIiB4bWxucz0iaHR0cDovL3d3dy53My5vcmcvMjAwMC9zdmciPjwvc3ZnPg==\" class=\"lazyload\" style=\"--smush-placeholder-width: 1470px; --smush-placeholder-aspect-ratio: 1470\/1070;\" \/>\n\t<\/figure>\n<h3>\n\t\t\tSOLUTIONS D&rsquo;ERG POUR L&rsquo;\u0152IL DES RONGEURS\t<\/h3>\n<h4>\n\t\t\tERG de Ganzfeld\t<\/h4>\n\t<p>Une unit\u00e9 compacte et autonome avec une gamme dynamique \u00e9tendue, offrant \u00e0 la fois la lumi\u00e8re UV et la lumi\u00e8re verte pour correspondre pr\u00e9cis\u00e9ment \u00e0 la sensibilit\u00e9 des photor\u00e9cepteurs des rongeurs.<\/p>\n<h4>\n\t\t\tERG focal\t<\/h4>\n\t<p>Fix\u00e9 au syst\u00e8me d&rsquo;imagerie MICRON, l&rsquo;ERG focal permet un ciblage pr\u00e9cis de  des endroits sp\u00e9cifiques de la r\u00e9tine pour l&rsquo;\u00e9tude tout en pr\u00e9servant l&rsquo;adaptation \u00e0 l&rsquo;obscurit\u00e9. Il prend \u00e9galement en charge une large gamme de tailles de taches focales. <\/p>\n<h4>\n\t\t\tUn syst\u00e8me enti\u00e8rement fonctionnel\t<\/h4>\n\t<p>\u00c9quip\u00e9 d&rsquo;une gamme compl\u00e8te de fonctions telles que le scintillement, la saturation de l&rsquo;arri\u00e8re-plan et l&rsquo;extraction des ondes OP.<\/p>\n<p>\u00c9quip\u00e9 de CLEAN, une innovation de Phoenix-MICRON qui \u00e9limine automatiquement les captations de 60 Hz.<\/p>\n<h4>\n\t\t\tERG de Ganzfeld pour les rongeurs\t<\/h4>\n\t<p>Le syst\u00e8me MICRON<!--wpml-no-translate-->\u00ae<!--\/wpml-no-translate--> Ganzfeld ERG est optimis\u00e9 pour la r\u00e9ponse r\u00e9tinienne unique des photor\u00e9cepteurs de rongeurs et offre la capacit\u00e9 sp\u00e9cifique d&rsquo;exciter les c\u00f4nes S, les c\u00f4nes M et les b\u00e2tonnets. Le syst\u00e8me est \u00e9quip\u00e9 de la technologie unique \u00ab\u00a0dark lab\u00a0\u00bb qui permet d&rsquo;adapter l&rsquo;\u0153il \u00e0 l&rsquo;obscurit\u00e9 de mani\u00e8re optimale pour les b\u00e2tonnets murins. Une suite logicielle propri\u00e9taire contr\u00f4le le stimulus pour les UV et le vert, offrant un contr\u00f4le complet de la largeur de l&rsquo;impulsion.  <\/p>\n<p>La conception unique de la vue maxwellienne permet \u00e0 l&rsquo;\u00e9lectrode corn\u00e9enne de faire partie de la lentille frontale. Une cam\u00e9ra infrarouge assure le guidage, garantissant un contact doux avec la corn\u00e9e, m\u00eame en cas de faible luminosit\u00e9. Une suite logicielle propri\u00e9taire contr\u00f4le le stimulus pour les UV et le vert, offrant un contr\u00f4le complet de la largeur de l&rsquo;impulsion.  .<\/p>\n<p><strong>Optimis\u00e9 pour les espaces restreints :<\/strong> Le plus petit syst\u00e8me pour les plus petits animaux.<\/p>\n\t<p><a href=\"\/wp-content\/uploads\/2021\/11\/Phoenix-Ganzfeld-ERG-2021.pdf\" target=\"_blank\" rel=\"noopener\">fiche technique<\/a> | <a href=\"https:\/\/phoenixmicron.com\/fr\/?page_id=7862\" rel=\"noopener\">articles<\/a><\/p>\n<figure itemscope itemtype=\"https:\/\/schema.org\/ImageObject\">\n\t\t\t\t<img decoding=\"async\" data-src=\"https:\/\/phoenixmicron.com\/wp-content\/uploads\/2026\/03\/Ganzfeld_Black-cover_IMG_7758_web-content_image-900x1024.png\" alt=\"MICRON Ganzfeld ERG\" height=\"728\" width=\"640\" title=\"Ganzfeld_Black cover_IMG_7758_web content_image\" onerror=\"this.style.display='none'\" src=\"data:image\/svg+xml;base64,PHN2ZyB3aWR0aD0iMSIgaGVpZ2h0PSIxIiB4bWxucz0iaHR0cDovL3d3dy53My5vcmcvMjAwMC9zdmciPjwvc3ZnPg==\" class=\"lazyload\" style=\"--smush-placeholder-width: 640px; --smush-placeholder-aspect-ratio: 640\/728;\" \/>\n\t<\/figure>\n\n","protected":false},"excerpt":{"rendered":"<p>MICRON\u00ae Ganzfeld ERG Outil d&rsquo;\u00e9lectrophysiologie optimis\u00e9 pour la r\u00e9ponse r\u00e9tinienne unique des photor\u00e9cepteurs de rongeurs Capacit\u00e9 sp\u00e9cifique \u00e0 exciter les c\u00f4nes S, les c\u00f4nes M et les b\u00e2tonnets La technologie des laboratoires obscurs permet d&rsquo;adapter pleinement l&rsquo;\u0153il \u00e0 l&rsquo;obscurit\u00e9 pour les photor\u00e9cepteurs \u00e0 b\u00e2tonnets murins Le logiciel contr\u00f4le de mani\u00e8re transparente les stimuli UV et [&hellip;]<\/p>\n","protected":false},"author":6,"featured_media":0,"parent":6222,"menu_order":0,"comment_status":"closed","ping_status":"closed","template":"page-full-width.php","meta":{"_acf_changed":false,"_themeisle_gutenberg_block_has_review":false,"footnotes":""},"class_list":["post-7457","page","type-page","status-publish","hentry"],"acf":[],"yoast_head":"<!-- This site is optimized with the Yoast SEO plugin v27.2 - https:\/\/yoast.com\/product\/yoast-seo-wordpress\/ -->\n<title>ERG de Ganzfeld - Phoenix-micron<\/title>\n<meta name=\"description\" content=\"Le syst\u00e8me ERG Ganzfeld MICRON\u2122 de Phoenix, optimis\u00e9 pour la r\u00e9ponse r\u00e9tinienne unique des photor\u00e9cepteurs de rongeurs, permet aux chercheurs d&#039;exciter les SCones, les MCones et les b\u00e2tonnets.\" \/>\n<meta name=\"robots\" content=\"index, follow, max-snippet:-1, max-image-preview:large, max-video-preview:-1\" \/>\n<link rel=\"canonical\" href=\"https:\/\/phoenixmicron.com\/fr\/phoenix-micron\/erg-de-ganzfeld\/\" \/>\n<meta property=\"og:locale\" content=\"fr_FR\" \/>\n<meta property=\"og:type\" content=\"article\" \/>\n<meta property=\"og:title\" content=\"ERG de Ganzfeld - Phoenix-micron\" \/>\n<meta property=\"og:description\" content=\"Le syst\u00e8me ERG Ganzfeld MICRON\u2122 de Phoenix, optimis\u00e9 pour la r\u00e9ponse r\u00e9tinienne unique des photor\u00e9cepteurs de rongeurs, permet aux chercheurs d&#039;exciter les SCones, les MCones et les b\u00e2tonnets.\" \/>\n<meta property=\"og:url\" content=\"https:\/\/phoenixmicron.com\/fr\/phoenix-micron\/erg-de-ganzfeld\/\" \/>\n<meta property=\"og:site_name\" content=\"Phoenix-micron\" \/>\n<meta property=\"article:modified_time\" content=\"2026-04-13T08:22:30+00:00\" \/>\n<meta property=\"og:image\" content=\"https:\/\/phoenixmicron.com\/wp-content\/uploads\/2019\/04\/picture-17-analysis-window-I.png\" \/>\n<meta name=\"twitter:card\" content=\"summary_large_image\" \/>\n<meta name=\"twitter:label1\" content=\"Dur\u00e9e de lecture estim\u00e9e\" \/>\n\t<meta name=\"twitter:data1\" content=\"2 minutes\" \/>\n<script type=\"application\/ld+json\" class=\"yoast-schema-graph\">{\"@context\":\"https:\/\/schema.org\",\"@graph\":[{\"@type\":\"WebPage\",\"@id\":\"https:\/\/phoenixmicron.com\/fr\/phoenix-micron\/erg-de-ganzfeld\/\",\"url\":\"https:\/\/phoenixmicron.com\/fr\/phoenix-micron\/erg-de-ganzfeld\/\",\"name\":\"ERG de Ganzfeld - Phoenix-micron\",\"isPartOf\":{\"@id\":\"https:\/\/phoenixmicron.com\/fr\/#website\"},\"primaryImageOfPage\":{\"@id\":\"https:\/\/phoenixmicron.com\/fr\/phoenix-micron\/erg-de-ganzfeld\/#primaryimage\"},\"image\":{\"@id\":\"https:\/\/phoenixmicron.com\/fr\/phoenix-micron\/erg-de-ganzfeld\/#primaryimage\"},\"thumbnailUrl\":\"https:\/\/phoenixmicron.com\/wp-content\/uploads\/2019\/04\/picture-17-analysis-window-I.png\",\"datePublished\":\"2019-04-23T04:28:03+00:00\",\"dateModified\":\"2026-04-13T08:22:30+00:00\",\"description\":\"Le syst\u00e8me ERG Ganzfeld MICRON\u2122 de Phoenix, optimis\u00e9 pour la r\u00e9ponse r\u00e9tinienne unique des photor\u00e9cepteurs de rongeurs, permet aux chercheurs d'exciter les SCones, les MCones et les b\u00e2tonnets.\",\"breadcrumb\":{\"@id\":\"https:\/\/phoenixmicron.com\/fr\/phoenix-micron\/erg-de-ganzfeld\/#breadcrumb\"},\"inLanguage\":\"fr-FR\",\"potentialAction\":[{\"@type\":\"ReadAction\",\"target\":[\"https:\/\/phoenixmicron.com\/fr\/phoenix-micron\/erg-de-ganzfeld\/\"]}]},{\"@type\":\"ImageObject\",\"inLanguage\":\"fr-FR\",\"@id\":\"https:\/\/phoenixmicron.com\/fr\/phoenix-micron\/erg-de-ganzfeld\/#primaryimage\",\"url\":\"https:\/\/phoenixmicron.com\/wp-content\/uploads\/2019\/04\/picture-17-analysis-window-I.png\",\"contentUrl\":\"https:\/\/phoenixmicron.com\/wp-content\/uploads\/2019\/04\/picture-17-analysis-window-I.png\"},{\"@type\":\"BreadcrumbList\",\"@id\":\"https:\/\/phoenixmicron.com\/fr\/phoenix-micron\/erg-de-ganzfeld\/#breadcrumb\",\"itemListElement\":[{\"@type\":\"ListItem\",\"position\":1,\"name\":\"Home\",\"item\":\"https:\/\/phoenixmicron.com\/fr\/phoenix-micron\/\"},{\"@type\":\"ListItem\",\"position\":2,\"name\":\"Phoenix MICRON\u00ae\",\"item\":\"https:\/\/phoenixmicron.com\/fr\/phoenix-micron\/\"},{\"@type\":\"ListItem\",\"position\":3,\"name\":\"ERG de Ganzfeld\"}]},{\"@type\":\"WebSite\",\"@id\":\"https:\/\/phoenixmicron.com\/fr\/#website\",\"url\":\"https:\/\/phoenixmicron.com\/fr\/\",\"name\":\"Phoenix-micron\",\"description\":\"\",\"publisher\":{\"@id\":\"https:\/\/phoenixmicron.com\/fr\/#organization\"},\"potentialAction\":[{\"@type\":\"SearchAction\",\"target\":{\"@type\":\"EntryPoint\",\"urlTemplate\":\"https:\/\/phoenixmicron.com\/fr\/?s={search_term_string}\"},\"query-input\":{\"@type\":\"PropertyValueSpecification\",\"valueRequired\":true,\"valueName\":\"search_term_string\"}}],\"inLanguage\":\"fr-FR\"},{\"@type\":\"Organization\",\"@id\":\"https:\/\/phoenixmicron.com\/fr\/#organization\",\"name\":\"Phoenix-micron\",\"url\":\"https:\/\/phoenixmicron.com\/fr\/\",\"logo\":{\"@type\":\"ImageObject\",\"inLanguage\":\"fr-FR\",\"@id\":\"https:\/\/phoenixmicron.com\/fr\/#\/schema\/logo\/image\/\",\"url\":\"https:\/\/phoenixmicron.com\/wp-content\/uploads\/2019\/04\/faviconlogo.png\",\"contentUrl\":\"https:\/\/phoenixmicron.com\/wp-content\/uploads\/2019\/04\/faviconlogo.png\",\"width\":200,\"height\":200,\"caption\":\"Phoenix-micron\"},\"image\":{\"@id\":\"https:\/\/phoenixmicron.com\/fr\/#\/schema\/logo\/image\/\"}}]}<\/script>\n<!-- \/ Yoast SEO plugin. -->","yoast_head_json":{"title":"ERG de Ganzfeld - Phoenix-micron","description":"Le syst\u00e8me ERG Ganzfeld MICRON\u2122 de Phoenix, optimis\u00e9 pour la r\u00e9ponse r\u00e9tinienne unique des photor\u00e9cepteurs de rongeurs, permet aux chercheurs d'exciter les SCones, les MCones et les b\u00e2tonnets.","robots":{"index":"index","follow":"follow","max-snippet":"max-snippet:-1","max-image-preview":"max-image-preview:large","max-video-preview":"max-video-preview:-1"},"canonical":"https:\/\/phoenixmicron.com\/fr\/phoenix-micron\/erg-de-ganzfeld\/","og_locale":"fr_FR","og_type":"article","og_title":"ERG de Ganzfeld - Phoenix-micron","og_description":"Le syst\u00e8me ERG Ganzfeld MICRON\u2122 de Phoenix, optimis\u00e9 pour la r\u00e9ponse r\u00e9tinienne unique des photor\u00e9cepteurs de rongeurs, permet aux chercheurs d'exciter les SCones, les MCones et les b\u00e2tonnets.","og_url":"https:\/\/phoenixmicron.com\/fr\/phoenix-micron\/erg-de-ganzfeld\/","og_site_name":"Phoenix-micron","article_modified_time":"2026-04-13T08:22:30+00:00","og_image":[{"url":"https:\/\/phoenixmicron.com\/wp-content\/uploads\/2019\/04\/picture-17-analysis-window-I.png","type":"","width":"","height":""}],"twitter_card":"summary_large_image","twitter_misc":{"Dur\u00e9e de lecture estim\u00e9e":"2 minutes"},"schema":{"@context":"https:\/\/schema.org","@graph":[{"@type":"WebPage","@id":"https:\/\/phoenixmicron.com\/fr\/phoenix-micron\/erg-de-ganzfeld\/","url":"https:\/\/phoenixmicron.com\/fr\/phoenix-micron\/erg-de-ganzfeld\/","name":"ERG de Ganzfeld - Phoenix-micron","isPartOf":{"@id":"https:\/\/phoenixmicron.com\/fr\/#website"},"primaryImageOfPage":{"@id":"https:\/\/phoenixmicron.com\/fr\/phoenix-micron\/erg-de-ganzfeld\/#primaryimage"},"image":{"@id":"https:\/\/phoenixmicron.com\/fr\/phoenix-micron\/erg-de-ganzfeld\/#primaryimage"},"thumbnailUrl":"https:\/\/phoenixmicron.com\/wp-content\/uploads\/2019\/04\/picture-17-analysis-window-I.png","datePublished":"2019-04-23T04:28:03+00:00","dateModified":"2026-04-13T08:22:30+00:00","description":"Le syst\u00e8me ERG Ganzfeld MICRON\u2122 de Phoenix, optimis\u00e9 pour la r\u00e9ponse r\u00e9tinienne unique des photor\u00e9cepteurs de rongeurs, permet aux chercheurs d'exciter les SCones, les MCones et les b\u00e2tonnets.","breadcrumb":{"@id":"https:\/\/phoenixmicron.com\/fr\/phoenix-micron\/erg-de-ganzfeld\/#breadcrumb"},"inLanguage":"fr-FR","potentialAction":[{"@type":"ReadAction","target":["https:\/\/phoenixmicron.com\/fr\/phoenix-micron\/erg-de-ganzfeld\/"]}]},{"@type":"ImageObject","inLanguage":"fr-FR","@id":"https:\/\/phoenixmicron.com\/fr\/phoenix-micron\/erg-de-ganzfeld\/#primaryimage","url":"https:\/\/phoenixmicron.com\/wp-content\/uploads\/2019\/04\/picture-17-analysis-window-I.png","contentUrl":"https:\/\/phoenixmicron.com\/wp-content\/uploads\/2019\/04\/picture-17-analysis-window-I.png"},{"@type":"BreadcrumbList","@id":"https:\/\/phoenixmicron.com\/fr\/phoenix-micron\/erg-de-ganzfeld\/#breadcrumb","itemListElement":[{"@type":"ListItem","position":1,"name":"Home","item":"https:\/\/phoenixmicron.com\/fr\/phoenix-micron\/"},{"@type":"ListItem","position":2,"name":"Phoenix MICRON\u00ae","item":"https:\/\/phoenixmicron.com\/fr\/phoenix-micron\/"},{"@type":"ListItem","position":3,"name":"ERG de Ganzfeld"}]},{"@type":"WebSite","@id":"https:\/\/phoenixmicron.com\/fr\/#website","url":"https:\/\/phoenixmicron.com\/fr\/","name":"Phoenix-micron","description":"","publisher":{"@id":"https:\/\/phoenixmicron.com\/fr\/#organization"},"potentialAction":[{"@type":"SearchAction","target":{"@type":"EntryPoint","urlTemplate":"https:\/\/phoenixmicron.com\/fr\/?s={search_term_string}"},"query-input":{"@type":"PropertyValueSpecification","valueRequired":true,"valueName":"search_term_string"}}],"inLanguage":"fr-FR"},{"@type":"Organization","@id":"https:\/\/phoenixmicron.com\/fr\/#organization","name":"Phoenix-micron","url":"https:\/\/phoenixmicron.com\/fr\/","logo":{"@type":"ImageObject","inLanguage":"fr-FR","@id":"https:\/\/phoenixmicron.com\/fr\/#\/schema\/logo\/image\/","url":"https:\/\/phoenixmicron.com\/wp-content\/uploads\/2019\/04\/faviconlogo.png","contentUrl":"https:\/\/phoenixmicron.com\/wp-content\/uploads\/2019\/04\/faviconlogo.png","width":200,"height":200,"caption":"Phoenix-micron"},"image":{"@id":"https:\/\/phoenixmicron.com\/fr\/#\/schema\/logo\/image\/"}}]}},"_links":{"self":[{"href":"https:\/\/phoenixmicron.com\/fr\/wp-json\/wp\/v2\/pages\/7457","targetHints":{"allow":["GET"]}}],"collection":[{"href":"https:\/\/phoenixmicron.com\/fr\/wp-json\/wp\/v2\/pages"}],"about":[{"href":"https:\/\/phoenixmicron.com\/fr\/wp-json\/wp\/v2\/types\/page"}],"author":[{"embeddable":true,"href":"https:\/\/phoenixmicron.com\/fr\/wp-json\/wp\/v2\/users\/6"}],"replies":[{"embeddable":true,"href":"https:\/\/phoenixmicron.com\/fr\/wp-json\/wp\/v2\/comments?post=7457"}],"version-history":[{"count":0,"href":"https:\/\/phoenixmicron.com\/fr\/wp-json\/wp\/v2\/pages\/7457\/revisions"}],"up":[{"embeddable":true,"href":"https:\/\/phoenixmicron.com\/fr\/wp-json\/wp\/v2\/pages\/6222"}],"wp:attachment":[{"href":"https:\/\/phoenixmicron.com\/fr\/wp-json\/wp\/v2\/media?parent=7457"}],"curies":[{"name":"wp","href":"https:\/\/api.w.org\/{rel}","templated":true}]}}