{"id":7289,"date":"2019-04-04T10:56:07","date_gmt":"2019-04-04T10:56:07","guid":{"rendered":"https:\/\/phoenixmicrdev.wpengine.com\/chercheurs\/"},"modified":"2025-10-09T09:10:47","modified_gmt":"2025-10-09T09:10:47","slug":"chercheurs","status":"publish","type":"page","link":"https:\/\/phoenixmicron.com\/fr\/chercheurs\/","title":{"rendered":"Chercheurs"},"content":{"rendered":"","protected":false},"excerpt":{"rendered":"","protected":false},"author":7,"featured_media":0,"parent":0,"menu_order":0,"comment_status":"closed","ping_status":"closed","template":"page-full-width.php","meta":{"_acf_changed":false,"_themeisle_gutenberg_block_has_review":false,"footnotes":""},"class_list":["post-7289","page","type-page","status-publish","hentry"],"acf":[],"yoast_head":"<!-- This site is optimized with the Yoast SEO plugin v27.2 - https:\/\/yoast.com\/product\/yoast-seo-wordpress\/ -->\n<title>Chercheurs - Phoenix-micron<\/title>\n<meta name=\"description\" content=\"Les images r\u00e9tiniennes de rongeurs et d&#039;animaux plus grands pr\u00e9sent\u00e9es ici ont \u00e9t\u00e9 prises avec des cam\u00e9ras in vivo Phoenix MICRON IV ou Phoenix MICRON X.\" \/>\n<meta name=\"robots\" content=\"index, follow, max-snippet:-1, max-image-preview:large, max-video-preview:-1\" \/>\n<link rel=\"canonical\" href=\"https:\/\/phoenixmicron.com\/fr\/chercheurs\/\" \/>\n<meta property=\"og:locale\" content=\"fr_FR\" \/>\n<meta property=\"og:type\" content=\"article\" \/>\n<meta property=\"og:title\" content=\"Chercheurs - Phoenix-micron\" \/>\n<meta property=\"og:description\" content=\"Les images r\u00e9tiniennes de rongeurs et d&#039;animaux plus grands pr\u00e9sent\u00e9es ici ont \u00e9t\u00e9 prises avec des cam\u00e9ras in vivo Phoenix MICRON IV ou Phoenix MICRON X.\" \/>\n<meta property=\"og:url\" content=\"https:\/\/phoenixmicron.com\/fr\/chercheurs\/\" \/>\n<meta property=\"og:site_name\" content=\"Phoenix-micron\" \/>\n<meta property=\"article:modified_time\" content=\"2025-10-09T09:10:47+00:00\" \/>\n<meta name=\"twitter:card\" content=\"summary_large_image\" \/>\n<script type=\"application\/ld+json\" class=\"yoast-schema-graph\">{\"@context\":\"https:\/\/schema.org\",\"@graph\":[{\"@type\":\"WebPage\",\"@id\":\"https:\/\/phoenixmicron.com\/fr\/chercheurs\/\",\"url\":\"https:\/\/phoenixmicron.com\/fr\/chercheurs\/\",\"name\":\"Chercheurs - Phoenix-micron\",\"isPartOf\":{\"@id\":\"https:\/\/phoenixmicron.com\/fr\/#website\"},\"datePublished\":\"2019-04-04T10:56:07+00:00\",\"dateModified\":\"2025-10-09T09:10:47+00:00\",\"description\":\"Les images r\u00e9tiniennes de rongeurs et d'animaux plus grands pr\u00e9sent\u00e9es ici ont \u00e9t\u00e9 prises avec des cam\u00e9ras in vivo Phoenix MICRON IV ou Phoenix MICRON X.\",\"breadcrumb\":{\"@id\":\"https:\/\/phoenixmicron.com\/fr\/chercheurs\/#breadcrumb\"},\"inLanguage\":\"fr-FR\",\"potentialAction\":[{\"@type\":\"ReadAction\",\"target\":[\"https:\/\/phoenixmicron.com\/fr\/chercheurs\/\"]}]},{\"@type\":\"BreadcrumbList\",\"@id\":\"https:\/\/phoenixmicron.com\/fr\/chercheurs\/#breadcrumb\",\"itemListElement\":[{\"@type\":\"ListItem\",\"position\":1,\"name\":\"Home\",\"item\":\"https:\/\/phoenixmicron.com\/fr\/phoenix-micron\/\"},{\"@type\":\"ListItem\",\"position\":2,\"name\":\"Chercheurs\"}]},{\"@type\":\"WebSite\",\"@id\":\"https:\/\/phoenixmicron.com\/fr\/#website\",\"url\":\"https:\/\/phoenixmicron.com\/fr\/\",\"name\":\"Phoenix-micron\",\"description\":\"\",\"publisher\":{\"@id\":\"https:\/\/phoenixmicron.com\/fr\/#organization\"},\"potentialAction\":[{\"@type\":\"SearchAction\",\"target\":{\"@type\":\"EntryPoint\",\"urlTemplate\":\"https:\/\/phoenixmicron.com\/fr\/?s={search_term_string}\"},\"query-input\":{\"@type\":\"PropertyValueSpecification\",\"valueRequired\":true,\"valueName\":\"search_term_string\"}}],\"inLanguage\":\"fr-FR\"},{\"@type\":\"Organization\",\"@id\":\"https:\/\/phoenixmicron.com\/fr\/#organization\",\"name\":\"Phoenix-micron\",\"url\":\"https:\/\/phoenixmicron.com\/fr\/\",\"logo\":{\"@type\":\"ImageObject\",\"inLanguage\":\"fr-FR\",\"@id\":\"https:\/\/phoenixmicron.com\/fr\/#\/schema\/logo\/image\/\",\"url\":\"https:\/\/phoenixmicron.com\/wp-content\/uploads\/2019\/04\/faviconlogo.png\",\"contentUrl\":\"https:\/\/phoenixmicron.com\/wp-content\/uploads\/2019\/04\/faviconlogo.png\",\"width\":200,\"height\":200,\"caption\":\"Phoenix-micron\"},\"image\":{\"@id\":\"https:\/\/phoenixmicron.com\/fr\/#\/schema\/logo\/image\/\"}}]}<\/script>\n<!-- \/ Yoast SEO plugin. -->","yoast_head_json":{"title":"Chercheurs - Phoenix-micron","description":"Les images r\u00e9tiniennes de rongeurs et d'animaux plus grands pr\u00e9sent\u00e9es ici ont \u00e9t\u00e9 prises avec des cam\u00e9ras in vivo Phoenix MICRON IV ou Phoenix MICRON X.","robots":{"index":"index","follow":"follow","max-snippet":"max-snippet:-1","max-image-preview":"max-image-preview:large","max-video-preview":"max-video-preview:-1"},"canonical":"https:\/\/phoenixmicron.com\/fr\/chercheurs\/","og_locale":"fr_FR","og_type":"article","og_title":"Chercheurs - Phoenix-micron","og_description":"Les images r\u00e9tiniennes de rongeurs et d'animaux plus grands pr\u00e9sent\u00e9es ici ont \u00e9t\u00e9 prises avec des cam\u00e9ras in vivo Phoenix MICRON IV ou Phoenix MICRON X.","og_url":"https:\/\/phoenixmicron.com\/fr\/chercheurs\/","og_site_name":"Phoenix-micron","article_modified_time":"2025-10-09T09:10:47+00:00","twitter_card":"summary_large_image","schema":{"@context":"https:\/\/schema.org","@graph":[{"@type":"WebPage","@id":"https:\/\/phoenixmicron.com\/fr\/chercheurs\/","url":"https:\/\/phoenixmicron.com\/fr\/chercheurs\/","name":"Chercheurs - Phoenix-micron","isPartOf":{"@id":"https:\/\/phoenixmicron.com\/fr\/#website"},"datePublished":"2019-04-04T10:56:07+00:00","dateModified":"2025-10-09T09:10:47+00:00","description":"Les images r\u00e9tiniennes de rongeurs et d'animaux plus grands pr\u00e9sent\u00e9es ici ont \u00e9t\u00e9 prises avec des cam\u00e9ras in vivo Phoenix MICRON IV ou Phoenix MICRON X.","breadcrumb":{"@id":"https:\/\/phoenixmicron.com\/fr\/chercheurs\/#breadcrumb"},"inLanguage":"fr-FR","potentialAction":[{"@type":"ReadAction","target":["https:\/\/phoenixmicron.com\/fr\/chercheurs\/"]}]},{"@type":"BreadcrumbList","@id":"https:\/\/phoenixmicron.com\/fr\/chercheurs\/#breadcrumb","itemListElement":[{"@type":"ListItem","position":1,"name":"Home","item":"https:\/\/phoenixmicron.com\/fr\/phoenix-micron\/"},{"@type":"ListItem","position":2,"name":"Chercheurs"}]},{"@type":"WebSite","@id":"https:\/\/phoenixmicron.com\/fr\/#website","url":"https:\/\/phoenixmicron.com\/fr\/","name":"Phoenix-micron","description":"","publisher":{"@id":"https:\/\/phoenixmicron.com\/fr\/#organization"},"potentialAction":[{"@type":"SearchAction","target":{"@type":"EntryPoint","urlTemplate":"https:\/\/phoenixmicron.com\/fr\/?s={search_term_string}"},"query-input":{"@type":"PropertyValueSpecification","valueRequired":true,"valueName":"search_term_string"}}],"inLanguage":"fr-FR"},{"@type":"Organization","@id":"https:\/\/phoenixmicron.com\/fr\/#organization","name":"Phoenix-micron","url":"https:\/\/phoenixmicron.com\/fr\/","logo":{"@type":"ImageObject","inLanguage":"fr-FR","@id":"https:\/\/phoenixmicron.com\/fr\/#\/schema\/logo\/image\/","url":"https:\/\/phoenixmicron.com\/wp-content\/uploads\/2019\/04\/faviconlogo.png","contentUrl":"https:\/\/phoenixmicron.com\/wp-content\/uploads\/2019\/04\/faviconlogo.png","width":200,"height":200,"caption":"Phoenix-micron"},"image":{"@id":"https:\/\/phoenixmicron.com\/fr\/#\/schema\/logo\/image\/"}}]}},"_links":{"self":[{"href":"https:\/\/phoenixmicron.com\/fr\/wp-json\/wp\/v2\/pages\/7289","targetHints":{"allow":["GET"]}}],"collection":[{"href":"https:\/\/phoenixmicron.com\/fr\/wp-json\/wp\/v2\/pages"}],"about":[{"href":"https:\/\/phoenixmicron.com\/fr\/wp-json\/wp\/v2\/types\/page"}],"author":[{"embeddable":true,"href":"https:\/\/phoenixmicron.com\/fr\/wp-json\/wp\/v2\/users\/7"}],"replies":[{"embeddable":true,"href":"https:\/\/phoenixmicron.com\/fr\/wp-json\/wp\/v2\/comments?post=7289"}],"version-history":[{"count":0,"href":"https:\/\/phoenixmicron.com\/fr\/wp-json\/wp\/v2\/pages\/7289\/revisions"}],"wp:attachment":[{"href":"https:\/\/phoenixmicron.com\/fr\/wp-json\/wp\/v2\/media?parent=7289"}],"curies":[{"name":"wp","href":"https:\/\/api.w.org\/{rel}","templated":true}]}}