{"id":6748,"date":"2025-04-24T07:49:42","date_gmt":"2025-04-24T07:49:42","guid":{"rendered":"https:\/\/phoenixmicrdev.wpengine.com\/phoenix-micron\/systeme-datrophie-geographique\/"},"modified":"2026-04-13T08:10:06","modified_gmt":"2026-04-13T08:10:06","slug":"systeme-datrophie-geographique","status":"publish","type":"page","link":"https:\/\/phoenixmicron.com\/fr\/phoenix-micron\/systeme-datrophie-geographique\/","title":{"rendered":"Syst\u00e8me d&rsquo;atrophie g\u00e9ographique"},"content":{"rendered":"\n<h1>\n\t\t\tMICRON\u00ae Geographic Atrophy System\t<\/h1>\n\t<p>D\u00e9livrance pr\u00e9cise d&rsquo;une \u00e9nergie laser de 810 nm \u00e0 la r\u00e9tine de la souris et du rat<\/p>\n\t<p>Le <strong>syst\u00e8me laser MICRON<sup>\u00ae<\/sup> 810 nm guid\u00e9 par l&rsquo;image<\/strong> permet une photocoagulation laser facile \u00e0 r\u00e9aliser pour cr\u00e9er un mod\u00e8le murin d&rsquo;atrophie g\u00e9ographique (AG) progressive induite par laser.<\/p>\n<p>L&rsquo;imagerie int\u00e9gr\u00e9e permet aux chercheurs de capturer des images haute r\u00e9solution et des enregistrements vid\u00e9o avant et apr\u00e8s le traitement, ce qui facilite la documentation d\u00e9taill\u00e9e des changements r\u00e9tiniens dans les \u00e9tudes longitudinales de la progression de l&rsquo;atrophie g\u00e9ographique (AG).<\/p>\n<p>Le mod\u00e8le laser de l&rsquo;AG \u00e9vite les complications op\u00e9ratoires associ\u00e9es aux mod\u00e8les d&rsquo;injection sous-r\u00e9tinienne.<\/p>\n\t<p><a href=\"https:\/\/phoenixmicron.com\/wp-content\/uploads\/2026\/04\/MICRON-810-Laser-2026.pdf\" target=\"_blank\" rel=\"noopener\">fiche technique<\/a> | <a href=\"https:\/\/phoenixmicron.com\/fr\/?page_id=7862\" rel=\"noopener\">articles<\/a><\/p>\n<figure itemscope itemtype=\"https:\/\/schema.org\/ImageObject\">\n\t\t\t\t<img decoding=\"async\" data-src=\"https:\/\/phoenixmicron.com\/wp-content\/uploads\/2025\/12\/810_Action_Shot-scaled.jpg\" alt=\"Ciblage par laser guid\u00e9 par l&#039;image\" height=\"2048\" width=\"2560\" title=\"810_Action_Shot\" onerror=\"this.style.display='none'\" src=\"data:image\/svg+xml;base64,PHN2ZyB3aWR0aD0iMSIgaGVpZ2h0PSIxIiB4bWxucz0iaHR0cDovL3d3dy53My5vcmcvMjAwMC9zdmciPjwvc3ZnPg==\" class=\"lazyload\" style=\"--smush-placeholder-width: 2560px; --smush-placeholder-aspect-ratio: 2560\/2048;\" \/>\n\t\t<figcaption>Ciblage par laser guid\u00e9 par l&rsquo;image<\/figcaption>\n\t<\/figure>\n\t<p><em>La recherche pr\u00e9clinique utilisant des mod\u00e8les de rongeurs est essentielle pour faire progresser notre compr\u00e9hension de la d\u00e9g\u00e9n\u00e9rescence maculaire li\u00e9e \u00e0 l&rsquo;\u00e2ge (DMLA), l&rsquo;une des principales causes de perte de vision, pour laquelle il n&rsquo;existe pas de traitement approuv\u00e9. Une approche puissante consiste \u00e0 utiliser un laser de 810 nm pour induire une atrophie g\u00e9ographique, ce qui permet aux chercheurs de reproduire les principales caract\u00e9ristiques de la maladie et d&rsquo;\u00e9valuer les th\u00e9rapies potentielles dans un environnement contr\u00f4l\u00e9. <\/em><\/p>\n<p>&nbsp;<\/p>\n<p><em>Ces mod\u00e8les, associ\u00e9s \u00e0 des outils d&rsquo;imagerie et d&rsquo;analyse \u00e0 haute r\u00e9solution, acc\u00e9l\u00e8rent le d\u00e9veloppement de traitements <\/em><em>visant \u00e0 pr\u00e9server la vision et \u00e0 ralentir la progression de la maladie.<\/em><\/p>\n\t\t\t<a href=\"https:\/\/phoenixmicron.com\/fr\/contact\/demande-de-devis\/\"  target=\"_self\">\n\t\t\t\t\t\t\tDEMANDER UN DEVIS\n\t\t\t\t\t<\/a>\n<figure itemscope itemtype=\"https:\/\/schema.org\/ImageObject\">\n\t\t\t\t<img decoding=\"async\" data-src=\"https:\/\/phoenixmicron.com\/wp-content\/uploads\/2025\/12\/810_3fundus_Square.png\" alt=\"810_3fundus_Square\" height=\"1660\" width=\"1658\" title=\"810_3fundus_Square\" onerror=\"this.style.display='none'\" src=\"data:image\/svg+xml;base64,PHN2ZyB3aWR0aD0iMSIgaGVpZ2h0PSIxIiB4bWxucz0iaHR0cDovL3d3dy53My5vcmcvMjAwMC9zdmciPjwvc3ZnPg==\" class=\"lazyload\" style=\"--smush-placeholder-width: 1658px; --smush-placeholder-aspect-ratio: 1658\/1660;\" \/>\n\t<\/figure>\n<h4>\n\t\t\tMICRON GA System (810 nm)\t<\/h4>\n\t<p><strong>Prouv\u00e9 &#8211;<\/strong> M\u00e9thode valid\u00e9e pour induire l&rsquo;atrophie g\u00e9ographique (AG) dans des \u00e9tudes publi\u00e9es.<\/p>\n<p><strong>Facile \u00e0 utiliser &#8211;<\/strong> Utilisez l&rsquo;image du fond d&rsquo;\u0153il en couleur comme guide pour placer le faisceau de vis\u00e9e sur les zones cibles. Prenez facilement des photos ou des vid\u00e9os pour des publications ou des pr\u00e9sentations afin de renforcer la documentation de la recherche. <\/p>\n<p><strong>V\u00e9rification efficace<\/strong> &#8211; Passez facilement de l&rsquo;administration laser \u00e0 l&rsquo;imagerie OCT avec le syst\u00e8me MICRON OCT2 guid\u00e9 par l&rsquo;image, ce qui permet aux chercheurs d&rsquo;observer l&rsquo;efficacit\u00e9 des br\u00fblures laser en une seule s\u00e9ance d&rsquo;imagerie.<\/p>\n<p><strong>Ciblage facile &#8211;<\/strong> Le ciblage laser utilisant le guidage par l&rsquo;image est facile et pr\u00e9cis gr\u00e2ce \u00e0 l&rsquo;agrandissement de l&rsquo;image du fond d&rsquo;\u0153il et \u00e0 la superposition de la cible dans la suite logicielle MICRON. Le guidage par l&rsquo;image peut se faire avec des images en couleur ou fluorescentes, ce qui facilite le ciblage du laser. <\/p>\n<p><strong>D\u00e9livrance coh\u00e9rente du laser <\/strong>&#8211; En couplant la corn\u00e9e \u00e0 la lentille de l&rsquo;objectif \u00e0 l&rsquo;aide d&rsquo;une interface en gel, l&rsquo;\u0153il est stabilis\u00e9 contre les mouvements dus \u00e0 la respiration et la d\u00e9livrance d&rsquo;\u00e9nergie est plus r\u00e9guli\u00e8re qu&rsquo;\u00e0 l&rsquo;air libre.<\/p>\n\t<p><strong>Le syst\u00e8me d&rsquo;atrophie g\u00e9ographique MICRON est un syst\u00e8me d&rsquo;imagerie complet. <\/strong><\/p>\n<p><strong>Le syst\u00e8me comprend<\/strong><\/p>\n\t<ul>\n<li>Syst\u00e8me de cam\u00e9ra MICRON 5 (source lumineuse et unit\u00e9 de contr\u00f4le MICRON incluses)<\/li>\n<li>MICRON Image-Guided 810 nm Laser System<br \/>\n(y compris l&rsquo;injecteur laser, l&rsquo;objectif et la source laser)<\/li>\n<li>MICRON OCT2 guid\u00e9 par l&rsquo;image(y compris le moteur OCT, l&rsquo;objectif et la t\u00eate de balayage)<\/li>\n<\/ul>\n<p>&nbsp;<\/p>\n<p><strong>Quelques caract\u00e9ristiques du syst\u00e8me MICRON GA :<\/strong><\/p>\n<ul>\n<li>Changement rapide entre les lentilles Laser et OCT<\/li>\n<li>Logiciel commun OCT\/Laser\/Fundus via MICRON Software Suite<\/li>\n<li>Architecture multimodale compacte<\/li>\n<\/ul>\n<p>&nbsp;<\/p>\n<p><strong>Vous avez d\u00e9j\u00e0 un syst\u00e8me de cam\u00e9ra MICRON IV ?<\/strong> Contactez-nous d\u00e8s aujourd&rsquo;hui pour savoir comment l&rsquo;am\u00e9liorer pour soutenir la recherche sur les AG.<\/p>\n<figure itemscope itemtype=\"https:\/\/schema.org\/ImageObject\">\n\t\t\t\t<img decoding=\"async\" data-src=\"https:\/\/phoenixmicron.com\/wp-content\/uploads\/2026\/01\/810-_Sys_fnl.jpg\" alt=\"810 _Sys_fnl\" height=\"1382\" width=\"1624\" title=\"810 _Sys_fnl\" onerror=\"this.style.display='none'\" src=\"data:image\/svg+xml;base64,PHN2ZyB3aWR0aD0iMSIgaGVpZ2h0PSIxIiB4bWxucz0iaHR0cDovL3d3dy53My5vcmcvMjAwMC9zdmciPjwvc3ZnPg==\" class=\"lazyload\" style=\"--smush-placeholder-width: 1624px; --smush-placeholder-aspect-ratio: 1624\/1382;\" \/>\n\t<\/figure>\n\t<p>L&rsquo;imagerie MICRON 5 en temps r\u00e9el capture les br\u00fblures laser au moment o\u00f9 elles se produisent, tandis que la combinaison du laser 810 nm avec l&rsquo;angiographie \u00e0 la fluoresc\u00e9ine (FA) et l&rsquo;OCT guid\u00e9 par l&rsquo;image MICRON avec segmentation des couches cr\u00e9e une plateforme puissante et compl\u00e8te pour la recherche pr\u00e9clinique in vivo.<\/p>\n\n","protected":false},"excerpt":{"rendered":"<p>MICRON\u00ae Geographic Atrophy System D\u00e9livrance pr\u00e9cise d&rsquo;une \u00e9nergie laser de 810 nm \u00e0 la r\u00e9tine de la souris et du rat Le syst\u00e8me laser MICRON\u00ae 810 nm guid\u00e9 par l&rsquo;image permet une photocoagulation laser facile \u00e0 r\u00e9aliser pour cr\u00e9er un mod\u00e8le murin d&rsquo;atrophie g\u00e9ographique (AG) progressive induite par laser. L&rsquo;imagerie int\u00e9gr\u00e9e permet aux chercheurs de [&hellip;]<\/p>\n","protected":false},"author":1,"featured_media":0,"parent":6222,"menu_order":0,"comment_status":"closed","ping_status":"closed","template":"page-full-width.php","meta":{"_acf_changed":false,"_themeisle_gutenberg_block_has_review":false,"footnotes":""},"class_list":["post-6748","page","type-page","status-publish","hentry"],"acf":[],"yoast_head":"<!-- This site is optimized with the Yoast SEO plugin v27.2 - https:\/\/yoast.com\/product\/yoast-seo-wordpress\/ -->\n<title>Syst\u00e8me d&#039;atrophie g\u00e9ographique - Phoenix-micron<\/title>\n<meta name=\"description\" content=\"Le laser MICRON Phoenix, facile \u00e0 utiliser et guid\u00e9 par l&#039;image, est un \u00e9l\u00e9ment essentiel du syst\u00e8me Phoenix de n\u00e9ovascularisation choro\u00efdienne (CNV).\" \/>\n<meta name=\"robots\" content=\"index, follow, max-snippet:-1, max-image-preview:large, max-video-preview:-1\" \/>\n<link rel=\"canonical\" href=\"https:\/\/phoenixmicron.com\/fr\/phoenix-micron\/systeme-datrophie-geographique\/\" \/>\n<meta property=\"og:locale\" content=\"fr_FR\" \/>\n<meta property=\"og:type\" content=\"article\" \/>\n<meta property=\"og:title\" content=\"Syst\u00e8me d&#039;atrophie g\u00e9ographique - Phoenix-micron\" \/>\n<meta property=\"og:description\" content=\"Le laser MICRON Phoenix, facile \u00e0 utiliser et guid\u00e9 par l&#039;image, est un \u00e9l\u00e9ment essentiel du syst\u00e8me Phoenix de n\u00e9ovascularisation choro\u00efdienne (CNV).\" \/>\n<meta property=\"og:url\" content=\"https:\/\/phoenixmicron.com\/fr\/phoenix-micron\/systeme-datrophie-geographique\/\" \/>\n<meta property=\"og:site_name\" content=\"Phoenix-micron\" \/>\n<meta property=\"article:modified_time\" content=\"2026-04-13T08:10:06+00:00\" \/>\n<meta property=\"og:image\" content=\"https:\/\/phoenixmicron.com\/wp-content\/uploads\/2025\/12\/810_Action_Shot-scaled.jpg\" \/>\n<meta name=\"twitter:card\" content=\"summary_large_image\" \/>\n<meta name=\"twitter:label1\" content=\"Dur\u00e9e de lecture estim\u00e9e\" \/>\n\t<meta name=\"twitter:data1\" content=\"3 minutes\" \/>\n<script type=\"application\/ld+json\" class=\"yoast-schema-graph\">{\"@context\":\"https:\/\/schema.org\",\"@graph\":[{\"@type\":\"WebPage\",\"@id\":\"https:\/\/phoenixmicron.com\/fr\/phoenix-micron\/systeme-datrophie-geographique\/\",\"url\":\"https:\/\/phoenixmicron.com\/fr\/phoenix-micron\/systeme-datrophie-geographique\/\",\"name\":\"Syst\u00e8me d'atrophie g\u00e9ographique - Phoenix-micron\",\"isPartOf\":{\"@id\":\"https:\/\/phoenixmicron.com\/fr\/#website\"},\"primaryImageOfPage\":{\"@id\":\"https:\/\/phoenixmicron.com\/fr\/phoenix-micron\/systeme-datrophie-geographique\/#primaryimage\"},\"image\":{\"@id\":\"https:\/\/phoenixmicron.com\/fr\/phoenix-micron\/systeme-datrophie-geographique\/#primaryimage\"},\"thumbnailUrl\":\"https:\/\/phoenixmicron.com\/wp-content\/uploads\/2025\/12\/810_Action_Shot-scaled.jpg\",\"datePublished\":\"2025-04-24T07:49:42+00:00\",\"dateModified\":\"2026-04-13T08:10:06+00:00\",\"description\":\"Le laser MICRON Phoenix, facile \u00e0 utiliser et guid\u00e9 par l'image, est un \u00e9l\u00e9ment essentiel du syst\u00e8me Phoenix de n\u00e9ovascularisation choro\u00efdienne (CNV).\",\"breadcrumb\":{\"@id\":\"https:\/\/phoenixmicron.com\/fr\/phoenix-micron\/systeme-datrophie-geographique\/#breadcrumb\"},\"inLanguage\":\"fr-FR\",\"potentialAction\":[{\"@type\":\"ReadAction\",\"target\":[\"https:\/\/phoenixmicron.com\/fr\/phoenix-micron\/systeme-datrophie-geographique\/\"]}]},{\"@type\":\"ImageObject\",\"inLanguage\":\"fr-FR\",\"@id\":\"https:\/\/phoenixmicron.com\/fr\/phoenix-micron\/systeme-datrophie-geographique\/#primaryimage\",\"url\":\"https:\/\/phoenixmicron.com\/wp-content\/uploads\/2025\/12\/810_Action_Shot-scaled.jpg\",\"contentUrl\":\"https:\/\/phoenixmicron.com\/wp-content\/uploads\/2025\/12\/810_Action_Shot-scaled.jpg\"},{\"@type\":\"BreadcrumbList\",\"@id\":\"https:\/\/phoenixmicron.com\/fr\/phoenix-micron\/systeme-datrophie-geographique\/#breadcrumb\",\"itemListElement\":[{\"@type\":\"ListItem\",\"position\":1,\"name\":\"Home\",\"item\":\"https:\/\/phoenixmicron.com\/fr\/phoenix-micron\/\"},{\"@type\":\"ListItem\",\"position\":2,\"name\":\"Phoenix MICRON\u00ae\",\"item\":\"https:\/\/phoenixmicron.com\/fr\/phoenix-micron\/\"},{\"@type\":\"ListItem\",\"position\":3,\"name\":\"Syst\u00e8me d&rsquo;atrophie g\u00e9ographique\"}]},{\"@type\":\"WebSite\",\"@id\":\"https:\/\/phoenixmicron.com\/fr\/#website\",\"url\":\"https:\/\/phoenixmicron.com\/fr\/\",\"name\":\"Phoenix-micron\",\"description\":\"\",\"publisher\":{\"@id\":\"https:\/\/phoenixmicron.com\/fr\/#organization\"},\"potentialAction\":[{\"@type\":\"SearchAction\",\"target\":{\"@type\":\"EntryPoint\",\"urlTemplate\":\"https:\/\/phoenixmicron.com\/fr\/?s={search_term_string}\"},\"query-input\":{\"@type\":\"PropertyValueSpecification\",\"valueRequired\":true,\"valueName\":\"search_term_string\"}}],\"inLanguage\":\"fr-FR\"},{\"@type\":\"Organization\",\"@id\":\"https:\/\/phoenixmicron.com\/fr\/#organization\",\"name\":\"Phoenix-micron\",\"url\":\"https:\/\/phoenixmicron.com\/fr\/\",\"logo\":{\"@type\":\"ImageObject\",\"inLanguage\":\"fr-FR\",\"@id\":\"https:\/\/phoenixmicron.com\/fr\/#\/schema\/logo\/image\/\",\"url\":\"https:\/\/phoenixmicron.com\/wp-content\/uploads\/2019\/04\/faviconlogo.png\",\"contentUrl\":\"https:\/\/phoenixmicron.com\/wp-content\/uploads\/2019\/04\/faviconlogo.png\",\"width\":200,\"height\":200,\"caption\":\"Phoenix-micron\"},\"image\":{\"@id\":\"https:\/\/phoenixmicron.com\/fr\/#\/schema\/logo\/image\/\"}}]}<\/script>\n<!-- \/ Yoast SEO plugin. -->","yoast_head_json":{"title":"Syst\u00e8me d'atrophie g\u00e9ographique - Phoenix-micron","description":"Le laser MICRON Phoenix, facile \u00e0 utiliser et guid\u00e9 par l'image, est un \u00e9l\u00e9ment essentiel du syst\u00e8me Phoenix de n\u00e9ovascularisation choro\u00efdienne (CNV).","robots":{"index":"index","follow":"follow","max-snippet":"max-snippet:-1","max-image-preview":"max-image-preview:large","max-video-preview":"max-video-preview:-1"},"canonical":"https:\/\/phoenixmicron.com\/fr\/phoenix-micron\/systeme-datrophie-geographique\/","og_locale":"fr_FR","og_type":"article","og_title":"Syst\u00e8me d'atrophie g\u00e9ographique - Phoenix-micron","og_description":"Le laser MICRON Phoenix, facile \u00e0 utiliser et guid\u00e9 par l'image, est un \u00e9l\u00e9ment essentiel du syst\u00e8me Phoenix de n\u00e9ovascularisation choro\u00efdienne (CNV).","og_url":"https:\/\/phoenixmicron.com\/fr\/phoenix-micron\/systeme-datrophie-geographique\/","og_site_name":"Phoenix-micron","article_modified_time":"2026-04-13T08:10:06+00:00","og_image":[{"url":"https:\/\/phoenixmicron.com\/wp-content\/uploads\/2025\/12\/810_Action_Shot-scaled.jpg","type":"","width":"","height":""}],"twitter_card":"summary_large_image","twitter_misc":{"Dur\u00e9e de lecture estim\u00e9e":"3 minutes"},"schema":{"@context":"https:\/\/schema.org","@graph":[{"@type":"WebPage","@id":"https:\/\/phoenixmicron.com\/fr\/phoenix-micron\/systeme-datrophie-geographique\/","url":"https:\/\/phoenixmicron.com\/fr\/phoenix-micron\/systeme-datrophie-geographique\/","name":"Syst\u00e8me d'atrophie g\u00e9ographique - Phoenix-micron","isPartOf":{"@id":"https:\/\/phoenixmicron.com\/fr\/#website"},"primaryImageOfPage":{"@id":"https:\/\/phoenixmicron.com\/fr\/phoenix-micron\/systeme-datrophie-geographique\/#primaryimage"},"image":{"@id":"https:\/\/phoenixmicron.com\/fr\/phoenix-micron\/systeme-datrophie-geographique\/#primaryimage"},"thumbnailUrl":"https:\/\/phoenixmicron.com\/wp-content\/uploads\/2025\/12\/810_Action_Shot-scaled.jpg","datePublished":"2025-04-24T07:49:42+00:00","dateModified":"2026-04-13T08:10:06+00:00","description":"Le laser MICRON Phoenix, facile \u00e0 utiliser et guid\u00e9 par l'image, est un \u00e9l\u00e9ment essentiel du syst\u00e8me Phoenix de n\u00e9ovascularisation choro\u00efdienne (CNV).","breadcrumb":{"@id":"https:\/\/phoenixmicron.com\/fr\/phoenix-micron\/systeme-datrophie-geographique\/#breadcrumb"},"inLanguage":"fr-FR","potentialAction":[{"@type":"ReadAction","target":["https:\/\/phoenixmicron.com\/fr\/phoenix-micron\/systeme-datrophie-geographique\/"]}]},{"@type":"ImageObject","inLanguage":"fr-FR","@id":"https:\/\/phoenixmicron.com\/fr\/phoenix-micron\/systeme-datrophie-geographique\/#primaryimage","url":"https:\/\/phoenixmicron.com\/wp-content\/uploads\/2025\/12\/810_Action_Shot-scaled.jpg","contentUrl":"https:\/\/phoenixmicron.com\/wp-content\/uploads\/2025\/12\/810_Action_Shot-scaled.jpg"},{"@type":"BreadcrumbList","@id":"https:\/\/phoenixmicron.com\/fr\/phoenix-micron\/systeme-datrophie-geographique\/#breadcrumb","itemListElement":[{"@type":"ListItem","position":1,"name":"Home","item":"https:\/\/phoenixmicron.com\/fr\/phoenix-micron\/"},{"@type":"ListItem","position":2,"name":"Phoenix MICRON\u00ae","item":"https:\/\/phoenixmicron.com\/fr\/phoenix-micron\/"},{"@type":"ListItem","position":3,"name":"Syst\u00e8me d&rsquo;atrophie g\u00e9ographique"}]},{"@type":"WebSite","@id":"https:\/\/phoenixmicron.com\/fr\/#website","url":"https:\/\/phoenixmicron.com\/fr\/","name":"Phoenix-micron","description":"","publisher":{"@id":"https:\/\/phoenixmicron.com\/fr\/#organization"},"potentialAction":[{"@type":"SearchAction","target":{"@type":"EntryPoint","urlTemplate":"https:\/\/phoenixmicron.com\/fr\/?s={search_term_string}"},"query-input":{"@type":"PropertyValueSpecification","valueRequired":true,"valueName":"search_term_string"}}],"inLanguage":"fr-FR"},{"@type":"Organization","@id":"https:\/\/phoenixmicron.com\/fr\/#organization","name":"Phoenix-micron","url":"https:\/\/phoenixmicron.com\/fr\/","logo":{"@type":"ImageObject","inLanguage":"fr-FR","@id":"https:\/\/phoenixmicron.com\/fr\/#\/schema\/logo\/image\/","url":"https:\/\/phoenixmicron.com\/wp-content\/uploads\/2019\/04\/faviconlogo.png","contentUrl":"https:\/\/phoenixmicron.com\/wp-content\/uploads\/2019\/04\/faviconlogo.png","width":200,"height":200,"caption":"Phoenix-micron"},"image":{"@id":"https:\/\/phoenixmicron.com\/fr\/#\/schema\/logo\/image\/"}}]}},"_links":{"self":[{"href":"https:\/\/phoenixmicron.com\/fr\/wp-json\/wp\/v2\/pages\/6748","targetHints":{"allow":["GET"]}}],"collection":[{"href":"https:\/\/phoenixmicron.com\/fr\/wp-json\/wp\/v2\/pages"}],"about":[{"href":"https:\/\/phoenixmicron.com\/fr\/wp-json\/wp\/v2\/types\/page"}],"author":[{"embeddable":true,"href":"https:\/\/phoenixmicron.com\/fr\/wp-json\/wp\/v2\/users\/1"}],"replies":[{"embeddable":true,"href":"https:\/\/phoenixmicron.com\/fr\/wp-json\/wp\/v2\/comments?post=6748"}],"version-history":[{"count":0,"href":"https:\/\/phoenixmicron.com\/fr\/wp-json\/wp\/v2\/pages\/6748\/revisions"}],"up":[{"embeddable":true,"href":"https:\/\/phoenixmicron.com\/fr\/wp-json\/wp\/v2\/pages\/6222"}],"wp:attachment":[{"href":"https:\/\/phoenixmicron.com\/fr\/wp-json\/wp\/v2\/media?parent=6748"}],"curies":[{"name":"wp","href":"https:\/\/api.w.org\/{rel}","templated":true}]}}