{"id":6698,"date":"2019-05-17T20:59:12","date_gmt":"2019-05-17T20:59:12","guid":{"rendered":"https:\/\/phoenixmicrdev.wpengine.com\/politique-en-matiere-de-cookies\/"},"modified":"2025-10-09T09:10:55","modified_gmt":"2025-10-09T09:10:55","slug":"politique-en-matiere-de-cookies","status":"publish","type":"page","link":"https:\/\/phoenixmicron.com\/fr\/politique-en-matiere-de-cookies\/","title":{"rendered":"Politique en mati\u00e8re de cookies"},"content":{"rendered":"<p>Ce site utilise des cookies &#8211; de petits fichiers texte qui sont plac\u00e9s sur votre machine pour aider le site \u00e0 offrir une meilleure exp\u00e9rience \u00e0 l&rsquo;utilisateur. En g\u00e9n\u00e9ral, les cookies sont utilis\u00e9s pour conserver les pr\u00e9f\u00e9rences de l&rsquo;utilisateur, stocker des informations pour des \u00e9l\u00e9ments tels que les paniers d&rsquo;achat et fournir des donn\u00e9es de suivi anonymes \u00e0 des applications tierces telles que Google Analytics. En r\u00e8gle g\u00e9n\u00e9rale, les cookies am\u00e9liorent votre exp\u00e9rience de navigation. Toutefois, il se peut que vous pr\u00e9f\u00e9riez d\u00e9sactiver les cookies sur ce site et sur d&rsquo;autres. La mani\u00e8re la plus efficace de le faire est de d\u00e9sactiver les cookies dans votre navigateur. Nous vous sugg\u00e9rons de consulter la section Aide de votre navigateur ou de jeter un coup d&rsquo;\u0153il au <a href=\"http:\/\/www.aboutcookies.org\">site web \u00ab\u00a0About Cookies\u00a0\u00bb<\/a> qui offre des conseils pour tous les navigateurs modernes.     <\/p>\n","protected":false},"excerpt":{"rendered":"<p>Ce site utilise des cookies &#8211; de petits fichiers texte qui sont plac\u00e9s sur votre machine pour aider le site \u00e0 offrir une meilleure exp\u00e9rience \u00e0 l&rsquo;utilisateur. En g\u00e9n\u00e9ral, les cookies sont utilis\u00e9s pour conserver les pr\u00e9f\u00e9rences de l&rsquo;utilisateur, stocker des informations pour des \u00e9l\u00e9ments tels que les paniers d&rsquo;achat et fournir des donn\u00e9es de [&hellip;]<\/p>\n","protected":false},"author":5,"featured_media":0,"parent":0,"menu_order":0,"comment_status":"closed","ping_status":"closed","template":"","meta":{"_acf_changed":false,"_themeisle_gutenberg_block_has_review":false,"footnotes":""},"class_list":["post-6698","page","type-page","status-publish","hentry"],"acf":[],"yoast_head":"<!-- This site is optimized with the Yoast SEO plugin v27.2 - https:\/\/yoast.com\/product\/yoast-seo-wordpress\/ -->\n<title>Politique en mati\u00e8re de cookies - Phoenix-micron<\/title>\n<meta name=\"robots\" content=\"index, follow, max-snippet:-1, max-image-preview:large, max-video-preview:-1\" \/>\n<link rel=\"canonical\" href=\"https:\/\/phoenixmicron.com\/fr\/politique-en-matiere-de-cookies\/\" \/>\n<meta property=\"og:locale\" content=\"fr_FR\" \/>\n<meta property=\"og:type\" content=\"article\" \/>\n<meta property=\"og:title\" content=\"Politique en mati\u00e8re de cookies - Phoenix-micron\" \/>\n<meta property=\"og:description\" content=\"Ce site utilise des cookies &#8211; de petits fichiers texte qui sont plac\u00e9s sur votre machine pour aider le site \u00e0 offrir une meilleure exp\u00e9rience \u00e0 l&rsquo;utilisateur. En g\u00e9n\u00e9ral, les cookies sont utilis\u00e9s pour conserver les pr\u00e9f\u00e9rences de l&rsquo;utilisateur, stocker des informations pour des \u00e9l\u00e9ments tels que les paniers d&rsquo;achat et fournir des donn\u00e9es de [&hellip;]\" \/>\n<meta property=\"og:url\" content=\"https:\/\/phoenixmicron.com\/fr\/politique-en-matiere-de-cookies\/\" \/>\n<meta property=\"og:site_name\" content=\"Phoenix-micron\" \/>\n<meta property=\"article:modified_time\" content=\"2025-10-09T09:10:55+00:00\" \/>\n<meta name=\"twitter:card\" content=\"summary_large_image\" \/>\n<meta name=\"twitter:label1\" content=\"Dur\u00e9e de lecture estim\u00e9e\" \/>\n\t<meta name=\"twitter:data1\" content=\"1 minute\" \/>\n<script type=\"application\/ld+json\" class=\"yoast-schema-graph\">{\"@context\":\"https:\/\/schema.org\",\"@graph\":[{\"@type\":\"WebPage\",\"@id\":\"https:\/\/phoenixmicron.com\/fr\/politique-en-matiere-de-cookies\/\",\"url\":\"https:\/\/phoenixmicron.com\/fr\/politique-en-matiere-de-cookies\/\",\"name\":\"Politique en mati\u00e8re de cookies - Phoenix-micron\",\"isPartOf\":{\"@id\":\"https:\/\/phoenixmicron.com\/fr\/#website\"},\"datePublished\":\"2019-05-17T20:59:12+00:00\",\"dateModified\":\"2025-10-09T09:10:55+00:00\",\"breadcrumb\":{\"@id\":\"https:\/\/phoenixmicron.com\/fr\/politique-en-matiere-de-cookies\/#breadcrumb\"},\"inLanguage\":\"fr-FR\",\"potentialAction\":[{\"@type\":\"ReadAction\",\"target\":[\"https:\/\/phoenixmicron.com\/fr\/politique-en-matiere-de-cookies\/\"]}]},{\"@type\":\"BreadcrumbList\",\"@id\":\"https:\/\/phoenixmicron.com\/fr\/politique-en-matiere-de-cookies\/#breadcrumb\",\"itemListElement\":[{\"@type\":\"ListItem\",\"position\":1,\"name\":\"Home\",\"item\":\"https:\/\/phoenixmicron.com\/fr\/phoenix-micron\/\"},{\"@type\":\"ListItem\",\"position\":2,\"name\":\"Politique en mati\u00e8re de cookies\"}]},{\"@type\":\"WebSite\",\"@id\":\"https:\/\/phoenixmicron.com\/fr\/#website\",\"url\":\"https:\/\/phoenixmicron.com\/fr\/\",\"name\":\"Phoenix-micron\",\"description\":\"\",\"publisher\":{\"@id\":\"https:\/\/phoenixmicron.com\/fr\/#organization\"},\"potentialAction\":[{\"@type\":\"SearchAction\",\"target\":{\"@type\":\"EntryPoint\",\"urlTemplate\":\"https:\/\/phoenixmicron.com\/fr\/?s={search_term_string}\"},\"query-input\":{\"@type\":\"PropertyValueSpecification\",\"valueRequired\":true,\"valueName\":\"search_term_string\"}}],\"inLanguage\":\"fr-FR\"},{\"@type\":\"Organization\",\"@id\":\"https:\/\/phoenixmicron.com\/fr\/#organization\",\"name\":\"Phoenix-micron\",\"url\":\"https:\/\/phoenixmicron.com\/fr\/\",\"logo\":{\"@type\":\"ImageObject\",\"inLanguage\":\"fr-FR\",\"@id\":\"https:\/\/phoenixmicron.com\/fr\/#\/schema\/logo\/image\/\",\"url\":\"https:\/\/phoenixmicron.com\/wp-content\/uploads\/2019\/04\/faviconlogo.png\",\"contentUrl\":\"https:\/\/phoenixmicron.com\/wp-content\/uploads\/2019\/04\/faviconlogo.png\",\"width\":200,\"height\":200,\"caption\":\"Phoenix-micron\"},\"image\":{\"@id\":\"https:\/\/phoenixmicron.com\/fr\/#\/schema\/logo\/image\/\"}}]}<\/script>\n<!-- \/ Yoast SEO plugin. -->","yoast_head_json":{"title":"Politique en mati\u00e8re de cookies - Phoenix-micron","robots":{"index":"index","follow":"follow","max-snippet":"max-snippet:-1","max-image-preview":"max-image-preview:large","max-video-preview":"max-video-preview:-1"},"canonical":"https:\/\/phoenixmicron.com\/fr\/politique-en-matiere-de-cookies\/","og_locale":"fr_FR","og_type":"article","og_title":"Politique en mati\u00e8re de cookies - Phoenix-micron","og_description":"Ce site utilise des cookies &#8211; de petits fichiers texte qui sont plac\u00e9s sur votre machine pour aider le site \u00e0 offrir une meilleure exp\u00e9rience \u00e0 l&rsquo;utilisateur. En g\u00e9n\u00e9ral, les cookies sont utilis\u00e9s pour conserver les pr\u00e9f\u00e9rences de l&rsquo;utilisateur, stocker des informations pour des \u00e9l\u00e9ments tels que les paniers d&rsquo;achat et fournir des donn\u00e9es de [&hellip;]","og_url":"https:\/\/phoenixmicron.com\/fr\/politique-en-matiere-de-cookies\/","og_site_name":"Phoenix-micron","article_modified_time":"2025-10-09T09:10:55+00:00","twitter_card":"summary_large_image","twitter_misc":{"Dur\u00e9e de lecture estim\u00e9e":"1 minute"},"schema":{"@context":"https:\/\/schema.org","@graph":[{"@type":"WebPage","@id":"https:\/\/phoenixmicron.com\/fr\/politique-en-matiere-de-cookies\/","url":"https:\/\/phoenixmicron.com\/fr\/politique-en-matiere-de-cookies\/","name":"Politique en mati\u00e8re de cookies - Phoenix-micron","isPartOf":{"@id":"https:\/\/phoenixmicron.com\/fr\/#website"},"datePublished":"2019-05-17T20:59:12+00:00","dateModified":"2025-10-09T09:10:55+00:00","breadcrumb":{"@id":"https:\/\/phoenixmicron.com\/fr\/politique-en-matiere-de-cookies\/#breadcrumb"},"inLanguage":"fr-FR","potentialAction":[{"@type":"ReadAction","target":["https:\/\/phoenixmicron.com\/fr\/politique-en-matiere-de-cookies\/"]}]},{"@type":"BreadcrumbList","@id":"https:\/\/phoenixmicron.com\/fr\/politique-en-matiere-de-cookies\/#breadcrumb","itemListElement":[{"@type":"ListItem","position":1,"name":"Home","item":"https:\/\/phoenixmicron.com\/fr\/phoenix-micron\/"},{"@type":"ListItem","position":2,"name":"Politique en mati\u00e8re de cookies"}]},{"@type":"WebSite","@id":"https:\/\/phoenixmicron.com\/fr\/#website","url":"https:\/\/phoenixmicron.com\/fr\/","name":"Phoenix-micron","description":"","publisher":{"@id":"https:\/\/phoenixmicron.com\/fr\/#organization"},"potentialAction":[{"@type":"SearchAction","target":{"@type":"EntryPoint","urlTemplate":"https:\/\/phoenixmicron.com\/fr\/?s={search_term_string}"},"query-input":{"@type":"PropertyValueSpecification","valueRequired":true,"valueName":"search_term_string"}}],"inLanguage":"fr-FR"},{"@type":"Organization","@id":"https:\/\/phoenixmicron.com\/fr\/#organization","name":"Phoenix-micron","url":"https:\/\/phoenixmicron.com\/fr\/","logo":{"@type":"ImageObject","inLanguage":"fr-FR","@id":"https:\/\/phoenixmicron.com\/fr\/#\/schema\/logo\/image\/","url":"https:\/\/phoenixmicron.com\/wp-content\/uploads\/2019\/04\/faviconlogo.png","contentUrl":"https:\/\/phoenixmicron.com\/wp-content\/uploads\/2019\/04\/faviconlogo.png","width":200,"height":200,"caption":"Phoenix-micron"},"image":{"@id":"https:\/\/phoenixmicron.com\/fr\/#\/schema\/logo\/image\/"}}]}},"_links":{"self":[{"href":"https:\/\/phoenixmicron.com\/fr\/wp-json\/wp\/v2\/pages\/6698","targetHints":{"allow":["GET"]}}],"collection":[{"href":"https:\/\/phoenixmicron.com\/fr\/wp-json\/wp\/v2\/pages"}],"about":[{"href":"https:\/\/phoenixmicron.com\/fr\/wp-json\/wp\/v2\/types\/page"}],"author":[{"embeddable":true,"href":"https:\/\/phoenixmicron.com\/fr\/wp-json\/wp\/v2\/users\/5"}],"replies":[{"embeddable":true,"href":"https:\/\/phoenixmicron.com\/fr\/wp-json\/wp\/v2\/comments?post=6698"}],"version-history":[{"count":0,"href":"https:\/\/phoenixmicron.com\/fr\/wp-json\/wp\/v2\/pages\/6698\/revisions"}],"wp:attachment":[{"href":"https:\/\/phoenixmicron.com\/fr\/wp-json\/wp\/v2\/media?parent=6698"}],"curies":[{"name":"wp","href":"https:\/\/api.w.org\/{rel}","templated":true}]}}