{"id":6572,"date":"2024-08-19T18:26:24","date_gmt":"2024-08-19T18:26:24","guid":{"rendered":"https:\/\/phoenixmicrdev.wpengine.com\/mois-de-la-sante-et-de-la-securite-oculaires-des-enfants\/"},"modified":"2025-10-09T09:11:25","modified_gmt":"2025-10-09T09:11:25","slug":"mois-de-la-sante-et-de-la-securite-oculaires-des-enfants","status":"publish","type":"page","link":"https:\/\/phoenixmicron.com\/fr\/mois-de-la-sante-et-de-la-securite-oculaires-des-enfants\/","title":{"rendered":"Mois de la sant\u00e9 et de la s\u00e9curit\u00e9 oculaires des enfants"},"content":{"rendered":"<p>Le mois d&rsquo;ao\u00fbt est le mois de la sant\u00e9 et de la s\u00e9curit\u00e9 oculaires des enfants. Cette initiative, men\u00e9e par <g id=\"gid_0\">Prevent Blindness,<\/g> vise \u00e0 sensibiliser les parents, les soignants, les professionnels et les d\u00e9cideurs politiques \u00e0 l&rsquo;impact critique de la vision et de la sant\u00e9 oculaire sur le d\u00e9veloppement, l&rsquo;apprentissage et les interactions sociales de l&rsquo;enfant. Ils fournissent \u00e9galement des conseils sur l&rsquo;acc\u00e8s aux soins oculaires et encouragent le plaidoyer en faveur d&rsquo;un financement f\u00e9d\u00e9ral pour soutenir les programmes de sant\u00e9 oculaire des enfants au niveau de l&rsquo;\u00c9tat et de la communaut\u00e9.  <\/p>\n<p><a href=\"https:\/\/phoenixmicron.com\/childrens-eye-health-safety-month\/childrens-eye-health-and-safety-month\/\" rel=\"attachment wp-att-5602\"><img decoding=\"async\" class=\"aligncenter size-large wp-image-5602 lazyload\" data-src=\"https:\/\/phoenixmicron.com\/wp-content\/uploads\/2024\/08\/Childrens-Eye-health-and-safety-month-1024x1024.png\" alt=\"Mois de la sant\u00e9 et de la s\u00e9curit\u00e9 oculaires des enfants\" width=\"640\" height=\"640\" src=\"data:image\/svg+xml;base64,PHN2ZyB3aWR0aD0iMSIgaGVpZ2h0PSIxIiB4bWxucz0iaHR0cDovL3d3dy53My5vcmcvMjAwMC9zdmciPjwvc3ZnPg==\" style=\"--smush-placeholder-width: 640px; --smush-placeholder-aspect-ratio: 640\/640;\"><\/a><\/p>\n<p>&nbsp;<\/p>\n<p>En plus de fournir des conseils sur les ressources disponibles, Prevent Blindness a \u00e9galement lanc\u00e9 r\u00e9cemment le nouveau \u00a0\u00bb Programme d&rsquo;\u00e9ducation et de soutien sur la r\u00e9tinopathie du pr\u00e9matur\u00e9 \u00ab\u00a0.<strong><br \/>\n  <a href=\"https:\/\/preventblindness.org\/retinopathy-of-prematurity-rop\">Programme d&rsquo;\u00e9ducation et de soutien sur la r\u00e9tinopathie du pr\u00e9matur\u00e9 (RDP)<\/a><br \/>\n<\/strong>dans le cadre de la toute premi\u00e8re semaine de sensibilisation \u00e0 la RDP.<\/p>\n<p>Pour en savoir plus sur le mois de la sant\u00e9 et de la s\u00e9curit\u00e9 oculaires des enfants, <a href=\"https:\/\/preventblindness.org\/2024-childrens-vision-month\/\">cliquez ici.<\/a><\/p>\n","protected":false},"excerpt":{"rendered":"<p>Le mois d&rsquo;ao\u00fbt est le mois de la sant\u00e9 et de la s\u00e9curit\u00e9 oculaires des enfants. Cette initiative, men\u00e9e par Prevent Blindness, vise \u00e0 sensibiliser les parents, les soignants, les professionnels et les d\u00e9cideurs politiques \u00e0 l&rsquo;impact critique de la vision et de la sant\u00e9 oculaire sur le d\u00e9veloppement, l&rsquo;apprentissage et les interactions sociales de [&hellip;]<\/p>\n","protected":false},"author":7,"featured_media":0,"parent":0,"menu_order":0,"comment_status":"closed","ping_status":"closed","template":"","meta":{"_acf_changed":false,"_themeisle_gutenberg_block_has_review":false,"footnotes":""},"class_list":["post-6572","page","type-page","status-publish","hentry"],"acf":[],"yoast_head":"<!-- This site is optimized with the Yoast SEO plugin v27.2 - https:\/\/yoast.com\/product\/yoast-seo-wordpress\/ -->\n<title>Mois de la sant\u00e9 et de la s\u00e9curit\u00e9 oculaires des enfants - Phoenix-micron<\/title>\n<meta name=\"robots\" content=\"index, follow, max-snippet:-1, max-image-preview:large, max-video-preview:-1\" \/>\n<link rel=\"canonical\" href=\"https:\/\/phoenixmicron.com\/fr\/mois-de-la-sante-et-de-la-securite-oculaires-des-enfants\/\" \/>\n<meta property=\"og:locale\" content=\"fr_FR\" \/>\n<meta property=\"og:type\" content=\"article\" \/>\n<meta property=\"og:title\" content=\"Mois de la sant\u00e9 et de la s\u00e9curit\u00e9 oculaires des enfants - Phoenix-micron\" \/>\n<meta property=\"og:description\" content=\"Le mois d&rsquo;ao\u00fbt est le mois de la sant\u00e9 et de la s\u00e9curit\u00e9 oculaires des enfants. Cette initiative, men\u00e9e par Prevent Blindness, vise \u00e0 sensibiliser les parents, les soignants, les professionnels et les d\u00e9cideurs politiques \u00e0 l&rsquo;impact critique de la vision et de la sant\u00e9 oculaire sur le d\u00e9veloppement, l&rsquo;apprentissage et les interactions sociales de [&hellip;]\" \/>\n<meta property=\"og:url\" content=\"https:\/\/phoenixmicron.com\/fr\/mois-de-la-sante-et-de-la-securite-oculaires-des-enfants\/\" \/>\n<meta property=\"og:site_name\" content=\"Phoenix-micron\" \/>\n<meta property=\"article:modified_time\" content=\"2025-10-09T09:11:25+00:00\" \/>\n<meta name=\"twitter:card\" content=\"summary_large_image\" \/>\n<meta name=\"twitter:label1\" content=\"Dur\u00e9e de lecture estim\u00e9e\" \/>\n\t<meta name=\"twitter:data1\" content=\"1 minute\" \/>\n<script type=\"application\/ld+json\" class=\"yoast-schema-graph\">{\"@context\":\"https:\/\/schema.org\",\"@graph\":[{\"@type\":\"WebPage\",\"@id\":\"https:\/\/phoenixmicron.com\/fr\/mois-de-la-sante-et-de-la-securite-oculaires-des-enfants\/\",\"url\":\"https:\/\/phoenixmicron.com\/fr\/mois-de-la-sante-et-de-la-securite-oculaires-des-enfants\/\",\"name\":\"Mois de la sant\u00e9 et de la s\u00e9curit\u00e9 oculaires des enfants - Phoenix-micron\",\"isPartOf\":{\"@id\":\"https:\/\/phoenixmicron.com\/fr\/#website\"},\"primaryImageOfPage\":{\"@id\":\"https:\/\/phoenixmicron.com\/fr\/mois-de-la-sante-et-de-la-securite-oculaires-des-enfants\/#primaryimage\"},\"image\":{\"@id\":\"https:\/\/phoenixmicron.com\/fr\/mois-de-la-sante-et-de-la-securite-oculaires-des-enfants\/#primaryimage\"},\"thumbnailUrl\":\"https:\/\/phoenixmicron.com\/wp-content\/uploads\/2024\/08\/Childrens-Eye-health-and-safety-month-1024x1024.png\",\"datePublished\":\"2024-08-19T18:26:24+00:00\",\"dateModified\":\"2025-10-09T09:11:25+00:00\",\"breadcrumb\":{\"@id\":\"https:\/\/phoenixmicron.com\/fr\/mois-de-la-sante-et-de-la-securite-oculaires-des-enfants\/#breadcrumb\"},\"inLanguage\":\"fr-FR\",\"potentialAction\":[{\"@type\":\"ReadAction\",\"target\":[\"https:\/\/phoenixmicron.com\/fr\/mois-de-la-sante-et-de-la-securite-oculaires-des-enfants\/\"]}]},{\"@type\":\"ImageObject\",\"inLanguage\":\"fr-FR\",\"@id\":\"https:\/\/phoenixmicron.com\/fr\/mois-de-la-sante-et-de-la-securite-oculaires-des-enfants\/#primaryimage\",\"url\":\"https:\/\/phoenixmicron.com\/wp-content\/uploads\/2024\/08\/Childrens-Eye-health-and-safety-month-1024x1024.png\",\"contentUrl\":\"https:\/\/phoenixmicron.com\/wp-content\/uploads\/2024\/08\/Childrens-Eye-health-and-safety-month-1024x1024.png\"},{\"@type\":\"BreadcrumbList\",\"@id\":\"https:\/\/phoenixmicron.com\/fr\/mois-de-la-sante-et-de-la-securite-oculaires-des-enfants\/#breadcrumb\",\"itemListElement\":[{\"@type\":\"ListItem\",\"position\":1,\"name\":\"Home\",\"item\":\"https:\/\/phoenixmicron.com\/fr\/phoenix-micron\/\"},{\"@type\":\"ListItem\",\"position\":2,\"name\":\"Mois de la sant\u00e9 et de la s\u00e9curit\u00e9 oculaires des enfants\"}]},{\"@type\":\"WebSite\",\"@id\":\"https:\/\/phoenixmicron.com\/fr\/#website\",\"url\":\"https:\/\/phoenixmicron.com\/fr\/\",\"name\":\"Phoenix-micron\",\"description\":\"\",\"publisher\":{\"@id\":\"https:\/\/phoenixmicron.com\/fr\/#organization\"},\"potentialAction\":[{\"@type\":\"SearchAction\",\"target\":{\"@type\":\"EntryPoint\",\"urlTemplate\":\"https:\/\/phoenixmicron.com\/fr\/?s={search_term_string}\"},\"query-input\":{\"@type\":\"PropertyValueSpecification\",\"valueRequired\":true,\"valueName\":\"search_term_string\"}}],\"inLanguage\":\"fr-FR\"},{\"@type\":\"Organization\",\"@id\":\"https:\/\/phoenixmicron.com\/fr\/#organization\",\"name\":\"Phoenix-micron\",\"url\":\"https:\/\/phoenixmicron.com\/fr\/\",\"logo\":{\"@type\":\"ImageObject\",\"inLanguage\":\"fr-FR\",\"@id\":\"https:\/\/phoenixmicron.com\/fr\/#\/schema\/logo\/image\/\",\"url\":\"https:\/\/phoenixmicron.com\/wp-content\/uploads\/2019\/04\/faviconlogo.png\",\"contentUrl\":\"https:\/\/phoenixmicron.com\/wp-content\/uploads\/2019\/04\/faviconlogo.png\",\"width\":200,\"height\":200,\"caption\":\"Phoenix-micron\"},\"image\":{\"@id\":\"https:\/\/phoenixmicron.com\/fr\/#\/schema\/logo\/image\/\"}}]}<\/script>\n<!-- \/ Yoast SEO plugin. -->","yoast_head_json":{"title":"Mois de la sant\u00e9 et de la s\u00e9curit\u00e9 oculaires des enfants - Phoenix-micron","robots":{"index":"index","follow":"follow","max-snippet":"max-snippet:-1","max-image-preview":"max-image-preview:large","max-video-preview":"max-video-preview:-1"},"canonical":"https:\/\/phoenixmicron.com\/fr\/mois-de-la-sante-et-de-la-securite-oculaires-des-enfants\/","og_locale":"fr_FR","og_type":"article","og_title":"Mois de la sant\u00e9 et de la s\u00e9curit\u00e9 oculaires des enfants - Phoenix-micron","og_description":"Le mois d&rsquo;ao\u00fbt est le mois de la sant\u00e9 et de la s\u00e9curit\u00e9 oculaires des enfants. Cette initiative, men\u00e9e par Prevent Blindness, vise \u00e0 sensibiliser les parents, les soignants, les professionnels et les d\u00e9cideurs politiques \u00e0 l&rsquo;impact critique de la vision et de la sant\u00e9 oculaire sur le d\u00e9veloppement, l&rsquo;apprentissage et les interactions sociales de [&hellip;]","og_url":"https:\/\/phoenixmicron.com\/fr\/mois-de-la-sante-et-de-la-securite-oculaires-des-enfants\/","og_site_name":"Phoenix-micron","article_modified_time":"2025-10-09T09:11:25+00:00","twitter_card":"summary_large_image","twitter_misc":{"Dur\u00e9e de lecture estim\u00e9e":"1 minute"},"schema":{"@context":"https:\/\/schema.org","@graph":[{"@type":"WebPage","@id":"https:\/\/phoenixmicron.com\/fr\/mois-de-la-sante-et-de-la-securite-oculaires-des-enfants\/","url":"https:\/\/phoenixmicron.com\/fr\/mois-de-la-sante-et-de-la-securite-oculaires-des-enfants\/","name":"Mois de la sant\u00e9 et de la s\u00e9curit\u00e9 oculaires des enfants - Phoenix-micron","isPartOf":{"@id":"https:\/\/phoenixmicron.com\/fr\/#website"},"primaryImageOfPage":{"@id":"https:\/\/phoenixmicron.com\/fr\/mois-de-la-sante-et-de-la-securite-oculaires-des-enfants\/#primaryimage"},"image":{"@id":"https:\/\/phoenixmicron.com\/fr\/mois-de-la-sante-et-de-la-securite-oculaires-des-enfants\/#primaryimage"},"thumbnailUrl":"https:\/\/phoenixmicron.com\/wp-content\/uploads\/2024\/08\/Childrens-Eye-health-and-safety-month-1024x1024.png","datePublished":"2024-08-19T18:26:24+00:00","dateModified":"2025-10-09T09:11:25+00:00","breadcrumb":{"@id":"https:\/\/phoenixmicron.com\/fr\/mois-de-la-sante-et-de-la-securite-oculaires-des-enfants\/#breadcrumb"},"inLanguage":"fr-FR","potentialAction":[{"@type":"ReadAction","target":["https:\/\/phoenixmicron.com\/fr\/mois-de-la-sante-et-de-la-securite-oculaires-des-enfants\/"]}]},{"@type":"ImageObject","inLanguage":"fr-FR","@id":"https:\/\/phoenixmicron.com\/fr\/mois-de-la-sante-et-de-la-securite-oculaires-des-enfants\/#primaryimage","url":"https:\/\/phoenixmicron.com\/wp-content\/uploads\/2024\/08\/Childrens-Eye-health-and-safety-month-1024x1024.png","contentUrl":"https:\/\/phoenixmicron.com\/wp-content\/uploads\/2024\/08\/Childrens-Eye-health-and-safety-month-1024x1024.png"},{"@type":"BreadcrumbList","@id":"https:\/\/phoenixmicron.com\/fr\/mois-de-la-sante-et-de-la-securite-oculaires-des-enfants\/#breadcrumb","itemListElement":[{"@type":"ListItem","position":1,"name":"Home","item":"https:\/\/phoenixmicron.com\/fr\/phoenix-micron\/"},{"@type":"ListItem","position":2,"name":"Mois de la sant\u00e9 et de la s\u00e9curit\u00e9 oculaires des enfants"}]},{"@type":"WebSite","@id":"https:\/\/phoenixmicron.com\/fr\/#website","url":"https:\/\/phoenixmicron.com\/fr\/","name":"Phoenix-micron","description":"","publisher":{"@id":"https:\/\/phoenixmicron.com\/fr\/#organization"},"potentialAction":[{"@type":"SearchAction","target":{"@type":"EntryPoint","urlTemplate":"https:\/\/phoenixmicron.com\/fr\/?s={search_term_string}"},"query-input":{"@type":"PropertyValueSpecification","valueRequired":true,"valueName":"search_term_string"}}],"inLanguage":"fr-FR"},{"@type":"Organization","@id":"https:\/\/phoenixmicron.com\/fr\/#organization","name":"Phoenix-micron","url":"https:\/\/phoenixmicron.com\/fr\/","logo":{"@type":"ImageObject","inLanguage":"fr-FR","@id":"https:\/\/phoenixmicron.com\/fr\/#\/schema\/logo\/image\/","url":"https:\/\/phoenixmicron.com\/wp-content\/uploads\/2019\/04\/faviconlogo.png","contentUrl":"https:\/\/phoenixmicron.com\/wp-content\/uploads\/2019\/04\/faviconlogo.png","width":200,"height":200,"caption":"Phoenix-micron"},"image":{"@id":"https:\/\/phoenixmicron.com\/fr\/#\/schema\/logo\/image\/"}}]}},"_links":{"self":[{"href":"https:\/\/phoenixmicron.com\/fr\/wp-json\/wp\/v2\/pages\/6572","targetHints":{"allow":["GET"]}}],"collection":[{"href":"https:\/\/phoenixmicron.com\/fr\/wp-json\/wp\/v2\/pages"}],"about":[{"href":"https:\/\/phoenixmicron.com\/fr\/wp-json\/wp\/v2\/types\/page"}],"author":[{"embeddable":true,"href":"https:\/\/phoenixmicron.com\/fr\/wp-json\/wp\/v2\/users\/7"}],"replies":[{"embeddable":true,"href":"https:\/\/phoenixmicron.com\/fr\/wp-json\/wp\/v2\/comments?post=6572"}],"version-history":[{"count":0,"href":"https:\/\/phoenixmicron.com\/fr\/wp-json\/wp\/v2\/pages\/6572\/revisions"}],"wp:attachment":[{"href":"https:\/\/phoenixmicron.com\/fr\/wp-json\/wp\/v2\/media?parent=6572"}],"curies":[{"name":"wp","href":"https:\/\/api.w.org\/{rel}","templated":true}]}}