{"id":8834,"date":"2025-12-17T09:08:17","date_gmt":"2025-12-17T09:08:17","guid":{"rendered":"https:\/\/phoenixmicrdev.wpengine.com\/phoenix-micron\/laser-guiado-por-imagen-2\/"},"modified":"2026-04-13T16:17:04","modified_gmt":"2026-04-13T16:17:04","slug":"laser-guiado-por-imagen-2","status":"publish","type":"page","link":"https:\/\/phoenixmicron.com\/es\/phoenix-micron\/laser-guiado-por-imagen-2\/","title":{"rendered":"L\u00e1ser guiado por imagen"},"content":{"rendered":"\n<h1>\n\t\t\tDos opciones de l\u00e1ser, conectadas a la misma plataforma de im\u00e1genes l\u00edder del mercado\t<\/h1>\n\t<p>\u00bfQu\u00e9 l\u00e1ser MICRON es el adecuado para ti?<\/p>\n\t<p>Los sistemas l\u00e1ser MICRON<sup>\u00ae<\/sup> guiados por im\u00e1genes est\u00e1n dise\u00f1ados para ofrecer precisi\u00f3n, repetibilidad y facilidad de uso. Cada Sistema L\u00e1ser MICRON equipa a los investigadores para crear modelos de lesiones retinianas espec\u00edficas con confianza. Elige la longitud de onda que se ajuste a tus objetivos de investigaci\u00f3n.  <\/p>\n\t<p><a href=\"https:\/\/phoenixmicron.com\/es\/?page_id=7860\" rel=\"noopener\">art\u00edculos<\/a> | <a href=\"https:\/\/phoenixmicron.com\/es\/phoenix-micron\/sistema-cnv-2\/\">sistema CNV<\/a> | <a href=\"https:\/\/phoenixmicron.com\/es\/phoenix-micron\/sistema-de-atrofia-geografica\/\">sistema GA<\/a><\/p>\n\t<p><em>Haz clic en la imagen para ampliarla \u00ab<\/em><\/p>\n<figure itemscope itemtype=\"https:\/\/schema.org\/ImageObject\">\n\t\t\t\t<img decoding=\"async\" data-src=\"https:\/\/phoenixmicron.com\/wp-content\/uploads\/2025\/12\/CNV_532_System.png\" alt=\"CNV_532_Sistema\" height=\"2145\" width=\"2415\" title=\"CNV_532_Sistema\" onerror=\"this.style.display='none'\" src=\"data:image\/svg+xml;base64,PHN2ZyB3aWR0aD0iMSIgaGVpZ2h0PSIxIiB4bWxucz0iaHR0cDovL3d3dy53My5vcmcvMjAwMC9zdmciPjwvc3ZnPg==\" class=\"lazyload\" style=\"--smush-placeholder-width: 2415px; --smush-placeholder-aspect-ratio: 2415\/2145;\" \/>\n\t<\/figure>\n\t<p><em>Haz clic en la imagen para ampliarla \u00ab<\/em><\/p>\n<h2>\n\t\t\tMICRON<sup>\u00ae<\/sup> Image-Guided 532 nm Laser\t<\/h2>\n\t<p><strong>Crear neovascularizaci\u00f3n coroidea (NVC) y oclusi\u00f3n venosa retiniana (OVR)<\/strong><\/p>\n<p>El sistema MICRON<sup>\u00ae<\/sup> de 532 nm produce una fotocoagulaci\u00f3n l\u00e1ser precisa y f\u00e1cil de administrar que se utiliza para generar <g id=\"gid_1\">neovascularizaci\u00f3n coroidea (NVC)<\/g><g id=\"gid_2\"> y <\/g><g id=\"gid_3\">oclusi\u00f3n venosa retiniana (OVR)<\/g><g id=\"gid_4\"> modelos. Su dise\u00f1o de f\u00e1cil manejo permite al personal t\u00e9cnico controlar de forma fiable la <\/g><g id=\"gid_5\">localizaci\u00f3n<\/g><g id=\"gid_6\">, <\/g><g id=\"gid_7\">el tama\u00f1o<\/g><g id=\"gid_8\">e <\/g><g id=\"gid_9\">intensidad<\/g><g id=\"gid_10\"> de la lesi\u00f3n l\u00e1ser.<\/g> <\/p>\n<ul>\n<li>M\u00e9todo probado y validado para la creaci\u00f3n de NVC en m\u00faltiples estudios publicados<\/li>\n<li>Permite resultados coherentes y repetibles en la investigaci\u00f3n precl\u00ednica<\/li>\n<li>Dise\u00f1ado para ser utilizado tanto por investigadores como por personal t\u00e9cnico<\/li>\n<li>Adecuado para modelos de roedores<\/li>\n<\/ul>\n\t\t\t<a href=\"https:\/\/phoenixmicron.com\/es\/phoenix-micron\/sistema-cnv-2\/\"  target=\"_self\">\n\t\t\t\t\t\t\tSABER M\u00c1S\n\t\t\t\t\t<\/a>\n<h2>\n\t\t\tMICRON<sup>\u00ae<\/sup> Image-Guided 810 nm Laser\t<\/h2>\n\t<p><strong>Generar Atrofia Geogr\u00e1fica (AG) sin procedimientos invasivos<\/strong><\/p>\n<p>El sistema l\u00e1ser MICRON<sup>\u00ae<\/sup> de 810 nm permite una fotocoagulaci\u00f3n l\u00e1ser sencilla para inducir un modelo de atrofia geogr\u00e1fica progresiva (AG) en ratones, sin sin necesidad de inyecciones subretinianas.<\/p>\n<ul>\n<li aria-level=\"1\">Las im\u00e1genes integradas permiten la captura antes y despu\u00e9s del tratamiento de im\u00e1genes y v\u00eddeos de alta resoluci\u00f3n<\/li>\n<li aria-level=\"1\">Facilita el seguimiento longitudinal de la degeneraci\u00f3n retiniana en estudios de AG<\/li>\n<li aria-level=\"1\">Evita las complicaciones quir\u00fargicas de los modelos de inyecci\u00f3n subretiniana<\/li>\n<li aria-level=\"1\">Ideal para el modelado no quir\u00fargico de la degeneraci\u00f3n retiniana<\/li>\n<\/ul>\n\t\t\t<a href=\"https:\/\/phoenixmicron.com\/es\/phoenix-micron\/sistema-de-atrofia-geografica\/\"  target=\"_self\">\n\t\t\t\t\t\t\tSABER M\u00c1S\n\t\t\t\t\t<\/a>\n<figure itemscope itemtype=\"https:\/\/schema.org\/ImageObject\">\n\t\t\t\t<img decoding=\"async\" data-src=\"https:\/\/phoenixmicron.com\/wp-content\/uploads\/2025\/12\/GA_810_M5-1-scaled.png\" alt=\"GA_810_M5 (1)\" height=\"1931\" width=\"2560\" title=\"GA_810_M5 (1)\" onerror=\"this.style.display='none'\" src=\"data:image\/svg+xml;base64,PHN2ZyB3aWR0aD0iMSIgaGVpZ2h0PSIxIiB4bWxucz0iaHR0cDovL3d3dy53My5vcmcvMjAwMC9zdmciPjwvc3ZnPg==\" class=\"lazyload\" style=\"--smush-placeholder-width: 2560px; --smush-placeholder-aspect-ratio: 2560\/1931;\" \/>\n\t<\/figure>\n\t<p><em>Haz clic en la imagen para ampliarla \u00ab<\/em><\/p>\n\n","protected":false},"excerpt":{"rendered":"<p>Dos opciones de l\u00e1ser, conectadas a la misma plataforma de im\u00e1genes l\u00edder del mercado \u00bfQu\u00e9 l\u00e1ser MICRON es el adecuado para ti? Los sistemas l\u00e1ser MICRON\u00ae guiados por im\u00e1genes est\u00e1n dise\u00f1ados para ofrecer precisi\u00f3n, repetibilidad y facilidad de uso. Cada Sistema L\u00e1ser MICRON equipa a los investigadores para crear modelos de lesiones retinianas espec\u00edficas con [&hellip;]<\/p>\n","protected":false},"author":1,"featured_media":0,"parent":6198,"menu_order":0,"comment_status":"closed","ping_status":"closed","template":"page-full-width.php","meta":{"_acf_changed":false,"_themeisle_gutenberg_block_has_review":false,"footnotes":""},"class_list":["post-8834","page","type-page","status-publish","hentry"],"acf":[],"yoast_head":"<!-- This site is optimized with the Yoast SEO plugin v27.2 - https:\/\/yoast.com\/product\/yoast-seo-wordpress\/ -->\n<title>L\u00e1ser guiado por imagen - Phoenix-micron<\/title>\n<meta name=\"description\" content=\"El l\u00e1ser guiado por imagen Phoenix MICRON, de f\u00e1cil manejo, es una parte esencial del Sistema Phoenix de Neovascularizaci\u00f3n Coroidea (NVC).\" \/>\n<meta name=\"robots\" content=\"index, follow, max-snippet:-1, max-image-preview:large, max-video-preview:-1\" \/>\n<link rel=\"canonical\" href=\"https:\/\/phoenixmicron.com\/es\/phoenix-micron\/laser-guiado-por-imagen-2\/\" \/>\n<meta property=\"og:locale\" content=\"es_ES\" \/>\n<meta property=\"og:type\" content=\"article\" \/>\n<meta property=\"og:title\" content=\"L\u00e1ser guiado por imagen - Phoenix-micron\" \/>\n<meta property=\"og:description\" content=\"El l\u00e1ser guiado por imagen Phoenix MICRON, de f\u00e1cil manejo, es una parte esencial del Sistema Phoenix de Neovascularizaci\u00f3n Coroidea (NVC).\" \/>\n<meta property=\"og:url\" content=\"https:\/\/phoenixmicron.com\/es\/phoenix-micron\/laser-guiado-por-imagen-2\/\" \/>\n<meta property=\"og:site_name\" content=\"Phoenix-micron\" \/>\n<meta property=\"article:modified_time\" content=\"2026-04-13T16:17:04+00:00\" \/>\n<meta property=\"og:image\" content=\"https:\/\/phoenixmicron.com\/wp-content\/uploads\/2025\/12\/CNV_532_System.png\" \/>\n<meta name=\"twitter:card\" content=\"summary_large_image\" \/>\n<meta name=\"twitter:label1\" content=\"Tiempo de lectura\" \/>\n\t<meta name=\"twitter:data1\" content=\"2 minutos\" \/>\n<script type=\"application\/ld+json\" class=\"yoast-schema-graph\">{\"@context\":\"https:\/\/schema.org\",\"@graph\":[{\"@type\":\"WebPage\",\"@id\":\"https:\/\/phoenixmicron.com\/es\/phoenix-micron\/laser-guiado-por-imagen-2\/\",\"url\":\"https:\/\/phoenixmicron.com\/es\/phoenix-micron\/laser-guiado-por-imagen-2\/\",\"name\":\"L\u00e1ser guiado por imagen - Phoenix-micron\",\"isPartOf\":{\"@id\":\"https:\/\/phoenixmicron.com\/es\/#website\"},\"primaryImageOfPage\":{\"@id\":\"https:\/\/phoenixmicron.com\/es\/phoenix-micron\/laser-guiado-por-imagen-2\/#primaryimage\"},\"image\":{\"@id\":\"https:\/\/phoenixmicron.com\/es\/phoenix-micron\/laser-guiado-por-imagen-2\/#primaryimage\"},\"thumbnailUrl\":\"https:\/\/phoenixmicron.com\/wp-content\/uploads\/2025\/12\/CNV_532_System.png\",\"datePublished\":\"2025-12-17T09:08:17+00:00\",\"dateModified\":\"2026-04-13T16:17:04+00:00\",\"description\":\"El l\u00e1ser guiado por imagen Phoenix MICRON, de f\u00e1cil manejo, es una parte esencial del Sistema Phoenix de Neovascularizaci\u00f3n Coroidea (NVC).\",\"breadcrumb\":{\"@id\":\"https:\/\/phoenixmicron.com\/es\/phoenix-micron\/laser-guiado-por-imagen-2\/#breadcrumb\"},\"inLanguage\":\"es\",\"potentialAction\":[{\"@type\":\"ReadAction\",\"target\":[\"https:\/\/phoenixmicron.com\/es\/phoenix-micron\/laser-guiado-por-imagen-2\/\"]}]},{\"@type\":\"ImageObject\",\"inLanguage\":\"es\",\"@id\":\"https:\/\/phoenixmicron.com\/es\/phoenix-micron\/laser-guiado-por-imagen-2\/#primaryimage\",\"url\":\"https:\/\/phoenixmicron.com\/wp-content\/uploads\/2025\/12\/CNV_532_System.png\",\"contentUrl\":\"https:\/\/phoenixmicron.com\/wp-content\/uploads\/2025\/12\/CNV_532_System.png\"},{\"@type\":\"BreadcrumbList\",\"@id\":\"https:\/\/phoenixmicron.com\/es\/phoenix-micron\/laser-guiado-por-imagen-2\/#breadcrumb\",\"itemListElement\":[{\"@type\":\"ListItem\",\"position\":1,\"name\":\"Home\",\"item\":\"https:\/\/phoenixmicron.com\/es\/phoenix-micron\/\"},{\"@type\":\"ListItem\",\"position\":2,\"name\":\"Phoenix MICRON\",\"item\":\"https:\/\/phoenixmicron.com\/es\/phoenix-micron\/\"},{\"@type\":\"ListItem\",\"position\":3,\"name\":\"L\u00e1ser guiado por imagen\"}]},{\"@type\":\"WebSite\",\"@id\":\"https:\/\/phoenixmicron.com\/es\/#website\",\"url\":\"https:\/\/phoenixmicron.com\/es\/\",\"name\":\"Phoenix-micron\",\"description\":\"\",\"publisher\":{\"@id\":\"https:\/\/phoenixmicron.com\/es\/#organization\"},\"potentialAction\":[{\"@type\":\"SearchAction\",\"target\":{\"@type\":\"EntryPoint\",\"urlTemplate\":\"https:\/\/phoenixmicron.com\/es\/?s={search_term_string}\"},\"query-input\":{\"@type\":\"PropertyValueSpecification\",\"valueRequired\":true,\"valueName\":\"search_term_string\"}}],\"inLanguage\":\"es\"},{\"@type\":\"Organization\",\"@id\":\"https:\/\/phoenixmicron.com\/es\/#organization\",\"name\":\"Phoenix-micron\",\"url\":\"https:\/\/phoenixmicron.com\/es\/\",\"logo\":{\"@type\":\"ImageObject\",\"inLanguage\":\"es\",\"@id\":\"https:\/\/phoenixmicron.com\/es\/#\/schema\/logo\/image\/\",\"url\":\"https:\/\/phoenixmicron.com\/wp-content\/uploads\/2019\/04\/faviconlogo.png\",\"contentUrl\":\"https:\/\/phoenixmicron.com\/wp-content\/uploads\/2019\/04\/faviconlogo.png\",\"width\":200,\"height\":200,\"caption\":\"Phoenix-micron\"},\"image\":{\"@id\":\"https:\/\/phoenixmicron.com\/es\/#\/schema\/logo\/image\/\"}}]}<\/script>\n<!-- \/ Yoast SEO plugin. -->","yoast_head_json":{"title":"L\u00e1ser guiado por imagen - Phoenix-micron","description":"El l\u00e1ser guiado por imagen Phoenix MICRON, de f\u00e1cil manejo, es una parte esencial del Sistema Phoenix de Neovascularizaci\u00f3n Coroidea (NVC).","robots":{"index":"index","follow":"follow","max-snippet":"max-snippet:-1","max-image-preview":"max-image-preview:large","max-video-preview":"max-video-preview:-1"},"canonical":"https:\/\/phoenixmicron.com\/es\/phoenix-micron\/laser-guiado-por-imagen-2\/","og_locale":"es_ES","og_type":"article","og_title":"L\u00e1ser guiado por imagen - Phoenix-micron","og_description":"El l\u00e1ser guiado por imagen Phoenix MICRON, de f\u00e1cil manejo, es una parte esencial del Sistema Phoenix de Neovascularizaci\u00f3n Coroidea (NVC).","og_url":"https:\/\/phoenixmicron.com\/es\/phoenix-micron\/laser-guiado-por-imagen-2\/","og_site_name":"Phoenix-micron","article_modified_time":"2026-04-13T16:17:04+00:00","og_image":[{"url":"https:\/\/phoenixmicron.com\/wp-content\/uploads\/2025\/12\/CNV_532_System.png","type":"","width":"","height":""}],"twitter_card":"summary_large_image","twitter_misc":{"Tiempo de lectura":"2 minutos"},"schema":{"@context":"https:\/\/schema.org","@graph":[{"@type":"WebPage","@id":"https:\/\/phoenixmicron.com\/es\/phoenix-micron\/laser-guiado-por-imagen-2\/","url":"https:\/\/phoenixmicron.com\/es\/phoenix-micron\/laser-guiado-por-imagen-2\/","name":"L\u00e1ser guiado por imagen - Phoenix-micron","isPartOf":{"@id":"https:\/\/phoenixmicron.com\/es\/#website"},"primaryImageOfPage":{"@id":"https:\/\/phoenixmicron.com\/es\/phoenix-micron\/laser-guiado-por-imagen-2\/#primaryimage"},"image":{"@id":"https:\/\/phoenixmicron.com\/es\/phoenix-micron\/laser-guiado-por-imagen-2\/#primaryimage"},"thumbnailUrl":"https:\/\/phoenixmicron.com\/wp-content\/uploads\/2025\/12\/CNV_532_System.png","datePublished":"2025-12-17T09:08:17+00:00","dateModified":"2026-04-13T16:17:04+00:00","description":"El l\u00e1ser guiado por imagen Phoenix MICRON, de f\u00e1cil manejo, es una parte esencial del Sistema Phoenix de Neovascularizaci\u00f3n Coroidea (NVC).","breadcrumb":{"@id":"https:\/\/phoenixmicron.com\/es\/phoenix-micron\/laser-guiado-por-imagen-2\/#breadcrumb"},"inLanguage":"es","potentialAction":[{"@type":"ReadAction","target":["https:\/\/phoenixmicron.com\/es\/phoenix-micron\/laser-guiado-por-imagen-2\/"]}]},{"@type":"ImageObject","inLanguage":"es","@id":"https:\/\/phoenixmicron.com\/es\/phoenix-micron\/laser-guiado-por-imagen-2\/#primaryimage","url":"https:\/\/phoenixmicron.com\/wp-content\/uploads\/2025\/12\/CNV_532_System.png","contentUrl":"https:\/\/phoenixmicron.com\/wp-content\/uploads\/2025\/12\/CNV_532_System.png"},{"@type":"BreadcrumbList","@id":"https:\/\/phoenixmicron.com\/es\/phoenix-micron\/laser-guiado-por-imagen-2\/#breadcrumb","itemListElement":[{"@type":"ListItem","position":1,"name":"Home","item":"https:\/\/phoenixmicron.com\/es\/phoenix-micron\/"},{"@type":"ListItem","position":2,"name":"Phoenix MICRON","item":"https:\/\/phoenixmicron.com\/es\/phoenix-micron\/"},{"@type":"ListItem","position":3,"name":"L\u00e1ser guiado por imagen"}]},{"@type":"WebSite","@id":"https:\/\/phoenixmicron.com\/es\/#website","url":"https:\/\/phoenixmicron.com\/es\/","name":"Phoenix-micron","description":"","publisher":{"@id":"https:\/\/phoenixmicron.com\/es\/#organization"},"potentialAction":[{"@type":"SearchAction","target":{"@type":"EntryPoint","urlTemplate":"https:\/\/phoenixmicron.com\/es\/?s={search_term_string}"},"query-input":{"@type":"PropertyValueSpecification","valueRequired":true,"valueName":"search_term_string"}}],"inLanguage":"es"},{"@type":"Organization","@id":"https:\/\/phoenixmicron.com\/es\/#organization","name":"Phoenix-micron","url":"https:\/\/phoenixmicron.com\/es\/","logo":{"@type":"ImageObject","inLanguage":"es","@id":"https:\/\/phoenixmicron.com\/es\/#\/schema\/logo\/image\/","url":"https:\/\/phoenixmicron.com\/wp-content\/uploads\/2019\/04\/faviconlogo.png","contentUrl":"https:\/\/phoenixmicron.com\/wp-content\/uploads\/2019\/04\/faviconlogo.png","width":200,"height":200,"caption":"Phoenix-micron"},"image":{"@id":"https:\/\/phoenixmicron.com\/es\/#\/schema\/logo\/image\/"}}]}},"_links":{"self":[{"href":"https:\/\/phoenixmicron.com\/es\/wp-json\/wp\/v2\/pages\/8834","targetHints":{"allow":["GET"]}}],"collection":[{"href":"https:\/\/phoenixmicron.com\/es\/wp-json\/wp\/v2\/pages"}],"about":[{"href":"https:\/\/phoenixmicron.com\/es\/wp-json\/wp\/v2\/types\/page"}],"author":[{"embeddable":true,"href":"https:\/\/phoenixmicron.com\/es\/wp-json\/wp\/v2\/users\/1"}],"replies":[{"embeddable":true,"href":"https:\/\/phoenixmicron.com\/es\/wp-json\/wp\/v2\/comments?post=8834"}],"version-history":[{"count":0,"href":"https:\/\/phoenixmicron.com\/es\/wp-json\/wp\/v2\/pages\/8834\/revisions"}],"up":[{"embeddable":true,"href":"https:\/\/phoenixmicron.com\/es\/wp-json\/wp\/v2\/pages\/6198"}],"wp:attachment":[{"href":"https:\/\/phoenixmicron.com\/es\/wp-json\/wp\/v2\/media?parent=8834"}],"curies":[{"name":"wp","href":"https:\/\/api.w.org\/{rel}","templated":true}]}}