{"id":8809,"date":"2025-10-27T21:26:52","date_gmt":"2025-10-27T21:26:52","guid":{"rendered":"https:\/\/phoenixmicrdev.wpengine.com\/estacion-de-revision-2\/"},"modified":"2026-04-13T08:34:51","modified_gmt":"2026-04-13T08:34:51","slug":"estacion-de-revision-2","status":"publish","type":"page","link":"https:\/\/phoenixmicron.com\/es\/estacion-de-revision-2\/","title":{"rendered":"Estaci\u00f3n de revisi\u00f3n"},"content":{"rendered":"\n<h1>\n\t\t\tMICRON<!--wpml-no-translate-->\u00ae<!--\/wpml-no-translate--> Review Station\t<\/h1>\n\t<p>Traslada la revisi\u00f3n de im\u00e1genes y la documentaci\u00f3n del laboratorio a tu escritorio<\/p>\n\t<p>El espacio de laboratorio no siempre es el mejor lugar para trabajar con las im\u00e1genes y los datos de tus estudios. Las restricciones de acceso, los requisitos de EPI y la competencia por el tiempo de laboratorio hacen que esto resulte inconveniente. MICRON Review Station te permite sacar tus im\u00e1genes y datos del laboratorio y llevarlos a tu ordenador port\u00e1til o de sobremesa, permiti\u00e9ndote realizar tu revisi\u00f3n, evaluaci\u00f3n y <a href=\"https:\/\/phoenixmicron.com\/retinal-imaging-system\/optical-coherence-tomography-oct-segmentation\/\">segmentaci\u00f3n OCT<\/a> en tu ordenador y fuera del laboratorio. <\/p>\n<p>MICRON Review Station es una versi\u00f3n completa de MICRON Software Suite, s\u00f3lo que sin capacidad de adquisici\u00f3n de im\u00e1genes. <\/p>\n<p>&nbsp;<\/p>\n\t<p><a href=\"https:\/\/phoenixmicron.com\/\/wp-content\/uploads\/2026\/04\/MICRON-Review-Station-2026.pdf\" target=\"_blank\" rel=\"noopener\">hoja de especificaciones<\/a> | <a href=\"https:\/\/phoenixmicron.com\/wp-content\/uploads\/2026\/04\/MICRON-PC-Requirements-2026.pdf\" target=\"_blank\" rel=\"noopener\">requisitos pc<\/a><\/p>\n\t<iframe data-src=\"https:\/\/player.vimeo.com\/video\/1124942757?title=0&amp;byline=0&amp;portrait=0&amp;badge=0&amp;autopause=0&amp;player_id=0&amp;app_id=58479\" frameborder=\"0\" allow=\"autoplay; fullscreen; picture-in-picture; clipboard-write; encrypted-media; web-share\" referrerpolicy=\"strict-origin-when-cross-origin\" title=\"Estaci\u00f3n de Revisi\u00f3n MICRON: Importaci\u00f3n de datos\" src=\"data:image\/svg+xml;base64,PHN2ZyB3aWR0aD0iMSIgaGVpZ2h0PSIxIiB4bWxucz0iaHR0cDovL3d3dy53My5vcmcvMjAwMC9zdmciPjwvc3ZnPg==\" class=\"lazyload\" data-load-mode=\"1\"><\/iframe>\n\t<h2>Review Station te permite:<\/h2>\n<ul>\n<li aria-level=\"1\">Revisa y compara las im\u00e1genes entre los animales sujetos y las sesiones de diagn\u00f3stico por imagen<\/li>\n<li aria-level=\"1\">A\u00f1adir y editar Etiquetas<\/li>\n<li aria-level=\"1\">Segmenta im\u00e1genes OCT dentro de Review Station sin exportar tus im\u00e1genes a una aplicaci\u00f3n de software independiente<\/li>\n<li aria-level=\"1\">Selecciona y guarda fotogramas de v\u00eddeos<\/li>\n<li aria-level=\"1\">Exporta im\u00e1genes y datos para su posterior an\u00e1lisis en herramientas como ImageJ<\/li>\n<\/ul>\n<p><g id=\"gid_0\">Todo ello respetando la seguridad basada en roles que incorpora MICRON Software Suite. <\/g><g id=\"gid_1\">Un mecanismo inteligente de exportaci\u00f3n\/importaci\u00f3n hace que sea seguro y f\u00e1cil mover im\u00e1genes y datos <\/g><g id=\"gid_2\">desde la unidad de control MICRON en el laboratorio a tu ordenador equipado con MICRON Review Station en tu oficina.<\/g> <\/p>\n<h2>Caracter\u00edsticas pensando en ti<\/h2>\n<ul>\n<li aria-level=\"1\"><b>Sal del laboratorio<\/b>: Realiza la segmentaci\u00f3n y otros trabajos centrados en im\u00e1genes y datos fuera del laboratorio, con relativa comodidad.<\/li>\n<li aria-level=\"1\"><b>F\u00e1cil curva de aprendizaje<\/b>: Basado en MICRON Software Suite (MSS), el software que ya utilizas en el laboratorio<\/li>\n<li aria-level=\"1\"><b>Mant\u00e9n seguras las im\u00e1genes de origen<\/b>: La exportaci\u00f3n\/importaci\u00f3n inteligente significa que tus im\u00e1genes de origen en el laboratorio no pueden sobrescribirse ni borrarse utilizando Review Station<\/li>\n<li><b>Control de acceso<\/b>: Sabemos que los sistemas MICRON pueden ser compartidos. Con el control de usuarios activado en MSS, los usuarios s\u00f3lo pueden acceder y exportar las im\u00e1genes para las que tienen acceso expl\u00edcito <\/li>\n<\/ul>\n<p>Nota: MICRON Review Station s\u00f3lo es compatible con MICRON Software Suite y no con el software Discover y Reveal heredado.<\/p>\n<figure itemscope itemtype=\"https:\/\/schema.org\/ImageObject\">\n\t\t\t\t<a href=\"https:\/\/phoenixmicron.com\/wp-content\/uploads\/2025\/10\/MSSExport-3.png\"  target=\"_self\" itemprop=\"url\">\n\t\t\t\t<img decoding=\"async\" data-src=\"https:\/\/phoenixmicron.com\/wp-content\/uploads\/2025\/10\/MSSExport-3.png\" alt=\"MSSExportar\" height=\"1200\" width=\"2132\" title=\"MSSExportar\" onerror=\"this.style.display='none'\" src=\"data:image\/svg+xml;base64,PHN2ZyB3aWR0aD0iMSIgaGVpZ2h0PSIxIiB4bWxucz0iaHR0cDovL3d3dy53My5vcmcvMjAwMC9zdmciPjwvc3ZnPg==\" class=\"lazyload\" style=\"--smush-placeholder-width: 2132px; --smush-placeholder-aspect-ratio: 2132\/1200;\" \/>\n\t\t\t\t<\/a>\n\t<\/figure>\n<figure itemscope itemtype=\"https:\/\/schema.org\/ImageObject\">\n\t\t\t\t<a href=\"https:\/\/phoenixmicron.com\/wp-content\/uploads\/2025\/10\/auto-segmentation.jpg\"  target=\"_self\" itemprop=\"url\">\n\t\t\t\t<img decoding=\"async\" data-src=\"https:\/\/phoenixmicron.com\/wp-content\/uploads\/2025\/10\/auto-segmentation.jpg\" alt=\"Segmentaci\u00f3n autom\u00e1tica\" height=\"1454\" width=\"1688\" title=\"Segmentaci\u00f3n autom\u00e1tica\" onerror=\"this.style.display='none'\" src=\"data:image\/svg+xml;base64,PHN2ZyB3aWR0aD0iMSIgaGVpZ2h0PSIxIiB4bWxucz0iaHR0cDovL3d3dy53My5vcmcvMjAwMC9zdmciPjwvc3ZnPg==\" class=\"lazyload\" style=\"--smush-placeholder-width: 1688px; --smush-placeholder-aspect-ratio: 1688\/1454;\" \/>\n\t\t\t\t<\/a>\n\t<\/figure>\n<figure itemscope itemtype=\"https:\/\/schema.org\/ImageObject\">\n\t\t\t\t<a href=\"https:\/\/phoenixmicron.com\/wp-content\/uploads\/2025\/10\/TagsV2.png\"  target=\"_self\" itemprop=\"url\">\n\t\t\t\t<img decoding=\"async\" data-src=\"https:\/\/phoenixmicron.com\/wp-content\/uploads\/2025\/10\/TagsV2.png\" alt=\"Etiquetas\" height=\"1158\" width=\"900\" title=\"Etiquetas\" onerror=\"this.style.display='none'\" src=\"data:image\/svg+xml;base64,PHN2ZyB3aWR0aD0iMSIgaGVpZ2h0PSIxIiB4bWxucz0iaHR0cDovL3d3dy53My5vcmcvMjAwMC9zdmciPjwvc3ZnPg==\" class=\"lazyload\" style=\"--smush-placeholder-width: 900px; --smush-placeholder-aspect-ratio: 900\/1158;\" \/>\n\t\t\t\t<\/a>\n\t<\/figure>\n\t<p>La estaci\u00f3n de revisi\u00f3n MICRON ya est\u00e1 disponible. Utiliza el bot\u00f3n SOLICITAR PRESUPUESTO de esta p\u00e1gina para ponerte en contacto con nuestro equipo de ventas o visita la p\u00e1gina  visita la <a href=\"http:\/\/portal.phoenixmicron.com\/\">MICRON eStore<\/a><\/p>\n<p>Nota: MICRON Review Station s\u00f3lo es compatible con MICRON Software Suite y no con el software Discover y Reveal heredado. Consulta  <a href=\"https:\/\/phoenixmicron.com\/wp-content\/uploads\/2025\/10\/MICRON-PC-Requirements.pdf\">Requisitos del PC <\/a>para especificaciones m\u00ednimas del pc.<\/p>\n\n","protected":false},"excerpt":{"rendered":"<p>MICRON\u00ae Review Station Traslada la revisi\u00f3n de im\u00e1genes y la documentaci\u00f3n del laboratorio a tu escritorio El espacio de laboratorio no siempre es el mejor lugar para trabajar con las im\u00e1genes y los datos de tus estudios. Las restricciones de acceso, los requisitos de EPI y la competencia por el tiempo de laboratorio hacen que [&hellip;]<\/p>\n","protected":false},"author":14,"featured_media":0,"parent":0,"menu_order":0,"comment_status":"closed","ping_status":"closed","template":"page-full-width.php","meta":{"_acf_changed":false,"_themeisle_gutenberg_block_has_review":false,"footnotes":""},"class_list":["post-8809","page","type-page","status-publish","hentry"],"acf":[],"yoast_head":"<!-- This site is optimized with the Yoast SEO plugin v27.5 - https:\/\/yoast.com\/product\/yoast-seo-wordpress\/ -->\n<title>Estaci\u00f3n de revisi\u00f3n - Phoenix-micron<\/title>\n<meta name=\"robots\" content=\"index, follow, max-snippet:-1, max-image-preview:large, max-video-preview:-1\" \/>\n<link rel=\"canonical\" href=\"https:\/\/phoenixmicron.com\/es\/estacion-de-revision-2\/\" \/>\n<meta property=\"og:locale\" content=\"es_ES\" \/>\n<meta property=\"og:type\" content=\"article\" \/>\n<meta property=\"og:title\" content=\"Estaci\u00f3n de revisi\u00f3n - Phoenix-micron\" \/>\n<meta property=\"og:description\" content=\"MICRON\u00ae Review Station Traslada la revisi\u00f3n de im\u00e1genes y la documentaci\u00f3n del laboratorio a tu escritorio El espacio de laboratorio no siempre es el mejor lugar para trabajar con las im\u00e1genes y los datos de tus estudios. Las restricciones de acceso, los requisitos de EPI y la competencia por el tiempo de laboratorio hacen que [&hellip;]\" \/>\n<meta property=\"og:url\" content=\"https:\/\/phoenixmicron.com\/es\/estacion-de-revision-2\/\" \/>\n<meta property=\"og:site_name\" content=\"Phoenix-micron\" \/>\n<meta property=\"article:modified_time\" content=\"2026-04-13T08:34:51+00:00\" \/>\n<meta property=\"og:image\" content=\"https:\/\/phoenixmicron.com\/wp-content\/uploads\/2025\/10\/MSSExport-3.png\" \/>\n<meta name=\"twitter:card\" content=\"summary_large_image\" \/>\n<meta name=\"twitter:label1\" content=\"Tiempo de lectura\" \/>\n\t<meta name=\"twitter:data1\" content=\"2 minutos\" \/>\n<script type=\"application\/ld+json\" class=\"yoast-schema-graph\">{\"@context\":\"https:\\\/\\\/schema.org\",\"@graph\":[{\"@type\":\"WebPage\",\"@id\":\"https:\\\/\\\/phoenixmicron.com\\\/es\\\/estacion-de-revision-2\\\/\",\"url\":\"https:\\\/\\\/phoenixmicron.com\\\/es\\\/estacion-de-revision-2\\\/\",\"name\":\"Estaci\u00f3n de revisi\u00f3n - Phoenix-micron\",\"isPartOf\":{\"@id\":\"https:\\\/\\\/phoenixmicron.com\\\/es\\\/#website\"},\"primaryImageOfPage\":{\"@id\":\"https:\\\/\\\/phoenixmicron.com\\\/es\\\/estacion-de-revision-2\\\/#primaryimage\"},\"image\":{\"@id\":\"https:\\\/\\\/phoenixmicron.com\\\/es\\\/estacion-de-revision-2\\\/#primaryimage\"},\"thumbnailUrl\":\"https:\\\/\\\/phoenixmicron.com\\\/wp-content\\\/uploads\\\/2025\\\/10\\\/MSSExport-3.png\",\"datePublished\":\"2025-10-27T21:26:52+00:00\",\"dateModified\":\"2026-04-13T08:34:51+00:00\",\"breadcrumb\":{\"@id\":\"https:\\\/\\\/phoenixmicron.com\\\/es\\\/estacion-de-revision-2\\\/#breadcrumb\"},\"inLanguage\":\"es\",\"potentialAction\":[{\"@type\":\"ReadAction\",\"target\":[\"https:\\\/\\\/phoenixmicron.com\\\/es\\\/estacion-de-revision-2\\\/\"]}]},{\"@type\":\"ImageObject\",\"inLanguage\":\"es\",\"@id\":\"https:\\\/\\\/phoenixmicron.com\\\/es\\\/estacion-de-revision-2\\\/#primaryimage\",\"url\":\"https:\\\/\\\/phoenixmicron.com\\\/wp-content\\\/uploads\\\/2025\\\/10\\\/MSSExport-3.png\",\"contentUrl\":\"https:\\\/\\\/phoenixmicron.com\\\/wp-content\\\/uploads\\\/2025\\\/10\\\/MSSExport-3.png\"},{\"@type\":\"BreadcrumbList\",\"@id\":\"https:\\\/\\\/phoenixmicron.com\\\/es\\\/estacion-de-revision-2\\\/#breadcrumb\",\"itemListElement\":[{\"@type\":\"ListItem\",\"position\":1,\"name\":\"Home\",\"item\":\"https:\\\/\\\/phoenixmicron.com\\\/es\\\/phoenix-micron\\\/\"},{\"@type\":\"ListItem\",\"position\":2,\"name\":\"Estaci\u00f3n de revisi\u00f3n\"}]},{\"@type\":\"WebSite\",\"@id\":\"https:\\\/\\\/phoenixmicron.com\\\/es\\\/#website\",\"url\":\"https:\\\/\\\/phoenixmicron.com\\\/es\\\/\",\"name\":\"Phoenix-micron\",\"description\":\"\",\"publisher\":{\"@id\":\"https:\\\/\\\/phoenixmicron.com\\\/es\\\/#organization\"},\"potentialAction\":[{\"@type\":\"SearchAction\",\"target\":{\"@type\":\"EntryPoint\",\"urlTemplate\":\"https:\\\/\\\/phoenixmicron.com\\\/es\\\/?s={search_term_string}\"},\"query-input\":{\"@type\":\"PropertyValueSpecification\",\"valueRequired\":true,\"valueName\":\"search_term_string\"}}],\"inLanguage\":\"es\"},{\"@type\":\"Organization\",\"@id\":\"https:\\\/\\\/phoenixmicron.com\\\/es\\\/#organization\",\"name\":\"Phoenix-micron\",\"url\":\"https:\\\/\\\/phoenixmicron.com\\\/es\\\/\",\"logo\":{\"@type\":\"ImageObject\",\"inLanguage\":\"es\",\"@id\":\"https:\\\/\\\/phoenixmicron.com\\\/es\\\/#\\\/schema\\\/logo\\\/image\\\/\",\"url\":\"https:\\\/\\\/phoenixmicron.com\\\/wp-content\\\/uploads\\\/2019\\\/04\\\/faviconlogo.png\",\"contentUrl\":\"https:\\\/\\\/phoenixmicron.com\\\/wp-content\\\/uploads\\\/2019\\\/04\\\/faviconlogo.png\",\"width\":200,\"height\":200,\"caption\":\"Phoenix-micron\"},\"image\":{\"@id\":\"https:\\\/\\\/phoenixmicron.com\\\/es\\\/#\\\/schema\\\/logo\\\/image\\\/\"}}]}<\/script>\n<!-- \/ Yoast SEO plugin. -->","yoast_head_json":{"title":"Estaci\u00f3n de revisi\u00f3n - Phoenix-micron","robots":{"index":"index","follow":"follow","max-snippet":"max-snippet:-1","max-image-preview":"max-image-preview:large","max-video-preview":"max-video-preview:-1"},"canonical":"https:\/\/phoenixmicron.com\/es\/estacion-de-revision-2\/","og_locale":"es_ES","og_type":"article","og_title":"Estaci\u00f3n de revisi\u00f3n - Phoenix-micron","og_description":"MICRON\u00ae Review Station Traslada la revisi\u00f3n de im\u00e1genes y la documentaci\u00f3n del laboratorio a tu escritorio El espacio de laboratorio no siempre es el mejor lugar para trabajar con las im\u00e1genes y los datos de tus estudios. Las restricciones de acceso, los requisitos de EPI y la competencia por el tiempo de laboratorio hacen que [&hellip;]","og_url":"https:\/\/phoenixmicron.com\/es\/estacion-de-revision-2\/","og_site_name":"Phoenix-micron","article_modified_time":"2026-04-13T08:34:51+00:00","og_image":[{"url":"https:\/\/phoenixmicron.com\/wp-content\/uploads\/2025\/10\/MSSExport-3.png","type":"","width":"","height":""}],"twitter_card":"summary_large_image","twitter_misc":{"Tiempo de lectura":"2 minutos"},"schema":{"@context":"https:\/\/schema.org","@graph":[{"@type":"WebPage","@id":"https:\/\/phoenixmicron.com\/es\/estacion-de-revision-2\/","url":"https:\/\/phoenixmicron.com\/es\/estacion-de-revision-2\/","name":"Estaci\u00f3n de revisi\u00f3n - Phoenix-micron","isPartOf":{"@id":"https:\/\/phoenixmicron.com\/es\/#website"},"primaryImageOfPage":{"@id":"https:\/\/phoenixmicron.com\/es\/estacion-de-revision-2\/#primaryimage"},"image":{"@id":"https:\/\/phoenixmicron.com\/es\/estacion-de-revision-2\/#primaryimage"},"thumbnailUrl":"https:\/\/phoenixmicron.com\/wp-content\/uploads\/2025\/10\/MSSExport-3.png","datePublished":"2025-10-27T21:26:52+00:00","dateModified":"2026-04-13T08:34:51+00:00","breadcrumb":{"@id":"https:\/\/phoenixmicron.com\/es\/estacion-de-revision-2\/#breadcrumb"},"inLanguage":"es","potentialAction":[{"@type":"ReadAction","target":["https:\/\/phoenixmicron.com\/es\/estacion-de-revision-2\/"]}]},{"@type":"ImageObject","inLanguage":"es","@id":"https:\/\/phoenixmicron.com\/es\/estacion-de-revision-2\/#primaryimage","url":"https:\/\/phoenixmicron.com\/wp-content\/uploads\/2025\/10\/MSSExport-3.png","contentUrl":"https:\/\/phoenixmicron.com\/wp-content\/uploads\/2025\/10\/MSSExport-3.png"},{"@type":"BreadcrumbList","@id":"https:\/\/phoenixmicron.com\/es\/estacion-de-revision-2\/#breadcrumb","itemListElement":[{"@type":"ListItem","position":1,"name":"Home","item":"https:\/\/phoenixmicron.com\/es\/phoenix-micron\/"},{"@type":"ListItem","position":2,"name":"Estaci\u00f3n de revisi\u00f3n"}]},{"@type":"WebSite","@id":"https:\/\/phoenixmicron.com\/es\/#website","url":"https:\/\/phoenixmicron.com\/es\/","name":"Phoenix-micron","description":"","publisher":{"@id":"https:\/\/phoenixmicron.com\/es\/#organization"},"potentialAction":[{"@type":"SearchAction","target":{"@type":"EntryPoint","urlTemplate":"https:\/\/phoenixmicron.com\/es\/?s={search_term_string}"},"query-input":{"@type":"PropertyValueSpecification","valueRequired":true,"valueName":"search_term_string"}}],"inLanguage":"es"},{"@type":"Organization","@id":"https:\/\/phoenixmicron.com\/es\/#organization","name":"Phoenix-micron","url":"https:\/\/phoenixmicron.com\/es\/","logo":{"@type":"ImageObject","inLanguage":"es","@id":"https:\/\/phoenixmicron.com\/es\/#\/schema\/logo\/image\/","url":"https:\/\/phoenixmicron.com\/wp-content\/uploads\/2019\/04\/faviconlogo.png","contentUrl":"https:\/\/phoenixmicron.com\/wp-content\/uploads\/2019\/04\/faviconlogo.png","width":200,"height":200,"caption":"Phoenix-micron"},"image":{"@id":"https:\/\/phoenixmicron.com\/es\/#\/schema\/logo\/image\/"}}]}},"_links":{"self":[{"href":"https:\/\/phoenixmicron.com\/es\/wp-json\/wp\/v2\/pages\/8809","targetHints":{"allow":["GET"]}}],"collection":[{"href":"https:\/\/phoenixmicron.com\/es\/wp-json\/wp\/v2\/pages"}],"about":[{"href":"https:\/\/phoenixmicron.com\/es\/wp-json\/wp\/v2\/types\/page"}],"author":[{"embeddable":true,"href":"https:\/\/phoenixmicron.com\/es\/wp-json\/wp\/v2\/users\/14"}],"replies":[{"embeddable":true,"href":"https:\/\/phoenixmicron.com\/es\/wp-json\/wp\/v2\/comments?post=8809"}],"version-history":[{"count":0,"href":"https:\/\/phoenixmicron.com\/es\/wp-json\/wp\/v2\/pages\/8809\/revisions"}],"wp:attachment":[{"href":"https:\/\/phoenixmicron.com\/es\/wp-json\/wp\/v2\/media?parent=8809"}],"curies":[{"name":"wp","href":"https:\/\/api.w.org\/{rel}","templated":true}]}}