{"id":8740,"date":"2025-12-23T05:05:46","date_gmt":"2025-12-23T05:05:46","guid":{"rendered":"https:\/\/phoenixmicrdev.wpengine.com\/phoenix-micron\/sistema-cnv-2\/"},"modified":"2026-04-13T08:07:50","modified_gmt":"2026-04-13T08:07:50","slug":"sistema-cnv-2","status":"publish","type":"page","link":"https:\/\/phoenixmicron.com\/es\/phoenix-micron\/sistema-cnv-2\/","title":{"rendered":"SISTEMA CNV"},"content":{"rendered":"\n<h1>\n\t\t\tMICRON\u00ae CNV para peque\u00f1os animales\t<\/h1>\n\t<p>Administraci\u00f3n precisa de energ\u00eda l\u00e1ser de 532 nm en la retina de rat\u00f3n y rata<\/p>\n\t<b>El sistema l\u00e1ser MICRON<sup>\u00ae<\/sup> de 532 nm guiado por imagen <\/b>produce una fotocoagulaci\u00f3n con l\u00e1ser precisa y f\u00e1cil de administrar para generar neovascularizaci\u00f3n coroidea (NVC) y oclusi\u00f3n venosa retiniana (OVR).  <br \/>\n\n<p>Un dise\u00f1o f\u00e1cil de usar permite al personal t\u00e9cnico controlar de forma precisa y fiable la ubicaci\u00f3n, el tama\u00f1o y la intensidad de la fotocoagulaci\u00f3n con l\u00e1ser necesaria para la NVC. La creaci\u00f3n fiable de NVC se ha validado en m\u00faltiples estudios. <\/p>\n\t<ul>\n<li>Asegura que el l\u00e1ser est\u00e1 enfocado en el lugar<\/li>\n<li>Disponibilidad de evaluaci\u00f3n inmediata o diferida mediante OCT guiada por imagen<\/li>\n<li>Fluorescencia de alta resoluci\u00f3n<\/li>\n<\/ul>\n\t<p><a href=\"https:\/\/phoenixmicron.com\/wp-content\/uploads\/2026\/04\/MICRON-532-Laser-2026.pdf\" target=\"_blank\" rel=\"noopener\">hoja de especificaciones<\/a> | <a href=\"https:\/\/phoenixmicron.com\/es\/?page_id=7860\" rel=\"noopener\">art\u00edculos<\/a><\/p>\n\t<p><em>Haz clic en la imagen para ampliarla \u00ab<\/em><\/p>\n\t<p>\u00abAntes de utilizar el MICRON, nuestra tasa de \u00e9xito en la producci\u00f3n de lesiones neovasculares coroideas inducidas por l\u00e1ser era de ~40-50%; sin embargo, gracias a una implementaci\u00f3n satisfactoria con el Micron, ahora conseguimos una tasa de \u00e9xito regular del 99%.\u00bb<\/p>\n\t<strong>&#8211; Doctor Rafal Farjo<\/strong><br \/>\nDirector de Operaciones<br \/>\nEyeCRO LLC\n<figure itemscope itemtype=\"https:\/\/schema.org\/ImageObject\">\n\t\t\t\t<img decoding=\"async\" data-src=\"https:\/\/phoenixmicron.com\/wp-content\/uploads\/2025\/12\/CNV_532_Target-scaled.png\" alt=\"CNV_532_Objetivo\" height=\"1428\" width=\"2560\" title=\"CNV_532_Objetivo\" onerror=\"this.style.display='none'\" src=\"data:image\/svg+xml;base64,PHN2ZyB3aWR0aD0iMSIgaGVpZ2h0PSIxIiB4bWxucz0iaHR0cDovL3d3dy53My5vcmcvMjAwMC9zdmciPjwvc3ZnPg==\" class=\"lazyload\" style=\"--smush-placeholder-width: 2560px; --smush-placeholder-aspect-ratio: 2560\/1428;\" \/>\n\t<\/figure>\n\t<p><strong>Punter\u00eda l\u00e1ser guiada por im\u00e1genes<\/strong><\/p>\n\t<h2><strong>MICRON Sistema CNV (532 nm)<\/strong><\/h2>\n\t<p><strong>Probado<\/strong> &#8211; M\u00e9todo validado para la creaci\u00f3n de neovascularizaci\u00f3n coroidea (NVC) y oclusi\u00f3n de la vena retiniana (OVR) en m\u00faltiples estudios publicados.<\/p>\n<strong>F\u00e1cil de usar<\/strong> &#8211; Utiliza la imagen en color del fondo de ojo como gu\u00eda para colocar el haz de punter\u00eda en<br \/>\n\u00e1reas objetivo. Captura f\u00e1cilmente fotograf\u00edas o v\u00eddeos para publicaciones o presentaciones a <br \/>\nreforzar la documentaci\u00f3n de la investigaci\u00f3n.\n<p><strong>Verificaci\u00f3n eficaz<\/strong> &#8211; Cambia f\u00e1cilmente de la administraci\u00f3n l\u00e1ser a la obtenci\u00f3n de im\u00e1genes OCT con el sistema MICRON OCT2 guiado por imagen que permite a los investigadores observar la eficacia de las quemaduras l\u00e1ser en una \u00fanica sesi\u00f3n de obtenci\u00f3n de im\u00e1genes.<\/p>\n<p><strong>F\u00e1cil orientaci\u00f3n<\/strong> &#8211; La orientaci\u00f3n l\u00e1ser mediante gu\u00eda por imagen es f\u00e1cil y precisa con ampliaci\u00f3n de la imagen del fondo de ojo y utilizando la superposici\u00f3n de objetivos en MICRON  Software Suite. La gu\u00eda de im\u00e1genes puede realizarse con im\u00e1genes a todo color o fluorescentes, lo que ayuda a  el apuntando al l\u00e1ser.<\/p>\n<p><strong>Acoplamiento<\/strong> de la c\u00f3rnea a la lente del objetivo mediante una interfaz de gel gel, el ojo se estabiliza frente a los movimientos de la respiraci\u00f3n, y la potencia es m\u00e1s constante que al aire libre.<\/p>\n\t<p><strong>El MICRON CNV para peque\u00f1os animales es un sistema completo de obtenci\u00f3n de im\u00e1genes.<\/strong><\/p>\n<p><strong>El Sistema consta de:<\/strong><\/p>\n<ul>\n<li>Sistema de c\u00e1mara MICRON 5<br \/>\n(incl. fuente de luz y unidad de control MICRON)<\/li>\n<li>Sistema L\u00e1ser MICRON de 532 nm guiado por imagen<br \/>\n(incl. inyector l\u00e1ser, lente y fuente l\u00e1ser)<\/li>\n<li>OCT2 guiada por imagen MICRON<br \/>\n(incluye motor OCT, lente y cabezal de exploraci\u00f3n)<\/li>\n<\/ul>\n<p><strong>Algunas caracter\u00edsticas del Sistema MICRON CNV:<\/strong><\/p>\n<ul>\n<li>Cambio r\u00e1pido entre lentes L\u00e1ser y OCT<\/li>\n<li>Software com\u00fan OCT\/L\u00e1ser\/Fundus mediante MICRON Software Suite<\/li>\n<li>Arquitectura multimodal compacta<\/li>\n<\/ul>\n<p><strong>\u00bfYa tienes un Sistema de C\u00e1mara MICRON IV?<\/strong>  Ponte en contacto con nosotros hoy mismo para saber c\u00f3mo actualizarlo para que admita CNV.<\/p>\n<figure itemscope itemtype=\"https:\/\/schema.org\/ImageObject\">\n\t\t\t\t<img decoding=\"async\" data-src=\"https:\/\/phoenixmicron.com\/wp-content\/uploads\/2025\/12\/CNV_532_System.png\" alt=\"CNV_532_Sistema\" height=\"2145\" width=\"2415\" title=\"CNV_532_Sistema\" onerror=\"this.style.display='none'\" src=\"data:image\/svg+xml;base64,PHN2ZyB3aWR0aD0iMSIgaGVpZ2h0PSIxIiB4bWxucz0iaHR0cDovL3d3dy53My5vcmcvMjAwMC9zdmciPjwvc3ZnPg==\" class=\"lazyload\" style=\"--smush-placeholder-width: 2415px; --smush-placeholder-aspect-ratio: 2415\/2145;\" \/>\n\t<\/figure>\n\n","protected":false},"excerpt":{"rendered":"<p>MICRON\u00ae CNV para peque\u00f1os animales Administraci\u00f3n precisa de energ\u00eda l\u00e1ser de 532 nm en la retina de rat\u00f3n y rata El sistema l\u00e1ser MICRON\u00ae de 532 nm guiado por imagen produce una fotocoagulaci\u00f3n con l\u00e1ser precisa y f\u00e1cil de administrar para generar neovascularizaci\u00f3n coroidea (NVC) y oclusi\u00f3n venosa retiniana (OVR). Un dise\u00f1o f\u00e1cil de usar [&hellip;]<\/p>\n","protected":false},"author":1,"featured_media":0,"parent":6198,"menu_order":0,"comment_status":"closed","ping_status":"closed","template":"page-full-width.php","meta":{"_acf_changed":false,"_themeisle_gutenberg_block_has_review":false,"footnotes":""},"class_list":["post-8740","page","type-page","status-publish","hentry"],"acf":[],"yoast_head":"<!-- This site is optimized with the Yoast SEO plugin v27.2 - https:\/\/yoast.com\/product\/yoast-seo-wordpress\/ -->\n<title>SISTEMA CNV - Phoenix-micron<\/title>\n<meta name=\"description\" content=\"El sistema l\u00e1ser guiado por imagen Phoenix MICRON produce una fotocoagulaci\u00f3n l\u00e1ser precisa y f\u00e1cil de administrar para generar neovascularizaci\u00f3n coroidea (NVC). M\u00e1s informaci\u00f3n.\" \/>\n<meta name=\"robots\" content=\"index, follow, max-snippet:-1, max-image-preview:large, max-video-preview:-1\" \/>\n<link rel=\"canonical\" href=\"https:\/\/phoenixmicron.com\/es\/phoenix-micron\/sistema-cnv-2\/\" \/>\n<meta property=\"og:locale\" content=\"es_ES\" \/>\n<meta property=\"og:type\" content=\"article\" \/>\n<meta property=\"og:title\" content=\"SISTEMA CNV - Phoenix-micron\" \/>\n<meta property=\"og:description\" content=\"El sistema l\u00e1ser guiado por imagen Phoenix MICRON produce una fotocoagulaci\u00f3n l\u00e1ser precisa y f\u00e1cil de administrar para generar neovascularizaci\u00f3n coroidea (NVC). M\u00e1s informaci\u00f3n.\" \/>\n<meta property=\"og:url\" content=\"https:\/\/phoenixmicron.com\/es\/phoenix-micron\/sistema-cnv-2\/\" \/>\n<meta property=\"og:site_name\" content=\"Phoenix-micron\" \/>\n<meta property=\"article:modified_time\" content=\"2026-04-13T08:07:50+00:00\" \/>\n<meta property=\"og:image\" content=\"https:\/\/phoenixmicron.com\/wp-content\/uploads\/2025\/12\/CNV_532_Target-scaled.png\" \/>\n<meta name=\"twitter:card\" content=\"summary_large_image\" \/>\n<meta name=\"twitter:label1\" content=\"Tiempo de lectura\" \/>\n\t<meta name=\"twitter:data1\" content=\"3 minutos\" \/>\n<script type=\"application\/ld+json\" class=\"yoast-schema-graph\">{\"@context\":\"https:\/\/schema.org\",\"@graph\":[{\"@type\":\"WebPage\",\"@id\":\"https:\/\/phoenixmicron.com\/es\/phoenix-micron\/sistema-cnv-2\/\",\"url\":\"https:\/\/phoenixmicron.com\/es\/phoenix-micron\/sistema-cnv-2\/\",\"name\":\"SISTEMA CNV - Phoenix-micron\",\"isPartOf\":{\"@id\":\"https:\/\/phoenixmicron.com\/es\/#website\"},\"primaryImageOfPage\":{\"@id\":\"https:\/\/phoenixmicron.com\/es\/phoenix-micron\/sistema-cnv-2\/#primaryimage\"},\"image\":{\"@id\":\"https:\/\/phoenixmicron.com\/es\/phoenix-micron\/sistema-cnv-2\/#primaryimage\"},\"thumbnailUrl\":\"https:\/\/phoenixmicron.com\/wp-content\/uploads\/2025\/12\/CNV_532_Target-scaled.png\",\"datePublished\":\"2025-12-23T05:05:46+00:00\",\"dateModified\":\"2026-04-13T08:07:50+00:00\",\"description\":\"El sistema l\u00e1ser guiado por imagen Phoenix MICRON produce una fotocoagulaci\u00f3n l\u00e1ser precisa y f\u00e1cil de administrar para generar neovascularizaci\u00f3n coroidea (NVC). M\u00e1s informaci\u00f3n.\",\"breadcrumb\":{\"@id\":\"https:\/\/phoenixmicron.com\/es\/phoenix-micron\/sistema-cnv-2\/#breadcrumb\"},\"inLanguage\":\"es\",\"potentialAction\":[{\"@type\":\"ReadAction\",\"target\":[\"https:\/\/phoenixmicron.com\/es\/phoenix-micron\/sistema-cnv-2\/\"]}]},{\"@type\":\"ImageObject\",\"inLanguage\":\"es\",\"@id\":\"https:\/\/phoenixmicron.com\/es\/phoenix-micron\/sistema-cnv-2\/#primaryimage\",\"url\":\"https:\/\/phoenixmicron.com\/wp-content\/uploads\/2025\/12\/CNV_532_Target-scaled.png\",\"contentUrl\":\"https:\/\/phoenixmicron.com\/wp-content\/uploads\/2025\/12\/CNV_532_Target-scaled.png\"},{\"@type\":\"BreadcrumbList\",\"@id\":\"https:\/\/phoenixmicron.com\/es\/phoenix-micron\/sistema-cnv-2\/#breadcrumb\",\"itemListElement\":[{\"@type\":\"ListItem\",\"position\":1,\"name\":\"Home\",\"item\":\"https:\/\/phoenixmicron.com\/es\/phoenix-micron\/\"},{\"@type\":\"ListItem\",\"position\":2,\"name\":\"Phoenix MICRON\",\"item\":\"https:\/\/phoenixmicron.com\/es\/phoenix-micron\/\"},{\"@type\":\"ListItem\",\"position\":3,\"name\":\"SISTEMA CNV\"}]},{\"@type\":\"WebSite\",\"@id\":\"https:\/\/phoenixmicron.com\/es\/#website\",\"url\":\"https:\/\/phoenixmicron.com\/es\/\",\"name\":\"Phoenix-micron\",\"description\":\"\",\"publisher\":{\"@id\":\"https:\/\/phoenixmicron.com\/es\/#organization\"},\"potentialAction\":[{\"@type\":\"SearchAction\",\"target\":{\"@type\":\"EntryPoint\",\"urlTemplate\":\"https:\/\/phoenixmicron.com\/es\/?s={search_term_string}\"},\"query-input\":{\"@type\":\"PropertyValueSpecification\",\"valueRequired\":true,\"valueName\":\"search_term_string\"}}],\"inLanguage\":\"es\"},{\"@type\":\"Organization\",\"@id\":\"https:\/\/phoenixmicron.com\/es\/#organization\",\"name\":\"Phoenix-micron\",\"url\":\"https:\/\/phoenixmicron.com\/es\/\",\"logo\":{\"@type\":\"ImageObject\",\"inLanguage\":\"es\",\"@id\":\"https:\/\/phoenixmicron.com\/es\/#\/schema\/logo\/image\/\",\"url\":\"https:\/\/phoenixmicron.com\/wp-content\/uploads\/2019\/04\/faviconlogo.png\",\"contentUrl\":\"https:\/\/phoenixmicron.com\/wp-content\/uploads\/2019\/04\/faviconlogo.png\",\"width\":200,\"height\":200,\"caption\":\"Phoenix-micron\"},\"image\":{\"@id\":\"https:\/\/phoenixmicron.com\/es\/#\/schema\/logo\/image\/\"}}]}<\/script>\n<!-- \/ Yoast SEO plugin. -->","yoast_head_json":{"title":"SISTEMA CNV - Phoenix-micron","description":"El sistema l\u00e1ser guiado por imagen Phoenix MICRON produce una fotocoagulaci\u00f3n l\u00e1ser precisa y f\u00e1cil de administrar para generar neovascularizaci\u00f3n coroidea (NVC). M\u00e1s informaci\u00f3n.","robots":{"index":"index","follow":"follow","max-snippet":"max-snippet:-1","max-image-preview":"max-image-preview:large","max-video-preview":"max-video-preview:-1"},"canonical":"https:\/\/phoenixmicron.com\/es\/phoenix-micron\/sistema-cnv-2\/","og_locale":"es_ES","og_type":"article","og_title":"SISTEMA CNV - Phoenix-micron","og_description":"El sistema l\u00e1ser guiado por imagen Phoenix MICRON produce una fotocoagulaci\u00f3n l\u00e1ser precisa y f\u00e1cil de administrar para generar neovascularizaci\u00f3n coroidea (NVC). M\u00e1s informaci\u00f3n.","og_url":"https:\/\/phoenixmicron.com\/es\/phoenix-micron\/sistema-cnv-2\/","og_site_name":"Phoenix-micron","article_modified_time":"2026-04-13T08:07:50+00:00","og_image":[{"url":"https:\/\/phoenixmicron.com\/wp-content\/uploads\/2025\/12\/CNV_532_Target-scaled.png","type":"","width":"","height":""}],"twitter_card":"summary_large_image","twitter_misc":{"Tiempo de lectura":"3 minutos"},"schema":{"@context":"https:\/\/schema.org","@graph":[{"@type":"WebPage","@id":"https:\/\/phoenixmicron.com\/es\/phoenix-micron\/sistema-cnv-2\/","url":"https:\/\/phoenixmicron.com\/es\/phoenix-micron\/sistema-cnv-2\/","name":"SISTEMA CNV - Phoenix-micron","isPartOf":{"@id":"https:\/\/phoenixmicron.com\/es\/#website"},"primaryImageOfPage":{"@id":"https:\/\/phoenixmicron.com\/es\/phoenix-micron\/sistema-cnv-2\/#primaryimage"},"image":{"@id":"https:\/\/phoenixmicron.com\/es\/phoenix-micron\/sistema-cnv-2\/#primaryimage"},"thumbnailUrl":"https:\/\/phoenixmicron.com\/wp-content\/uploads\/2025\/12\/CNV_532_Target-scaled.png","datePublished":"2025-12-23T05:05:46+00:00","dateModified":"2026-04-13T08:07:50+00:00","description":"El sistema l\u00e1ser guiado por imagen Phoenix MICRON produce una fotocoagulaci\u00f3n l\u00e1ser precisa y f\u00e1cil de administrar para generar neovascularizaci\u00f3n coroidea (NVC). M\u00e1s informaci\u00f3n.","breadcrumb":{"@id":"https:\/\/phoenixmicron.com\/es\/phoenix-micron\/sistema-cnv-2\/#breadcrumb"},"inLanguage":"es","potentialAction":[{"@type":"ReadAction","target":["https:\/\/phoenixmicron.com\/es\/phoenix-micron\/sistema-cnv-2\/"]}]},{"@type":"ImageObject","inLanguage":"es","@id":"https:\/\/phoenixmicron.com\/es\/phoenix-micron\/sistema-cnv-2\/#primaryimage","url":"https:\/\/phoenixmicron.com\/wp-content\/uploads\/2025\/12\/CNV_532_Target-scaled.png","contentUrl":"https:\/\/phoenixmicron.com\/wp-content\/uploads\/2025\/12\/CNV_532_Target-scaled.png"},{"@type":"BreadcrumbList","@id":"https:\/\/phoenixmicron.com\/es\/phoenix-micron\/sistema-cnv-2\/#breadcrumb","itemListElement":[{"@type":"ListItem","position":1,"name":"Home","item":"https:\/\/phoenixmicron.com\/es\/phoenix-micron\/"},{"@type":"ListItem","position":2,"name":"Phoenix MICRON","item":"https:\/\/phoenixmicron.com\/es\/phoenix-micron\/"},{"@type":"ListItem","position":3,"name":"SISTEMA CNV"}]},{"@type":"WebSite","@id":"https:\/\/phoenixmicron.com\/es\/#website","url":"https:\/\/phoenixmicron.com\/es\/","name":"Phoenix-micron","description":"","publisher":{"@id":"https:\/\/phoenixmicron.com\/es\/#organization"},"potentialAction":[{"@type":"SearchAction","target":{"@type":"EntryPoint","urlTemplate":"https:\/\/phoenixmicron.com\/es\/?s={search_term_string}"},"query-input":{"@type":"PropertyValueSpecification","valueRequired":true,"valueName":"search_term_string"}}],"inLanguage":"es"},{"@type":"Organization","@id":"https:\/\/phoenixmicron.com\/es\/#organization","name":"Phoenix-micron","url":"https:\/\/phoenixmicron.com\/es\/","logo":{"@type":"ImageObject","inLanguage":"es","@id":"https:\/\/phoenixmicron.com\/es\/#\/schema\/logo\/image\/","url":"https:\/\/phoenixmicron.com\/wp-content\/uploads\/2019\/04\/faviconlogo.png","contentUrl":"https:\/\/phoenixmicron.com\/wp-content\/uploads\/2019\/04\/faviconlogo.png","width":200,"height":200,"caption":"Phoenix-micron"},"image":{"@id":"https:\/\/phoenixmicron.com\/es\/#\/schema\/logo\/image\/"}}]}},"_links":{"self":[{"href":"https:\/\/phoenixmicron.com\/es\/wp-json\/wp\/v2\/pages\/8740","targetHints":{"allow":["GET"]}}],"collection":[{"href":"https:\/\/phoenixmicron.com\/es\/wp-json\/wp\/v2\/pages"}],"about":[{"href":"https:\/\/phoenixmicron.com\/es\/wp-json\/wp\/v2\/types\/page"}],"author":[{"embeddable":true,"href":"https:\/\/phoenixmicron.com\/es\/wp-json\/wp\/v2\/users\/1"}],"replies":[{"embeddable":true,"href":"https:\/\/phoenixmicron.com\/es\/wp-json\/wp\/v2\/comments?post=8740"}],"version-history":[{"count":0,"href":"https:\/\/phoenixmicron.com\/es\/wp-json\/wp\/v2\/pages\/8740\/revisions"}],"up":[{"embeddable":true,"href":"https:\/\/phoenixmicron.com\/es\/wp-json\/wp\/v2\/pages\/6198"}],"wp:attachment":[{"href":"https:\/\/phoenixmicron.com\/es\/wp-json\/wp\/v2\/media?parent=8740"}],"curies":[{"name":"wp","href":"https:\/\/api.w.org\/{rel}","templated":true}]}}