{"id":7837,"date":"2019-04-25T05:41:19","date_gmt":"2019-04-25T05:41:19","guid":{"rendered":"https:\/\/phoenixmicrdev.wpengine.com\/phoenix-micron\/oct-guiada-por-imagen\/"},"modified":"2026-04-13T08:27:15","modified_gmt":"2026-04-13T08:27:15","slug":"oct-guiada-por-imagen","status":"publish","type":"page","link":"https:\/\/phoenixmicron.com\/es\/phoenix-micron\/oct-guiada-por-imagen\/","title":{"rendered":"OCT guiada por imagen"},"content":{"rendered":"\n<h1>\n\t\t\tMICRON<!--wpml-no-translate-->\u00ae<!--\/wpml-no-translate--> Image-Guided OCT\t<\/h1>\n\t<p>Tomograf\u00eda de coherencia \u00f3ptica (OCT) optimizada para ratones y ratas, con resoluci\u00f3n longitudinal inferior a 2 micras<\/p>\n\t<strong>MICRON Image-guided OCT:<br \/>\n<\/strong>\n\t<ul>\n<li>Presenta cortes transversales histol\u00f3gicos \u00f3pticos en una vista del fondo del ojo en tiempo real<\/li>\n<li>Se acopla r\u00e1pidamente al sistema de obtenci\u00f3n de im\u00e1genes MICRON y no requiere espacio adicional en el banco de trabajo<\/li>\n<li>Reduce los artefactos de movimiento al obtener im\u00e1genes en contacto con la c\u00f3rnea del animal<\/li>\n<li>Incluye potentes herramientas de visualizaci\u00f3n de segmentaci\u00f3n en 2D y 3D para obtener valores del grosor de la retina dise\u00f1ados espec\u00edficamente para el ojo del rat\u00f3n y la rata<\/li>\n<\/ul>\n\t<p><a href=\"https:\/\/phoenixmicron.com\/wp-content\/uploads\/2026\/04\/MICRON-OCT2-2026.pdf\" target=\"_blank\" rel=\"noopener\">hoja de especificaciones<\/a> | <a href=\"https:\/\/phoenixmicron.com\/es\/?page_id=7860\" rel=\"noopener\">art\u00edculos<\/a><\/p>\n<figure itemscope itemtype=\"https:\/\/schema.org\/ImageObject\">\n\t\t\t\t<img decoding=\"async\" data-src=\"https:\/\/phoenixmicron.com\/wp-content\/uploads\/2019\/04\/OCT2_SCANS-e1431380965319.png\" alt=\"Exploraciones OCT y tomas de posici\u00f3n del fondo de ojo en vivo\" height=\"503\" width=\"920\" title=\"OCT2_SCANS-e1431380965319\" onerror=\"this.style.display='none'\" src=\"data:image\/svg+xml;base64,PHN2ZyB3aWR0aD0iMSIgaGVpZ2h0PSIxIiB4bWxucz0iaHR0cDovL3d3dy53My5vcmcvMjAwMC9zdmciPjwvc3ZnPg==\" class=\"lazyload\" style=\"--smush-placeholder-width: 920px; --smush-placeholder-aspect-ratio: 920\/503;\" \/>\n\t<\/figure>\n\t<p>MICRON<!--wpml-no-translate--><sup>\u00ae<!--\/wpml-no-translate--><\/sup> Image-Guided OCT2 se ha dise\u00f1ado espec\u00edficamente para las exigencias de la investigaci\u00f3n in vivo con ratones y ratas, proporcionando im\u00e1genes OCT asombrosas de ratones y ratas.<\/p>\n<p>El sistema OCT2 incluye una visualizaci\u00f3n del fondo del ojo en vivo y en tiempo real con una l\u00ednea de exploraci\u00f3n superpuesta para permitir un posicionamiento preciso de las im\u00e1genes OCT. El sistema admite la captura en 2D y la producci\u00f3n de vol\u00famenes en 3D, e incluye un conjunto de potentes herramientas de segmentaci\u00f3n y visualizaci\u00f3n. <\/p>\n\t<strong>Caracter\u00edsticas de la MICRON<!--wpml-no-translate-->\u00ae<!--\/wpml-no-translate--> Image-Guided OCT:<br \/>\n<\/strong>\n<ul>\n<li>Visualizaci\u00f3n del fondo del ojo en tiempo real junto con la presentaci\u00f3n de im\u00e1genes OCT en tiempo real<\/li>\n<li>Resoluci\u00f3n longitudinal de 1,8 micras<\/li>\n<li>Profundidad de imagen de 1,4 mm, que proporciona una penetraci\u00f3n profunda en la escler\u00f3tica<\/li>\n<li>Patrones de escaneado de l\u00edneas, c\u00edrculos y vol\u00famenes 3D<\/li>\n<li>Lentes objetivas separadas optimizadas para ratones y ratas<\/li>\n<li>Herramientas de segmentaci\u00f3n 2D y 3D, incluida la visualizaci\u00f3n 3D interactiva<\/li>\n<\/ul>\n<figure itemscope itemtype=\"https:\/\/schema.org\/ImageObject\">\n\t\t\t\t<img decoding=\"async\" data-src=\"https:\/\/phoenixmicron.com\/wp-content\/uploads\/2024\/08\/7_MICRON-IV-and-5-OCT-v2-1.png\" alt=\"7_MICRON IV y 5 OCT v2 (1)\" height=\"684\" width=\"700\" title=\"7_MICRON IV y 5 OCT v2 (1)\" onerror=\"this.style.display='none'\" src=\"data:image\/svg+xml;base64,PHN2ZyB3aWR0aD0iMSIgaGVpZ2h0PSIxIiB4bWxucz0iaHR0cDovL3d3dy53My5vcmcvMjAwMC9zdmciPjwvc3ZnPg==\" class=\"lazyload\" style=\"--smush-placeholder-width: 700px; --smush-placeholder-aspect-ratio: 700\/684;\" \/>\n\t<\/figure>\n<figure itemscope itemtype=\"https:\/\/schema.org\/ImageObject\">\n\t\t\t\t<img decoding=\"async\" data-src=\"https:\/\/phoenixmicron.com\/wp-content\/uploads\/2025\/04\/Image-1.jpg\" alt=\"Imagen 1\" height=\"850\" width=\"1400\" title=\"Imagen 1\" onerror=\"this.style.display='none'\" src=\"data:image\/svg+xml;base64,PHN2ZyB3aWR0aD0iMSIgaGVpZ2h0PSIxIiB4bWxucz0iaHR0cDovL3d3dy53My5vcmcvMjAwMC9zdmciPjwvc3ZnPg==\" class=\"lazyload\" style=\"--smush-placeholder-width: 1400px; --smush-placeholder-aspect-ratio: 1400\/850;\" \/>\n\t<\/figure>\n\n","protected":false},"excerpt":{"rendered":"<p>MICRON\u00ae Image-Guided OCT Tomograf\u00eda de coherencia \u00f3ptica (OCT) optimizada para ratones y ratas, con resoluci\u00f3n longitudinal inferior a 2 micras MICRON Image-guided OCT: Presenta cortes transversales histol\u00f3gicos \u00f3pticos en una vista del fondo del ojo en tiempo real Se acopla r\u00e1pidamente al sistema de obtenci\u00f3n de im\u00e1genes MICRON y no requiere espacio adicional en el [&hellip;]<\/p>\n","protected":false},"author":6,"featured_media":0,"parent":6198,"menu_order":0,"comment_status":"closed","ping_status":"closed","template":"page-full-width.php","meta":{"_acf_changed":false,"_themeisle_gutenberg_block_has_review":false,"footnotes":""},"class_list":["post-7837","page","type-page","status-publish","hentry"],"acf":[],"yoast_head":"<!-- This site is optimized with the Yoast SEO plugin v27.2 - https:\/\/yoast.com\/product\/yoast-seo-wordpress\/ -->\n<title>OCT guiada por imagen - Phoenix-micron<\/title>\n<meta name=\"robots\" content=\"index, follow, max-snippet:-1, max-image-preview:large, max-video-preview:-1\" \/>\n<link rel=\"canonical\" href=\"https:\/\/phoenixmicron.com\/es\/phoenix-micron\/oct-guiada-por-imagen\/\" \/>\n<meta property=\"og:locale\" content=\"es_ES\" \/>\n<meta property=\"og:type\" content=\"article\" \/>\n<meta property=\"og:title\" content=\"OCT guiada por imagen - Phoenix-micron\" \/>\n<meta property=\"og:description\" content=\"MICRON\u00ae Image-Guided OCT Tomograf\u00eda de coherencia \u00f3ptica (OCT) optimizada para ratones y ratas, con resoluci\u00f3n longitudinal inferior a 2 micras MICRON Image-guided OCT: Presenta cortes transversales histol\u00f3gicos \u00f3pticos en una vista del fondo del ojo en tiempo real Se acopla r\u00e1pidamente al sistema de obtenci\u00f3n de im\u00e1genes MICRON y no requiere espacio adicional en el [&hellip;]\" \/>\n<meta property=\"og:url\" content=\"https:\/\/phoenixmicron.com\/es\/phoenix-micron\/oct-guiada-por-imagen\/\" \/>\n<meta property=\"og:site_name\" content=\"Phoenix-micron\" \/>\n<meta property=\"article:modified_time\" content=\"2026-04-13T08:27:15+00:00\" \/>\n<meta property=\"og:image\" content=\"https:\/\/phoenixmicron.com\/wp-content\/uploads\/2019\/04\/OCT2_SCANS-e1431380965319.png\" \/>\n<meta name=\"twitter:card\" content=\"summary_large_image\" \/>\n<meta name=\"twitter:label1\" content=\"Tiempo de lectura\" \/>\n\t<meta name=\"twitter:data1\" content=\"1 minuto\" \/>\n<script type=\"application\/ld+json\" class=\"yoast-schema-graph\">{\"@context\":\"https:\/\/schema.org\",\"@graph\":[{\"@type\":\"WebPage\",\"@id\":\"https:\/\/phoenixmicron.com\/es\/phoenix-micron\/oct-guiada-por-imagen\/\",\"url\":\"https:\/\/phoenixmicron.com\/es\/phoenix-micron\/oct-guiada-por-imagen\/\",\"name\":\"OCT guiada por imagen - Phoenix-micron\",\"isPartOf\":{\"@id\":\"https:\/\/phoenixmicron.com\/es\/#website\"},\"primaryImageOfPage\":{\"@id\":\"https:\/\/phoenixmicron.com\/es\/phoenix-micron\/oct-guiada-por-imagen\/#primaryimage\"},\"image\":{\"@id\":\"https:\/\/phoenixmicron.com\/es\/phoenix-micron\/oct-guiada-por-imagen\/#primaryimage\"},\"thumbnailUrl\":\"https:\/\/phoenixmicron.com\/wp-content\/uploads\/2019\/04\/OCT2_SCANS-e1431380965319.png\",\"datePublished\":\"2019-04-25T05:41:19+00:00\",\"dateModified\":\"2026-04-13T08:27:15+00:00\",\"breadcrumb\":{\"@id\":\"https:\/\/phoenixmicron.com\/es\/phoenix-micron\/oct-guiada-por-imagen\/#breadcrumb\"},\"inLanguage\":\"es\",\"potentialAction\":[{\"@type\":\"ReadAction\",\"target\":[\"https:\/\/phoenixmicron.com\/es\/phoenix-micron\/oct-guiada-por-imagen\/\"]}]},{\"@type\":\"ImageObject\",\"inLanguage\":\"es\",\"@id\":\"https:\/\/phoenixmicron.com\/es\/phoenix-micron\/oct-guiada-por-imagen\/#primaryimage\",\"url\":\"https:\/\/phoenixmicron.com\/wp-content\/uploads\/2019\/04\/OCT2_SCANS-e1431380965319.png\",\"contentUrl\":\"https:\/\/phoenixmicron.com\/wp-content\/uploads\/2019\/04\/OCT2_SCANS-e1431380965319.png\"},{\"@type\":\"BreadcrumbList\",\"@id\":\"https:\/\/phoenixmicron.com\/es\/phoenix-micron\/oct-guiada-por-imagen\/#breadcrumb\",\"itemListElement\":[{\"@type\":\"ListItem\",\"position\":1,\"name\":\"Home\",\"item\":\"https:\/\/phoenixmicron.com\/es\/phoenix-micron\/\"},{\"@type\":\"ListItem\",\"position\":2,\"name\":\"Phoenix MICRON\",\"item\":\"https:\/\/phoenixmicron.com\/es\/phoenix-micron\/\"},{\"@type\":\"ListItem\",\"position\":3,\"name\":\"OCT guiada por imagen\"}]},{\"@type\":\"WebSite\",\"@id\":\"https:\/\/phoenixmicron.com\/es\/#website\",\"url\":\"https:\/\/phoenixmicron.com\/es\/\",\"name\":\"Phoenix-micron\",\"description\":\"\",\"publisher\":{\"@id\":\"https:\/\/phoenixmicron.com\/es\/#organization\"},\"potentialAction\":[{\"@type\":\"SearchAction\",\"target\":{\"@type\":\"EntryPoint\",\"urlTemplate\":\"https:\/\/phoenixmicron.com\/es\/?s={search_term_string}\"},\"query-input\":{\"@type\":\"PropertyValueSpecification\",\"valueRequired\":true,\"valueName\":\"search_term_string\"}}],\"inLanguage\":\"es\"},{\"@type\":\"Organization\",\"@id\":\"https:\/\/phoenixmicron.com\/es\/#organization\",\"name\":\"Phoenix-micron\",\"url\":\"https:\/\/phoenixmicron.com\/es\/\",\"logo\":{\"@type\":\"ImageObject\",\"inLanguage\":\"es\",\"@id\":\"https:\/\/phoenixmicron.com\/es\/#\/schema\/logo\/image\/\",\"url\":\"https:\/\/phoenixmicron.com\/wp-content\/uploads\/2019\/04\/faviconlogo.png\",\"contentUrl\":\"https:\/\/phoenixmicron.com\/wp-content\/uploads\/2019\/04\/faviconlogo.png\",\"width\":200,\"height\":200,\"caption\":\"Phoenix-micron\"},\"image\":{\"@id\":\"https:\/\/phoenixmicron.com\/es\/#\/schema\/logo\/image\/\"}}]}<\/script>\n<!-- \/ Yoast SEO plugin. -->","yoast_head_json":{"title":"OCT guiada por imagen - Phoenix-micron","robots":{"index":"index","follow":"follow","max-snippet":"max-snippet:-1","max-image-preview":"max-image-preview:large","max-video-preview":"max-video-preview:-1"},"canonical":"https:\/\/phoenixmicron.com\/es\/phoenix-micron\/oct-guiada-por-imagen\/","og_locale":"es_ES","og_type":"article","og_title":"OCT guiada por imagen - Phoenix-micron","og_description":"MICRON\u00ae Image-Guided OCT Tomograf\u00eda de coherencia \u00f3ptica (OCT) optimizada para ratones y ratas, con resoluci\u00f3n longitudinal inferior a 2 micras MICRON Image-guided OCT: Presenta cortes transversales histol\u00f3gicos \u00f3pticos en una vista del fondo del ojo en tiempo real Se acopla r\u00e1pidamente al sistema de obtenci\u00f3n de im\u00e1genes MICRON y no requiere espacio adicional en el [&hellip;]","og_url":"https:\/\/phoenixmicron.com\/es\/phoenix-micron\/oct-guiada-por-imagen\/","og_site_name":"Phoenix-micron","article_modified_time":"2026-04-13T08:27:15+00:00","og_image":[{"url":"https:\/\/phoenixmicron.com\/wp-content\/uploads\/2019\/04\/OCT2_SCANS-e1431380965319.png","type":"","width":"","height":""}],"twitter_card":"summary_large_image","twitter_misc":{"Tiempo de lectura":"1 minuto"},"schema":{"@context":"https:\/\/schema.org","@graph":[{"@type":"WebPage","@id":"https:\/\/phoenixmicron.com\/es\/phoenix-micron\/oct-guiada-por-imagen\/","url":"https:\/\/phoenixmicron.com\/es\/phoenix-micron\/oct-guiada-por-imagen\/","name":"OCT guiada por imagen - Phoenix-micron","isPartOf":{"@id":"https:\/\/phoenixmicron.com\/es\/#website"},"primaryImageOfPage":{"@id":"https:\/\/phoenixmicron.com\/es\/phoenix-micron\/oct-guiada-por-imagen\/#primaryimage"},"image":{"@id":"https:\/\/phoenixmicron.com\/es\/phoenix-micron\/oct-guiada-por-imagen\/#primaryimage"},"thumbnailUrl":"https:\/\/phoenixmicron.com\/wp-content\/uploads\/2019\/04\/OCT2_SCANS-e1431380965319.png","datePublished":"2019-04-25T05:41:19+00:00","dateModified":"2026-04-13T08:27:15+00:00","breadcrumb":{"@id":"https:\/\/phoenixmicron.com\/es\/phoenix-micron\/oct-guiada-por-imagen\/#breadcrumb"},"inLanguage":"es","potentialAction":[{"@type":"ReadAction","target":["https:\/\/phoenixmicron.com\/es\/phoenix-micron\/oct-guiada-por-imagen\/"]}]},{"@type":"ImageObject","inLanguage":"es","@id":"https:\/\/phoenixmicron.com\/es\/phoenix-micron\/oct-guiada-por-imagen\/#primaryimage","url":"https:\/\/phoenixmicron.com\/wp-content\/uploads\/2019\/04\/OCT2_SCANS-e1431380965319.png","contentUrl":"https:\/\/phoenixmicron.com\/wp-content\/uploads\/2019\/04\/OCT2_SCANS-e1431380965319.png"},{"@type":"BreadcrumbList","@id":"https:\/\/phoenixmicron.com\/es\/phoenix-micron\/oct-guiada-por-imagen\/#breadcrumb","itemListElement":[{"@type":"ListItem","position":1,"name":"Home","item":"https:\/\/phoenixmicron.com\/es\/phoenix-micron\/"},{"@type":"ListItem","position":2,"name":"Phoenix MICRON","item":"https:\/\/phoenixmicron.com\/es\/phoenix-micron\/"},{"@type":"ListItem","position":3,"name":"OCT guiada por imagen"}]},{"@type":"WebSite","@id":"https:\/\/phoenixmicron.com\/es\/#website","url":"https:\/\/phoenixmicron.com\/es\/","name":"Phoenix-micron","description":"","publisher":{"@id":"https:\/\/phoenixmicron.com\/es\/#organization"},"potentialAction":[{"@type":"SearchAction","target":{"@type":"EntryPoint","urlTemplate":"https:\/\/phoenixmicron.com\/es\/?s={search_term_string}"},"query-input":{"@type":"PropertyValueSpecification","valueRequired":true,"valueName":"search_term_string"}}],"inLanguage":"es"},{"@type":"Organization","@id":"https:\/\/phoenixmicron.com\/es\/#organization","name":"Phoenix-micron","url":"https:\/\/phoenixmicron.com\/es\/","logo":{"@type":"ImageObject","inLanguage":"es","@id":"https:\/\/phoenixmicron.com\/es\/#\/schema\/logo\/image\/","url":"https:\/\/phoenixmicron.com\/wp-content\/uploads\/2019\/04\/faviconlogo.png","contentUrl":"https:\/\/phoenixmicron.com\/wp-content\/uploads\/2019\/04\/faviconlogo.png","width":200,"height":200,"caption":"Phoenix-micron"},"image":{"@id":"https:\/\/phoenixmicron.com\/es\/#\/schema\/logo\/image\/"}}]}},"_links":{"self":[{"href":"https:\/\/phoenixmicron.com\/es\/wp-json\/wp\/v2\/pages\/7837","targetHints":{"allow":["GET"]}}],"collection":[{"href":"https:\/\/phoenixmicron.com\/es\/wp-json\/wp\/v2\/pages"}],"about":[{"href":"https:\/\/phoenixmicron.com\/es\/wp-json\/wp\/v2\/types\/page"}],"author":[{"embeddable":true,"href":"https:\/\/phoenixmicron.com\/es\/wp-json\/wp\/v2\/users\/6"}],"replies":[{"embeddable":true,"href":"https:\/\/phoenixmicron.com\/es\/wp-json\/wp\/v2\/comments?post=7837"}],"version-history":[{"count":0,"href":"https:\/\/phoenixmicron.com\/es\/wp-json\/wp\/v2\/pages\/7837\/revisions"}],"up":[{"embeddable":true,"href":"https:\/\/phoenixmicron.com\/es\/wp-json\/wp\/v2\/pages\/6198"}],"wp:attachment":[{"href":"https:\/\/phoenixmicron.com\/es\/wp-json\/wp\/v2\/media?parent=7837"}],"curies":[{"name":"wp","href":"https:\/\/api.w.org\/{rel}","templated":true}]}}