{"id":7645,"date":"2023-04-12T21:57:08","date_gmt":"2023-04-12T21:57:08","guid":{"rendered":"https:\/\/phoenixmicrdev.wpengine.com\/micron-etienda\/"},"modified":"2025-10-09T09:09:18","modified_gmt":"2025-10-09T09:09:18","slug":"micron-etienda","status":"publish","type":"page","link":"https:\/\/phoenixmicron.com\/es\/micron-etienda\/","title":{"rendered":"MICRON\u00ae eTienda"},"content":{"rendered":"<p><script id=\"formScript5087327000026436016\" src=\"https:\/\/crm.zoho.com\/crm\/WebFormServeServlet?rid=34301fbd4c2a68458cde37e28a04813540cadf1a6857f9c7751b3dc7ea411940gid112893d3261403273ebc9bf4bfb3d7345e540cba26a2b11dbd6f829106c2a33e&amp;script=%24sYG\"><\/script><\/p>\n<blockquote><p>Ten en cuenta que el acceso a la tienda online no est\u00e1 disponible en todos los pa\u00edses. Te avisaremos si el acceso no est\u00e1 disponible en tu regi\u00f3n. <\/p><\/blockquote>\n","protected":false},"excerpt":{"rendered":"<p>Ten en cuenta que el acceso a la tienda online no est\u00e1 disponible en todos los pa\u00edses. Te avisaremos si el acceso no est\u00e1 disponible en tu regi\u00f3n.<\/p>\n","protected":false},"author":1,"featured_media":0,"parent":0,"menu_order":0,"comment_status":"closed","ping_status":"closed","template":"","meta":{"_acf_changed":false,"_themeisle_gutenberg_block_has_review":false,"footnotes":""},"class_list":["post-7645","page","type-page","status-publish","hentry"],"acf":[],"yoast_head":"<!-- This site is optimized with the Yoast SEO plugin v27.2 - https:\/\/yoast.com\/product\/yoast-seo-wordpress\/ -->\n<title>MICRON\u00ae eTienda - Phoenix-micron<\/title>\n<meta name=\"robots\" content=\"index, follow, max-snippet:-1, max-image-preview:large, max-video-preview:-1\" \/>\n<link rel=\"canonical\" href=\"https:\/\/phoenixmicron.com\/es\/micron-etienda\/\" \/>\n<meta property=\"og:locale\" content=\"es_ES\" \/>\n<meta property=\"og:type\" content=\"article\" \/>\n<meta property=\"og:title\" content=\"MICRON\u00ae eTienda - Phoenix-micron\" \/>\n<meta property=\"og:description\" content=\"Ten en cuenta que el acceso a la tienda online no est\u00e1 disponible en todos los pa\u00edses. Te avisaremos si el acceso no est\u00e1 disponible en tu regi\u00f3n.\" \/>\n<meta property=\"og:url\" content=\"https:\/\/phoenixmicron.com\/es\/micron-etienda\/\" \/>\n<meta property=\"og:site_name\" content=\"Phoenix-micron\" \/>\n<meta property=\"article:modified_time\" content=\"2025-10-09T09:09:18+00:00\" \/>\n<meta name=\"twitter:card\" content=\"summary_large_image\" \/>\n<script type=\"application\/ld+json\" class=\"yoast-schema-graph\">{\"@context\":\"https:\/\/schema.org\",\"@graph\":[{\"@type\":\"WebPage\",\"@id\":\"https:\/\/phoenixmicron.com\/es\/micron-etienda\/\",\"url\":\"https:\/\/phoenixmicron.com\/es\/micron-etienda\/\",\"name\":\"MICRON\u00ae eTienda - Phoenix-micron\",\"isPartOf\":{\"@id\":\"https:\/\/phoenixmicron.com\/es\/#website\"},\"datePublished\":\"2023-04-12T21:57:08+00:00\",\"dateModified\":\"2025-10-09T09:09:18+00:00\",\"breadcrumb\":{\"@id\":\"https:\/\/phoenixmicron.com\/es\/micron-etienda\/#breadcrumb\"},\"inLanguage\":\"es\",\"potentialAction\":[{\"@type\":\"ReadAction\",\"target\":[\"https:\/\/phoenixmicron.com\/es\/micron-etienda\/\"]}]},{\"@type\":\"BreadcrumbList\",\"@id\":\"https:\/\/phoenixmicron.com\/es\/micron-etienda\/#breadcrumb\",\"itemListElement\":[{\"@type\":\"ListItem\",\"position\":1,\"name\":\"Home\",\"item\":\"https:\/\/phoenixmicron.com\/es\/phoenix-micron\/\"},{\"@type\":\"ListItem\",\"position\":2,\"name\":\"MICRON\u00ae eTienda\"}]},{\"@type\":\"WebSite\",\"@id\":\"https:\/\/phoenixmicron.com\/es\/#website\",\"url\":\"https:\/\/phoenixmicron.com\/es\/\",\"name\":\"Phoenix-micron\",\"description\":\"\",\"publisher\":{\"@id\":\"https:\/\/phoenixmicron.com\/es\/#organization\"},\"potentialAction\":[{\"@type\":\"SearchAction\",\"target\":{\"@type\":\"EntryPoint\",\"urlTemplate\":\"https:\/\/phoenixmicron.com\/es\/?s={search_term_string}\"},\"query-input\":{\"@type\":\"PropertyValueSpecification\",\"valueRequired\":true,\"valueName\":\"search_term_string\"}}],\"inLanguage\":\"es\"},{\"@type\":\"Organization\",\"@id\":\"https:\/\/phoenixmicron.com\/es\/#organization\",\"name\":\"Phoenix-micron\",\"url\":\"https:\/\/phoenixmicron.com\/es\/\",\"logo\":{\"@type\":\"ImageObject\",\"inLanguage\":\"es\",\"@id\":\"https:\/\/phoenixmicron.com\/es\/#\/schema\/logo\/image\/\",\"url\":\"https:\/\/phoenixmicron.com\/wp-content\/uploads\/2019\/04\/faviconlogo.png\",\"contentUrl\":\"https:\/\/phoenixmicron.com\/wp-content\/uploads\/2019\/04\/faviconlogo.png\",\"width\":200,\"height\":200,\"caption\":\"Phoenix-micron\"},\"image\":{\"@id\":\"https:\/\/phoenixmicron.com\/es\/#\/schema\/logo\/image\/\"}}]}<\/script>\n<!-- \/ Yoast SEO plugin. -->","yoast_head_json":{"title":"MICRON\u00ae eTienda - Phoenix-micron","robots":{"index":"index","follow":"follow","max-snippet":"max-snippet:-1","max-image-preview":"max-image-preview:large","max-video-preview":"max-video-preview:-1"},"canonical":"https:\/\/phoenixmicron.com\/es\/micron-etienda\/","og_locale":"es_ES","og_type":"article","og_title":"MICRON\u00ae eTienda - Phoenix-micron","og_description":"Ten en cuenta que el acceso a la tienda online no est\u00e1 disponible en todos los pa\u00edses. Te avisaremos si el acceso no est\u00e1 disponible en tu regi\u00f3n.","og_url":"https:\/\/phoenixmicron.com\/es\/micron-etienda\/","og_site_name":"Phoenix-micron","article_modified_time":"2025-10-09T09:09:18+00:00","twitter_card":"summary_large_image","schema":{"@context":"https:\/\/schema.org","@graph":[{"@type":"WebPage","@id":"https:\/\/phoenixmicron.com\/es\/micron-etienda\/","url":"https:\/\/phoenixmicron.com\/es\/micron-etienda\/","name":"MICRON\u00ae eTienda - Phoenix-micron","isPartOf":{"@id":"https:\/\/phoenixmicron.com\/es\/#website"},"datePublished":"2023-04-12T21:57:08+00:00","dateModified":"2025-10-09T09:09:18+00:00","breadcrumb":{"@id":"https:\/\/phoenixmicron.com\/es\/micron-etienda\/#breadcrumb"},"inLanguage":"es","potentialAction":[{"@type":"ReadAction","target":["https:\/\/phoenixmicron.com\/es\/micron-etienda\/"]}]},{"@type":"BreadcrumbList","@id":"https:\/\/phoenixmicron.com\/es\/micron-etienda\/#breadcrumb","itemListElement":[{"@type":"ListItem","position":1,"name":"Home","item":"https:\/\/phoenixmicron.com\/es\/phoenix-micron\/"},{"@type":"ListItem","position":2,"name":"MICRON\u00ae eTienda"}]},{"@type":"WebSite","@id":"https:\/\/phoenixmicron.com\/es\/#website","url":"https:\/\/phoenixmicron.com\/es\/","name":"Phoenix-micron","description":"","publisher":{"@id":"https:\/\/phoenixmicron.com\/es\/#organization"},"potentialAction":[{"@type":"SearchAction","target":{"@type":"EntryPoint","urlTemplate":"https:\/\/phoenixmicron.com\/es\/?s={search_term_string}"},"query-input":{"@type":"PropertyValueSpecification","valueRequired":true,"valueName":"search_term_string"}}],"inLanguage":"es"},{"@type":"Organization","@id":"https:\/\/phoenixmicron.com\/es\/#organization","name":"Phoenix-micron","url":"https:\/\/phoenixmicron.com\/es\/","logo":{"@type":"ImageObject","inLanguage":"es","@id":"https:\/\/phoenixmicron.com\/es\/#\/schema\/logo\/image\/","url":"https:\/\/phoenixmicron.com\/wp-content\/uploads\/2019\/04\/faviconlogo.png","contentUrl":"https:\/\/phoenixmicron.com\/wp-content\/uploads\/2019\/04\/faviconlogo.png","width":200,"height":200,"caption":"Phoenix-micron"},"image":{"@id":"https:\/\/phoenixmicron.com\/es\/#\/schema\/logo\/image\/"}}]}},"_links":{"self":[{"href":"https:\/\/phoenixmicron.com\/es\/wp-json\/wp\/v2\/pages\/7645","targetHints":{"allow":["GET"]}}],"collection":[{"href":"https:\/\/phoenixmicron.com\/es\/wp-json\/wp\/v2\/pages"}],"about":[{"href":"https:\/\/phoenixmicron.com\/es\/wp-json\/wp\/v2\/types\/page"}],"author":[{"embeddable":true,"href":"https:\/\/phoenixmicron.com\/es\/wp-json\/wp\/v2\/users\/1"}],"replies":[{"embeddable":true,"href":"https:\/\/phoenixmicron.com\/es\/wp-json\/wp\/v2\/comments?post=7645"}],"version-history":[{"count":0,"href":"https:\/\/phoenixmicron.com\/es\/wp-json\/wp\/v2\/pages\/7645\/revisions"}],"wp:attachment":[{"href":"https:\/\/phoenixmicron.com\/es\/wp-json\/wp\/v2\/media?parent=7645"}],"curies":[{"name":"wp","href":"https:\/\/api.w.org\/{rel}","templated":true}]}}