{"id":7528,"date":"2019-04-23T04:28:03","date_gmt":"2019-04-23T04:28:03","guid":{"rendered":"https:\/\/phoenixmicrdev.wpengine.com\/phoenix-micron\/ganzfeld-erg\/"},"modified":"2026-04-13T08:22:52","modified_gmt":"2026-04-13T08:22:52","slug":"ganzfeld-erg","status":"publish","type":"page","link":"https:\/\/phoenixmicron.com\/es\/phoenix-micron\/ganzfeld-erg\/","title":{"rendered":"Ganzfeld ERG"},"content":{"rendered":"\n<h1>\n\t\t\tMICRON<!--wpml-no-translate-->\u00ae<!--\/wpml-no-translate--> Ganzfeld ERG\t<\/h1>\n\t<p>Herramienta de electrofisiolog\u00eda optimizada para la respuesta retiniana \u00fanica de los fotorreceptores de roedores<\/p>\n\t<ul>\n<li>Capacidad espec\u00edfica para excitar los conos S, los conos M y los bastones<\/li>\n<li>La tecnolog\u00eda del laboratorio oscuro permite adaptar al m\u00e1ximo el ojo a la oscuridad para los fotorreceptores de bast\u00f3n murinos<\/li>\n<li>El software controla a la perfecci\u00f3n los est\u00edmulos UV y verde para realizar pruebas precisas y personalizables<\/li>\n<\/ul>\n\t<p><a href=\"https:\/\/phoenixmicron.com\/wp-content\/uploads\/2026\/04\/MICRON-Ganzfeld-ERG-2026.pdf\" target=\"_blank\" rel=\"noopener\">hoja de especificaciones<\/a> | <a href=\"https:\/\/phoenixmicron.com\/es\/?page_id=7860\" rel=\"noopener\">art\u00edculos<\/a><\/p>\n<figure itemscope itemtype=\"https:\/\/schema.org\/ImageObject\">\n\t\t\t\t<img decoding=\"async\" data-src=\"https:\/\/phoenixmicron.com\/wp-content\/uploads\/2019\/04\/picture-17-analysis-window-I.png\" alt=\"Ventana de an\u00e1lisis ERG\" height=\"902\" width=\"1607\" title=\"imagen 17 ventana de an\u00e1lisis I\" onerror=\"this.style.display='none'\" src=\"data:image\/svg+xml;base64,PHN2ZyB3aWR0aD0iMSIgaGVpZ2h0PSIxIiB4bWxucz0iaHR0cDovL3d3dy53My5vcmcvMjAwMC9zdmciPjwvc3ZnPg==\" class=\"lazyload\" style=\"--smush-placeholder-width: 1607px; --smush-placeholder-aspect-ratio: 1607\/902;\" \/>\n\t<\/figure>\n\t<p>Las herramientas de an\u00e1lisis MICRON no s\u00f3lo extraen el potencial oscilatorio, sino que construyen autom\u00e1ticamente una visualizaci\u00f3n en cascada.<\/p>\n<figure itemscope itemtype=\"https:\/\/schema.org\/ImageObject\">\n\t\t\t\t<img decoding=\"async\" data-src=\"https:\/\/phoenixmicron.com\/wp-content\/uploads\/2019\/04\/waterfall-161-offset.png\" alt=\"Gr\u00e1fico en cascada ERG\" height=\"808\" width=\"790\" title=\"cascada 161 desplazamiento\" onerror=\"this.style.display='none'\" src=\"data:image\/svg+xml;base64,PHN2ZyB3aWR0aD0iMSIgaGVpZ2h0PSIxIiB4bWxucz0iaHR0cDovL3d3dy53My5vcmcvMjAwMC9zdmciPjwvc3ZnPg==\" class=\"lazyload\" style=\"--smush-placeholder-width: 790px; --smush-placeholder-aspect-ratio: 790\/808;\" \/>\n\t<\/figure>\n<figure itemscope itemtype=\"https:\/\/schema.org\/ImageObject\">\n\t\t\t\t<img decoding=\"async\" data-src=\"https:\/\/phoenixmicron.com\/wp-content\/uploads\/2019\/04\/waterfall-no-offset.png\" alt=\"ERG Gr\u00e1fico en cascada\" height=\"810\" width=\"792\" title=\"cascada sin desplazamiento\" onerror=\"this.style.display='none'\" src=\"data:image\/svg+xml;base64,PHN2ZyB3aWR0aD0iMSIgaGVpZ2h0PSIxIiB4bWxucz0iaHR0cDovL3d3dy53My5vcmcvMjAwMC9zdmciPjwvc3ZnPg==\" class=\"lazyload\" style=\"--smush-placeholder-width: 792px; --smush-placeholder-aspect-ratio: 792\/810;\" \/>\n\t<\/figure>\n<h3>\n\t\t\tHerramientas ERG \u00fanicas espec\u00edficas para roedores\t<\/h3>\n\t<p>El procesado CLEAN de la se\u00f1al filtra el ruido de 60 Hz que suele haber en los sistemas el\u00e9ctricos de los edificios. Esta funci\u00f3n exclusiva elimina la necesidad de filtros de muesca (notch) o recorte de ancho de banda, lo que evita la distorsi\u00f3n y permite realizar mediciones ERG \u00fanicas sin promediar las se\u00f1ales de bajo nivel para eliminar el ruido.<\/p>\n<figure itemscope itemtype=\"https:\/\/schema.org\/ImageObject\">\n\t\t\t\t<img decoding=\"async\" data-src=\"https:\/\/phoenixmicron.com\/wp-content\/uploads\/2019\/04\/2a_Focal-ERG-5.png\" alt=\"Tabla de longitudes de onda de iluminaci\u00f3n\" height=\"1070\" width=\"1470\" title=\"2a_Focal-ERG-5\" onerror=\"this.style.display='none'\" src=\"data:image\/svg+xml;base64,PHN2ZyB3aWR0aD0iMSIgaGVpZ2h0PSIxIiB4bWxucz0iaHR0cDovL3d3dy53My5vcmcvMjAwMC9zdmciPjwvc3ZnPg==\" class=\"lazyload\" style=\"--smush-placeholder-width: 1470px; --smush-placeholder-aspect-ratio: 1470\/1070;\" \/>\n\t<\/figure>\n<h3>\n\t\t\tSOLUCIONES ERG PARA EL OJO DEL ROEDOR\t<\/h3>\n<h4>\n\t\t\tGanzfeld ERG\t<\/h4>\n\t<p>Una unidad compacta e independiente con un amplio rango din\u00e1mico, que ofrece luz UV y verde para adaptarse con precisi\u00f3n a la sensibilidad de los fotorreceptores de los roedores.<\/p>\n<h4>\n\t\t\tERG focal\t<\/h4>\n\t<p>Conectado al sistema de im\u00e1genes MICRON, el ERG Focal permite una orientaci\u00f3n precisa de  localizaciones retinianas espec\u00edficas para su estudio, preservando al mismo tiempo la adaptaci\u00f3n a la oscuridad. Tambi\u00e9n admite una amplia gama de tama\u00f1os de punto focal. <\/p>\n<h4>\n\t\t\tUn sistema totalmente funcional\t<\/h4>\n\t<p>Equipado con una gama completa de funciones, como parpadeo, saturaci\u00f3n de fondo y extracci\u00f3n de ondas OP.<\/p>\n<p>Equipado con CLEAN, una innovaci\u00f3n de Phoenix-MICRON que elimina autom\u00e1ticamente la captaci\u00f3n de 60 Hz.<\/p>\n<h4>\n\t\t\tERG de Ganzfeld para roedores\t<\/h4>\n\t<p>El sistema Ganzfeld ERG MICRON <!--\/wpml-no-translate--> \u00ae <!--wpml-no-translate--> est\u00e1 optimizado para la respuesta retiniana \u00fanica de los fotorreceptores de roedores y ofrece la capacidad espec\u00edfica de estimular los conos S, los conos M y los bastones. El sistema est\u00e1 equipado con la exclusiva tecnolog\u00eda \u00abdark lab\u00bb, que permite adaptar el ojo a la oscuridad de forma completa para los bastones murinos. Un software propietario controla el est\u00edmulo para UV y verde, proporcionando un control total del ancho de pulso, el retardo, la intensidad y el parpadeo.  <\/p>\n<p>El exclusivo dise\u00f1o de vista maxwelliana permite que el electrodo corneal forme parte de la lente frontal. Una c\u00e1mara de infrarrojos proporciona la gu\u00eda, asegurando un contacto suave con la c\u00f3rnea incluso con luz m\u00ednima. Esto mantiene una adaptaci\u00f3n absoluta a la oscuridad y un contacto estable con el ojo  .<\/p>\n<p><strong>Dise\u00f1ado para laboratorios con espacio limitado<\/strong>: El sistema m\u00e1s compacto para los animales m\u00e1s peque\u00f1os.<\/p>\n\t<p><a href=\"\/wp-content\/uploads\/2021\/11\/Phoenix-Ganzfeld-ERG-2021.pdf\" target=\"_blank\" rel=\"noopener\">hoja de especificaciones<\/a> | <a href=\"https:\/\/phoenixmicron.com\/es\/?page_id=7860\" rel=\"noopener\">art\u00edculos<\/a><\/p>\n<figure itemscope itemtype=\"https:\/\/schema.org\/ImageObject\">\n\t\t\t\t<img decoding=\"async\" data-src=\"https:\/\/phoenixmicron.com\/wp-content\/uploads\/2026\/03\/Ganzfeld_Black-cover_IMG_7758_web-content_image-900x1024.png\" alt=\"MICRON GAnzfeld ERG\" height=\"728\" width=\"640\" title=\"Ganzfeld_Black cover_IMG_7758_web content_image\" onerror=\"this.style.display='none'\" src=\"data:image\/svg+xml;base64,PHN2ZyB3aWR0aD0iMSIgaGVpZ2h0PSIxIiB4bWxucz0iaHR0cDovL3d3dy53My5vcmcvMjAwMC9zdmciPjwvc3ZnPg==\" class=\"lazyload\" style=\"--smush-placeholder-width: 640px; --smush-placeholder-aspect-ratio: 640\/728;\" \/>\n\t<\/figure>\n\n","protected":false},"excerpt":{"rendered":"<p>MICRON\u00ae Ganzfeld ERG Herramienta de electrofisiolog\u00eda optimizada para la respuesta retiniana \u00fanica de los fotorreceptores de roedores Capacidad espec\u00edfica para excitar los conos S, los conos M y los bastones La tecnolog\u00eda del laboratorio oscuro permite adaptar al m\u00e1ximo el ojo a la oscuridad para los fotorreceptores de bast\u00f3n murinos El software controla a la [&hellip;]<\/p>\n","protected":false},"author":6,"featured_media":0,"parent":6198,"menu_order":0,"comment_status":"closed","ping_status":"closed","template":"page-full-width.php","meta":{"_acf_changed":false,"_themeisle_gutenberg_block_has_review":false,"footnotes":""},"class_list":["post-7528","page","type-page","status-publish","hentry"],"acf":[],"yoast_head":"<!-- This site is optimized with the Yoast SEO plugin v27.2 - https:\/\/yoast.com\/product\/yoast-seo-wordpress\/ -->\n<title>Ganzfeld ERG - Phoenix-micron<\/title>\n<meta name=\"description\" content=\"El sistema Phoenix MICRON\u2122 Ganzfeld ERG, optimizado para la respuesta retiniana \u00fanica de los fotorreceptores de roedores, permite a los investigadores excitar SCones, MCones y bastones.\" \/>\n<meta name=\"robots\" content=\"index, follow, max-snippet:-1, max-image-preview:large, max-video-preview:-1\" \/>\n<link rel=\"canonical\" href=\"https:\/\/phoenixmicron.com\/es\/phoenix-micron\/ganzfeld-erg\/\" \/>\n<meta property=\"og:locale\" content=\"es_ES\" \/>\n<meta property=\"og:type\" content=\"article\" \/>\n<meta property=\"og:title\" content=\"Ganzfeld ERG - Phoenix-micron\" \/>\n<meta property=\"og:description\" content=\"El sistema Phoenix MICRON\u2122 Ganzfeld ERG, optimizado para la respuesta retiniana \u00fanica de los fotorreceptores de roedores, permite a los investigadores excitar SCones, MCones y bastones.\" \/>\n<meta property=\"og:url\" content=\"https:\/\/phoenixmicron.com\/es\/phoenix-micron\/ganzfeld-erg\/\" \/>\n<meta property=\"og:site_name\" content=\"Phoenix-micron\" \/>\n<meta property=\"article:modified_time\" content=\"2026-04-13T08:22:52+00:00\" \/>\n<meta property=\"og:image\" content=\"https:\/\/phoenixmicron.com\/wp-content\/uploads\/2019\/04\/picture-17-analysis-window-I.png\" \/>\n<meta name=\"twitter:card\" content=\"summary_large_image\" \/>\n<meta name=\"twitter:label1\" content=\"Tiempo de lectura\" \/>\n\t<meta name=\"twitter:data1\" content=\"2 minutos\" \/>\n<script type=\"application\/ld+json\" class=\"yoast-schema-graph\">{\"@context\":\"https:\/\/schema.org\",\"@graph\":[{\"@type\":\"WebPage\",\"@id\":\"https:\/\/phoenixmicron.com\/es\/phoenix-micron\/ganzfeld-erg\/\",\"url\":\"https:\/\/phoenixmicron.com\/es\/phoenix-micron\/ganzfeld-erg\/\",\"name\":\"Ganzfeld ERG - Phoenix-micron\",\"isPartOf\":{\"@id\":\"https:\/\/phoenixmicron.com\/es\/#website\"},\"primaryImageOfPage\":{\"@id\":\"https:\/\/phoenixmicron.com\/es\/phoenix-micron\/ganzfeld-erg\/#primaryimage\"},\"image\":{\"@id\":\"https:\/\/phoenixmicron.com\/es\/phoenix-micron\/ganzfeld-erg\/#primaryimage\"},\"thumbnailUrl\":\"https:\/\/phoenixmicron.com\/wp-content\/uploads\/2019\/04\/picture-17-analysis-window-I.png\",\"datePublished\":\"2019-04-23T04:28:03+00:00\",\"dateModified\":\"2026-04-13T08:22:52+00:00\",\"description\":\"El sistema Phoenix MICRON\u2122 Ganzfeld ERG, optimizado para la respuesta retiniana \u00fanica de los fotorreceptores de roedores, permite a los investigadores excitar SCones, MCones y bastones.\",\"breadcrumb\":{\"@id\":\"https:\/\/phoenixmicron.com\/es\/phoenix-micron\/ganzfeld-erg\/#breadcrumb\"},\"inLanguage\":\"es\",\"potentialAction\":[{\"@type\":\"ReadAction\",\"target\":[\"https:\/\/phoenixmicron.com\/es\/phoenix-micron\/ganzfeld-erg\/\"]}]},{\"@type\":\"ImageObject\",\"inLanguage\":\"es\",\"@id\":\"https:\/\/phoenixmicron.com\/es\/phoenix-micron\/ganzfeld-erg\/#primaryimage\",\"url\":\"https:\/\/phoenixmicron.com\/wp-content\/uploads\/2019\/04\/picture-17-analysis-window-I.png\",\"contentUrl\":\"https:\/\/phoenixmicron.com\/wp-content\/uploads\/2019\/04\/picture-17-analysis-window-I.png\"},{\"@type\":\"BreadcrumbList\",\"@id\":\"https:\/\/phoenixmicron.com\/es\/phoenix-micron\/ganzfeld-erg\/#breadcrumb\",\"itemListElement\":[{\"@type\":\"ListItem\",\"position\":1,\"name\":\"Home\",\"item\":\"https:\/\/phoenixmicron.com\/es\/phoenix-micron\/\"},{\"@type\":\"ListItem\",\"position\":2,\"name\":\"Phoenix MICRON\",\"item\":\"https:\/\/phoenixmicron.com\/es\/phoenix-micron\/\"},{\"@type\":\"ListItem\",\"position\":3,\"name\":\"Ganzfeld ERG\"}]},{\"@type\":\"WebSite\",\"@id\":\"https:\/\/phoenixmicron.com\/es\/#website\",\"url\":\"https:\/\/phoenixmicron.com\/es\/\",\"name\":\"Phoenix-micron\",\"description\":\"\",\"publisher\":{\"@id\":\"https:\/\/phoenixmicron.com\/es\/#organization\"},\"potentialAction\":[{\"@type\":\"SearchAction\",\"target\":{\"@type\":\"EntryPoint\",\"urlTemplate\":\"https:\/\/phoenixmicron.com\/es\/?s={search_term_string}\"},\"query-input\":{\"@type\":\"PropertyValueSpecification\",\"valueRequired\":true,\"valueName\":\"search_term_string\"}}],\"inLanguage\":\"es\"},{\"@type\":\"Organization\",\"@id\":\"https:\/\/phoenixmicron.com\/es\/#organization\",\"name\":\"Phoenix-micron\",\"url\":\"https:\/\/phoenixmicron.com\/es\/\",\"logo\":{\"@type\":\"ImageObject\",\"inLanguage\":\"es\",\"@id\":\"https:\/\/phoenixmicron.com\/es\/#\/schema\/logo\/image\/\",\"url\":\"https:\/\/phoenixmicron.com\/wp-content\/uploads\/2019\/04\/faviconlogo.png\",\"contentUrl\":\"https:\/\/phoenixmicron.com\/wp-content\/uploads\/2019\/04\/faviconlogo.png\",\"width\":200,\"height\":200,\"caption\":\"Phoenix-micron\"},\"image\":{\"@id\":\"https:\/\/phoenixmicron.com\/es\/#\/schema\/logo\/image\/\"}}]}<\/script>\n<!-- \/ Yoast SEO plugin. -->","yoast_head_json":{"title":"Ganzfeld ERG - Phoenix-micron","description":"El sistema Phoenix MICRON\u2122 Ganzfeld ERG, optimizado para la respuesta retiniana \u00fanica de los fotorreceptores de roedores, permite a los investigadores excitar SCones, MCones y bastones.","robots":{"index":"index","follow":"follow","max-snippet":"max-snippet:-1","max-image-preview":"max-image-preview:large","max-video-preview":"max-video-preview:-1"},"canonical":"https:\/\/phoenixmicron.com\/es\/phoenix-micron\/ganzfeld-erg\/","og_locale":"es_ES","og_type":"article","og_title":"Ganzfeld ERG - Phoenix-micron","og_description":"El sistema Phoenix MICRON\u2122 Ganzfeld ERG, optimizado para la respuesta retiniana \u00fanica de los fotorreceptores de roedores, permite a los investigadores excitar SCones, MCones y bastones.","og_url":"https:\/\/phoenixmicron.com\/es\/phoenix-micron\/ganzfeld-erg\/","og_site_name":"Phoenix-micron","article_modified_time":"2026-04-13T08:22:52+00:00","og_image":[{"url":"https:\/\/phoenixmicron.com\/wp-content\/uploads\/2019\/04\/picture-17-analysis-window-I.png","type":"","width":"","height":""}],"twitter_card":"summary_large_image","twitter_misc":{"Tiempo de lectura":"2 minutos"},"schema":{"@context":"https:\/\/schema.org","@graph":[{"@type":"WebPage","@id":"https:\/\/phoenixmicron.com\/es\/phoenix-micron\/ganzfeld-erg\/","url":"https:\/\/phoenixmicron.com\/es\/phoenix-micron\/ganzfeld-erg\/","name":"Ganzfeld ERG - Phoenix-micron","isPartOf":{"@id":"https:\/\/phoenixmicron.com\/es\/#website"},"primaryImageOfPage":{"@id":"https:\/\/phoenixmicron.com\/es\/phoenix-micron\/ganzfeld-erg\/#primaryimage"},"image":{"@id":"https:\/\/phoenixmicron.com\/es\/phoenix-micron\/ganzfeld-erg\/#primaryimage"},"thumbnailUrl":"https:\/\/phoenixmicron.com\/wp-content\/uploads\/2019\/04\/picture-17-analysis-window-I.png","datePublished":"2019-04-23T04:28:03+00:00","dateModified":"2026-04-13T08:22:52+00:00","description":"El sistema Phoenix MICRON\u2122 Ganzfeld ERG, optimizado para la respuesta retiniana \u00fanica de los fotorreceptores de roedores, permite a los investigadores excitar SCones, MCones y bastones.","breadcrumb":{"@id":"https:\/\/phoenixmicron.com\/es\/phoenix-micron\/ganzfeld-erg\/#breadcrumb"},"inLanguage":"es","potentialAction":[{"@type":"ReadAction","target":["https:\/\/phoenixmicron.com\/es\/phoenix-micron\/ganzfeld-erg\/"]}]},{"@type":"ImageObject","inLanguage":"es","@id":"https:\/\/phoenixmicron.com\/es\/phoenix-micron\/ganzfeld-erg\/#primaryimage","url":"https:\/\/phoenixmicron.com\/wp-content\/uploads\/2019\/04\/picture-17-analysis-window-I.png","contentUrl":"https:\/\/phoenixmicron.com\/wp-content\/uploads\/2019\/04\/picture-17-analysis-window-I.png"},{"@type":"BreadcrumbList","@id":"https:\/\/phoenixmicron.com\/es\/phoenix-micron\/ganzfeld-erg\/#breadcrumb","itemListElement":[{"@type":"ListItem","position":1,"name":"Home","item":"https:\/\/phoenixmicron.com\/es\/phoenix-micron\/"},{"@type":"ListItem","position":2,"name":"Phoenix MICRON","item":"https:\/\/phoenixmicron.com\/es\/phoenix-micron\/"},{"@type":"ListItem","position":3,"name":"Ganzfeld ERG"}]},{"@type":"WebSite","@id":"https:\/\/phoenixmicron.com\/es\/#website","url":"https:\/\/phoenixmicron.com\/es\/","name":"Phoenix-micron","description":"","publisher":{"@id":"https:\/\/phoenixmicron.com\/es\/#organization"},"potentialAction":[{"@type":"SearchAction","target":{"@type":"EntryPoint","urlTemplate":"https:\/\/phoenixmicron.com\/es\/?s={search_term_string}"},"query-input":{"@type":"PropertyValueSpecification","valueRequired":true,"valueName":"search_term_string"}}],"inLanguage":"es"},{"@type":"Organization","@id":"https:\/\/phoenixmicron.com\/es\/#organization","name":"Phoenix-micron","url":"https:\/\/phoenixmicron.com\/es\/","logo":{"@type":"ImageObject","inLanguage":"es","@id":"https:\/\/phoenixmicron.com\/es\/#\/schema\/logo\/image\/","url":"https:\/\/phoenixmicron.com\/wp-content\/uploads\/2019\/04\/faviconlogo.png","contentUrl":"https:\/\/phoenixmicron.com\/wp-content\/uploads\/2019\/04\/faviconlogo.png","width":200,"height":200,"caption":"Phoenix-micron"},"image":{"@id":"https:\/\/phoenixmicron.com\/es\/#\/schema\/logo\/image\/"}}]}},"_links":{"self":[{"href":"https:\/\/phoenixmicron.com\/es\/wp-json\/wp\/v2\/pages\/7528","targetHints":{"allow":["GET"]}}],"collection":[{"href":"https:\/\/phoenixmicron.com\/es\/wp-json\/wp\/v2\/pages"}],"about":[{"href":"https:\/\/phoenixmicron.com\/es\/wp-json\/wp\/v2\/types\/page"}],"author":[{"embeddable":true,"href":"https:\/\/phoenixmicron.com\/es\/wp-json\/wp\/v2\/users\/6"}],"replies":[{"embeddable":true,"href":"https:\/\/phoenixmicron.com\/es\/wp-json\/wp\/v2\/comments?post=7528"}],"version-history":[{"count":0,"href":"https:\/\/phoenixmicron.com\/es\/wp-json\/wp\/v2\/pages\/7528\/revisions"}],"up":[{"embeddable":true,"href":"https:\/\/phoenixmicron.com\/es\/wp-json\/wp\/v2\/pages\/6198"}],"wp:attachment":[{"href":"https:\/\/phoenixmicron.com\/es\/wp-json\/wp\/v2\/media?parent=7528"}],"curies":[{"name":"wp","href":"https:\/\/api.w.org\/{rel}","templated":true}]}}