{"id":7456,"date":"2019-04-12T03:44:31","date_gmt":"2019-04-12T03:44:31","guid":{"rendered":"https:\/\/phoenixmicrdev.wpengine.com\/phoenix-micron\/erg-focal\/"},"modified":"2026-04-13T08:46:32","modified_gmt":"2026-04-13T08:46:32","slug":"erg-focal","status":"publish","type":"page","link":"https:\/\/phoenixmicron.com\/es\/phoenix-micron\/erg-focal\/","title":{"rendered":"ERG focal"},"content":{"rendered":"\n<h1>\n\t\t\tMICRON<!--wpml-no-translate-->\u00ae<!--\/wpml-no-translate--> Image-Guided Focal ERG\t<\/h1>\n\t<p>Sistema ERG focal guiado por imagen optimizado para su uso con roedores.<\/p>\n\t<ul>\n<li>Se acopla a la c\u00e1mara MICRON<\/li>\n<li>El fondo de ojo rojo profundo mantiene al animal totalmente adaptado a la oscuridad<\/li>\n<li>Los micromanipuladores permiten colocar con precisi\u00f3n el est\u00edmulo focal en una zona diana<\/li>\n<li>Electrodo corneal incorporado: se acab\u00f3 la colocaci\u00f3n de peque\u00f1os contactos<br \/>\nen un laboratorio a oscuras<\/li>\n<\/ul>\n\t<p><a href=\"https:\/\/phoenixmicron.com\/wp-content\/uploads\/2026\/04\/MICRON-Focal-ERG-2026.pdf\" target=\"_blank\" rel=\"noopener\">hoja de especificaciones<\/a> | <a href=\"https:\/\/phoenixmicron.com\/es\/?page_id=7860\" rel=\"noopener\">art\u00edculos<\/a><\/p>\n<figure itemscope itemtype=\"https:\/\/schema.org\/ImageObject\">\n\t\t\t\t<img decoding=\"async\" data-src=\"https:\/\/phoenixmicron.com\/wp-content\/uploads\/2019\/04\/2e_Focal-ERG.jpg\" alt=\"Software ERG Clean\" height=\"726\" width=\"1132\" title=\"2e_Focal ERG\" onerror=\"this.style.display='none'\" src=\"data:image\/svg+xml;base64,PHN2ZyB3aWR0aD0iMSIgaGVpZ2h0PSIxIiB4bWxucz0iaHR0cDovL3d3dy53My5vcmcvMjAwMC9zdmciPjwvc3ZnPg==\" class=\"lazyload\" style=\"--smush-placeholder-width: 1132px; --smush-placeholder-aspect-ratio: 1132\/726;\" \/>\n\t<\/figure>\n\t<p>Las potentes herramientas de an\u00e1lisis MICRON no s\u00f3lo extraen el potencial oscilatorio, sino que construyen autom\u00e1ticamente una visualizaci\u00f3n en cascada.<\/p>\n<figure itemscope itemtype=\"https:\/\/schema.org\/ImageObject\">\n\t\t\t\t<img decoding=\"async\" data-src=\"https:\/\/phoenixmicron.com\/wp-content\/uploads\/2019\/04\/waterfall-161-offset.png\" alt=\"Gr\u00e1fico en cascada ERG\" height=\"808\" width=\"790\" title=\"cascada 161 desplazamiento\" onerror=\"this.style.display='none'\" src=\"data:image\/svg+xml;base64,PHN2ZyB3aWR0aD0iMSIgaGVpZ2h0PSIxIiB4bWxucz0iaHR0cDovL3d3dy53My5vcmcvMjAwMC9zdmciPjwvc3ZnPg==\" class=\"lazyload\" style=\"--smush-placeholder-width: 790px; --smush-placeholder-aspect-ratio: 790\/808;\" \/>\n\t<\/figure>\n<figure itemscope itemtype=\"https:\/\/schema.org\/ImageObject\">\n\t\t\t\t<img decoding=\"async\" data-src=\"https:\/\/phoenixmicron.com\/wp-content\/uploads\/2019\/04\/waterfall-no-offset.png\" alt=\"ERG Gr\u00e1fico en cascada\" height=\"810\" width=\"792\" title=\"cascada sin desplazamiento\" onerror=\"this.style.display='none'\" src=\"data:image\/svg+xml;base64,PHN2ZyB3aWR0aD0iMSIgaGVpZ2h0PSIxIiB4bWxucz0iaHR0cDovL3d3dy53My5vcmcvMjAwMC9zdmciPjwvc3ZnPg==\" class=\"lazyload\" style=\"--smush-placeholder-width: 792px; --smush-placeholder-aspect-ratio: 792\/810;\" \/>\n\t<\/figure>\n<h3>\n\t\t\tFiltro CLEAN de red el\u00e9ctrica\t<\/h3>\n\t<p>El procesamiento de se\u00f1ales MICRON CLEAN filtra el ruido de 60 Hz que suele haber en los sistemas de alimentaci\u00f3n de los edificios.  Esta funci\u00f3n exclusiva elimina la necesidad de filtros de muesca (notch) o recorte de ancho de banda, lo que evita la distorsi\u00f3n y permite realizar mediciones ERG \u00fanicas sin promediar las se\u00f1ales de bajo nivel para eliminar el ruido.<\/p>\n<figure itemscope itemtype=\"https:\/\/schema.org\/ImageObject\">\n\t\t\t\t<img decoding=\"async\" data-src=\"https:\/\/phoenixmicron.com\/wp-content\/uploads\/2019\/04\/2a_Focal-ERG-4.png\" alt=\"tabla comparativa de software ERG limpio\" height=\"1070\" width=\"1470\" title=\"2a_Focal-ERG-4\" onerror=\"this.style.display='none'\" src=\"data:image\/svg+xml;base64,PHN2ZyB3aWR0aD0iMSIgaGVpZ2h0PSIxIiB4bWxucz0iaHR0cDovL3d3dy53My5vcmcvMjAwMC9zdmciPjwvc3ZnPg==\" class=\"lazyload\" style=\"--smush-placeholder-width: 1470px; --smush-placeholder-aspect-ratio: 1470\/1070;\" \/>\n\t<\/figure>\n<h3>\n\t\t\tSOLUCIONES ERG PARA EL OJO DEL ROEDOR\t<\/h3>\n<h4>\n\t\t\tGanzfeld ERG\t<\/h4>\n\t<p>Una unidad compacta e independiente con un amplio rango din\u00e1mico, que ofrece luz UV y verde para adaptarse con precisi\u00f3n a la sensibilidad de los fotorreceptores de los roedores.<\/p>\n<h4>\n\t\t\tERG focal\t<\/h4>\n\t<p>Conectado al sistema de im\u00e1genes MICRON, el ERG Focal permite una orientaci\u00f3n precisa de  localizaciones retinianas espec\u00edficas para su estudio, preservando al mismo tiempo la adaptaci\u00f3n a la oscuridad. Tambi\u00e9n admite una amplia gama de tama\u00f1os de punto focal. <\/p>\n<h4>\n\t\t\tUn sistema totalmente integral\t<\/h4>\n\t<p>Equipado con una gama completa de funciones, como parpadeo, saturaci\u00f3n de fondo y extracci\u00f3n de ondas OP.<\/p>\n<p>Equipado con CLEAN, una innovaci\u00f3n de Phoenix que elimina autom\u00e1ticamente la captaci\u00f3n de 60 Hz.<\/p>\n<h4>\n\t\t\tERG focal guiado por imagen para roedores\t<\/h4>\n\t<p>La ERG focal guiada por imagen MICRON<!--wpml-no-translate-->\u00ae<!--\/wpml-no-translate--> determina cuantitativamente la funci\u00f3n retiniana en posiciones localizadas con precisi\u00f3n y genera un mapa espacial del rendimiento retiniano para facilitar la evaluaci\u00f3n de las regiones tratadas frente a las no tratadas. Para ello se utiliza una imagen de color rojo intenso y un punto de sonda de color rojo intenso, que se ven en la imagen MICRON<!--wpml-no-translate-->\u00ae<!--\/wpml-no-translate--> en tiempo real, y luego se hace parpadear un est\u00edmulo de luz blanca y se registra la se\u00f1al el\u00e9ctrica. <\/p>\n<p>La modalidad ERG guiada por imagen funciona como un accesorio del sistema MICRON de obtenci\u00f3n de im\u00e1genes de la retina, maximizando el espacio del laboratorio. El MICRON<!--wpml-no-translate-->\u00ae<!--\/wpml-no-translate--> proporciona iluminaci\u00f3n e imagen a 850 nm, lo que permite los niveles m\u00e1s altos de adaptaci\u00f3n a la oscuridad. <\/p>\n\t<p><strong>Se acopla al sistema MICRON<!--wpml-no-translate-->\u00ae<!--\/wpml-no-translate--><\/strong><\/p>\n<ul>\n<li>La gu\u00eda de luz infrarroja mantiene al animal totalmente adaptado a la oscuridad<\/li>\n<li>Electrodos incorporados: Se acab\u00f3 colocar peque\u00f1os contactos en un laboratorio a oscuras<\/li>\n<\/ul>\n\t<p><a href=\"https:\/\/phoenixmicron.com\/wp-content\/uploads\/2024\/08\/MICRON-Focal-ERG-2023.pdf\" target=\"_blank\" rel=\"noopener\">hoja de especificaciones<\/a> | <a href=\"https:\/\/phoenixmicron.com\/es\/?page_id=7860\" rel=\"noopener\">art\u00edculos<\/a> | <a href=\"https:\/\/phoenixmicron.com\/resources-researchers\/\" rel=\"noopener\">trabajos de investigaci\u00f3n<\/a> | <a href=\"https:\/\/phoenixmicron.com\/resources-researchers\/\">v\u00eddeos<\/a><\/p>\n<figure itemscope itemtype=\"https:\/\/schema.org\/ImageObject\">\n\t\t\t\t<img decoding=\"async\" data-src=\"https:\/\/phoenixmicron.com\/wp-content\/uploads\/2024\/07\/14_M5-fERG-2-website.png\" alt=\"14_M5 fERG-2 p\u00e1gina web\" height=\"1255\" width=\"1575\" title=\"14_M5 fERG-2 p\u00e1gina web\" onerror=\"this.style.display='none'\" src=\"data:image\/svg+xml;base64,PHN2ZyB3aWR0aD0iMSIgaGVpZ2h0PSIxIiB4bWxucz0iaHR0cDovL3d3dy53My5vcmcvMjAwMC9zdmciPjwvc3ZnPg==\" class=\"lazyload\" style=\"--smush-placeholder-width: 1575px; --smush-placeholder-aspect-ratio: 1575\/1255;\" \/>\n\t<\/figure>\n\n","protected":false},"excerpt":{"rendered":"<p>MICRON\u00ae Image-Guided Focal ERG Sistema ERG focal guiado por imagen optimizado para su uso con roedores. Se acopla a la c\u00e1mara MICRON El fondo de ojo rojo profundo mantiene al animal totalmente adaptado a la oscuridad Los micromanipuladores permiten colocar con precisi\u00f3n el est\u00edmulo focal en una zona diana Electrodo corneal incorporado: se acab\u00f3 la [&hellip;]<\/p>\n","protected":false},"author":6,"featured_media":0,"parent":6198,"menu_order":0,"comment_status":"closed","ping_status":"closed","template":"page-full-width.php","meta":{"_acf_changed":false,"_themeisle_gutenberg_block_has_review":false,"footnotes":""},"class_list":["post-7456","page","type-page","status-publish","hentry"],"acf":[],"yoast_head":"<!-- This site is optimized with the Yoast SEO plugin v27.2 - https:\/\/yoast.com\/product\/yoast-seo-wordpress\/ -->\n<title>ERG focal - Phoenix-micron<\/title>\n<meta name=\"description\" content=\"El ERG Focal Phoenix MICRON permite orientar con precisi\u00f3n la localizaci\u00f3n retiniana que se va a estudiar, manteniendo la adaptaci\u00f3n a la oscuridad. M\u00e1s informaci\u00f3n.\" \/>\n<meta name=\"robots\" content=\"index, follow, max-snippet:-1, max-image-preview:large, max-video-preview:-1\" \/>\n<link rel=\"canonical\" href=\"https:\/\/phoenixmicron.com\/es\/phoenix-micron\/erg-focal\/\" \/>\n<meta property=\"og:locale\" content=\"es_ES\" \/>\n<meta property=\"og:type\" content=\"article\" \/>\n<meta property=\"og:title\" content=\"ERG focal - Phoenix-micron\" \/>\n<meta property=\"og:description\" content=\"El ERG Focal Phoenix MICRON permite orientar con precisi\u00f3n la localizaci\u00f3n retiniana que se va a estudiar, manteniendo la adaptaci\u00f3n a la oscuridad. M\u00e1s informaci\u00f3n.\" \/>\n<meta property=\"og:url\" content=\"https:\/\/phoenixmicron.com\/es\/phoenix-micron\/erg-focal\/\" \/>\n<meta property=\"og:site_name\" content=\"Phoenix-micron\" \/>\n<meta property=\"article:modified_time\" content=\"2026-04-13T08:46:32+00:00\" \/>\n<meta property=\"og:image\" content=\"https:\/\/phoenixmicron.com\/wp-content\/uploads\/2019\/04\/2e_Focal-ERG.jpg\" \/>\n<meta name=\"twitter:card\" content=\"summary_large_image\" \/>\n<meta name=\"twitter:label1\" content=\"Tiempo de lectura\" \/>\n\t<meta name=\"twitter:data1\" content=\"2 minutos\" \/>\n<script type=\"application\/ld+json\" class=\"yoast-schema-graph\">{\"@context\":\"https:\/\/schema.org\",\"@graph\":[{\"@type\":\"WebPage\",\"@id\":\"https:\/\/phoenixmicron.com\/es\/phoenix-micron\/erg-focal\/\",\"url\":\"https:\/\/phoenixmicron.com\/es\/phoenix-micron\/erg-focal\/\",\"name\":\"ERG focal - Phoenix-micron\",\"isPartOf\":{\"@id\":\"https:\/\/phoenixmicron.com\/es\/#website\"},\"primaryImageOfPage\":{\"@id\":\"https:\/\/phoenixmicron.com\/es\/phoenix-micron\/erg-focal\/#primaryimage\"},\"image\":{\"@id\":\"https:\/\/phoenixmicron.com\/es\/phoenix-micron\/erg-focal\/#primaryimage\"},\"thumbnailUrl\":\"https:\/\/phoenixmicron.com\/wp-content\/uploads\/2019\/04\/2e_Focal-ERG.jpg\",\"datePublished\":\"2019-04-12T03:44:31+00:00\",\"dateModified\":\"2026-04-13T08:46:32+00:00\",\"description\":\"El ERG Focal Phoenix MICRON permite orientar con precisi\u00f3n la localizaci\u00f3n retiniana que se va a estudiar, manteniendo la adaptaci\u00f3n a la oscuridad. M\u00e1s informaci\u00f3n.\",\"breadcrumb\":{\"@id\":\"https:\/\/phoenixmicron.com\/es\/phoenix-micron\/erg-focal\/#breadcrumb\"},\"inLanguage\":\"es\",\"potentialAction\":[{\"@type\":\"ReadAction\",\"target\":[\"https:\/\/phoenixmicron.com\/es\/phoenix-micron\/erg-focal\/\"]}]},{\"@type\":\"ImageObject\",\"inLanguage\":\"es\",\"@id\":\"https:\/\/phoenixmicron.com\/es\/phoenix-micron\/erg-focal\/#primaryimage\",\"url\":\"https:\/\/phoenixmicron.com\/wp-content\/uploads\/2019\/04\/2e_Focal-ERG.jpg\",\"contentUrl\":\"https:\/\/phoenixmicron.com\/wp-content\/uploads\/2019\/04\/2e_Focal-ERG.jpg\"},{\"@type\":\"BreadcrumbList\",\"@id\":\"https:\/\/phoenixmicron.com\/es\/phoenix-micron\/erg-focal\/#breadcrumb\",\"itemListElement\":[{\"@type\":\"ListItem\",\"position\":1,\"name\":\"Home\",\"item\":\"https:\/\/phoenixmicron.com\/es\/phoenix-micron\/\"},{\"@type\":\"ListItem\",\"position\":2,\"name\":\"Phoenix MICRON\",\"item\":\"https:\/\/phoenixmicron.com\/es\/phoenix-micron\/\"},{\"@type\":\"ListItem\",\"position\":3,\"name\":\"ERG focal\"}]},{\"@type\":\"WebSite\",\"@id\":\"https:\/\/phoenixmicron.com\/es\/#website\",\"url\":\"https:\/\/phoenixmicron.com\/es\/\",\"name\":\"Phoenix-micron\",\"description\":\"\",\"publisher\":{\"@id\":\"https:\/\/phoenixmicron.com\/es\/#organization\"},\"potentialAction\":[{\"@type\":\"SearchAction\",\"target\":{\"@type\":\"EntryPoint\",\"urlTemplate\":\"https:\/\/phoenixmicron.com\/es\/?s={search_term_string}\"},\"query-input\":{\"@type\":\"PropertyValueSpecification\",\"valueRequired\":true,\"valueName\":\"search_term_string\"}}],\"inLanguage\":\"es\"},{\"@type\":\"Organization\",\"@id\":\"https:\/\/phoenixmicron.com\/es\/#organization\",\"name\":\"Phoenix-micron\",\"url\":\"https:\/\/phoenixmicron.com\/es\/\",\"logo\":{\"@type\":\"ImageObject\",\"inLanguage\":\"es\",\"@id\":\"https:\/\/phoenixmicron.com\/es\/#\/schema\/logo\/image\/\",\"url\":\"https:\/\/phoenixmicron.com\/wp-content\/uploads\/2019\/04\/faviconlogo.png\",\"contentUrl\":\"https:\/\/phoenixmicron.com\/wp-content\/uploads\/2019\/04\/faviconlogo.png\",\"width\":200,\"height\":200,\"caption\":\"Phoenix-micron\"},\"image\":{\"@id\":\"https:\/\/phoenixmicron.com\/es\/#\/schema\/logo\/image\/\"}}]}<\/script>\n<!-- \/ Yoast SEO plugin. -->","yoast_head_json":{"title":"ERG focal - Phoenix-micron","description":"El ERG Focal Phoenix MICRON permite orientar con precisi\u00f3n la localizaci\u00f3n retiniana que se va a estudiar, manteniendo la adaptaci\u00f3n a la oscuridad. M\u00e1s informaci\u00f3n.","robots":{"index":"index","follow":"follow","max-snippet":"max-snippet:-1","max-image-preview":"max-image-preview:large","max-video-preview":"max-video-preview:-1"},"canonical":"https:\/\/phoenixmicron.com\/es\/phoenix-micron\/erg-focal\/","og_locale":"es_ES","og_type":"article","og_title":"ERG focal - Phoenix-micron","og_description":"El ERG Focal Phoenix MICRON permite orientar con precisi\u00f3n la localizaci\u00f3n retiniana que se va a estudiar, manteniendo la adaptaci\u00f3n a la oscuridad. M\u00e1s informaci\u00f3n.","og_url":"https:\/\/phoenixmicron.com\/es\/phoenix-micron\/erg-focal\/","og_site_name":"Phoenix-micron","article_modified_time":"2026-04-13T08:46:32+00:00","og_image":[{"url":"https:\/\/phoenixmicron.com\/wp-content\/uploads\/2019\/04\/2e_Focal-ERG.jpg","type":"","width":"","height":""}],"twitter_card":"summary_large_image","twitter_misc":{"Tiempo de lectura":"2 minutos"},"schema":{"@context":"https:\/\/schema.org","@graph":[{"@type":"WebPage","@id":"https:\/\/phoenixmicron.com\/es\/phoenix-micron\/erg-focal\/","url":"https:\/\/phoenixmicron.com\/es\/phoenix-micron\/erg-focal\/","name":"ERG focal - Phoenix-micron","isPartOf":{"@id":"https:\/\/phoenixmicron.com\/es\/#website"},"primaryImageOfPage":{"@id":"https:\/\/phoenixmicron.com\/es\/phoenix-micron\/erg-focal\/#primaryimage"},"image":{"@id":"https:\/\/phoenixmicron.com\/es\/phoenix-micron\/erg-focal\/#primaryimage"},"thumbnailUrl":"https:\/\/phoenixmicron.com\/wp-content\/uploads\/2019\/04\/2e_Focal-ERG.jpg","datePublished":"2019-04-12T03:44:31+00:00","dateModified":"2026-04-13T08:46:32+00:00","description":"El ERG Focal Phoenix MICRON permite orientar con precisi\u00f3n la localizaci\u00f3n retiniana que se va a estudiar, manteniendo la adaptaci\u00f3n a la oscuridad. M\u00e1s informaci\u00f3n.","breadcrumb":{"@id":"https:\/\/phoenixmicron.com\/es\/phoenix-micron\/erg-focal\/#breadcrumb"},"inLanguage":"es","potentialAction":[{"@type":"ReadAction","target":["https:\/\/phoenixmicron.com\/es\/phoenix-micron\/erg-focal\/"]}]},{"@type":"ImageObject","inLanguage":"es","@id":"https:\/\/phoenixmicron.com\/es\/phoenix-micron\/erg-focal\/#primaryimage","url":"https:\/\/phoenixmicron.com\/wp-content\/uploads\/2019\/04\/2e_Focal-ERG.jpg","contentUrl":"https:\/\/phoenixmicron.com\/wp-content\/uploads\/2019\/04\/2e_Focal-ERG.jpg"},{"@type":"BreadcrumbList","@id":"https:\/\/phoenixmicron.com\/es\/phoenix-micron\/erg-focal\/#breadcrumb","itemListElement":[{"@type":"ListItem","position":1,"name":"Home","item":"https:\/\/phoenixmicron.com\/es\/phoenix-micron\/"},{"@type":"ListItem","position":2,"name":"Phoenix MICRON","item":"https:\/\/phoenixmicron.com\/es\/phoenix-micron\/"},{"@type":"ListItem","position":3,"name":"ERG focal"}]},{"@type":"WebSite","@id":"https:\/\/phoenixmicron.com\/es\/#website","url":"https:\/\/phoenixmicron.com\/es\/","name":"Phoenix-micron","description":"","publisher":{"@id":"https:\/\/phoenixmicron.com\/es\/#organization"},"potentialAction":[{"@type":"SearchAction","target":{"@type":"EntryPoint","urlTemplate":"https:\/\/phoenixmicron.com\/es\/?s={search_term_string}"},"query-input":{"@type":"PropertyValueSpecification","valueRequired":true,"valueName":"search_term_string"}}],"inLanguage":"es"},{"@type":"Organization","@id":"https:\/\/phoenixmicron.com\/es\/#organization","name":"Phoenix-micron","url":"https:\/\/phoenixmicron.com\/es\/","logo":{"@type":"ImageObject","inLanguage":"es","@id":"https:\/\/phoenixmicron.com\/es\/#\/schema\/logo\/image\/","url":"https:\/\/phoenixmicron.com\/wp-content\/uploads\/2019\/04\/faviconlogo.png","contentUrl":"https:\/\/phoenixmicron.com\/wp-content\/uploads\/2019\/04\/faviconlogo.png","width":200,"height":200,"caption":"Phoenix-micron"},"image":{"@id":"https:\/\/phoenixmicron.com\/es\/#\/schema\/logo\/image\/"}}]}},"_links":{"self":[{"href":"https:\/\/phoenixmicron.com\/es\/wp-json\/wp\/v2\/pages\/7456","targetHints":{"allow":["GET"]}}],"collection":[{"href":"https:\/\/phoenixmicron.com\/es\/wp-json\/wp\/v2\/pages"}],"about":[{"href":"https:\/\/phoenixmicron.com\/es\/wp-json\/wp\/v2\/types\/page"}],"author":[{"embeddable":true,"href":"https:\/\/phoenixmicron.com\/es\/wp-json\/wp\/v2\/users\/6"}],"replies":[{"embeddable":true,"href":"https:\/\/phoenixmicron.com\/es\/wp-json\/wp\/v2\/comments?post=7456"}],"version-history":[{"count":0,"href":"https:\/\/phoenixmicron.com\/es\/wp-json\/wp\/v2\/pages\/7456\/revisions"}],"up":[{"embeddable":true,"href":"https:\/\/phoenixmicron.com\/es\/wp-json\/wp\/v2\/pages\/6198"}],"wp:attachment":[{"href":"https:\/\/phoenixmicron.com\/es\/wp-json\/wp\/v2\/media?parent=7456"}],"curies":[{"name":"wp","href":"https:\/\/api.w.org\/{rel}","templated":true}]}}