{"id":7187,"date":"2019-04-04T10:56:07","date_gmt":"2019-04-04T10:56:07","guid":{"rendered":"https:\/\/phoenixmicrdev.wpengine.com\/investigadores\/"},"modified":"2025-10-09T09:10:44","modified_gmt":"2025-10-09T09:10:44","slug":"investigadores","status":"publish","type":"page","link":"https:\/\/phoenixmicron.com\/es\/investigadores\/","title":{"rendered":"Investigadores"},"content":{"rendered":"","protected":false},"excerpt":{"rendered":"","protected":false},"author":7,"featured_media":0,"parent":0,"menu_order":0,"comment_status":"closed","ping_status":"closed","template":"page-full-width.php","meta":{"_acf_changed":false,"_themeisle_gutenberg_block_has_review":false,"footnotes":""},"class_list":["post-7187","page","type-page","status-publish","hentry"],"acf":[],"yoast_head":"<!-- This site is optimized with the Yoast SEO plugin v27.2 - https:\/\/yoast.com\/product\/yoast-seo-wordpress\/ -->\n<title>Investigadores - Phoenix-micron<\/title>\n<meta name=\"description\" content=\"Las im\u00e1genes de la retina de roedores y animales m\u00e1s grandes que se muestran aqu\u00ed est\u00e1n tomadas con c\u00e1maras in vivo Phoenix MICRON IV o Phoenix MICRON X.\" \/>\n<meta name=\"robots\" content=\"index, follow, max-snippet:-1, max-image-preview:large, max-video-preview:-1\" \/>\n<link rel=\"canonical\" href=\"https:\/\/phoenixmicron.com\/es\/investigadores\/\" \/>\n<meta property=\"og:locale\" content=\"es_ES\" \/>\n<meta property=\"og:type\" content=\"article\" \/>\n<meta property=\"og:title\" content=\"Investigadores - Phoenix-micron\" \/>\n<meta property=\"og:description\" content=\"Las im\u00e1genes de la retina de roedores y animales m\u00e1s grandes que se muestran aqu\u00ed est\u00e1n tomadas con c\u00e1maras in vivo Phoenix MICRON IV o Phoenix MICRON X.\" \/>\n<meta property=\"og:url\" content=\"https:\/\/phoenixmicron.com\/es\/investigadores\/\" \/>\n<meta property=\"og:site_name\" content=\"Phoenix-micron\" \/>\n<meta property=\"article:modified_time\" content=\"2025-10-09T09:10:44+00:00\" \/>\n<meta name=\"twitter:card\" content=\"summary_large_image\" \/>\n<script type=\"application\/ld+json\" class=\"yoast-schema-graph\">{\"@context\":\"https:\/\/schema.org\",\"@graph\":[{\"@type\":\"WebPage\",\"@id\":\"https:\/\/phoenixmicron.com\/es\/investigadores\/\",\"url\":\"https:\/\/phoenixmicron.com\/es\/investigadores\/\",\"name\":\"Investigadores - Phoenix-micron\",\"isPartOf\":{\"@id\":\"https:\/\/phoenixmicron.com\/es\/#website\"},\"datePublished\":\"2019-04-04T10:56:07+00:00\",\"dateModified\":\"2025-10-09T09:10:44+00:00\",\"description\":\"Las im\u00e1genes de la retina de roedores y animales m\u00e1s grandes que se muestran aqu\u00ed est\u00e1n tomadas con c\u00e1maras in vivo Phoenix MICRON IV o Phoenix MICRON X.\",\"breadcrumb\":{\"@id\":\"https:\/\/phoenixmicron.com\/es\/investigadores\/#breadcrumb\"},\"inLanguage\":\"es\",\"potentialAction\":[{\"@type\":\"ReadAction\",\"target\":[\"https:\/\/phoenixmicron.com\/es\/investigadores\/\"]}]},{\"@type\":\"BreadcrumbList\",\"@id\":\"https:\/\/phoenixmicron.com\/es\/investigadores\/#breadcrumb\",\"itemListElement\":[{\"@type\":\"ListItem\",\"position\":1,\"name\":\"Home\",\"item\":\"https:\/\/phoenixmicron.com\/es\/phoenix-micron\/\"},{\"@type\":\"ListItem\",\"position\":2,\"name\":\"Investigadores\"}]},{\"@type\":\"WebSite\",\"@id\":\"https:\/\/phoenixmicron.com\/es\/#website\",\"url\":\"https:\/\/phoenixmicron.com\/es\/\",\"name\":\"Phoenix-micron\",\"description\":\"\",\"publisher\":{\"@id\":\"https:\/\/phoenixmicron.com\/es\/#organization\"},\"potentialAction\":[{\"@type\":\"SearchAction\",\"target\":{\"@type\":\"EntryPoint\",\"urlTemplate\":\"https:\/\/phoenixmicron.com\/es\/?s={search_term_string}\"},\"query-input\":{\"@type\":\"PropertyValueSpecification\",\"valueRequired\":true,\"valueName\":\"search_term_string\"}}],\"inLanguage\":\"es\"},{\"@type\":\"Organization\",\"@id\":\"https:\/\/phoenixmicron.com\/es\/#organization\",\"name\":\"Phoenix-micron\",\"url\":\"https:\/\/phoenixmicron.com\/es\/\",\"logo\":{\"@type\":\"ImageObject\",\"inLanguage\":\"es\",\"@id\":\"https:\/\/phoenixmicron.com\/es\/#\/schema\/logo\/image\/\",\"url\":\"https:\/\/phoenixmicron.com\/wp-content\/uploads\/2019\/04\/faviconlogo.png\",\"contentUrl\":\"https:\/\/phoenixmicron.com\/wp-content\/uploads\/2019\/04\/faviconlogo.png\",\"width\":200,\"height\":200,\"caption\":\"Phoenix-micron\"},\"image\":{\"@id\":\"https:\/\/phoenixmicron.com\/es\/#\/schema\/logo\/image\/\"}}]}<\/script>\n<!-- \/ Yoast SEO plugin. -->","yoast_head_json":{"title":"Investigadores - Phoenix-micron","description":"Las im\u00e1genes de la retina de roedores y animales m\u00e1s grandes que se muestran aqu\u00ed est\u00e1n tomadas con c\u00e1maras in vivo Phoenix MICRON IV o Phoenix MICRON X.","robots":{"index":"index","follow":"follow","max-snippet":"max-snippet:-1","max-image-preview":"max-image-preview:large","max-video-preview":"max-video-preview:-1"},"canonical":"https:\/\/phoenixmicron.com\/es\/investigadores\/","og_locale":"es_ES","og_type":"article","og_title":"Investigadores - Phoenix-micron","og_description":"Las im\u00e1genes de la retina de roedores y animales m\u00e1s grandes que se muestran aqu\u00ed est\u00e1n tomadas con c\u00e1maras in vivo Phoenix MICRON IV o Phoenix MICRON X.","og_url":"https:\/\/phoenixmicron.com\/es\/investigadores\/","og_site_name":"Phoenix-micron","article_modified_time":"2025-10-09T09:10:44+00:00","twitter_card":"summary_large_image","schema":{"@context":"https:\/\/schema.org","@graph":[{"@type":"WebPage","@id":"https:\/\/phoenixmicron.com\/es\/investigadores\/","url":"https:\/\/phoenixmicron.com\/es\/investigadores\/","name":"Investigadores - Phoenix-micron","isPartOf":{"@id":"https:\/\/phoenixmicron.com\/es\/#website"},"datePublished":"2019-04-04T10:56:07+00:00","dateModified":"2025-10-09T09:10:44+00:00","description":"Las im\u00e1genes de la retina de roedores y animales m\u00e1s grandes que se muestran aqu\u00ed est\u00e1n tomadas con c\u00e1maras in vivo Phoenix MICRON IV o Phoenix MICRON X.","breadcrumb":{"@id":"https:\/\/phoenixmicron.com\/es\/investigadores\/#breadcrumb"},"inLanguage":"es","potentialAction":[{"@type":"ReadAction","target":["https:\/\/phoenixmicron.com\/es\/investigadores\/"]}]},{"@type":"BreadcrumbList","@id":"https:\/\/phoenixmicron.com\/es\/investigadores\/#breadcrumb","itemListElement":[{"@type":"ListItem","position":1,"name":"Home","item":"https:\/\/phoenixmicron.com\/es\/phoenix-micron\/"},{"@type":"ListItem","position":2,"name":"Investigadores"}]},{"@type":"WebSite","@id":"https:\/\/phoenixmicron.com\/es\/#website","url":"https:\/\/phoenixmicron.com\/es\/","name":"Phoenix-micron","description":"","publisher":{"@id":"https:\/\/phoenixmicron.com\/es\/#organization"},"potentialAction":[{"@type":"SearchAction","target":{"@type":"EntryPoint","urlTemplate":"https:\/\/phoenixmicron.com\/es\/?s={search_term_string}"},"query-input":{"@type":"PropertyValueSpecification","valueRequired":true,"valueName":"search_term_string"}}],"inLanguage":"es"},{"@type":"Organization","@id":"https:\/\/phoenixmicron.com\/es\/#organization","name":"Phoenix-micron","url":"https:\/\/phoenixmicron.com\/es\/","logo":{"@type":"ImageObject","inLanguage":"es","@id":"https:\/\/phoenixmicron.com\/es\/#\/schema\/logo\/image\/","url":"https:\/\/phoenixmicron.com\/wp-content\/uploads\/2019\/04\/faviconlogo.png","contentUrl":"https:\/\/phoenixmicron.com\/wp-content\/uploads\/2019\/04\/faviconlogo.png","width":200,"height":200,"caption":"Phoenix-micron"},"image":{"@id":"https:\/\/phoenixmicron.com\/es\/#\/schema\/logo\/image\/"}}]}},"_links":{"self":[{"href":"https:\/\/phoenixmicron.com\/es\/wp-json\/wp\/v2\/pages\/7187","targetHints":{"allow":["GET"]}}],"collection":[{"href":"https:\/\/phoenixmicron.com\/es\/wp-json\/wp\/v2\/pages"}],"about":[{"href":"https:\/\/phoenixmicron.com\/es\/wp-json\/wp\/v2\/types\/page"}],"author":[{"embeddable":true,"href":"https:\/\/phoenixmicron.com\/es\/wp-json\/wp\/v2\/users\/7"}],"replies":[{"embeddable":true,"href":"https:\/\/phoenixmicron.com\/es\/wp-json\/wp\/v2\/comments?post=7187"}],"version-history":[{"count":0,"href":"https:\/\/phoenixmicron.com\/es\/wp-json\/wp\/v2\/pages\/7187\/revisions"}],"wp:attachment":[{"href":"https:\/\/phoenixmicron.com\/es\/wp-json\/wp\/v2\/media?parent=7187"}],"curies":[{"name":"wp","href":"https:\/\/api.w.org\/{rel}","templated":true}]}}