{"id":6574,"date":"2024-08-19T18:26:24","date_gmt":"2024-08-19T18:26:24","guid":{"rendered":"https:\/\/phoenixmicrdev.wpengine.com\/mes-de-la-salud-y-la-seguridad-ocular-infantil\/"},"modified":"2025-10-09T09:11:24","modified_gmt":"2025-10-09T09:11:24","slug":"mes-de-la-salud-y-la-seguridad-ocular-infantil","status":"publish","type":"page","link":"https:\/\/phoenixmicron.com\/es\/mes-de-la-salud-y-la-seguridad-ocular-infantil\/","title":{"rendered":"Mes de la salud y la seguridad ocular infantil"},"content":{"rendered":"<p>Agosto es el Mes de la Salud y Seguridad Ocular Infantil. Esta iniciativa, encabezada por <g id=\"gid_0\">Prevent Blindness,<\/g> pretende concienciar a padres, cuidadores, profesionales y responsables pol\u00edticos sobre el impacto cr\u00edtico de la visi\u00f3n y la salud ocular en el desarrollo, el aprendizaje y las interacciones sociales de los ni\u00f1os. Tambi\u00e9n proporcionan orientaci\u00f3n sobre el acceso a la atenci\u00f3n ocular y fomentan la defensa de la financiaci\u00f3n federal para apoyar los programas estatales y comunitarios de salud ocular infantil.  <\/p>\n<p><a href=\"https:\/\/phoenixmicron.com\/childrens-eye-health-safety-month\/childrens-eye-health-and-safety-month\/\" rel=\"attachment wp-att-5602\"><img decoding=\"async\" class=\"aligncenter size-large wp-image-5602 lazyload\" data-src=\"https:\/\/phoenixmicron.com\/wp-content\/uploads\/2024\/08\/Childrens-Eye-health-and-safety-month-1024x1024.png\" alt=\"Mes de la salud y seguridad ocular infantil\" width=\"640\" height=\"640\" src=\"data:image\/svg+xml;base64,PHN2ZyB3aWR0aD0iMSIgaGVpZ2h0PSIxIiB4bWxucz0iaHR0cDovL3d3dy53My5vcmcvMjAwMC9zdmciPjwvc3ZnPg==\" style=\"--smush-placeholder-width: 640px; --smush-placeholder-aspect-ratio: 640\/640;\"><\/a><\/p>\n<p>&nbsp;<\/p>\n<p>Adem\u00e1s de proporcionar orientaci\u00f3n sobre los recursos disponibles, Prevent Blindness tambi\u00e9n ha lanzado recientemente el nuevo \u00ab<strong><br \/>\n  <a href=\"https:\/\/preventblindness.org\/retinopathy-of-prematurity-rop\">Programa de Educaci\u00f3n y Apoyo sobre la Retinopat\u00eda del Prematuro (ROP)<\/a><br \/>\n<\/strong>como parte de la primera Semana de Concienciaci\u00f3n sobre la Retinopat\u00eda del Prematuro.<\/p>\n<p>M\u00e1s informaci\u00f3n sobre el Mes de la Salud y la Seguridad Ocular Infantil <a href=\"https:\/\/preventblindness.org\/2024-childrens-vision-month\/\">aqu\u00ed.<\/a><\/p>\n","protected":false},"excerpt":{"rendered":"<p>Agosto es el Mes de la Salud y Seguridad Ocular Infantil. Esta iniciativa, encabezada por Prevent Blindness, pretende concienciar a padres, cuidadores, profesionales y responsables pol\u00edticos sobre el impacto cr\u00edtico de la visi\u00f3n y la salud ocular en el desarrollo, el aprendizaje y las interacciones sociales de los ni\u00f1os. Tambi\u00e9n proporcionan orientaci\u00f3n sobre el acceso [&hellip;]<\/p>\n","protected":false},"author":7,"featured_media":0,"parent":0,"menu_order":0,"comment_status":"closed","ping_status":"closed","template":"","meta":{"_acf_changed":false,"_themeisle_gutenberg_block_has_review":false,"footnotes":""},"class_list":["post-6574","page","type-page","status-publish","hentry"],"acf":[],"yoast_head":"<!-- This site is optimized with the Yoast SEO plugin v27.2 - https:\/\/yoast.com\/product\/yoast-seo-wordpress\/ -->\n<title>Mes de la salud y la seguridad ocular infantil - Phoenix-micron<\/title>\n<meta name=\"robots\" content=\"index, follow, max-snippet:-1, max-image-preview:large, max-video-preview:-1\" \/>\n<link rel=\"canonical\" href=\"https:\/\/phoenixmicron.com\/es\/mes-de-la-salud-y-la-seguridad-ocular-infantil\/\" \/>\n<meta property=\"og:locale\" content=\"es_ES\" \/>\n<meta property=\"og:type\" content=\"article\" \/>\n<meta property=\"og:title\" content=\"Mes de la salud y la seguridad ocular infantil - Phoenix-micron\" \/>\n<meta property=\"og:description\" content=\"Agosto es el Mes de la Salud y Seguridad Ocular Infantil. Esta iniciativa, encabezada por Prevent Blindness, pretende concienciar a padres, cuidadores, profesionales y responsables pol\u00edticos sobre el impacto cr\u00edtico de la visi\u00f3n y la salud ocular en el desarrollo, el aprendizaje y las interacciones sociales de los ni\u00f1os. Tambi\u00e9n proporcionan orientaci\u00f3n sobre el acceso [&hellip;]\" \/>\n<meta property=\"og:url\" content=\"https:\/\/phoenixmicron.com\/es\/mes-de-la-salud-y-la-seguridad-ocular-infantil\/\" \/>\n<meta property=\"og:site_name\" content=\"Phoenix-micron\" \/>\n<meta property=\"article:modified_time\" content=\"2025-10-09T09:11:24+00:00\" \/>\n<meta name=\"twitter:card\" content=\"summary_large_image\" \/>\n<meta name=\"twitter:label1\" content=\"Tiempo de lectura\" \/>\n\t<meta name=\"twitter:data1\" content=\"1 minuto\" \/>\n<script type=\"application\/ld+json\" class=\"yoast-schema-graph\">{\"@context\":\"https:\/\/schema.org\",\"@graph\":[{\"@type\":\"WebPage\",\"@id\":\"https:\/\/phoenixmicron.com\/es\/mes-de-la-salud-y-la-seguridad-ocular-infantil\/\",\"url\":\"https:\/\/phoenixmicron.com\/es\/mes-de-la-salud-y-la-seguridad-ocular-infantil\/\",\"name\":\"Mes de la salud y la seguridad ocular infantil - Phoenix-micron\",\"isPartOf\":{\"@id\":\"https:\/\/phoenixmicron.com\/es\/#website\"},\"primaryImageOfPage\":{\"@id\":\"https:\/\/phoenixmicron.com\/es\/mes-de-la-salud-y-la-seguridad-ocular-infantil\/#primaryimage\"},\"image\":{\"@id\":\"https:\/\/phoenixmicron.com\/es\/mes-de-la-salud-y-la-seguridad-ocular-infantil\/#primaryimage\"},\"thumbnailUrl\":\"https:\/\/phoenixmicron.com\/wp-content\/uploads\/2024\/08\/Childrens-Eye-health-and-safety-month-1024x1024.png\",\"datePublished\":\"2024-08-19T18:26:24+00:00\",\"dateModified\":\"2025-10-09T09:11:24+00:00\",\"breadcrumb\":{\"@id\":\"https:\/\/phoenixmicron.com\/es\/mes-de-la-salud-y-la-seguridad-ocular-infantil\/#breadcrumb\"},\"inLanguage\":\"es\",\"potentialAction\":[{\"@type\":\"ReadAction\",\"target\":[\"https:\/\/phoenixmicron.com\/es\/mes-de-la-salud-y-la-seguridad-ocular-infantil\/\"]}]},{\"@type\":\"ImageObject\",\"inLanguage\":\"es\",\"@id\":\"https:\/\/phoenixmicron.com\/es\/mes-de-la-salud-y-la-seguridad-ocular-infantil\/#primaryimage\",\"url\":\"https:\/\/phoenixmicron.com\/wp-content\/uploads\/2024\/08\/Childrens-Eye-health-and-safety-month-1024x1024.png\",\"contentUrl\":\"https:\/\/phoenixmicron.com\/wp-content\/uploads\/2024\/08\/Childrens-Eye-health-and-safety-month-1024x1024.png\"},{\"@type\":\"BreadcrumbList\",\"@id\":\"https:\/\/phoenixmicron.com\/es\/mes-de-la-salud-y-la-seguridad-ocular-infantil\/#breadcrumb\",\"itemListElement\":[{\"@type\":\"ListItem\",\"position\":1,\"name\":\"Home\",\"item\":\"https:\/\/phoenixmicron.com\/es\/phoenix-micron\/\"},{\"@type\":\"ListItem\",\"position\":2,\"name\":\"Mes de la salud y la seguridad ocular infantil\"}]},{\"@type\":\"WebSite\",\"@id\":\"https:\/\/phoenixmicron.com\/es\/#website\",\"url\":\"https:\/\/phoenixmicron.com\/es\/\",\"name\":\"Phoenix-micron\",\"description\":\"\",\"publisher\":{\"@id\":\"https:\/\/phoenixmicron.com\/es\/#organization\"},\"potentialAction\":[{\"@type\":\"SearchAction\",\"target\":{\"@type\":\"EntryPoint\",\"urlTemplate\":\"https:\/\/phoenixmicron.com\/es\/?s={search_term_string}\"},\"query-input\":{\"@type\":\"PropertyValueSpecification\",\"valueRequired\":true,\"valueName\":\"search_term_string\"}}],\"inLanguage\":\"es\"},{\"@type\":\"Organization\",\"@id\":\"https:\/\/phoenixmicron.com\/es\/#organization\",\"name\":\"Phoenix-micron\",\"url\":\"https:\/\/phoenixmicron.com\/es\/\",\"logo\":{\"@type\":\"ImageObject\",\"inLanguage\":\"es\",\"@id\":\"https:\/\/phoenixmicron.com\/es\/#\/schema\/logo\/image\/\",\"url\":\"https:\/\/phoenixmicron.com\/wp-content\/uploads\/2019\/04\/faviconlogo.png\",\"contentUrl\":\"https:\/\/phoenixmicron.com\/wp-content\/uploads\/2019\/04\/faviconlogo.png\",\"width\":200,\"height\":200,\"caption\":\"Phoenix-micron\"},\"image\":{\"@id\":\"https:\/\/phoenixmicron.com\/es\/#\/schema\/logo\/image\/\"}}]}<\/script>\n<!-- \/ Yoast SEO plugin. -->","yoast_head_json":{"title":"Mes de la salud y la seguridad ocular infantil - Phoenix-micron","robots":{"index":"index","follow":"follow","max-snippet":"max-snippet:-1","max-image-preview":"max-image-preview:large","max-video-preview":"max-video-preview:-1"},"canonical":"https:\/\/phoenixmicron.com\/es\/mes-de-la-salud-y-la-seguridad-ocular-infantil\/","og_locale":"es_ES","og_type":"article","og_title":"Mes de la salud y la seguridad ocular infantil - Phoenix-micron","og_description":"Agosto es el Mes de la Salud y Seguridad Ocular Infantil. Esta iniciativa, encabezada por Prevent Blindness, pretende concienciar a padres, cuidadores, profesionales y responsables pol\u00edticos sobre el impacto cr\u00edtico de la visi\u00f3n y la salud ocular en el desarrollo, el aprendizaje y las interacciones sociales de los ni\u00f1os. Tambi\u00e9n proporcionan orientaci\u00f3n sobre el acceso [&hellip;]","og_url":"https:\/\/phoenixmicron.com\/es\/mes-de-la-salud-y-la-seguridad-ocular-infantil\/","og_site_name":"Phoenix-micron","article_modified_time":"2025-10-09T09:11:24+00:00","twitter_card":"summary_large_image","twitter_misc":{"Tiempo de lectura":"1 minuto"},"schema":{"@context":"https:\/\/schema.org","@graph":[{"@type":"WebPage","@id":"https:\/\/phoenixmicron.com\/es\/mes-de-la-salud-y-la-seguridad-ocular-infantil\/","url":"https:\/\/phoenixmicron.com\/es\/mes-de-la-salud-y-la-seguridad-ocular-infantil\/","name":"Mes de la salud y la seguridad ocular infantil - Phoenix-micron","isPartOf":{"@id":"https:\/\/phoenixmicron.com\/es\/#website"},"primaryImageOfPage":{"@id":"https:\/\/phoenixmicron.com\/es\/mes-de-la-salud-y-la-seguridad-ocular-infantil\/#primaryimage"},"image":{"@id":"https:\/\/phoenixmicron.com\/es\/mes-de-la-salud-y-la-seguridad-ocular-infantil\/#primaryimage"},"thumbnailUrl":"https:\/\/phoenixmicron.com\/wp-content\/uploads\/2024\/08\/Childrens-Eye-health-and-safety-month-1024x1024.png","datePublished":"2024-08-19T18:26:24+00:00","dateModified":"2025-10-09T09:11:24+00:00","breadcrumb":{"@id":"https:\/\/phoenixmicron.com\/es\/mes-de-la-salud-y-la-seguridad-ocular-infantil\/#breadcrumb"},"inLanguage":"es","potentialAction":[{"@type":"ReadAction","target":["https:\/\/phoenixmicron.com\/es\/mes-de-la-salud-y-la-seguridad-ocular-infantil\/"]}]},{"@type":"ImageObject","inLanguage":"es","@id":"https:\/\/phoenixmicron.com\/es\/mes-de-la-salud-y-la-seguridad-ocular-infantil\/#primaryimage","url":"https:\/\/phoenixmicron.com\/wp-content\/uploads\/2024\/08\/Childrens-Eye-health-and-safety-month-1024x1024.png","contentUrl":"https:\/\/phoenixmicron.com\/wp-content\/uploads\/2024\/08\/Childrens-Eye-health-and-safety-month-1024x1024.png"},{"@type":"BreadcrumbList","@id":"https:\/\/phoenixmicron.com\/es\/mes-de-la-salud-y-la-seguridad-ocular-infantil\/#breadcrumb","itemListElement":[{"@type":"ListItem","position":1,"name":"Home","item":"https:\/\/phoenixmicron.com\/es\/phoenix-micron\/"},{"@type":"ListItem","position":2,"name":"Mes de la salud y la seguridad ocular infantil"}]},{"@type":"WebSite","@id":"https:\/\/phoenixmicron.com\/es\/#website","url":"https:\/\/phoenixmicron.com\/es\/","name":"Phoenix-micron","description":"","publisher":{"@id":"https:\/\/phoenixmicron.com\/es\/#organization"},"potentialAction":[{"@type":"SearchAction","target":{"@type":"EntryPoint","urlTemplate":"https:\/\/phoenixmicron.com\/es\/?s={search_term_string}"},"query-input":{"@type":"PropertyValueSpecification","valueRequired":true,"valueName":"search_term_string"}}],"inLanguage":"es"},{"@type":"Organization","@id":"https:\/\/phoenixmicron.com\/es\/#organization","name":"Phoenix-micron","url":"https:\/\/phoenixmicron.com\/es\/","logo":{"@type":"ImageObject","inLanguage":"es","@id":"https:\/\/phoenixmicron.com\/es\/#\/schema\/logo\/image\/","url":"https:\/\/phoenixmicron.com\/wp-content\/uploads\/2019\/04\/faviconlogo.png","contentUrl":"https:\/\/phoenixmicron.com\/wp-content\/uploads\/2019\/04\/faviconlogo.png","width":200,"height":200,"caption":"Phoenix-micron"},"image":{"@id":"https:\/\/phoenixmicron.com\/es\/#\/schema\/logo\/image\/"}}]}},"_links":{"self":[{"href":"https:\/\/phoenixmicron.com\/es\/wp-json\/wp\/v2\/pages\/6574","targetHints":{"allow":["GET"]}}],"collection":[{"href":"https:\/\/phoenixmicron.com\/es\/wp-json\/wp\/v2\/pages"}],"about":[{"href":"https:\/\/phoenixmicron.com\/es\/wp-json\/wp\/v2\/types\/page"}],"author":[{"embeddable":true,"href":"https:\/\/phoenixmicron.com\/es\/wp-json\/wp\/v2\/users\/7"}],"replies":[{"embeddable":true,"href":"https:\/\/phoenixmicron.com\/es\/wp-json\/wp\/v2\/comments?post=6574"}],"version-history":[{"count":0,"href":"https:\/\/phoenixmicron.com\/es\/wp-json\/wp\/v2\/pages\/6574\/revisions"}],"wp:attachment":[{"href":"https:\/\/phoenixmicron.com\/es\/wp-json\/wp\/v2\/media?parent=6574"}],"curies":[{"name":"wp","href":"https:\/\/api.w.org\/{rel}","templated":true}]}}