{"id":6412,"date":"2025-08-17T19:35:10","date_gmt":"2025-08-17T19:35:10","guid":{"rendered":"https:\/\/phoenixmicrdev.wpengine.com\/modalidad-principal\/"},"modified":"2025-10-09T12:24:42","modified_gmt":"2025-10-09T12:24:42","slug":"modalidad-principal","status":"publish","type":"page","link":"https:\/\/phoenixmicron.com\/es\/modalidad-principal\/","title":{"rendered":"Modalidad principal"},"content":{"rendered":"\n<h1>\n\t\t\tInfinitas oportunidades para tu investigaci\u00f3n\t<\/h1>\n\t<p>Los sistemas de c\u00e1mara MICRON est\u00e1n dise\u00f1ados como plataformas multimodales para satisfacer tus necesidades de obtenci\u00f3n de im\u00e1genes en investigaci\u00f3n. A continuaci\u00f3n encontrar\u00e1s un resumen de las modalidades de imagen complementarias disponibles. <\/p>\n<h2>\n\t\t\tModalidades MICRON\t<\/h2>\n\t\t\t\t<img decoding=\"async\" data-src=\"https:\/\/phoenixmicron.com\/wp-content\/uploads\/2025\/08\/Mod_OCT.jpg\" alt=\"Mod_OCT\" itemprop=\"image\" height=\"624\" width=\"720\" title=\"Mod_OCT\" onerror=\"this.style.display='none'\" src=\"data:image\/svg+xml;base64,PHN2ZyB3aWR0aD0iMSIgaGVpZ2h0PSIxIiB4bWxucz0iaHR0cDovL3d3dy53My5vcmcvMjAwMC9zdmciPjwvc3ZnPg==\" class=\"lazyload\" style=\"--smush-placeholder-width: 720px; --smush-placeholder-aspect-ratio: 720\/624;\" \/>\n<h3>\n\t\t\tOCT guiada por imagen\t<\/h3>\n\t<p>Presentar y capturar una imagen de fondo de ojo en color o fluorescente emparejada y un corte transversal de OCT con una resoluci\u00f3n axial de OCT inferior a 2\u03bc<\/p>\n<p><a href=\"https:\/\/phoenixmicron.com\/es\/phoenix-micron\/oct-guiada-por-imagen\/\">Saber m\u00e1s<\/a><\/p>\n\t\t\t\t<img decoding=\"async\" data-src=\"https:\/\/phoenixmicron.com\/wp-content\/uploads\/2025\/08\/Mod_Laser-1.jpg\" alt=\"Mod_Laser\" itemprop=\"image\" height=\"624\" width=\"720\" title=\"Mod_Laser\" onerror=\"this.style.display='none'\" src=\"data:image\/svg+xml;base64,PHN2ZyB3aWR0aD0iMSIgaGVpZ2h0PSIxIiB4bWxucz0iaHR0cDovL3d3dy53My5vcmcvMjAwMC9zdmciPjwvc3ZnPg==\" class=\"lazyload\" style=\"--smush-placeholder-width: 720px; --smush-placeholder-aspect-ratio: 720\/624;\" \/>\n<h3>\n\t\t\tL\u00e1seres guiados por imagen\t<\/h3>\n\t<p>Introducir y documentar con facilidad y precisi\u00f3n modelos de da\u00f1o l\u00e1ser, como la neovascularizaci\u00f3n coroidea (NVC), la oclusi\u00f3n venosa retiniana (OVR) y la atrofia geogr\u00e1fica (AG)<\/p>\n<p><a href=\"https:\/\/phoenixmicron.com\/es\/phoenix-micron\/laser-guiado-por-imagen\/\">Saber m\u00e1s<\/a><\/p>\n\t\t\t\t<img decoding=\"async\" data-src=\"https:\/\/phoenixmicron.com\/wp-content\/uploads\/2025\/08\/Mod_FocalERG.jpg\" alt=\"Mod_FocalERG\" itemprop=\"image\" height=\"624\" width=\"720\" title=\"Mod_FocalERG\" onerror=\"this.style.display='none'\" src=\"data:image\/svg+xml;base64,PHN2ZyB3aWR0aD0iMSIgaGVpZ2h0PSIxIiB4bWxucz0iaHR0cDovL3d3dy53My5vcmcvMjAwMC9zdmciPjwvc3ZnPg==\" class=\"lazyload\" style=\"--smush-placeholder-width: 720px; --smush-placeholder-aspect-ratio: 720\/624;\" \/>\n<h3>\n\t\t\tERG focal\t<\/h3>\n\t<p>Gu\u00eda de luz infrarroja para probar animales adaptados a la oscuridad, para muestrear la respuesta ERG de posiciones retinianas localizadas con precisi\u00f3n<\/p>\n<p><a href=\"https:\/\/phoenixmicron.com\/es\/phoenix-micron\/erg-focal\/\">Saber m\u00e1s<\/a><\/p>\n\t\t\t\t<img decoding=\"async\" data-src=\"https:\/\/phoenixmicron.com\/wp-content\/uploads\/2025\/08\/Mod_SlitLamp.jpg\" alt=\"Mod_SlitLamp\" itemprop=\"image\" height=\"624\" width=\"720\" title=\"Mod_SlitLamp\" onerror=\"this.style.display='none'\" src=\"data:image\/svg+xml;base64,PHN2ZyB3aWR0aD0iMSIgaGVpZ2h0PSIxIiB4bWxucz0iaHR0cDovL3d3dy53My5vcmcvMjAwMC9zdmciPjwvc3ZnPg==\" class=\"lazyload\" style=\"--smush-placeholder-width: 720px; --smush-placeholder-aspect-ratio: 720\/624;\" \/>\n<h3>\n\t\t\tL\u00e1mpara de hendidura\t<\/h3>\n\t<p>Un accesorio de l\u00e1mpara de hendidura dise\u00f1ado para el ojo del roedor que proporciona im\u00e1genes del segmento anterior con luz blanca y azul de cobalto con una resoluci\u00f3n inferior a 4\u03bc<\/p>\n<p><a href=\"https:\/\/phoenixmicron.com\/es\/phoenix-micron\/imagen-del-segmento-anterior\/\">Saber m\u00e1s<\/a><\/p>\n\t\t\t\t<img decoding=\"async\" data-src=\"https:\/\/phoenixmicron.com\/wp-content\/uploads\/2025\/09\/Ganzfeld_Black-cover_IMG_7758_web-content_image-1.png\" alt=\"Ganzfeld_Black portada_IMG_7758_web contenido_imagen (1)\" itemprop=\"image\" height=\"624\" width=\"720\" title=\"Ganzfeld_Black portada_IMG_7758_web contenido_imagen (1)\" onerror=\"this.style.display='none'\" src=\"data:image\/svg+xml;base64,PHN2ZyB3aWR0aD0iMSIgaGVpZ2h0PSIxIiB4bWxucz0iaHR0cDovL3d3dy53My5vcmcvMjAwMC9zdmciPjwvc3ZnPg==\" class=\"lazyload\" style=\"--smush-placeholder-width: 720px; --smush-placeholder-aspect-ratio: 720\/624;\" \/>\n<h3>\n\t\t\tGanzfeld ERG\t<\/h3>\n\t<p>Sistema ERG de campo completo optimizado para la respuesta retiniana \u00fanica de los fotorreceptores de roedores, incluida la capacidad espec\u00edfica de excitar los conos S, los conos M y los bastones<\/p>\n<p><a href=\"https:\/\/phoenixmicron.com\/es\/phoenix-micron\/ganzfeld-erg\/\">Saber m\u00e1s<\/a><\/p>\n<h2>\n\t\t\tCompatibilidad\t<\/h2>\n\t<p>Todas las modalidades son compatibles con las c\u00e1maras MICRON IV y MICRON 5. La OCT2 guiada por im\u00e1genes MICRON tambi\u00e9n es compatible con las c\u00e1maras MICRON SE. <\/p>\n\t\t\t\t<img decoding=\"async\" data-src=\"https:\/\/phoenixmicron.com\/wp-content\/uploads\/2025\/08\/imaging-micron-iv-microscope-1-1.jpg\" alt=\"microscopio de imagen-micron-iv-1 1\" itemprop=\"image\" height=\"800\" width=\"1046\" title=\"microscopio de imagen-micron-iv-1 1\" onerror=\"this.style.display='none'\" src=\"data:image\/svg+xml;base64,PHN2ZyB3aWR0aD0iMSIgaGVpZ2h0PSIxIiB4bWxucz0iaHR0cDovL3d3dy53My5vcmcvMjAwMC9zdmciPjwvc3ZnPg==\" class=\"lazyload\" style=\"--smush-placeholder-width: 1046px; --smush-placeholder-aspect-ratio: 1046\/800;\" \/>\n\t<p>MICRON\u00ae IV<\/p>\n\t\t\t\t<img decoding=\"async\" data-src=\"https:\/\/phoenixmicron.com\/wp-content\/uploads\/2025\/08\/micron_-se.png\" alt=\"micron_ se\" itemprop=\"image\" height=\"749\" width=\"1000\" title=\"micron_ se\" onerror=\"this.style.display='none'\" src=\"data:image\/svg+xml;base64,PHN2ZyB3aWR0aD0iMSIgaGVpZ2h0PSIxIiB4bWxucz0iaHR0cDovL3d3dy53My5vcmcvMjAwMC9zdmciPjwvc3ZnPg==\" class=\"lazyload\" style=\"--smush-placeholder-width: 1000px; --smush-placeholder-aspect-ratio: 1000\/749;\" \/>\n\t<p><a href=\"https:\/\/phoenixmicron.com\/es\/phoenix-micron\/phoenix-micron-5\/\">MICRON\u00ae 5<\/a><\/p>\n\t\t\t\t<img decoding=\"async\" data-src=\"https:\/\/phoenixmicron.com\/wp-content\/uploads\/2025\/08\/smMICRON_5_Review_Station.png\" alt=\"smMICRON_5_Estaci\u00f3n_de_Revisi\u00f3n\" itemprop=\"image\" height=\"838\" width=\"1118\" title=\"smMICRON_5_Estaci\u00f3n_de_Revisi\u00f3n\" onerror=\"this.style.display='none'\" src=\"data:image\/svg+xml;base64,PHN2ZyB3aWR0aD0iMSIgaGVpZ2h0PSIxIiB4bWxucz0iaHR0cDovL3d3dy53My5vcmcvMjAwMC9zdmciPjwvc3ZnPg==\" class=\"lazyload\" style=\"--smush-placeholder-width: 1118px; --smush-placeholder-aspect-ratio: 1118\/838;\" \/>\n\t<p><a href=\"https:\/\/phoenixmicron.com\/es\/micron-se\/\">MICRON\u00ae SE<\/a><\/p>\n\t<p>\u00abEl mejor sistema de obtenci\u00f3n de im\u00e1genes de roedores que he utilizado nunca. Produce im\u00e1genes digitales de fondo de ojo de roedores y animales peque\u00f1os de calidad excepcional. La resoluci\u00f3n y el contraste son mucho mejores que los de cualquier otro instrumento que hayamos probado.  <\/p>\n<p>&nbsp;<\/p>\n<p>Hemos tenido un buen \u00e9xito con el campo claro, as\u00ed como con las im\u00e1genes de fluorescencia de la expresi\u00f3n de GFP en la retina y la angiograf\u00eda con fluoresce\u00edna. La posibilidad de capturar v\u00eddeo, seleccionarlo y emitir posteriormente fotogramas individuales es una gran ayuda para enfocar la retina en el peque\u00f1o ojo de los roedores.\u00bb <\/p>\n\t\t\t\t<img decoding=\"async\" data-src=\"https:\/\/phoenixmicron.com\/wp-content\/uploads\/2025\/08\/Ellipse-1.png\" alt=\"Elipse 1\" itemprop=\"image\" height=\"168\" width=\"168\" title=\"Elipse 1\" onerror=\"this.style.display='none'\" src=\"data:image\/svg+xml;base64,PHN2ZyB3aWR0aD0iMSIgaGVpZ2h0PSIxIiB4bWxucz0iaHR0cDovL3d3dy53My5vcmcvMjAwMC9zdmciPjwvc3ZnPg==\" class=\"lazyload\" style=\"--smush-placeholder-width: 168px; --smush-placeholder-aspect-ratio: 168\/168;\" \/>\n\t<p><em>Doctor John Flannery<\/em><\/p>\n\t<p><em>Profesor de Ciencias de la Visi\u00f3n y Biolog\u00eda Molecular y Celular Director Asociado del Instituto de Neurociencia Helen Wills Universidad de California, Berkeley<\/em><\/p>\n\n","protected":false},"excerpt":{"rendered":"<p>Infinitas oportunidades para tu investigaci\u00f3n Los sistemas de c\u00e1mara MICRON est\u00e1n dise\u00f1ados como plataformas multimodales para satisfacer tus necesidades de obtenci\u00f3n de im\u00e1genes en investigaci\u00f3n. A continuaci\u00f3n encontrar\u00e1s un resumen de las modalidades de imagen complementarias disponibles. Modalidades MICRON OCT guiada por imagen Presentar y capturar una imagen de fondo de ojo en color o [&hellip;]<\/p>\n","protected":false},"author":1,"featured_media":0,"parent":0,"menu_order":0,"comment_status":"closed","ping_status":"closed","template":"page-full-width.php","meta":{"_acf_changed":false,"_themeisle_gutenberg_block_has_review":false,"footnotes":""},"class_list":["post-6412","page","type-page","status-publish","hentry"],"acf":[],"yoast_head":"<!-- This site is optimized with the Yoast SEO plugin v27.5 - https:\/\/yoast.com\/product\/yoast-seo-wordpress\/ -->\n<title>Modalidad principal - Phoenix-micron<\/title>\n<meta name=\"robots\" content=\"index, follow, max-snippet:-1, max-image-preview:large, max-video-preview:-1\" \/>\n<link rel=\"canonical\" href=\"https:\/\/phoenixmicron.com\/es\/modalidad-principal\/\" \/>\n<meta property=\"og:locale\" content=\"es_ES\" \/>\n<meta property=\"og:type\" content=\"article\" \/>\n<meta property=\"og:title\" content=\"Modalidad principal - Phoenix-micron\" \/>\n<meta property=\"og:description\" content=\"Infinitas oportunidades para tu investigaci\u00f3n Los sistemas de c\u00e1mara MICRON est\u00e1n dise\u00f1ados como plataformas multimodales para satisfacer tus necesidades de obtenci\u00f3n de im\u00e1genes en investigaci\u00f3n. A continuaci\u00f3n encontrar\u00e1s un resumen de las modalidades de imagen complementarias disponibles. Modalidades MICRON OCT guiada por imagen Presentar y capturar una imagen de fondo de ojo en color o [&hellip;]\" \/>\n<meta property=\"og:url\" content=\"https:\/\/phoenixmicron.com\/es\/modalidad-principal\/\" \/>\n<meta property=\"og:site_name\" content=\"Phoenix-micron\" \/>\n<meta property=\"article:modified_time\" content=\"2025-10-09T12:24:42+00:00\" \/>\n<meta property=\"og:image\" content=\"https:\/\/phoenixmicron.com\/wp-content\/uploads\/2025\/08\/Mod_OCT.jpg\" \/>\n<meta name=\"twitter:card\" content=\"summary_large_image\" \/>\n<meta name=\"twitter:label1\" content=\"Tiempo de lectura\" \/>\n\t<meta name=\"twitter:data1\" content=\"4 minutos\" \/>\n<script type=\"application\/ld+json\" class=\"yoast-schema-graph\">{\"@context\":\"https:\\\/\\\/schema.org\",\"@graph\":[{\"@type\":\"WebPage\",\"@id\":\"https:\\\/\\\/phoenixmicron.com\\\/es\\\/modalidad-principal\\\/\",\"url\":\"https:\\\/\\\/phoenixmicron.com\\\/es\\\/modalidad-principal\\\/\",\"name\":\"Modalidad principal - Phoenix-micron\",\"isPartOf\":{\"@id\":\"https:\\\/\\\/phoenixmicron.com\\\/es\\\/#website\"},\"primaryImageOfPage\":{\"@id\":\"https:\\\/\\\/phoenixmicron.com\\\/es\\\/modalidad-principal\\\/#primaryimage\"},\"image\":{\"@id\":\"https:\\\/\\\/phoenixmicron.com\\\/es\\\/modalidad-principal\\\/#primaryimage\"},\"thumbnailUrl\":\"https:\\\/\\\/phoenixmicron.com\\\/wp-content\\\/uploads\\\/2025\\\/08\\\/Mod_OCT.jpg\",\"datePublished\":\"2025-08-17T19:35:10+00:00\",\"dateModified\":\"2025-10-09T12:24:42+00:00\",\"breadcrumb\":{\"@id\":\"https:\\\/\\\/phoenixmicron.com\\\/es\\\/modalidad-principal\\\/#breadcrumb\"},\"inLanguage\":\"es\",\"potentialAction\":[{\"@type\":\"ReadAction\",\"target\":[\"https:\\\/\\\/phoenixmicron.com\\\/es\\\/modalidad-principal\\\/\"]}]},{\"@type\":\"ImageObject\",\"inLanguage\":\"es\",\"@id\":\"https:\\\/\\\/phoenixmicron.com\\\/es\\\/modalidad-principal\\\/#primaryimage\",\"url\":\"https:\\\/\\\/phoenixmicron.com\\\/wp-content\\\/uploads\\\/2025\\\/08\\\/Mod_OCT.jpg\",\"contentUrl\":\"https:\\\/\\\/phoenixmicron.com\\\/wp-content\\\/uploads\\\/2025\\\/08\\\/Mod_OCT.jpg\"},{\"@type\":\"BreadcrumbList\",\"@id\":\"https:\\\/\\\/phoenixmicron.com\\\/es\\\/modalidad-principal\\\/#breadcrumb\",\"itemListElement\":[{\"@type\":\"ListItem\",\"position\":1,\"name\":\"Home\",\"item\":\"https:\\\/\\\/phoenixmicron.com\\\/es\\\/phoenix-micron\\\/\"},{\"@type\":\"ListItem\",\"position\":2,\"name\":\"Modalidad principal\"}]},{\"@type\":\"WebSite\",\"@id\":\"https:\\\/\\\/phoenixmicron.com\\\/es\\\/#website\",\"url\":\"https:\\\/\\\/phoenixmicron.com\\\/es\\\/\",\"name\":\"Phoenix-micron\",\"description\":\"\",\"publisher\":{\"@id\":\"https:\\\/\\\/phoenixmicron.com\\\/es\\\/#organization\"},\"potentialAction\":[{\"@type\":\"SearchAction\",\"target\":{\"@type\":\"EntryPoint\",\"urlTemplate\":\"https:\\\/\\\/phoenixmicron.com\\\/es\\\/?s={search_term_string}\"},\"query-input\":{\"@type\":\"PropertyValueSpecification\",\"valueRequired\":true,\"valueName\":\"search_term_string\"}}],\"inLanguage\":\"es\"},{\"@type\":\"Organization\",\"@id\":\"https:\\\/\\\/phoenixmicron.com\\\/es\\\/#organization\",\"name\":\"Phoenix-micron\",\"url\":\"https:\\\/\\\/phoenixmicron.com\\\/es\\\/\",\"logo\":{\"@type\":\"ImageObject\",\"inLanguage\":\"es\",\"@id\":\"https:\\\/\\\/phoenixmicron.com\\\/es\\\/#\\\/schema\\\/logo\\\/image\\\/\",\"url\":\"https:\\\/\\\/phoenixmicron.com\\\/wp-content\\\/uploads\\\/2019\\\/04\\\/faviconlogo.png\",\"contentUrl\":\"https:\\\/\\\/phoenixmicron.com\\\/wp-content\\\/uploads\\\/2019\\\/04\\\/faviconlogo.png\",\"width\":200,\"height\":200,\"caption\":\"Phoenix-micron\"},\"image\":{\"@id\":\"https:\\\/\\\/phoenixmicron.com\\\/es\\\/#\\\/schema\\\/logo\\\/image\\\/\"}}]}<\/script>\n<!-- \/ Yoast SEO plugin. -->","yoast_head_json":{"title":"Modalidad principal - Phoenix-micron","robots":{"index":"index","follow":"follow","max-snippet":"max-snippet:-1","max-image-preview":"max-image-preview:large","max-video-preview":"max-video-preview:-1"},"canonical":"https:\/\/phoenixmicron.com\/es\/modalidad-principal\/","og_locale":"es_ES","og_type":"article","og_title":"Modalidad principal - Phoenix-micron","og_description":"Infinitas oportunidades para tu investigaci\u00f3n Los sistemas de c\u00e1mara MICRON est\u00e1n dise\u00f1ados como plataformas multimodales para satisfacer tus necesidades de obtenci\u00f3n de im\u00e1genes en investigaci\u00f3n. A continuaci\u00f3n encontrar\u00e1s un resumen de las modalidades de imagen complementarias disponibles. Modalidades MICRON OCT guiada por imagen Presentar y capturar una imagen de fondo de ojo en color o [&hellip;]","og_url":"https:\/\/phoenixmicron.com\/es\/modalidad-principal\/","og_site_name":"Phoenix-micron","article_modified_time":"2025-10-09T12:24:42+00:00","og_image":[{"url":"https:\/\/phoenixmicron.com\/wp-content\/uploads\/2025\/08\/Mod_OCT.jpg","type":"","width":"","height":""}],"twitter_card":"summary_large_image","twitter_misc":{"Tiempo de lectura":"4 minutos"},"schema":{"@context":"https:\/\/schema.org","@graph":[{"@type":"WebPage","@id":"https:\/\/phoenixmicron.com\/es\/modalidad-principal\/","url":"https:\/\/phoenixmicron.com\/es\/modalidad-principal\/","name":"Modalidad principal - Phoenix-micron","isPartOf":{"@id":"https:\/\/phoenixmicron.com\/es\/#website"},"primaryImageOfPage":{"@id":"https:\/\/phoenixmicron.com\/es\/modalidad-principal\/#primaryimage"},"image":{"@id":"https:\/\/phoenixmicron.com\/es\/modalidad-principal\/#primaryimage"},"thumbnailUrl":"https:\/\/phoenixmicron.com\/wp-content\/uploads\/2025\/08\/Mod_OCT.jpg","datePublished":"2025-08-17T19:35:10+00:00","dateModified":"2025-10-09T12:24:42+00:00","breadcrumb":{"@id":"https:\/\/phoenixmicron.com\/es\/modalidad-principal\/#breadcrumb"},"inLanguage":"es","potentialAction":[{"@type":"ReadAction","target":["https:\/\/phoenixmicron.com\/es\/modalidad-principal\/"]}]},{"@type":"ImageObject","inLanguage":"es","@id":"https:\/\/phoenixmicron.com\/es\/modalidad-principal\/#primaryimage","url":"https:\/\/phoenixmicron.com\/wp-content\/uploads\/2025\/08\/Mod_OCT.jpg","contentUrl":"https:\/\/phoenixmicron.com\/wp-content\/uploads\/2025\/08\/Mod_OCT.jpg"},{"@type":"BreadcrumbList","@id":"https:\/\/phoenixmicron.com\/es\/modalidad-principal\/#breadcrumb","itemListElement":[{"@type":"ListItem","position":1,"name":"Home","item":"https:\/\/phoenixmicron.com\/es\/phoenix-micron\/"},{"@type":"ListItem","position":2,"name":"Modalidad principal"}]},{"@type":"WebSite","@id":"https:\/\/phoenixmicron.com\/es\/#website","url":"https:\/\/phoenixmicron.com\/es\/","name":"Phoenix-micron","description":"","publisher":{"@id":"https:\/\/phoenixmicron.com\/es\/#organization"},"potentialAction":[{"@type":"SearchAction","target":{"@type":"EntryPoint","urlTemplate":"https:\/\/phoenixmicron.com\/es\/?s={search_term_string}"},"query-input":{"@type":"PropertyValueSpecification","valueRequired":true,"valueName":"search_term_string"}}],"inLanguage":"es"},{"@type":"Organization","@id":"https:\/\/phoenixmicron.com\/es\/#organization","name":"Phoenix-micron","url":"https:\/\/phoenixmicron.com\/es\/","logo":{"@type":"ImageObject","inLanguage":"es","@id":"https:\/\/phoenixmicron.com\/es\/#\/schema\/logo\/image\/","url":"https:\/\/phoenixmicron.com\/wp-content\/uploads\/2019\/04\/faviconlogo.png","contentUrl":"https:\/\/phoenixmicron.com\/wp-content\/uploads\/2019\/04\/faviconlogo.png","width":200,"height":200,"caption":"Phoenix-micron"},"image":{"@id":"https:\/\/phoenixmicron.com\/es\/#\/schema\/logo\/image\/"}}]}},"_links":{"self":[{"href":"https:\/\/phoenixmicron.com\/es\/wp-json\/wp\/v2\/pages\/6412","targetHints":{"allow":["GET"]}}],"collection":[{"href":"https:\/\/phoenixmicron.com\/es\/wp-json\/wp\/v2\/pages"}],"about":[{"href":"https:\/\/phoenixmicron.com\/es\/wp-json\/wp\/v2\/types\/page"}],"author":[{"embeddable":true,"href":"https:\/\/phoenixmicron.com\/es\/wp-json\/wp\/v2\/users\/1"}],"replies":[{"embeddable":true,"href":"https:\/\/phoenixmicron.com\/es\/wp-json\/wp\/v2\/comments?post=6412"}],"version-history":[{"count":0,"href":"https:\/\/phoenixmicron.com\/es\/wp-json\/wp\/v2\/pages\/6412\/revisions"}],"wp:attachment":[{"href":"https:\/\/phoenixmicron.com\/es\/wp-json\/wp\/v2\/media?parent=6412"}],"curies":[{"name":"wp","href":"https:\/\/api.w.org\/{rel}","templated":true}]}}