{"id":8741,"date":"2025-12-23T05:05:46","date_gmt":"2025-12-23T05:05:46","guid":{"rendered":"https:\/\/phoenixmicrdev.wpengine.com\/phoenix-micron\/cnv-system-2\/"},"modified":"2026-03-03T22:34:18","modified_gmt":"2026-03-03T22:34:18","slug":"cnv-system-2","status":"publish","type":"page","link":"https:\/\/phoenixmicron.com\/de\/phoenix-micron\/cnv-system-2\/","title":{"rendered":"CNV-SYSTEM"},"content":{"rendered":"\n<h1>\n\t\t\tMICRON\u00ae CNV for Small Animals\t<\/h1>\n\t<p>Precision delivery of 532 nm laser energy to the mouse and rat retina<\/p>\n\t<b>MICRON<sup>\u00ae<\/sup> Image-Guided 532 nm Laser System <\/b>produces precise, easy to deliver laser photocoagulation to generate choroidal neovascularization (CNV) and retinal vein occlusion (RVO). <br \/>\n\n<p>A user-friendly design enables technical staff to precisely and reliably control the location, size, and intensity of the laser photocoagulation required for CNV. Reliable creation of CNV has been validated in multiple studies.<\/p>\n\t<ul>\n<li>Assures laser is focused on location<\/li>\n<li>Immediate or delayed assessment availability through image-guided OCT<\/li>\n<li>High resolution fluorescence<\/li>\n<\/ul>\n\t<p><a href=\"https:\/\/phoenixmicron.com\/wp-content\/uploads\/2025\/04\/MICRON_532_Laser_2025_1_1_1745356009634.pdf\" target=\"_blank\" rel=\"noopener\">spec sheet<\/a> | <a href=\"https:\/\/phoenixmicron.com\/research-blog\/\" rel=\"noopener\">articles<\/a><\/p>\n\t<p><em>Click on image to enlarge \u00bb<\/em><\/p>\n\t<p>&#8222;Before using the MICRON, our success rate at producing laser-induced choroidal neovascular lesions was ~40-50%; however, thanks to a successful implementation with the Micron, we now achieve a regular success rate of 99%.&#8220;<\/p>\n\t<strong>&#8211;\u00a0 Rafal Farjo, Ph.D.<\/strong><br \/>\nChief Operating Officer<br \/>\nEyeCRO LLC\n\t\t\t\t<img decoding=\"async\" data-src=\"https:\/\/phoenixmicron.com\/wp-content\/uploads\/2025\/12\/CNV_532_Target-scaled.png\" alt=\"CNV_532_Target\" itemprop=\"image\" height=\"1428\" width=\"2560\" title=\"CNV_532_Target\" onerror=\"this.style.display='none'\" src=\"data:image\/svg+xml;base64,PHN2ZyB3aWR0aD0iMSIgaGVpZ2h0PSIxIiB4bWxucz0iaHR0cDovL3d3dy53My5vcmcvMjAwMC9zdmciPjwvc3ZnPg==\" class=\"lazyload\" style=\"--smush-placeholder-width: 2560px; --smush-placeholder-aspect-ratio: 2560\/1428;\" \/>\n\t<p><strong>Image-guided Laser Targeting<\/strong><\/p>\n\t<h2><strong>MICRON CNV System (532 nm)<\/strong><\/h2>\n\t<p><strong>Proven<\/strong> &#8211; Validated method for Choroidal Neovascularization (CNV) creation and retinal vein occlusion (RVO) in multiple published studies.<\/p>\n<strong>Easy to Use<\/strong> &#8211; Use the color fundus image as a guide to place the aiming beam on<br \/>\ntarget areas. Easily capture photographs or videos for publications or presentations to<br \/>\nstrengthen research documentation.\n<p><strong>Efficient Verification<\/strong> &#8211; Easily switch from laser delivery to OCT imaging with the MICRON Image-Guided OCT2 system allowing researchers to observe the efficacy of the laser burns in a single imaging session.<\/p>\n<p><strong>Easy Targeting<\/strong> &#8211; Laser targeting using image-guidance is easy and precise with magnification of the fundus image and using the target overlay in MICRON Software Suite. Image guidance can be done with full color or fluorescent images, aiding in targeting the laser.<\/p>\n<p><strong>Consistent Laser Delivery<\/strong> &#8211; By coupling the cornea to the objective lens using a gel interface, the eye is stabilized against movements from respiration, and power delivery is more consistent than through open air.<\/p>\n\t<p><strong>The MICRON CNV for Small Animals is a complete imaging System.<\/strong><\/p>\n<p><strong>The System consists of:<\/strong><\/p>\n<ul>\n<li>MICRON 5 Camera System<br \/>\n(incl. Light Source and MICRON Control Unit)<\/li>\n<li>MICRON Image-Guided 532 nm Laser System<br \/>\n(incl. Laser injector, Lens and Laser source)<\/li>\n<li>MICRON Image-Guided OCT2<br \/>\n(incl. OCT Engine, Lens and Scanhead)<\/li>\n<\/ul>\n<p><strong>A few MICRON CNV System features:<\/strong><\/p>\n<ul>\n<li>Quick-change between Laser and OCT lenses<\/li>\n<li>Common OCT\/Laser\/Fundus software via MICRON Software Suite<\/li>\n<li>Compact muti-modal architecture<\/li>\n<\/ul>\n<p><strong>Already have a MICRON IV Camera System?<\/strong> Contact us today to find out how to upgrade it to support CNV.<\/p>\n\t\t\t\t<img decoding=\"async\" data-src=\"https:\/\/phoenixmicron.com\/wp-content\/uploads\/2025\/12\/CNV_532_System.png\" alt=\"CNV_532_System\" itemprop=\"image\" height=\"2145\" width=\"2415\" title=\"CNV_532_System\" onerror=\"this.style.display='none'\" src=\"data:image\/svg+xml;base64,PHN2ZyB3aWR0aD0iMSIgaGVpZ2h0PSIxIiB4bWxucz0iaHR0cDovL3d3dy53My5vcmcvMjAwMC9zdmciPjwvc3ZnPg==\" class=\"lazyload\" style=\"--smush-placeholder-width: 2415px; --smush-placeholder-aspect-ratio: 2415\/2145;\" \/>\n\n","protected":false},"excerpt":{"rendered":"<p>MICRON\u00ae CNV for Small Animals Precision delivery of 532 nm laser energy to the mouse and rat retina MICRON\u00ae Image-Guided 532 nm Laser System produces precise, easy to deliver laser photocoagulation to generate choroidal neovascularization (CNV) and retinal vein occlusion (RVO). A user-friendly design enables technical staff to precisely and reliably control the location, size, [&hellip;]<\/p>\n","protected":false},"author":1,"featured_media":0,"parent":6210,"menu_order":0,"comment_status":"closed","ping_status":"closed","template":"page-full-width.php","meta":{"_acf_changed":false,"_themeisle_gutenberg_block_has_review":false,"footnotes":""},"class_list":["post-8741","page","type-page","status-publish","hentry"],"acf":[],"yoast_head":"<!-- This site is optimized with the Yoast SEO plugin v27.2 - https:\/\/yoast.com\/product\/yoast-seo-wordpress\/ -->\n<title>CNV-SYSTEM - Phoenix-Micron<\/title>\n<meta name=\"description\" content=\"Das Phoenix MICRON Image-Guided Laser System erm\u00f6glicht eine pr\u00e4zise, einfach durchzuf\u00fchrende Laser-Photokoagulation zur Erzeugung choroidaler Neovaskularisationen (CNV). Erfahren Sie mehr.\" \/>\n<meta name=\"robots\" content=\"index, follow, max-snippet:-1, max-image-preview:large, max-video-preview:-1\" \/>\n<link rel=\"canonical\" href=\"https:\/\/phoenixmicron.com\/de\/phoenix-micron\/cnv-system-2\/\" \/>\n<meta property=\"og:locale\" content=\"de_DE\" \/>\n<meta property=\"og:type\" content=\"article\" \/>\n<meta property=\"og:title\" content=\"CNV-SYSTEM - Phoenix-Micron\" \/>\n<meta property=\"og:description\" content=\"Das Phoenix MICRON Image-Guided Laser System erm\u00f6glicht eine pr\u00e4zise, einfach durchzuf\u00fchrende Laser-Photokoagulation zur Erzeugung choroidaler Neovaskularisationen (CNV). Erfahren Sie mehr.\" \/>\n<meta property=\"og:url\" content=\"https:\/\/phoenixmicron.com\/de\/phoenix-micron\/cnv-system-2\/\" \/>\n<meta property=\"og:site_name\" content=\"Phoenix-Micron\" \/>\n<meta property=\"article:modified_time\" content=\"2026-03-03T22:34:18+00:00\" \/>\n<meta property=\"og:image\" content=\"https:\/\/phoenixmicron.com\/wp-content\/uploads\/2025\/12\/CNV_532_Target-scaled.png\" \/>\n<meta name=\"twitter:card\" content=\"summary_large_image\" \/>\n<meta name=\"twitter:label1\" content=\"Gesch\u00e4tzte Lesezeit\" \/>\n\t<meta name=\"twitter:data1\" content=\"2\u00a0Minuten\" \/>\n<script type=\"application\/ld+json\" class=\"yoast-schema-graph\">{\"@context\":\"https:\/\/schema.org\",\"@graph\":[{\"@type\":\"WebPage\",\"@id\":\"https:\/\/phoenixmicron.com\/de\/phoenix-micron\/cnv-system-2\/\",\"url\":\"https:\/\/phoenixmicron.com\/de\/phoenix-micron\/cnv-system-2\/\",\"name\":\"CNV-SYSTEM - Phoenix-Micron\",\"isPartOf\":{\"@id\":\"https:\/\/phoenixmicron.com\/de\/#website\"},\"primaryImageOfPage\":{\"@id\":\"https:\/\/phoenixmicron.com\/de\/phoenix-micron\/cnv-system-2\/#primaryimage\"},\"image\":{\"@id\":\"https:\/\/phoenixmicron.com\/de\/phoenix-micron\/cnv-system-2\/#primaryimage\"},\"thumbnailUrl\":\"https:\/\/phoenixmicron.com\/wp-content\/uploads\/2025\/12\/CNV_532_Target-scaled.png\",\"datePublished\":\"2025-12-23T05:05:46+00:00\",\"dateModified\":\"2026-03-03T22:34:18+00:00\",\"description\":\"Das Phoenix MICRON Image-Guided Laser System erm\u00f6glicht eine pr\u00e4zise, einfach durchzuf\u00fchrende Laser-Photokoagulation zur Erzeugung choroidaler Neovaskularisationen (CNV). Erfahren Sie mehr.\",\"breadcrumb\":{\"@id\":\"https:\/\/phoenixmicron.com\/de\/phoenix-micron\/cnv-system-2\/#breadcrumb\"},\"inLanguage\":\"de\",\"potentialAction\":[{\"@type\":\"ReadAction\",\"target\":[\"https:\/\/phoenixmicron.com\/de\/phoenix-micron\/cnv-system-2\/\"]}]},{\"@type\":\"ImageObject\",\"inLanguage\":\"de\",\"@id\":\"https:\/\/phoenixmicron.com\/de\/phoenix-micron\/cnv-system-2\/#primaryimage\",\"url\":\"https:\/\/phoenixmicron.com\/wp-content\/uploads\/2025\/12\/CNV_532_Target-scaled.png\",\"contentUrl\":\"https:\/\/phoenixmicron.com\/wp-content\/uploads\/2025\/12\/CNV_532_Target-scaled.png\"},{\"@type\":\"BreadcrumbList\",\"@id\":\"https:\/\/phoenixmicron.com\/de\/phoenix-micron\/cnv-system-2\/#breadcrumb\",\"itemListElement\":[{\"@type\":\"ListItem\",\"position\":1,\"name\":\"Home\",\"item\":\"https:\/\/phoenixmicron.com\/de\/phoenix-micron\/\"},{\"@type\":\"ListItem\",\"position\":2,\"name\":\"Phoenix MICRON\u00ae\",\"item\":\"https:\/\/phoenixmicron.com\/de\/phoenix-micron\/\"},{\"@type\":\"ListItem\",\"position\":3,\"name\":\"CNV-SYSTEM\"}]},{\"@type\":\"WebSite\",\"@id\":\"https:\/\/phoenixmicron.com\/de\/#website\",\"url\":\"https:\/\/phoenixmicron.com\/de\/\",\"name\":\"Phoenix-Micron\",\"description\":\"\",\"publisher\":{\"@id\":\"https:\/\/phoenixmicron.com\/de\/#organization\"},\"potentialAction\":[{\"@type\":\"SearchAction\",\"target\":{\"@type\":\"EntryPoint\",\"urlTemplate\":\"https:\/\/phoenixmicron.com\/de\/?s={search_term_string}\"},\"query-input\":{\"@type\":\"PropertyValueSpecification\",\"valueRequired\":true,\"valueName\":\"search_term_string\"}}],\"inLanguage\":\"de\"},{\"@type\":\"Organization\",\"@id\":\"https:\/\/phoenixmicron.com\/de\/#organization\",\"name\":\"Phoenix-Micron\",\"url\":\"https:\/\/phoenixmicron.com\/de\/\",\"logo\":{\"@type\":\"ImageObject\",\"inLanguage\":\"de\",\"@id\":\"https:\/\/phoenixmicron.com\/de\/#\/schema\/logo\/image\/\",\"url\":\"https:\/\/phoenixmicron.com\/wp-content\/uploads\/2019\/04\/faviconlogo.png\",\"contentUrl\":\"https:\/\/phoenixmicron.com\/wp-content\/uploads\/2019\/04\/faviconlogo.png\",\"width\":200,\"height\":200,\"caption\":\"Phoenix-Micron\"},\"image\":{\"@id\":\"https:\/\/phoenixmicron.com\/de\/#\/schema\/logo\/image\/\"}}]}<\/script>\n<!-- \/ Yoast SEO plugin. -->","yoast_head_json":{"title":"CNV-SYSTEM - Phoenix-Micron","description":"Das Phoenix MICRON Image-Guided Laser System erm\u00f6glicht eine pr\u00e4zise, einfach durchzuf\u00fchrende Laser-Photokoagulation zur Erzeugung choroidaler Neovaskularisationen (CNV). Erfahren Sie mehr.","robots":{"index":"index","follow":"follow","max-snippet":"max-snippet:-1","max-image-preview":"max-image-preview:large","max-video-preview":"max-video-preview:-1"},"canonical":"https:\/\/phoenixmicron.com\/de\/phoenix-micron\/cnv-system-2\/","og_locale":"de_DE","og_type":"article","og_title":"CNV-SYSTEM - Phoenix-Micron","og_description":"Das Phoenix MICRON Image-Guided Laser System erm\u00f6glicht eine pr\u00e4zise, einfach durchzuf\u00fchrende Laser-Photokoagulation zur Erzeugung choroidaler Neovaskularisationen (CNV). Erfahren Sie mehr.","og_url":"https:\/\/phoenixmicron.com\/de\/phoenix-micron\/cnv-system-2\/","og_site_name":"Phoenix-Micron","article_modified_time":"2026-03-03T22:34:18+00:00","og_image":[{"url":"https:\/\/phoenixmicron.com\/wp-content\/uploads\/2025\/12\/CNV_532_Target-scaled.png","type":"","width":"","height":""}],"twitter_card":"summary_large_image","twitter_misc":{"Gesch\u00e4tzte Lesezeit":"2\u00a0Minuten"},"schema":{"@context":"https:\/\/schema.org","@graph":[{"@type":"WebPage","@id":"https:\/\/phoenixmicron.com\/de\/phoenix-micron\/cnv-system-2\/","url":"https:\/\/phoenixmicron.com\/de\/phoenix-micron\/cnv-system-2\/","name":"CNV-SYSTEM - Phoenix-Micron","isPartOf":{"@id":"https:\/\/phoenixmicron.com\/de\/#website"},"primaryImageOfPage":{"@id":"https:\/\/phoenixmicron.com\/de\/phoenix-micron\/cnv-system-2\/#primaryimage"},"image":{"@id":"https:\/\/phoenixmicron.com\/de\/phoenix-micron\/cnv-system-2\/#primaryimage"},"thumbnailUrl":"https:\/\/phoenixmicron.com\/wp-content\/uploads\/2025\/12\/CNV_532_Target-scaled.png","datePublished":"2025-12-23T05:05:46+00:00","dateModified":"2026-03-03T22:34:18+00:00","description":"Das Phoenix MICRON Image-Guided Laser System erm\u00f6glicht eine pr\u00e4zise, einfach durchzuf\u00fchrende Laser-Photokoagulation zur Erzeugung choroidaler Neovaskularisationen (CNV). Erfahren Sie mehr.","breadcrumb":{"@id":"https:\/\/phoenixmicron.com\/de\/phoenix-micron\/cnv-system-2\/#breadcrumb"},"inLanguage":"de","potentialAction":[{"@type":"ReadAction","target":["https:\/\/phoenixmicron.com\/de\/phoenix-micron\/cnv-system-2\/"]}]},{"@type":"ImageObject","inLanguage":"de","@id":"https:\/\/phoenixmicron.com\/de\/phoenix-micron\/cnv-system-2\/#primaryimage","url":"https:\/\/phoenixmicron.com\/wp-content\/uploads\/2025\/12\/CNV_532_Target-scaled.png","contentUrl":"https:\/\/phoenixmicron.com\/wp-content\/uploads\/2025\/12\/CNV_532_Target-scaled.png"},{"@type":"BreadcrumbList","@id":"https:\/\/phoenixmicron.com\/de\/phoenix-micron\/cnv-system-2\/#breadcrumb","itemListElement":[{"@type":"ListItem","position":1,"name":"Home","item":"https:\/\/phoenixmicron.com\/de\/phoenix-micron\/"},{"@type":"ListItem","position":2,"name":"Phoenix MICRON\u00ae","item":"https:\/\/phoenixmicron.com\/de\/phoenix-micron\/"},{"@type":"ListItem","position":3,"name":"CNV-SYSTEM"}]},{"@type":"WebSite","@id":"https:\/\/phoenixmicron.com\/de\/#website","url":"https:\/\/phoenixmicron.com\/de\/","name":"Phoenix-Micron","description":"","publisher":{"@id":"https:\/\/phoenixmicron.com\/de\/#organization"},"potentialAction":[{"@type":"SearchAction","target":{"@type":"EntryPoint","urlTemplate":"https:\/\/phoenixmicron.com\/de\/?s={search_term_string}"},"query-input":{"@type":"PropertyValueSpecification","valueRequired":true,"valueName":"search_term_string"}}],"inLanguage":"de"},{"@type":"Organization","@id":"https:\/\/phoenixmicron.com\/de\/#organization","name":"Phoenix-Micron","url":"https:\/\/phoenixmicron.com\/de\/","logo":{"@type":"ImageObject","inLanguage":"de","@id":"https:\/\/phoenixmicron.com\/de\/#\/schema\/logo\/image\/","url":"https:\/\/phoenixmicron.com\/wp-content\/uploads\/2019\/04\/faviconlogo.png","contentUrl":"https:\/\/phoenixmicron.com\/wp-content\/uploads\/2019\/04\/faviconlogo.png","width":200,"height":200,"caption":"Phoenix-Micron"},"image":{"@id":"https:\/\/phoenixmicron.com\/de\/#\/schema\/logo\/image\/"}}]}},"_links":{"self":[{"href":"https:\/\/phoenixmicron.com\/de\/wp-json\/wp\/v2\/pages\/8741","targetHints":{"allow":["GET"]}}],"collection":[{"href":"https:\/\/phoenixmicron.com\/de\/wp-json\/wp\/v2\/pages"}],"about":[{"href":"https:\/\/phoenixmicron.com\/de\/wp-json\/wp\/v2\/types\/page"}],"author":[{"embeddable":true,"href":"https:\/\/phoenixmicron.com\/de\/wp-json\/wp\/v2\/users\/1"}],"replies":[{"embeddable":true,"href":"https:\/\/phoenixmicron.com\/de\/wp-json\/wp\/v2\/comments?post=8741"}],"version-history":[{"count":0,"href":"https:\/\/phoenixmicron.com\/de\/wp-json\/wp\/v2\/pages\/8741\/revisions"}],"up":[{"embeddable":true,"href":"https:\/\/phoenixmicron.com\/de\/wp-json\/wp\/v2\/pages\/6210"}],"wp:attachment":[{"href":"https:\/\/phoenixmicron.com\/de\/wp-json\/wp\/v2\/media?parent=8741"}],"curies":[{"name":"wp","href":"https:\/\/api.w.org\/{rel}","templated":true}]}}