{"id":7702,"date":"2025-08-17T20:52:37","date_gmt":"2025-08-17T20:52:37","guid":{"rendered":"https:\/\/phoenixmicrdev.wpengine.com\/micron-se\/"},"modified":"2026-04-13T08:03:30","modified_gmt":"2026-04-13T08:03:30","slug":"micron-se","status":"publish","type":"page","link":"https:\/\/phoenixmicron.com\/de\/micron-se\/","title":{"rendered":"MICRON SE"},"content":{"rendered":"\r\n<h1>\r\n\t\t\tBew\u00e4hrte MICRON Imaging-Technologie zu einem g\u00fcnstigen Preis\t<\/h1>\r\n\t<p>Essential Imaging Power &#8211; optimiert f\u00fcr Ihre Forschung<\/p>\r\n\t\t\t\t<img decoding=\"async\" data-src=\"https:\/\/phoenixmicron.com\/wp-content\/uploads\/2025\/08\/micron_-se.png\" alt=\"micron_ se\" itemprop=\"image\" height=\"749\" width=\"1000\" title=\"micron_ se\" onerror=\"this.style.display='none'\" src=\"data:image\/svg+xml;base64,PHN2ZyB3aWR0aD0iMSIgaGVpZ2h0PSIxIiB4bWxucz0iaHR0cDovL3d3dy53My5vcmcvMjAwMC9zdmciPjwvc3ZnPg==\" class=\"lazyload\" style=\"--smush-placeholder-width: 1000px; --smush-placeholder-aspect-ratio: 1000\/749;\" \/>\r\n\t<p>MICRON SE Merkmale<\/p>\r\n\t<p>Dieselbe Bildgebungstechnologie wie unser Flaggschiff MICRON 5 Kamera<\/p>\r\n\t<p>Kompatibel mit der neuesten Version der MICRON\u00ae Software Suite, sowohl mit der Camera als auch mit der Review Station Edition<\/p>\r\n\t<p>Unterst\u00fctzt Farbfundus und GFP-Bildgebung. Optionaler Zusatz <a href=\"https:\/\/phoenixmicron.com\/de\/phoenix-micron\/bildgesteuerte-oct\/\">MICRON Image-Guided OCT2<\/a> <\/p>\r\n\t<p>OCT-Benutzer erhalten unsere neuen Ai\/ML OCT-Segmentierungstools<\/p>\r\n\t<p>Stellen Sie Ihren eigenen PC zur Verf\u00fcgung oder f\u00fcgen Sie einen MICRON Control Unit PC hinzu.<\/p>\r\n<p>Haben wir schon den g\u00fcnstigen Preis erw\u00e4hnt?<\/p>\r\n<br \/>\r\n  <a href=\"https:\/\/phoenixmicron.com\/wp-content\/uploads\/2025\/09\/MICRON-SE-2025-v4.1.pdf\">Technische Daten<\/a><br \/>\r\n\r\n\t\t\t\t<img decoding=\"async\" data-src=\"https:\/\/phoenixmicron.com\/wp-content\/uploads\/2025\/08\/micron-se-action.png\" alt=\"micron se Aktion\" itemprop=\"image\" height=\"576\" width=\"1200\" title=\"micron se Aktion\" onerror=\"this.style.display='none'\" src=\"data:image\/svg+xml;base64,PHN2ZyB3aWR0aD0iMSIgaGVpZ2h0PSIxIiB4bWxucz0iaHR0cDovL3d3dy53My5vcmcvMjAwMC9zdmciPjwvc3ZnPg==\" class=\"lazyload\" style=\"--smush-placeholder-width: 1200px; --smush-placeholder-aspect-ratio: 1200\/576;\" \/>\r\n<h2>\r\n\t\t\tSind Sie bereit, hochwertige und kontrastreiche Bilder aufzunehmen?\t<\/h2>\r\n\t\t\t<a href=\"https:\/\/phoenixmicron.com\/de\/kontakt\/\" target=\"_self\">\r\n\t\t\t\t\t\t\tEINE FRAGE STELLEN\r\n\t\t\t\t\t<\/a>\r\n\t\t\t<a href=\"https:\/\/phoenixmicron.com\/de\/micron-m5-und-se\/\" target=\"_self\">\r\n\t\t\t\t\t\t\tMit Micron 5 vergleichen\r\n\t\t\t\t\t<\/a>\r\n\r\n","protected":false},"excerpt":{"rendered":"<p>Bew\u00e4hrte MICRON Imaging-Technologie zu einem g\u00fcnstigen Preis Essential Imaging Power &#8211; optimiert f\u00fcr Ihre Forschung MICRON SE Merkmale Dieselbe Bildgebungstechnologie wie unser Flaggschiff MICRON 5 Kamera Kompatibel mit der neuesten Version der MICRON\u00ae Software Suite, sowohl mit der Camera als auch mit der Review Station Edition Unterst\u00fctzt Farbfundus und GFP-Bildgebung. Optionaler Zusatz MICRON Image-Guided OCT2 [&hellip;]<\/p>\n","protected":false},"author":1,"featured_media":0,"parent":0,"menu_order":0,"comment_status":"closed","ping_status":"closed","template":"page-full-width.php","meta":{"_acf_changed":false,"_themeisle_gutenberg_block_has_review":false,"footnotes":""},"class_list":["post-7702","page","type-page","status-publish","hentry"],"acf":[],"yoast_head":"<!-- This site is optimized with the Yoast SEO plugin v27.2 - https:\/\/yoast.com\/product\/yoast-seo-wordpress\/ -->\n<title>MICRON SE - Phoenix-Micron<\/title>\n<meta name=\"robots\" content=\"index, follow, max-snippet:-1, max-image-preview:large, max-video-preview:-1\" \/>\n<link rel=\"canonical\" href=\"https:\/\/phoenixmicron.com\/de\/micron-se\/\" \/>\n<meta property=\"og:locale\" content=\"de_DE\" \/>\n<meta property=\"og:type\" content=\"article\" \/>\n<meta property=\"og:title\" content=\"MICRON SE - Phoenix-Micron\" \/>\n<meta property=\"og:description\" content=\"Bew\u00e4hrte MICRON Imaging-Technologie zu einem g\u00fcnstigen Preis Essential Imaging Power &#8211; optimiert f\u00fcr Ihre Forschung MICRON SE Merkmale Dieselbe Bildgebungstechnologie wie unser Flaggschiff MICRON 5 Kamera Kompatibel mit der neuesten Version der MICRON\u00ae Software Suite, sowohl mit der Camera als auch mit der Review Station Edition Unterst\u00fctzt Farbfundus und GFP-Bildgebung. Optionaler Zusatz MICRON Image-Guided OCT2 [&hellip;]\" \/>\n<meta property=\"og:url\" content=\"https:\/\/phoenixmicron.com\/de\/micron-se\/\" \/>\n<meta property=\"og:site_name\" content=\"Phoenix-Micron\" \/>\n<meta property=\"article:modified_time\" content=\"2026-04-13T08:03:30+00:00\" \/>\n<meta property=\"og:image\" content=\"https:\/\/phoenixmicron.com\/wp-content\/uploads\/2025\/08\/micron_-se.png\" \/>\n<meta name=\"twitter:card\" content=\"summary_large_image\" \/>\n<meta name=\"twitter:label1\" content=\"Gesch\u00e4tzte Lesezeit\" \/>\n\t<meta name=\"twitter:data1\" content=\"3\u00a0Minuten\" \/>\n<script type=\"application\/ld+json\" class=\"yoast-schema-graph\">{\"@context\":\"https:\/\/schema.org\",\"@graph\":[{\"@type\":\"WebPage\",\"@id\":\"https:\/\/phoenixmicron.com\/de\/micron-se\/\",\"url\":\"https:\/\/phoenixmicron.com\/de\/micron-se\/\",\"name\":\"MICRON SE - Phoenix-Micron\",\"isPartOf\":{\"@id\":\"https:\/\/phoenixmicron.com\/de\/#website\"},\"primaryImageOfPage\":{\"@id\":\"https:\/\/phoenixmicron.com\/de\/micron-se\/#primaryimage\"},\"image\":{\"@id\":\"https:\/\/phoenixmicron.com\/de\/micron-se\/#primaryimage\"},\"thumbnailUrl\":\"https:\/\/phoenixmicron.com\/wp-content\/uploads\/2025\/08\/micron_-se.png\",\"datePublished\":\"2025-08-17T20:52:37+00:00\",\"dateModified\":\"2026-04-13T08:03:30+00:00\",\"breadcrumb\":{\"@id\":\"https:\/\/phoenixmicron.com\/de\/micron-se\/#breadcrumb\"},\"inLanguage\":\"de\",\"potentialAction\":[{\"@type\":\"ReadAction\",\"target\":[\"https:\/\/phoenixmicron.com\/de\/micron-se\/\"]}]},{\"@type\":\"ImageObject\",\"inLanguage\":\"de\",\"@id\":\"https:\/\/phoenixmicron.com\/de\/micron-se\/#primaryimage\",\"url\":\"https:\/\/phoenixmicron.com\/wp-content\/uploads\/2025\/08\/micron_-se.png\",\"contentUrl\":\"https:\/\/phoenixmicron.com\/wp-content\/uploads\/2025\/08\/micron_-se.png\"},{\"@type\":\"BreadcrumbList\",\"@id\":\"https:\/\/phoenixmicron.com\/de\/micron-se\/#breadcrumb\",\"itemListElement\":[{\"@type\":\"ListItem\",\"position\":1,\"name\":\"Home\",\"item\":\"https:\/\/phoenixmicron.com\/de\/phoenix-micron\/\"},{\"@type\":\"ListItem\",\"position\":2,\"name\":\"MICRON SE\"}]},{\"@type\":\"WebSite\",\"@id\":\"https:\/\/phoenixmicron.com\/de\/#website\",\"url\":\"https:\/\/phoenixmicron.com\/de\/\",\"name\":\"Phoenix-Micron\",\"description\":\"\",\"publisher\":{\"@id\":\"https:\/\/phoenixmicron.com\/de\/#organization\"},\"potentialAction\":[{\"@type\":\"SearchAction\",\"target\":{\"@type\":\"EntryPoint\",\"urlTemplate\":\"https:\/\/phoenixmicron.com\/de\/?s={search_term_string}\"},\"query-input\":{\"@type\":\"PropertyValueSpecification\",\"valueRequired\":true,\"valueName\":\"search_term_string\"}}],\"inLanguage\":\"de\"},{\"@type\":\"Organization\",\"@id\":\"https:\/\/phoenixmicron.com\/de\/#organization\",\"name\":\"Phoenix-Micron\",\"url\":\"https:\/\/phoenixmicron.com\/de\/\",\"logo\":{\"@type\":\"ImageObject\",\"inLanguage\":\"de\",\"@id\":\"https:\/\/phoenixmicron.com\/de\/#\/schema\/logo\/image\/\",\"url\":\"https:\/\/phoenixmicron.com\/wp-content\/uploads\/2019\/04\/faviconlogo.png\",\"contentUrl\":\"https:\/\/phoenixmicron.com\/wp-content\/uploads\/2019\/04\/faviconlogo.png\",\"width\":200,\"height\":200,\"caption\":\"Phoenix-Micron\"},\"image\":{\"@id\":\"https:\/\/phoenixmicron.com\/de\/#\/schema\/logo\/image\/\"}}]}<\/script>\n<!-- \/ Yoast SEO plugin. -->","yoast_head_json":{"title":"MICRON SE - Phoenix-Micron","robots":{"index":"index","follow":"follow","max-snippet":"max-snippet:-1","max-image-preview":"max-image-preview:large","max-video-preview":"max-video-preview:-1"},"canonical":"https:\/\/phoenixmicron.com\/de\/micron-se\/","og_locale":"de_DE","og_type":"article","og_title":"MICRON SE - Phoenix-Micron","og_description":"Bew\u00e4hrte MICRON Imaging-Technologie zu einem g\u00fcnstigen Preis Essential Imaging Power &#8211; optimiert f\u00fcr Ihre Forschung MICRON SE Merkmale Dieselbe Bildgebungstechnologie wie unser Flaggschiff MICRON 5 Kamera Kompatibel mit der neuesten Version der MICRON\u00ae Software Suite, sowohl mit der Camera als auch mit der Review Station Edition Unterst\u00fctzt Farbfundus und GFP-Bildgebung. Optionaler Zusatz MICRON Image-Guided OCT2 [&hellip;]","og_url":"https:\/\/phoenixmicron.com\/de\/micron-se\/","og_site_name":"Phoenix-Micron","article_modified_time":"2026-04-13T08:03:30+00:00","og_image":[{"url":"https:\/\/phoenixmicron.com\/wp-content\/uploads\/2025\/08\/micron_-se.png","type":"","width":"","height":""}],"twitter_card":"summary_large_image","twitter_misc":{"Gesch\u00e4tzte Lesezeit":"3\u00a0Minuten"},"schema":{"@context":"https:\/\/schema.org","@graph":[{"@type":"WebPage","@id":"https:\/\/phoenixmicron.com\/de\/micron-se\/","url":"https:\/\/phoenixmicron.com\/de\/micron-se\/","name":"MICRON SE - Phoenix-Micron","isPartOf":{"@id":"https:\/\/phoenixmicron.com\/de\/#website"},"primaryImageOfPage":{"@id":"https:\/\/phoenixmicron.com\/de\/micron-se\/#primaryimage"},"image":{"@id":"https:\/\/phoenixmicron.com\/de\/micron-se\/#primaryimage"},"thumbnailUrl":"https:\/\/phoenixmicron.com\/wp-content\/uploads\/2025\/08\/micron_-se.png","datePublished":"2025-08-17T20:52:37+00:00","dateModified":"2026-04-13T08:03:30+00:00","breadcrumb":{"@id":"https:\/\/phoenixmicron.com\/de\/micron-se\/#breadcrumb"},"inLanguage":"de","potentialAction":[{"@type":"ReadAction","target":["https:\/\/phoenixmicron.com\/de\/micron-se\/"]}]},{"@type":"ImageObject","inLanguage":"de","@id":"https:\/\/phoenixmicron.com\/de\/micron-se\/#primaryimage","url":"https:\/\/phoenixmicron.com\/wp-content\/uploads\/2025\/08\/micron_-se.png","contentUrl":"https:\/\/phoenixmicron.com\/wp-content\/uploads\/2025\/08\/micron_-se.png"},{"@type":"BreadcrumbList","@id":"https:\/\/phoenixmicron.com\/de\/micron-se\/#breadcrumb","itemListElement":[{"@type":"ListItem","position":1,"name":"Home","item":"https:\/\/phoenixmicron.com\/de\/phoenix-micron\/"},{"@type":"ListItem","position":2,"name":"MICRON SE"}]},{"@type":"WebSite","@id":"https:\/\/phoenixmicron.com\/de\/#website","url":"https:\/\/phoenixmicron.com\/de\/","name":"Phoenix-Micron","description":"","publisher":{"@id":"https:\/\/phoenixmicron.com\/de\/#organization"},"potentialAction":[{"@type":"SearchAction","target":{"@type":"EntryPoint","urlTemplate":"https:\/\/phoenixmicron.com\/de\/?s={search_term_string}"},"query-input":{"@type":"PropertyValueSpecification","valueRequired":true,"valueName":"search_term_string"}}],"inLanguage":"de"},{"@type":"Organization","@id":"https:\/\/phoenixmicron.com\/de\/#organization","name":"Phoenix-Micron","url":"https:\/\/phoenixmicron.com\/de\/","logo":{"@type":"ImageObject","inLanguage":"de","@id":"https:\/\/phoenixmicron.com\/de\/#\/schema\/logo\/image\/","url":"https:\/\/phoenixmicron.com\/wp-content\/uploads\/2019\/04\/faviconlogo.png","contentUrl":"https:\/\/phoenixmicron.com\/wp-content\/uploads\/2019\/04\/faviconlogo.png","width":200,"height":200,"caption":"Phoenix-Micron"},"image":{"@id":"https:\/\/phoenixmicron.com\/de\/#\/schema\/logo\/image\/"}}]}},"_links":{"self":[{"href":"https:\/\/phoenixmicron.com\/de\/wp-json\/wp\/v2\/pages\/7702","targetHints":{"allow":["GET"]}}],"collection":[{"href":"https:\/\/phoenixmicron.com\/de\/wp-json\/wp\/v2\/pages"}],"about":[{"href":"https:\/\/phoenixmicron.com\/de\/wp-json\/wp\/v2\/types\/page"}],"author":[{"embeddable":true,"href":"https:\/\/phoenixmicron.com\/de\/wp-json\/wp\/v2\/users\/1"}],"replies":[{"embeddable":true,"href":"https:\/\/phoenixmicron.com\/de\/wp-json\/wp\/v2\/comments?post=7702"}],"version-history":[{"count":0,"href":"https:\/\/phoenixmicron.com\/de\/wp-json\/wp\/v2\/pages\/7702\/revisions"}],"wp:attachment":[{"href":"https:\/\/phoenixmicron.com\/de\/wp-json\/wp\/v2\/media?parent=7702"}],"curies":[{"name":"wp","href":"https:\/\/api.w.org\/{rel}","templated":true}]}}