{"id":7547,"date":"2019-04-23T04:28:03","date_gmt":"2019-04-23T04:28:03","guid":{"rendered":"https:\/\/phoenixmicrdev.wpengine.com\/phoenix-micron\/ganzfeld-erg\/"},"modified":"2026-04-13T08:22:42","modified_gmt":"2026-04-13T08:22:42","slug":"ganzfeld-erg","status":"publish","type":"page","link":"https:\/\/phoenixmicron.com\/de\/phoenix-micron\/ganzfeld-erg\/","title":{"rendered":"Ganzfeld ERG"},"content":{"rendered":"\n<h1>\n\t\t\tMICRON<!--wpml-no-translate-->\u00ae<!--\/wpml-no-translate--> Ganzfeld ERG\t<\/h1>\n\t<p>Elektrophysiologisches Instrument, das f\u00fcr die einzigartige Netzhautreaktion der Photorezeptoren von Nagetieren optimiert ist<\/p>\n\t<ul>\n<li>Spezifische F\u00e4higkeit zur gezielten Stimulation von S-Zapfen, M-Zapfen und St\u00e4bchen.<\/li>\n<li>Die \u201eDark Lab&#8220;-Technologie erm\u00f6glicht eine vollst\u00e4ndige Dunkeladaptation der St\u00e4bchen-Photorezeptoren von M\u00e4usen.<\/li>\n<li>Die Software steuert nahtlos UV- und Gr\u00fcnlicht-Stimuli f\u00fcr pr\u00e4zise und individuell anpassbare Tests.<\/li>\n<\/ul>\n\t<p><a href=\"https:\/\/phoenixmicron.com\/wp-content\/uploads\/2026\/04\/MICRON-Ganzfeld-ERG-2026.pdf\" target=\"_blank\" rel=\"noopener\">Datenblatt<\/a> | <a href=\"https:\/\/phoenixmicron.com\/de\/research-blog\/\" rel=\"noopener\">Artikel<\/a><\/p>\n<figure itemscope itemtype=\"https:\/\/schema.org\/ImageObject\">\n\t\t\t\t<img decoding=\"async\" data-src=\"https:\/\/phoenixmicron.com\/wp-content\/uploads\/2019\/04\/picture-17-analysis-window-I.png\" alt=\"ERG-Analyse-Fenster\" height=\"902\" width=\"1607\" title=\"Bild 17 Analysefenster I\" onerror=\"this.style.display='none'\" src=\"data:image\/svg+xml;base64,PHN2ZyB3aWR0aD0iMSIgaGVpZ2h0PSIxIiB4bWxucz0iaHR0cDovL3d3dy53My5vcmcvMjAwMC9zdmciPjwvc3ZnPg==\" class=\"lazyload\" style=\"--smush-placeholder-width: 1607px; --smush-placeholder-aspect-ratio: 1607\/902;\" \/>\n\t<\/figure>\n\t<p>Die MICRON-Analysetools extrahieren nicht nur das oszillatorische Potenzial, sondern erstellen auch automatisch eine Wasserfalldarstellung.<\/p>\n<figure itemscope itemtype=\"https:\/\/schema.org\/ImageObject\">\n\t\t\t\t<img decoding=\"async\" data-src=\"https:\/\/phoenixmicron.com\/wp-content\/uploads\/2019\/04\/waterfall-161-offset.png\" alt=\"ERG-Wasserfalldiagramm\" height=\"808\" width=\"790\" title=\"Wasserfall 161 Offset\" onerror=\"this.style.display='none'\" src=\"data:image\/svg+xml;base64,PHN2ZyB3aWR0aD0iMSIgaGVpZ2h0PSIxIiB4bWxucz0iaHR0cDovL3d3dy53My5vcmcvMjAwMC9zdmciPjwvc3ZnPg==\" class=\"lazyload\" style=\"--smush-placeholder-width: 790px; --smush-placeholder-aspect-ratio: 790\/808;\" \/>\n\t<\/figure>\n<figure itemscope itemtype=\"https:\/\/schema.org\/ImageObject\">\n\t\t\t\t<img decoding=\"async\" data-src=\"https:\/\/phoenixmicron.com\/wp-content\/uploads\/2019\/04\/waterfall-no-offset.png\" alt=\"ERG-Wasserfalldiagramm\" height=\"810\" width=\"792\" title=\"Wasserfall ohne Versatz\" onerror=\"this.style.display='none'\" src=\"data:image\/svg+xml;base64,PHN2ZyB3aWR0aD0iMSIgaGVpZ2h0PSIxIiB4bWxucz0iaHR0cDovL3d3dy53My5vcmcvMjAwMC9zdmciPjwvc3ZnPg==\" class=\"lazyload\" style=\"--smush-placeholder-width: 792px; --smush-placeholder-aspect-ratio: 792\/810;\" \/>\n\t<\/figure>\n<h3>\n\t\t\tEinzigartige ERG-Tools speziell f\u00fcr Nagetiere\t<\/h3>\n\t<p>Die CLEAN-Signalverarbeitung filtert 60-Hz-Rauschen heraus, das h\u00e4ufig in Stromversorgungssystemen von Geb\u00e4uden vorkommt. Diese einzigartige Funktion macht Notch-Filter oder Bandbreitenbegrenzung \u00fcberfl\u00fcssig, verhindert Verzerrungen und erm\u00f6glicht einzelne ERG-Messungen ohne Mittelwertbildung von Signalen mit niedrigem Pegel zur Entfernung von Rauschen.<\/p>\n<figure itemscope itemtype=\"https:\/\/schema.org\/ImageObject\">\n\t\t\t\t<img decoding=\"async\" data-src=\"https:\/\/phoenixmicron.com\/wp-content\/uploads\/2019\/04\/2a_Focal-ERG-5.png\" alt=\"Tabelle der Beleuchtungswellenl\u00e4ngen\" height=\"1070\" width=\"1470\" title=\"2a_Fokal-ERG-5\" onerror=\"this.style.display='none'\" src=\"data:image\/svg+xml;base64,PHN2ZyB3aWR0aD0iMSIgaGVpZ2h0PSIxIiB4bWxucz0iaHR0cDovL3d3dy53My5vcmcvMjAwMC9zdmciPjwvc3ZnPg==\" class=\"lazyload\" style=\"--smush-placeholder-width: 1470px; --smush-placeholder-aspect-ratio: 1470\/1070;\" \/>\n\t<\/figure>\n<h3>\n\t\t\tERG-L\u00d6SUNGEN F\u00dcR DAS NAGETIERAUGE\t<\/h3>\n<h4>\n\t\t\tGanzfeld ERG\t<\/h4>\n\t<p>Ein kompaktes, eigenst\u00e4ndiges Ger\u00e4t mit einem gro\u00dfen dynamischen Bereich, das sowohl UV- als auch gr\u00fcnes Licht bietet, um die Empfindlichkeit der Photorezeptoren von Nagetieren genau zu treffen.<\/p>\n<h4>\n\t\t\tFokal ERG\t<\/h4>\n\t<p>In Verbindung mit dem MICRON-Bildgebungssystem erm\u00f6glicht das Focal ERG die pr\u00e4zise Stimulation  bestimmte Stellen der Netzhaut zu untersuchen und dabei die Dunkeladaption zu erhalten. Au\u00dferdem unterst\u00fctzt es eine breite Palette von Brennfleckgr\u00f6\u00dfen.<\/p>\n<h4>\n\t\t\tEin voll funktionsf\u00e4higes System\t<\/h4>\n\t<p>Ausgestattet mit einer ganzen Reihe von Funktionen wie Flicker, Hintergrunds\u00e4ttigung und OP-Wellen-Extraktion.<\/p>\n<p>Ausgestattet mit CLEAN, einer Phoenix-MICRON-Innovation, die das 60-Hz-Artefakt automatisch eliminiert.<\/p>\n<h4>\n\t\t\tGanzfeld ERG f\u00fcr Nagetiere\t<\/h4>\n\t<p>Das MICRON<!--wpml-no-translate-->\u00ae<!--\/wpml-no-translate--> Ganzfeld ERG System ist f\u00fcr die einzigartige Netzhautreaktion der Photorezeptoren von Nagetieren optimiert und bietet die spezifische F\u00e4higkeit, S-Zapfen, M-Zapfen und St\u00e4bchen anzuregen. Das System ist mit der einzigartigen &#8222;Dark Lab&#8220;-Technologie ausgestattet, sodass eine optimale Dunkeladaptation der St\u00e4bchenphotorezeptoren der Maus gew\u00e4hrleistet wird. Eine firmeneigene Software-Suite steuert UV- und Gr\u00fcnlicht-Stimuli und bietet vollst\u00e4ndige Kontrolle \u00fcber Pulsbreite, Verz\u00f6gerung, Intensit\u00e4t und Flimmerfrequenz.  <\/p>\n<p>Das einzigartige Maxwellsche Design erm\u00f6glicht es, dass die Hornhautelektrode Teil der Frontlinse ist. Eine Infrarotkamera erm\u00f6glicht die pr\u00e4zise Positionierung und gew\u00e4hrleistet auch bei Dunkelheit einen sanften Kontakt mit der Hornhaut. Dies sorgt f\u00fcr eine absolute Dunkeladaption und einen stabilen Kontakt mit dem Auge.  .<\/p>\n<p><strong>Entwickelt f\u00fcr beengte Laborverh\u00e4ltnisse: <\/strong>Das kleinste System f\u00fcr die kleinsten Tiere.<\/p>\n\t<p><a href=\"\/wp-content\/uploads\/2021\/11\/Phoenix-Ganzfeld-ERG-2021.pdf\" target=\"_blank\" rel=\"noopener\">Datenblatt<\/a> | <a href=\"https:\/\/phoenixmicron.com\/de\/research-blog\/\" rel=\"noopener\">Artikel<\/a><\/p>\n<figure itemscope itemtype=\"https:\/\/schema.org\/ImageObject\">\n\t\t\t\t<img decoding=\"async\" data-src=\"https:\/\/phoenixmicron.com\/wp-content\/uploads\/2026\/03\/Ganzfeld_Black-cover_IMG_7758_web-content_image-900x1024.png\" alt=\"MICRON Ganzfeld ERG\" height=\"728\" width=\"640\" title=\"Ganzfeld_schwarz cover_IMG_7758_web content_image\" onerror=\"this.style.display='none'\" src=\"data:image\/svg+xml;base64,PHN2ZyB3aWR0aD0iMSIgaGVpZ2h0PSIxIiB4bWxucz0iaHR0cDovL3d3dy53My5vcmcvMjAwMC9zdmciPjwvc3ZnPg==\" class=\"lazyload\" style=\"--smush-placeholder-width: 640px; --smush-placeholder-aspect-ratio: 640\/728;\" \/>\n\t<\/figure>\n\n","protected":false},"excerpt":{"rendered":"<p>MICRON\u00ae Ganzfeld ERG Elektrophysiologisches Instrument, das f\u00fcr die einzigartige Netzhautreaktion der Photorezeptoren von Nagetieren optimiert ist Spezifische F\u00e4higkeit zur gezielten Stimulation von S-Zapfen, M-Zapfen und St\u00e4bchen. Die \u201eDark Lab&#8220;-Technologie erm\u00f6glicht eine vollst\u00e4ndige Dunkeladaptation der St\u00e4bchen-Photorezeptoren von M\u00e4usen. Die Software steuert nahtlos UV- und Gr\u00fcnlicht-Stimuli f\u00fcr pr\u00e4zise und individuell anpassbare Tests. Datenblatt | Artikel Die MICRON-Analysetools [&hellip;]<\/p>\n","protected":false},"author":6,"featured_media":0,"parent":6210,"menu_order":0,"comment_status":"closed","ping_status":"closed","template":"page-full-width.php","meta":{"_acf_changed":false,"_themeisle_gutenberg_block_has_review":false,"footnotes":""},"class_list":["post-7547","page","type-page","status-publish","hentry"],"acf":[],"yoast_head":"<!-- This site is optimized with the Yoast SEO plugin v27.2 - https:\/\/yoast.com\/product\/yoast-seo-wordpress\/ -->\n<title>Ganzfeld ERG - Phoenix-Micron<\/title>\n<meta name=\"description\" content=\"Das Phoenix MICRON\u2122 Ganzfeld ERG System, das f\u00fcr die einzigartige Netzhautreaktion der Photorezeptoren von Nagetieren optimiert ist, erm\u00f6glicht es Forschern, SCones, MCones und Rods zu erregen.\" \/>\n<meta name=\"robots\" content=\"index, follow, max-snippet:-1, max-image-preview:large, max-video-preview:-1\" \/>\n<link rel=\"canonical\" href=\"https:\/\/phoenixmicron.com\/de\/phoenix-micron\/ganzfeld-erg\/\" \/>\n<meta property=\"og:locale\" content=\"de_DE\" \/>\n<meta property=\"og:type\" content=\"article\" \/>\n<meta property=\"og:title\" content=\"Ganzfeld ERG - Phoenix-Micron\" \/>\n<meta property=\"og:description\" content=\"Das Phoenix MICRON\u2122 Ganzfeld ERG System, das f\u00fcr die einzigartige Netzhautreaktion der Photorezeptoren von Nagetieren optimiert ist, erm\u00f6glicht es Forschern, SCones, MCones und Rods zu erregen.\" \/>\n<meta property=\"og:url\" content=\"https:\/\/phoenixmicron.com\/de\/phoenix-micron\/ganzfeld-erg\/\" \/>\n<meta property=\"og:site_name\" content=\"Phoenix-Micron\" \/>\n<meta property=\"article:modified_time\" content=\"2026-04-13T08:22:42+00:00\" \/>\n<meta property=\"og:image\" content=\"https:\/\/phoenixmicron.com\/wp-content\/uploads\/2019\/04\/picture-17-analysis-window-I.png\" \/>\n<meta name=\"twitter:card\" content=\"summary_large_image\" \/>\n<meta name=\"twitter:label1\" content=\"Gesch\u00e4tzte Lesezeit\" \/>\n\t<meta name=\"twitter:data1\" content=\"2\u00a0Minuten\" \/>\n<script type=\"application\/ld+json\" class=\"yoast-schema-graph\">{\"@context\":\"https:\/\/schema.org\",\"@graph\":[{\"@type\":\"WebPage\",\"@id\":\"https:\/\/phoenixmicron.com\/de\/phoenix-micron\/ganzfeld-erg\/\",\"url\":\"https:\/\/phoenixmicron.com\/de\/phoenix-micron\/ganzfeld-erg\/\",\"name\":\"Ganzfeld ERG - Phoenix-Micron\",\"isPartOf\":{\"@id\":\"https:\/\/phoenixmicron.com\/de\/#website\"},\"primaryImageOfPage\":{\"@id\":\"https:\/\/phoenixmicron.com\/de\/phoenix-micron\/ganzfeld-erg\/#primaryimage\"},\"image\":{\"@id\":\"https:\/\/phoenixmicron.com\/de\/phoenix-micron\/ganzfeld-erg\/#primaryimage\"},\"thumbnailUrl\":\"https:\/\/phoenixmicron.com\/wp-content\/uploads\/2019\/04\/picture-17-analysis-window-I.png\",\"datePublished\":\"2019-04-23T04:28:03+00:00\",\"dateModified\":\"2026-04-13T08:22:42+00:00\",\"description\":\"Das Phoenix MICRON\u2122 Ganzfeld ERG System, das f\u00fcr die einzigartige Netzhautreaktion der Photorezeptoren von Nagetieren optimiert ist, erm\u00f6glicht es Forschern, SCones, MCones und Rods zu erregen.\",\"breadcrumb\":{\"@id\":\"https:\/\/phoenixmicron.com\/de\/phoenix-micron\/ganzfeld-erg\/#breadcrumb\"},\"inLanguage\":\"de\",\"potentialAction\":[{\"@type\":\"ReadAction\",\"target\":[\"https:\/\/phoenixmicron.com\/de\/phoenix-micron\/ganzfeld-erg\/\"]}]},{\"@type\":\"ImageObject\",\"inLanguage\":\"de\",\"@id\":\"https:\/\/phoenixmicron.com\/de\/phoenix-micron\/ganzfeld-erg\/#primaryimage\",\"url\":\"https:\/\/phoenixmicron.com\/wp-content\/uploads\/2019\/04\/picture-17-analysis-window-I.png\",\"contentUrl\":\"https:\/\/phoenixmicron.com\/wp-content\/uploads\/2019\/04\/picture-17-analysis-window-I.png\"},{\"@type\":\"BreadcrumbList\",\"@id\":\"https:\/\/phoenixmicron.com\/de\/phoenix-micron\/ganzfeld-erg\/#breadcrumb\",\"itemListElement\":[{\"@type\":\"ListItem\",\"position\":1,\"name\":\"Home\",\"item\":\"https:\/\/phoenixmicron.com\/de\/phoenix-micron\/\"},{\"@type\":\"ListItem\",\"position\":2,\"name\":\"Phoenix MICRON\u00ae\",\"item\":\"https:\/\/phoenixmicron.com\/de\/phoenix-micron\/\"},{\"@type\":\"ListItem\",\"position\":3,\"name\":\"Ganzfeld ERG\"}]},{\"@type\":\"WebSite\",\"@id\":\"https:\/\/phoenixmicron.com\/de\/#website\",\"url\":\"https:\/\/phoenixmicron.com\/de\/\",\"name\":\"Phoenix-Micron\",\"description\":\"\",\"publisher\":{\"@id\":\"https:\/\/phoenixmicron.com\/de\/#organization\"},\"potentialAction\":[{\"@type\":\"SearchAction\",\"target\":{\"@type\":\"EntryPoint\",\"urlTemplate\":\"https:\/\/phoenixmicron.com\/de\/?s={search_term_string}\"},\"query-input\":{\"@type\":\"PropertyValueSpecification\",\"valueRequired\":true,\"valueName\":\"search_term_string\"}}],\"inLanguage\":\"de\"},{\"@type\":\"Organization\",\"@id\":\"https:\/\/phoenixmicron.com\/de\/#organization\",\"name\":\"Phoenix-Micron\",\"url\":\"https:\/\/phoenixmicron.com\/de\/\",\"logo\":{\"@type\":\"ImageObject\",\"inLanguage\":\"de\",\"@id\":\"https:\/\/phoenixmicron.com\/de\/#\/schema\/logo\/image\/\",\"url\":\"https:\/\/phoenixmicron.com\/wp-content\/uploads\/2019\/04\/faviconlogo.png\",\"contentUrl\":\"https:\/\/phoenixmicron.com\/wp-content\/uploads\/2019\/04\/faviconlogo.png\",\"width\":200,\"height\":200,\"caption\":\"Phoenix-Micron\"},\"image\":{\"@id\":\"https:\/\/phoenixmicron.com\/de\/#\/schema\/logo\/image\/\"}}]}<\/script>\n<!-- \/ Yoast SEO plugin. -->","yoast_head_json":{"title":"Ganzfeld ERG - Phoenix-Micron","description":"Das Phoenix MICRON\u2122 Ganzfeld ERG System, das f\u00fcr die einzigartige Netzhautreaktion der Photorezeptoren von Nagetieren optimiert ist, erm\u00f6glicht es Forschern, SCones, MCones und Rods zu erregen.","robots":{"index":"index","follow":"follow","max-snippet":"max-snippet:-1","max-image-preview":"max-image-preview:large","max-video-preview":"max-video-preview:-1"},"canonical":"https:\/\/phoenixmicron.com\/de\/phoenix-micron\/ganzfeld-erg\/","og_locale":"de_DE","og_type":"article","og_title":"Ganzfeld ERG - Phoenix-Micron","og_description":"Das Phoenix MICRON\u2122 Ganzfeld ERG System, das f\u00fcr die einzigartige Netzhautreaktion der Photorezeptoren von Nagetieren optimiert ist, erm\u00f6glicht es Forschern, SCones, MCones und Rods zu erregen.","og_url":"https:\/\/phoenixmicron.com\/de\/phoenix-micron\/ganzfeld-erg\/","og_site_name":"Phoenix-Micron","article_modified_time":"2026-04-13T08:22:42+00:00","og_image":[{"url":"https:\/\/phoenixmicron.com\/wp-content\/uploads\/2019\/04\/picture-17-analysis-window-I.png","type":"","width":"","height":""}],"twitter_card":"summary_large_image","twitter_misc":{"Gesch\u00e4tzte Lesezeit":"2\u00a0Minuten"},"schema":{"@context":"https:\/\/schema.org","@graph":[{"@type":"WebPage","@id":"https:\/\/phoenixmicron.com\/de\/phoenix-micron\/ganzfeld-erg\/","url":"https:\/\/phoenixmicron.com\/de\/phoenix-micron\/ganzfeld-erg\/","name":"Ganzfeld ERG - Phoenix-Micron","isPartOf":{"@id":"https:\/\/phoenixmicron.com\/de\/#website"},"primaryImageOfPage":{"@id":"https:\/\/phoenixmicron.com\/de\/phoenix-micron\/ganzfeld-erg\/#primaryimage"},"image":{"@id":"https:\/\/phoenixmicron.com\/de\/phoenix-micron\/ganzfeld-erg\/#primaryimage"},"thumbnailUrl":"https:\/\/phoenixmicron.com\/wp-content\/uploads\/2019\/04\/picture-17-analysis-window-I.png","datePublished":"2019-04-23T04:28:03+00:00","dateModified":"2026-04-13T08:22:42+00:00","description":"Das Phoenix MICRON\u2122 Ganzfeld ERG System, das f\u00fcr die einzigartige Netzhautreaktion der Photorezeptoren von Nagetieren optimiert ist, erm\u00f6glicht es Forschern, SCones, MCones und Rods zu erregen.","breadcrumb":{"@id":"https:\/\/phoenixmicron.com\/de\/phoenix-micron\/ganzfeld-erg\/#breadcrumb"},"inLanguage":"de","potentialAction":[{"@type":"ReadAction","target":["https:\/\/phoenixmicron.com\/de\/phoenix-micron\/ganzfeld-erg\/"]}]},{"@type":"ImageObject","inLanguage":"de","@id":"https:\/\/phoenixmicron.com\/de\/phoenix-micron\/ganzfeld-erg\/#primaryimage","url":"https:\/\/phoenixmicron.com\/wp-content\/uploads\/2019\/04\/picture-17-analysis-window-I.png","contentUrl":"https:\/\/phoenixmicron.com\/wp-content\/uploads\/2019\/04\/picture-17-analysis-window-I.png"},{"@type":"BreadcrumbList","@id":"https:\/\/phoenixmicron.com\/de\/phoenix-micron\/ganzfeld-erg\/#breadcrumb","itemListElement":[{"@type":"ListItem","position":1,"name":"Home","item":"https:\/\/phoenixmicron.com\/de\/phoenix-micron\/"},{"@type":"ListItem","position":2,"name":"Phoenix MICRON\u00ae","item":"https:\/\/phoenixmicron.com\/de\/phoenix-micron\/"},{"@type":"ListItem","position":3,"name":"Ganzfeld ERG"}]},{"@type":"WebSite","@id":"https:\/\/phoenixmicron.com\/de\/#website","url":"https:\/\/phoenixmicron.com\/de\/","name":"Phoenix-Micron","description":"","publisher":{"@id":"https:\/\/phoenixmicron.com\/de\/#organization"},"potentialAction":[{"@type":"SearchAction","target":{"@type":"EntryPoint","urlTemplate":"https:\/\/phoenixmicron.com\/de\/?s={search_term_string}"},"query-input":{"@type":"PropertyValueSpecification","valueRequired":true,"valueName":"search_term_string"}}],"inLanguage":"de"},{"@type":"Organization","@id":"https:\/\/phoenixmicron.com\/de\/#organization","name":"Phoenix-Micron","url":"https:\/\/phoenixmicron.com\/de\/","logo":{"@type":"ImageObject","inLanguage":"de","@id":"https:\/\/phoenixmicron.com\/de\/#\/schema\/logo\/image\/","url":"https:\/\/phoenixmicron.com\/wp-content\/uploads\/2019\/04\/faviconlogo.png","contentUrl":"https:\/\/phoenixmicron.com\/wp-content\/uploads\/2019\/04\/faviconlogo.png","width":200,"height":200,"caption":"Phoenix-Micron"},"image":{"@id":"https:\/\/phoenixmicron.com\/de\/#\/schema\/logo\/image\/"}}]}},"_links":{"self":[{"href":"https:\/\/phoenixmicron.com\/de\/wp-json\/wp\/v2\/pages\/7547","targetHints":{"allow":["GET"]}}],"collection":[{"href":"https:\/\/phoenixmicron.com\/de\/wp-json\/wp\/v2\/pages"}],"about":[{"href":"https:\/\/phoenixmicron.com\/de\/wp-json\/wp\/v2\/types\/page"}],"author":[{"embeddable":true,"href":"https:\/\/phoenixmicron.com\/de\/wp-json\/wp\/v2\/users\/6"}],"replies":[{"embeddable":true,"href":"https:\/\/phoenixmicron.com\/de\/wp-json\/wp\/v2\/comments?post=7547"}],"version-history":[{"count":0,"href":"https:\/\/phoenixmicron.com\/de\/wp-json\/wp\/v2\/pages\/7547\/revisions"}],"up":[{"embeddable":true,"href":"https:\/\/phoenixmicron.com\/de\/wp-json\/wp\/v2\/pages\/6210"}],"wp:attachment":[{"href":"https:\/\/phoenixmicron.com\/de\/wp-json\/wp\/v2\/media?parent=7547"}],"curies":[{"name":"wp","href":"https:\/\/api.w.org\/{rel}","templated":true}]}}