{"id":7481,"date":"2019-04-12T03:44:31","date_gmt":"2019-04-12T03:44:31","guid":{"rendered":"https:\/\/phoenixmicrdev.wpengine.com\/phoenix-micron\/fokal-erg\/"},"modified":"2026-04-13T08:46:23","modified_gmt":"2026-04-13T08:46:23","slug":"fokal-erg","status":"publish","type":"page","link":"https:\/\/phoenixmicron.com\/de\/phoenix-micron\/fokal-erg\/","title":{"rendered":"Focal ERG"},"content":{"rendered":"\n<h1>\n\t\t\tMICRON<!--wpml-no-translate-->\u00ae<!--\/wpml-no-translate--> Image-Guided Focal ERG\t<\/h1>\n\t<p>Bildgesteuertes fokales ERG-System, optimiert f\u00fcr die Verwendung bei Nagern.<\/p>\n\t<ul>\n<li>Wird an der MICRON-Kamera befestigt.<\/li>\n<li>Dunkelrote Fundusansicht h\u00e4lt das Tier vollst\u00e4ndig dunkeladaptiert<\/li>\n<li>Mikromanipulatoren erm\u00f6glichen eine pr\u00e4zise Platzierung des fokalen Stimulus auf einem Zielgebiet<\/li>\n<li>Eingebaute Hornhautelektrode &#8211; keine kleinen<br \/>\nKontakte mehr in einem abgedunkelten Labor<\/li>\n<\/ul>\n\t<p><a href=\"https:\/\/phoenixmicron.com\/wp-content\/uploads\/2026\/04\/MICRON-Focal-ERG-2026.pdf\" target=\"_blank\" rel=\"noopener\">Datenblatt<\/a> | <a href=\"https:\/\/phoenixmicron.com\/de\/research-blog\/\" rel=\"noopener\">Artikel<\/a><\/p>\n<figure itemscope itemtype=\"https:\/\/schema.org\/ImageObject\">\n\t\t\t\t<img decoding=\"async\" data-src=\"https:\/\/phoenixmicron.com\/wp-content\/uploads\/2019\/04\/2e_Focal-ERG.jpg\" alt=\"ERG Clean Software\" height=\"726\" width=\"1132\" title=\"2e_Focal ERG\" onerror=\"this.style.display='none'\" src=\"data:image\/svg+xml;base64,PHN2ZyB3aWR0aD0iMSIgaGVpZ2h0PSIxIiB4bWxucz0iaHR0cDovL3d3dy53My5vcmcvMjAwMC9zdmciPjwvc3ZnPg==\" class=\"lazyload\" style=\"--smush-placeholder-width: 1132px; --smush-placeholder-aspect-ratio: 1132\/726;\" \/>\n\t<\/figure>\n\t<p>Die leistungsstarken MICRON-Analysetools extrahieren nicht nur die Oszillationspotenziale, sondern erstellen auch automatisch eine Wasserfalldarstellung.<\/p>\n<figure itemscope itemtype=\"https:\/\/schema.org\/ImageObject\">\n\t\t\t\t<img decoding=\"async\" data-src=\"https:\/\/phoenixmicron.com\/wp-content\/uploads\/2019\/04\/waterfall-161-offset.png\" alt=\"ERG-Wasserfalldiagramm\" height=\"808\" width=\"790\" title=\"Wasserfall 161 Offset\" onerror=\"this.style.display='none'\" src=\"data:image\/svg+xml;base64,PHN2ZyB3aWR0aD0iMSIgaGVpZ2h0PSIxIiB4bWxucz0iaHR0cDovL3d3dy53My5vcmcvMjAwMC9zdmciPjwvc3ZnPg==\" class=\"lazyload\" style=\"--smush-placeholder-width: 790px; --smush-placeholder-aspect-ratio: 790\/808;\" \/>\n\t<\/figure>\n<figure itemscope itemtype=\"https:\/\/schema.org\/ImageObject\">\n\t\t\t\t<img decoding=\"async\" data-src=\"https:\/\/phoenixmicron.com\/wp-content\/uploads\/2019\/04\/waterfall-no-offset.png\" alt=\"ERG-Wasserfalldiagramm\" height=\"810\" width=\"792\" title=\"Wasserfall ohne Versatz\" onerror=\"this.style.display='none'\" src=\"data:image\/svg+xml;base64,PHN2ZyB3aWR0aD0iMSIgaGVpZ2h0PSIxIiB4bWxucz0iaHR0cDovL3d3dy53My5vcmcvMjAwMC9zdmciPjwvc3ZnPg==\" class=\"lazyload\" style=\"--smush-placeholder-width: 792px; --smush-placeholder-aspect-ratio: 792\/810;\" \/>\n\t<\/figure>\n<h3>\n\t\t\tCLEAN Power Filter\t<\/h3>\n\t<p>Die MICRON CLEAN Signalverarbeitung filtert 60-Hz-St\u00f6rungen heraus, die h\u00e4ufig in der Geb\u00e4udeelektrik auftreten. Diese einzigartige Funktion macht Notch-Filter oder Bandbreitenbegrenzung \u00fcberfl\u00fcssig, verhindert Verzerrungen und erm\u00f6glicht Einzel-ERG-Messungen ohne Mittelwertbildung schwacher Signale zur Rauschunterdr\u00fcckung.<\/p>\n<figure itemscope itemtype=\"https:\/\/schema.org\/ImageObject\">\n\t\t\t\t<img decoding=\"async\" data-src=\"https:\/\/phoenixmicron.com\/wp-content\/uploads\/2019\/04\/2a_Focal-ERG-4.png\" alt=\"saubere ERG-Software Vergleichstabelle\" height=\"1070\" width=\"1470\" title=\"2a_Fokal-ERG-4\" onerror=\"this.style.display='none'\" src=\"data:image\/svg+xml;base64,PHN2ZyB3aWR0aD0iMSIgaGVpZ2h0PSIxIiB4bWxucz0iaHR0cDovL3d3dy53My5vcmcvMjAwMC9zdmciPjwvc3ZnPg==\" class=\"lazyload\" style=\"--smush-placeholder-width: 1470px; --smush-placeholder-aspect-ratio: 1470\/1070;\" \/>\n\t<\/figure>\n<h3>\n\t\t\tERG-L\u00d6SUNGEN F\u00dcR DAS NAGETIERAUGE\t<\/h3>\n<h4>\n\t\t\tGanzfeld ERG\t<\/h4>\n\t<p>Ein kompaktes, eigenst\u00e4ndiges Ger\u00e4t mit gro\u00dfem Dynamikbereich, das sowohl UV- als auch gr\u00fcnes Licht bietet, um die spektrale Empfindlichkeit der Nagetier-Photorezeptoren optimal anzusprechen.<\/p>\n<h4>\n\t\t\tFocal ERG\t<\/h4>\n\t<p>In Verbindung mit dem MICRON-Bildgebungssystem erm\u00f6glicht das Focal ERG die pr\u00e4zise Ausrichtung auf  spezifische Netzhautstellen zur Untersuchung erm\u00f6glicht, w\u00e4hrend die Dunkeladaption erhalten bleibt. Dar\u00fcber hinaus unterst\u00fctzt es eine breite Palette von Brennfleckgr\u00f6\u00dfen. <\/p>\n<h4>\n\t\t\tEin umfassendes System\t<\/h4>\n\t<p>Ausgestattet mit einer ganzen Reihe von Funktionen wie Flicker, Hintergrunds\u00e4ttigung und OP-Wellen-Extraktion.<\/p>\n<p>Ausgestattet mit CLEAN, einer Phoenix-Innovation, die automatisch die 60-Hz-Einstreuung eliminiert.<\/p>\n<h4>\n\t\t\tBildgesteuertes fokales ERG f\u00fcr Nagetiere\t<\/h4>\n\t<p>Das MICRON<!--wpml-no-translate-->\u00ae<!--\/wpml-no-translate--> Image-Guided Focal ERG bestimmt quantitativ die Netzhautfunktion an genau lokalisierten Positionen und gibt eine r\u00e4umliche Karte der Netzhautleistung aus, um die Beurteilung von behandelten gegen\u00fcber unbehandelten Regionen zu erleichtern. Dies wird durch die Verwendung eines tiefroten Bildes und eines tiefroten Sondenpunktes erm\u00f6glicht, die auf dem MICRON<!--wpml-no-translate-->\u00ae<!--\/wpml-no-translate--> Bild in Echtzeit zu sehen sind. Anschlie\u00dfend wird ein wei\u00dfer Lichtreiz geblitzt und das elektrische Signal aufgezeichnet. <\/p>\n<p>Die bildgesteuerte ERG-Modalit\u00e4t funktioniert als Aufsatz f\u00fcr das MICRON Retina-Imaging-System und minimiert den Platzbedarf im Labor. Das MICRON<!--wpml-no-translate-->\u00ae<!--\/wpml-no-translate--> bietet eine Beleuchtung und Bildgebung bei 850 nm und unterst\u00fctzt die h\u00f6chste Stufe der Dunkeladaption. <\/p>\n\t<p><strong>Zum Anschluss an das MICRON<!--wpml-no-translate-->\u00ae<!--\/wpml-no-translate--> System<\/strong><\/p>\n<ul>\n<li>Infrarot-Lichtf\u00fchrung h\u00e4lt das Tier vollst\u00e4ndig dunkeladaptiert.<\/li>\n<li>Eingebaute Elektroden: Kein Platzieren kleiner Kontakte mehr im abgedunkelten Labor<\/li>\n<\/ul>\n\t<p><a href=\"https:\/\/phoenixmicron.com\/wp-content\/uploads\/2024\/08\/MICRON-Focal-ERG-2023.pdf\" target=\"_blank\" rel=\"noopener\">Datenblatt<\/a> | <a href=\"https:\/\/phoenixmicron.com\/de\/research-blog\/\" rel=\"noopener\">Artikel<\/a> | <a href=\"https:\/\/phoenixmicron.com\/resources-researchers\/\" rel=\"noopener\">Forschungsberichte<\/a> | <a href=\"https:\/\/phoenixmicron.com\/resources-researchers\/\">Videos<\/a><\/p>\n<figure itemscope itemtype=\"https:\/\/schema.org\/ImageObject\">\n\t\t\t\t<img decoding=\"async\" data-src=\"https:\/\/phoenixmicron.com\/wp-content\/uploads\/2024\/07\/14_M5-fERG-2-website.png\" alt=\"14_M5 fERG-2 Website\" height=\"1255\" width=\"1575\" title=\"14_M5 fERG-2 Website\" onerror=\"this.style.display='none'\" src=\"data:image\/svg+xml;base64,PHN2ZyB3aWR0aD0iMSIgaGVpZ2h0PSIxIiB4bWxucz0iaHR0cDovL3d3dy53My5vcmcvMjAwMC9zdmciPjwvc3ZnPg==\" class=\"lazyload\" style=\"--smush-placeholder-width: 1575px; --smush-placeholder-aspect-ratio: 1575\/1255;\" \/>\n\t<\/figure>\n\n","protected":false},"excerpt":{"rendered":"<p>MICRON\u00ae Image-Guided Focal ERG Bildgesteuertes fokales ERG-System, optimiert f\u00fcr die Verwendung bei Nagern. Wird an der MICRON-Kamera befestigt. Dunkelrote Fundusansicht h\u00e4lt das Tier vollst\u00e4ndig dunkeladaptiert Mikromanipulatoren erm\u00f6glichen eine pr\u00e4zise Platzierung des fokalen Stimulus auf einem Zielgebiet Eingebaute Hornhautelektrode &#8211; keine kleinen Kontakte mehr in einem abgedunkelten Labor Datenblatt | Artikel Die leistungsstarken MICRON-Analysetools extrahieren nicht [&hellip;]<\/p>\n","protected":false},"author":6,"featured_media":0,"parent":6210,"menu_order":0,"comment_status":"closed","ping_status":"closed","template":"page-full-width.php","meta":{"_acf_changed":false,"_themeisle_gutenberg_block_has_review":false,"footnotes":""},"class_list":["post-7481","page","type-page","status-publish","hentry"],"acf":[],"yoast_head":"<!-- This site is optimized with the Yoast SEO plugin v27.2 - https:\/\/yoast.com\/product\/yoast-seo-wordpress\/ -->\n<title>Focal ERG - Phoenix-Micron<\/title>\n<meta name=\"description\" content=\"Mit dem Phoenix MICRON Focal ERG k\u00f6nnen Sie die zu untersuchende Stelle auf der Netzhaut pr\u00e4zise anvisieren und gleichzeitig die Dunkeladaption beibehalten. Erfahren Sie mehr.\" \/>\n<meta name=\"robots\" content=\"index, follow, max-snippet:-1, max-image-preview:large, max-video-preview:-1\" \/>\n<link rel=\"canonical\" href=\"https:\/\/phoenixmicron.com\/de\/phoenix-micron\/fokal-erg\/\" \/>\n<meta property=\"og:locale\" content=\"de_DE\" \/>\n<meta property=\"og:type\" content=\"article\" \/>\n<meta property=\"og:title\" content=\"Focal ERG - Phoenix-Micron\" \/>\n<meta property=\"og:description\" content=\"Mit dem Phoenix MICRON Focal ERG k\u00f6nnen Sie die zu untersuchende Stelle auf der Netzhaut pr\u00e4zise anvisieren und gleichzeitig die Dunkeladaption beibehalten. Erfahren Sie mehr.\" \/>\n<meta property=\"og:url\" content=\"https:\/\/phoenixmicron.com\/de\/phoenix-micron\/fokal-erg\/\" \/>\n<meta property=\"og:site_name\" content=\"Phoenix-Micron\" \/>\n<meta property=\"article:modified_time\" content=\"2026-04-13T08:46:23+00:00\" \/>\n<meta property=\"og:image\" content=\"https:\/\/phoenixmicron.com\/wp-content\/uploads\/2019\/04\/2e_Focal-ERG.jpg\" \/>\n<meta name=\"twitter:card\" content=\"summary_large_image\" \/>\n<meta name=\"twitter:label1\" content=\"Gesch\u00e4tzte Lesezeit\" \/>\n\t<meta name=\"twitter:data1\" content=\"2\u00a0Minuten\" \/>\n<script type=\"application\/ld+json\" class=\"yoast-schema-graph\">{\"@context\":\"https:\/\/schema.org\",\"@graph\":[{\"@type\":\"WebPage\",\"@id\":\"https:\/\/phoenixmicron.com\/de\/phoenix-micron\/fokal-erg\/\",\"url\":\"https:\/\/phoenixmicron.com\/de\/phoenix-micron\/fokal-erg\/\",\"name\":\"Focal ERG - Phoenix-Micron\",\"isPartOf\":{\"@id\":\"https:\/\/phoenixmicron.com\/de\/#website\"},\"primaryImageOfPage\":{\"@id\":\"https:\/\/phoenixmicron.com\/de\/phoenix-micron\/fokal-erg\/#primaryimage\"},\"image\":{\"@id\":\"https:\/\/phoenixmicron.com\/de\/phoenix-micron\/fokal-erg\/#primaryimage\"},\"thumbnailUrl\":\"https:\/\/phoenixmicron.com\/wp-content\/uploads\/2019\/04\/2e_Focal-ERG.jpg\",\"datePublished\":\"2019-04-12T03:44:31+00:00\",\"dateModified\":\"2026-04-13T08:46:23+00:00\",\"description\":\"Mit dem Phoenix MICRON Focal ERG k\u00f6nnen Sie die zu untersuchende Stelle auf der Netzhaut pr\u00e4zise anvisieren und gleichzeitig die Dunkeladaption beibehalten. Erfahren Sie mehr.\",\"breadcrumb\":{\"@id\":\"https:\/\/phoenixmicron.com\/de\/phoenix-micron\/fokal-erg\/#breadcrumb\"},\"inLanguage\":\"de\",\"potentialAction\":[{\"@type\":\"ReadAction\",\"target\":[\"https:\/\/phoenixmicron.com\/de\/phoenix-micron\/fokal-erg\/\"]}]},{\"@type\":\"ImageObject\",\"inLanguage\":\"de\",\"@id\":\"https:\/\/phoenixmicron.com\/de\/phoenix-micron\/fokal-erg\/#primaryimage\",\"url\":\"https:\/\/phoenixmicron.com\/wp-content\/uploads\/2019\/04\/2e_Focal-ERG.jpg\",\"contentUrl\":\"https:\/\/phoenixmicron.com\/wp-content\/uploads\/2019\/04\/2e_Focal-ERG.jpg\"},{\"@type\":\"BreadcrumbList\",\"@id\":\"https:\/\/phoenixmicron.com\/de\/phoenix-micron\/fokal-erg\/#breadcrumb\",\"itemListElement\":[{\"@type\":\"ListItem\",\"position\":1,\"name\":\"Home\",\"item\":\"https:\/\/phoenixmicron.com\/de\/phoenix-micron\/\"},{\"@type\":\"ListItem\",\"position\":2,\"name\":\"Phoenix MICRON\u00ae\",\"item\":\"https:\/\/phoenixmicron.com\/de\/phoenix-micron\/\"},{\"@type\":\"ListItem\",\"position\":3,\"name\":\"Focal ERG\"}]},{\"@type\":\"WebSite\",\"@id\":\"https:\/\/phoenixmicron.com\/de\/#website\",\"url\":\"https:\/\/phoenixmicron.com\/de\/\",\"name\":\"Phoenix-Micron\",\"description\":\"\",\"publisher\":{\"@id\":\"https:\/\/phoenixmicron.com\/de\/#organization\"},\"potentialAction\":[{\"@type\":\"SearchAction\",\"target\":{\"@type\":\"EntryPoint\",\"urlTemplate\":\"https:\/\/phoenixmicron.com\/de\/?s={search_term_string}\"},\"query-input\":{\"@type\":\"PropertyValueSpecification\",\"valueRequired\":true,\"valueName\":\"search_term_string\"}}],\"inLanguage\":\"de\"},{\"@type\":\"Organization\",\"@id\":\"https:\/\/phoenixmicron.com\/de\/#organization\",\"name\":\"Phoenix-Micron\",\"url\":\"https:\/\/phoenixmicron.com\/de\/\",\"logo\":{\"@type\":\"ImageObject\",\"inLanguage\":\"de\",\"@id\":\"https:\/\/phoenixmicron.com\/de\/#\/schema\/logo\/image\/\",\"url\":\"https:\/\/phoenixmicron.com\/wp-content\/uploads\/2019\/04\/faviconlogo.png\",\"contentUrl\":\"https:\/\/phoenixmicron.com\/wp-content\/uploads\/2019\/04\/faviconlogo.png\",\"width\":200,\"height\":200,\"caption\":\"Phoenix-Micron\"},\"image\":{\"@id\":\"https:\/\/phoenixmicron.com\/de\/#\/schema\/logo\/image\/\"}}]}<\/script>\n<!-- \/ Yoast SEO plugin. -->","yoast_head_json":{"title":"Focal ERG - Phoenix-Micron","description":"Mit dem Phoenix MICRON Focal ERG k\u00f6nnen Sie die zu untersuchende Stelle auf der Netzhaut pr\u00e4zise anvisieren und gleichzeitig die Dunkeladaption beibehalten. Erfahren Sie mehr.","robots":{"index":"index","follow":"follow","max-snippet":"max-snippet:-1","max-image-preview":"max-image-preview:large","max-video-preview":"max-video-preview:-1"},"canonical":"https:\/\/phoenixmicron.com\/de\/phoenix-micron\/fokal-erg\/","og_locale":"de_DE","og_type":"article","og_title":"Focal ERG - Phoenix-Micron","og_description":"Mit dem Phoenix MICRON Focal ERG k\u00f6nnen Sie die zu untersuchende Stelle auf der Netzhaut pr\u00e4zise anvisieren und gleichzeitig die Dunkeladaption beibehalten. Erfahren Sie mehr.","og_url":"https:\/\/phoenixmicron.com\/de\/phoenix-micron\/fokal-erg\/","og_site_name":"Phoenix-Micron","article_modified_time":"2026-04-13T08:46:23+00:00","og_image":[{"url":"https:\/\/phoenixmicron.com\/wp-content\/uploads\/2019\/04\/2e_Focal-ERG.jpg","type":"","width":"","height":""}],"twitter_card":"summary_large_image","twitter_misc":{"Gesch\u00e4tzte Lesezeit":"2\u00a0Minuten"},"schema":{"@context":"https:\/\/schema.org","@graph":[{"@type":"WebPage","@id":"https:\/\/phoenixmicron.com\/de\/phoenix-micron\/fokal-erg\/","url":"https:\/\/phoenixmicron.com\/de\/phoenix-micron\/fokal-erg\/","name":"Focal ERG - Phoenix-Micron","isPartOf":{"@id":"https:\/\/phoenixmicron.com\/de\/#website"},"primaryImageOfPage":{"@id":"https:\/\/phoenixmicron.com\/de\/phoenix-micron\/fokal-erg\/#primaryimage"},"image":{"@id":"https:\/\/phoenixmicron.com\/de\/phoenix-micron\/fokal-erg\/#primaryimage"},"thumbnailUrl":"https:\/\/phoenixmicron.com\/wp-content\/uploads\/2019\/04\/2e_Focal-ERG.jpg","datePublished":"2019-04-12T03:44:31+00:00","dateModified":"2026-04-13T08:46:23+00:00","description":"Mit dem Phoenix MICRON Focal ERG k\u00f6nnen Sie die zu untersuchende Stelle auf der Netzhaut pr\u00e4zise anvisieren und gleichzeitig die Dunkeladaption beibehalten. Erfahren Sie mehr.","breadcrumb":{"@id":"https:\/\/phoenixmicron.com\/de\/phoenix-micron\/fokal-erg\/#breadcrumb"},"inLanguage":"de","potentialAction":[{"@type":"ReadAction","target":["https:\/\/phoenixmicron.com\/de\/phoenix-micron\/fokal-erg\/"]}]},{"@type":"ImageObject","inLanguage":"de","@id":"https:\/\/phoenixmicron.com\/de\/phoenix-micron\/fokal-erg\/#primaryimage","url":"https:\/\/phoenixmicron.com\/wp-content\/uploads\/2019\/04\/2e_Focal-ERG.jpg","contentUrl":"https:\/\/phoenixmicron.com\/wp-content\/uploads\/2019\/04\/2e_Focal-ERG.jpg"},{"@type":"BreadcrumbList","@id":"https:\/\/phoenixmicron.com\/de\/phoenix-micron\/fokal-erg\/#breadcrumb","itemListElement":[{"@type":"ListItem","position":1,"name":"Home","item":"https:\/\/phoenixmicron.com\/de\/phoenix-micron\/"},{"@type":"ListItem","position":2,"name":"Phoenix MICRON\u00ae","item":"https:\/\/phoenixmicron.com\/de\/phoenix-micron\/"},{"@type":"ListItem","position":3,"name":"Focal ERG"}]},{"@type":"WebSite","@id":"https:\/\/phoenixmicron.com\/de\/#website","url":"https:\/\/phoenixmicron.com\/de\/","name":"Phoenix-Micron","description":"","publisher":{"@id":"https:\/\/phoenixmicron.com\/de\/#organization"},"potentialAction":[{"@type":"SearchAction","target":{"@type":"EntryPoint","urlTemplate":"https:\/\/phoenixmicron.com\/de\/?s={search_term_string}"},"query-input":{"@type":"PropertyValueSpecification","valueRequired":true,"valueName":"search_term_string"}}],"inLanguage":"de"},{"@type":"Organization","@id":"https:\/\/phoenixmicron.com\/de\/#organization","name":"Phoenix-Micron","url":"https:\/\/phoenixmicron.com\/de\/","logo":{"@type":"ImageObject","inLanguage":"de","@id":"https:\/\/phoenixmicron.com\/de\/#\/schema\/logo\/image\/","url":"https:\/\/phoenixmicron.com\/wp-content\/uploads\/2019\/04\/faviconlogo.png","contentUrl":"https:\/\/phoenixmicron.com\/wp-content\/uploads\/2019\/04\/faviconlogo.png","width":200,"height":200,"caption":"Phoenix-Micron"},"image":{"@id":"https:\/\/phoenixmicron.com\/de\/#\/schema\/logo\/image\/"}}]}},"_links":{"self":[{"href":"https:\/\/phoenixmicron.com\/de\/wp-json\/wp\/v2\/pages\/7481","targetHints":{"allow":["GET"]}}],"collection":[{"href":"https:\/\/phoenixmicron.com\/de\/wp-json\/wp\/v2\/pages"}],"about":[{"href":"https:\/\/phoenixmicron.com\/de\/wp-json\/wp\/v2\/types\/page"}],"author":[{"embeddable":true,"href":"https:\/\/phoenixmicron.com\/de\/wp-json\/wp\/v2\/users\/6"}],"replies":[{"embeddable":true,"href":"https:\/\/phoenixmicron.com\/de\/wp-json\/wp\/v2\/comments?post=7481"}],"version-history":[{"count":0,"href":"https:\/\/phoenixmicron.com\/de\/wp-json\/wp\/v2\/pages\/7481\/revisions"}],"up":[{"embeddable":true,"href":"https:\/\/phoenixmicron.com\/de\/wp-json\/wp\/v2\/pages\/6210"}],"wp:attachment":[{"href":"https:\/\/phoenixmicron.com\/de\/wp-json\/wp\/v2\/media?parent=7481"}],"curies":[{"name":"wp","href":"https:\/\/api.w.org\/{rel}","templated":true}]}}