{"id":6922,"date":"2024-06-05T15:53:39","date_gmt":"2024-06-05T15:53:39","guid":{"rendered":"https:\/\/phoenixmicrdev.wpengine.com\/animal-stand-pro\/"},"modified":"2026-04-13T08:16:38","modified_gmt":"2026-04-13T08:16:38","slug":"animal-stand-pro","status":"publish","type":"page","link":"https:\/\/phoenixmicron.com\/de\/animal-stand-pro\/","title":{"rendered":"Animal Stand Pro"},"content":{"rendered":"\n<h1>\n\t\t\tMICRON<!--wpml-no-translate-->\u00ae<!--\/wpml-no-translate--> Animal Stand &#8211; Pro\t<\/h1>\n\t<p>Zum ersten Mal ist die Zuf\u00fchrung eines Inhalationsan\u00e4sthetikums in einen Tierstand integriert, der speziell f\u00fcr die In-vivo-Fundusbild\u00adgebung bei Kleintieren entwickelt wurde.<\/p>\n\t<p>Die leicht zug\u00e4nglichen Zufuhr- und Abl\u00fcftungsanschl\u00fcsse f\u00fcr das Inhalationsan\u00e4sthetikum befinden sich an der Basis des Tierstativs, weit entfernt von den Augen des Versuchstieres und der Objektivlinse.<\/p>\n\t<p><a href=\"https:\/\/phoenixmicron.com\/wp-content\/uploads\/2026\/04\/MICRON-Animal-Stand-Pro-2026.pdf\" target=\"_blank\" rel=\"noopener\">Datenblatt<\/a><\/p>\n<figure itemscope itemtype=\"https:\/\/schema.org\/ImageObject\">\n\t\t\t\t<img decoding=\"async\" data-src=\"https:\/\/phoenixmicron.com\/wp-content\/uploads\/2025\/06\/Animal_Stand_Pro-Mouse-1-3_website.png\" alt=\"Tier_Stand_Pro-Maus-1-3_website\" height=\"651\" width=\"650\" title=\"Tier_Stand_Pro-Maus-1-3_website\" onerror=\"this.style.display='none'\" src=\"data:image\/svg+xml;base64,PHN2ZyB3aWR0aD0iMSIgaGVpZ2h0PSIxIiB4bWxucz0iaHR0cDovL3d3dy53My5vcmcvMjAwMC9zdmciPjwvc3ZnPg==\" class=\"lazyload\" style=\"--smush-placeholder-width: 650px; --smush-placeholder-aspect-ratio: 650\/651;\" \/>\n\t<\/figure>\n<figure itemscope itemtype=\"https:\/\/schema.org\/ImageObject\">\n\t\t\t\t<img decoding=\"async\" data-src=\"https:\/\/phoenixmicron.com\/wp-content\/uploads\/2025\/05\/Whisker-wipe-mask_web-scaled.jpg\" alt=\"Schnurrbartwischer mask_web\" height=\"1968\" width=\"2560\" title=\"Schnurrbartwischer mask_web\" onerror=\"this.style.display='none'\" src=\"data:image\/svg+xml;base64,PHN2ZyB3aWR0aD0iMSIgaGVpZ2h0PSIxIiB4bWxucz0iaHR0cDovL3d3dy53My5vcmcvMjAwMC9zdmciPjwvc3ZnPg==\" class=\"lazyload\" style=\"--smush-placeholder-width: 2560px; --smush-placeholder-aspect-ratio: 2560\/1968;\" \/>\n\t<\/figure>\n\t<p>Eine sorgf\u00e4ltig konstruierte Maske stellt sicher, dass das linke und das rechte Auge des Versuchstieres optimal auf die Kamera ausgerichtet werden.<\/p>\n<h1>\n\t\t\tDie WhiskerWipes\u2122-Tiermaske\t<\/h1>\n\t<p>Ist eine austauschbare An\u00e4sthesiemaske f\u00fcr Tiere, mit separaten Gr\u00f6\u00dfen f\u00fcr M\u00e4use und Ratten. Sie rastet auf der Tierplattform ein und wird mit der integrierten Inhalationsan\u00e4sthesie und der Beatmungsversorgung verbunden, um eine kontinuierliche Sedierung der Versuchstiere zu gew\u00e4hrleisten. <\/p>\n<p>Die WhiskerWipes\u2122-Arme halten die Schnurrhaare der Tiere von der Objektivlinse fern, was den Abbildungsprozess vereinfacht und Artefakte minimiert.<\/p>\n<figure itemscope itemtype=\"https:\/\/schema.org\/ImageObject\">\n\t\t\t\t<img decoding=\"async\" data-src=\"https:\/\/phoenixmicron.com\/wp-content\/uploads\/2025\/05\/Whisker-wipe-mask_2.png\" alt=\"Schnurrbarttuch Maske_2\" height=\"271\" width=\"491\" title=\"Schnurrbarttuch Maske_2\" onerror=\"this.style.display='none'\" src=\"data:image\/svg+xml;base64,PHN2ZyB3aWR0aD0iMSIgaGVpZ2h0PSIxIiB4bWxucz0iaHR0cDovL3d3dy53My5vcmcvMjAwMC9zdmciPjwvc3ZnPg==\" class=\"lazyload\" style=\"--smush-placeholder-width: 491px; --smush-placeholder-aspect-ratio: 491\/271;\" \/>\n\t<\/figure>\n\t<p>Die weichen, eng anliegenden Masken bestehen aus hypoallergenen, biokompatiblen Materialien, die sowohl waschbar als auch leicht austauschbar sind, um die Anforderungen der Infektionskontrolle im Labor zu erf\u00fcllen.<\/p>\n<figure itemscope itemtype=\"https:\/\/schema.org\/ImageObject\">\n\t\t\t\t<img decoding=\"async\" data-src=\"https:\/\/phoenixmicron.com\/wp-content\/uploads\/2025\/05\/Animal-stand_outline-copy.png\" alt=\"Tier Stand_Outline Kopie\" height=\"386\" width=\"536\" title=\"Tier Stand_Outline Kopie\" onerror=\"this.style.display='none'\" src=\"data:image\/svg+xml;base64,PHN2ZyB3aWR0aD0iMSIgaGVpZ2h0PSIxIiB4bWxucz0iaHR0cDovL3d3dy53My5vcmcvMjAwMC9zdmciPjwvc3ZnPg==\" class=\"lazyload\" style=\"--smush-placeholder-width: 536px; --smush-placeholder-aspect-ratio: 536\/386;\" \/>\n\t<\/figure>\n\t<p>Der MICRON Animal Stand &#8211; Pro erm\u00f6glicht die Installation einer optionalen Tierw\u00e4rmeplatte. Bei installierter Tierw\u00e4rmeplatte wird die optimale K\u00f6rpertemperatur der Versuchstiere w\u00e4hrend langer Bildgebungssitzungen und elektrophysiologischer Messungen aufrechterhalten: <\/p>\n\t<ul>\n<li>Die leicht zu reinigende Aluminium-Tierplattform wird zur Heizung, wodurch eine zus\u00e4tzliche Komponente auf dem Tierst\u00e4nder \u00fcberfl\u00fcssig wird.<\/li>\n<li>Die optionale Heizpatrone wird in die abwaschbare Aluminium-Tierplattform eingesetzt, um eine gleichm\u00e4\u00dfig verteilte W\u00e4rme zu erzeugen.<\/li>\n<li>Die Sensoren erm\u00f6glichen es der MICRON Software Suite, die maximalen und minimalen Plattformtemperaturen zu kontrollieren und zu dokumentieren (f\u00fcr Benutzer, die nicht die MICRON Software Suite verwenden, ist ein unabh\u00e4ngiger mechanischer Controller verf\u00fcgbar).<\/li>\n<li>Die Kabel werden durch das Innere des Tierstativs gef\u00fchrt, um den Bereich um die Augen des Versuchstieres und die MICRON-Kamera frei von Kabelgewirr zu halten.<\/li>\n<li>Das Tierstativ ist bereits so verkabelt, dass die Plattform jederzeit um zus\u00e4tzliche Biosensoren erweitert werden kann.<\/li>\n<\/ul>\n<figure itemscope itemtype=\"https:\/\/schema.org\/ImageObject\">\n\t\t\t\t<img decoding=\"async\" data-src=\"https:\/\/phoenixmicron.com\/wp-content\/uploads\/2025\/12\/micron-5-and-IV-cameras.png\" alt=\"micron-5-and-IV-cameras\" height=\"437\" width=\"1107\" title=\"micron-5-and-IV-cameras\" onerror=\"this.style.display='none'\" src=\"data:image\/svg+xml;base64,PHN2ZyB3aWR0aD0iMSIgaGVpZ2h0PSIxIiB4bWxucz0iaHR0cDovL3d3dy53My5vcmcvMjAwMC9zdmciPjwvc3ZnPg==\" class=\"lazyload\" style=\"--smush-placeholder-width: 1107px; --smush-placeholder-aspect-ratio: 1107\/437;\" \/>\n\t<\/figure>\n<h2>\n\t\t\tKompatibel mit MICRON 5 und MICRON IV Kameras\t<\/h2>\n\t<p>MICRON Animal Stand &#8211; Pro ist ein Zubeh\u00f6r, das sowohl mit MICRON IV als auch mit MICRON 5 Kameras kompatibel ist. Es ist auch mit \u00e4lteren MICRON III Kameras kompatibel. <\/p>\n<h2>\n\t\t\t900\t<\/h2>\n\t<p><strong>Ver\u00f6ffentlichte Arbeiten<\/strong>, die MICRON-Daten enthalten<\/p>\n<h2>\n\t\t\t14+\t<\/h2>\n\t<p><strong>Jahrelange Erfahrung<\/strong> in der Entwicklung patentierter Bildgebungstechnologie f\u00fcr Kleintiere<\/p>\n<h2>\n\t\t\t1\t<\/h2>\n\t<p>Integriertes multimodales <strong>System<\/strong><\/p>\n<h2>\n\t\t\t7\t<\/h2>\n\t<p><strong>Bildgebende Verfahren,<\/strong> entwickelt f\u00fcr anspruchsvolle ophthalmologische Forschung an Kleintieren<\/p>\n\n","protected":false},"excerpt":{"rendered":"<p>MICRON\u00ae Animal Stand &#8211; Pro Zum ersten Mal ist die Zuf\u00fchrung eines Inhalationsan\u00e4sthetikums in einen Tierstand integriert, der speziell f\u00fcr die In-vivo-Fundusbild\u00adgebung bei Kleintieren entwickelt wurde. Die leicht zug\u00e4nglichen Zufuhr- und Abl\u00fcftungsanschl\u00fcsse f\u00fcr das Inhalationsan\u00e4sthetikum befinden sich an der Basis des Tierstativs, weit entfernt von den Augen des Versuchstieres und der Objektivlinse. Datenblatt Eine sorgf\u00e4ltig [&hellip;]<\/p>\n","protected":false},"author":1,"featured_media":0,"parent":0,"menu_order":0,"comment_status":"closed","ping_status":"closed","template":"page-full-width.php","meta":{"_acf_changed":false,"_themeisle_gutenberg_block_has_review":false,"footnotes":""},"class_list":["post-6922","page","type-page","status-publish","hentry"],"acf":[],"yoast_head":"<!-- This site is optimized with the Yoast SEO plugin v27.2 - https:\/\/yoast.com\/product\/yoast-seo-wordpress\/ -->\n<title>Animal Stand Pro - Phoenix-Micron<\/title>\n<meta name=\"robots\" content=\"index, follow, max-snippet:-1, max-image-preview:large, max-video-preview:-1\" \/>\n<link rel=\"canonical\" href=\"https:\/\/phoenixmicron.com\/de\/animal-stand-pro\/\" \/>\n<meta property=\"og:locale\" content=\"de_DE\" \/>\n<meta property=\"og:type\" content=\"article\" \/>\n<meta property=\"og:title\" content=\"Animal Stand Pro - Phoenix-Micron\" \/>\n<meta property=\"og:description\" content=\"MICRON\u00ae Animal Stand &#8211; Pro Zum ersten Mal ist die Zuf\u00fchrung eines Inhalationsan\u00e4sthetikums in einen Tierstand integriert, der speziell f\u00fcr die In-vivo-Fundusbild\u00adgebung bei Kleintieren entwickelt wurde. Die leicht zug\u00e4nglichen Zufuhr- und Abl\u00fcftungsanschl\u00fcsse f\u00fcr das Inhalationsan\u00e4sthetikum befinden sich an der Basis des Tierstativs, weit entfernt von den Augen des Versuchstieres und der Objektivlinse. Datenblatt Eine sorgf\u00e4ltig [&hellip;]\" \/>\n<meta property=\"og:url\" content=\"https:\/\/phoenixmicron.com\/de\/animal-stand-pro\/\" \/>\n<meta property=\"og:site_name\" content=\"Phoenix-Micron\" \/>\n<meta property=\"article:modified_time\" content=\"2026-04-13T08:16:38+00:00\" \/>\n<meta property=\"og:image\" content=\"https:\/\/phoenixmicron.com\/wp-content\/uploads\/2025\/06\/Animal_Stand_Pro-Mouse-1-3_website.png\" \/>\n<meta name=\"twitter:card\" content=\"summary_large_image\" \/>\n<meta name=\"twitter:label1\" content=\"Gesch\u00e4tzte Lesezeit\" \/>\n\t<meta name=\"twitter:data1\" content=\"3\u00a0Minuten\" \/>\n<script type=\"application\/ld+json\" class=\"yoast-schema-graph\">{\"@context\":\"https:\/\/schema.org\",\"@graph\":[{\"@type\":\"WebPage\",\"@id\":\"https:\/\/phoenixmicron.com\/de\/animal-stand-pro\/\",\"url\":\"https:\/\/phoenixmicron.com\/de\/animal-stand-pro\/\",\"name\":\"Animal Stand Pro - Phoenix-Micron\",\"isPartOf\":{\"@id\":\"https:\/\/phoenixmicron.com\/de\/#website\"},\"primaryImageOfPage\":{\"@id\":\"https:\/\/phoenixmicron.com\/de\/animal-stand-pro\/#primaryimage\"},\"image\":{\"@id\":\"https:\/\/phoenixmicron.com\/de\/animal-stand-pro\/#primaryimage\"},\"thumbnailUrl\":\"https:\/\/phoenixmicron.com\/wp-content\/uploads\/2025\/06\/Animal_Stand_Pro-Mouse-1-3_website.png\",\"datePublished\":\"2024-06-05T15:53:39+00:00\",\"dateModified\":\"2026-04-13T08:16:38+00:00\",\"breadcrumb\":{\"@id\":\"https:\/\/phoenixmicron.com\/de\/animal-stand-pro\/#breadcrumb\"},\"inLanguage\":\"de\",\"potentialAction\":[{\"@type\":\"ReadAction\",\"target\":[\"https:\/\/phoenixmicron.com\/de\/animal-stand-pro\/\"]}]},{\"@type\":\"ImageObject\",\"inLanguage\":\"de\",\"@id\":\"https:\/\/phoenixmicron.com\/de\/animal-stand-pro\/#primaryimage\",\"url\":\"https:\/\/phoenixmicron.com\/wp-content\/uploads\/2025\/06\/Animal_Stand_Pro-Mouse-1-3_website.png\",\"contentUrl\":\"https:\/\/phoenixmicron.com\/wp-content\/uploads\/2025\/06\/Animal_Stand_Pro-Mouse-1-3_website.png\"},{\"@type\":\"BreadcrumbList\",\"@id\":\"https:\/\/phoenixmicron.com\/de\/animal-stand-pro\/#breadcrumb\",\"itemListElement\":[{\"@type\":\"ListItem\",\"position\":1,\"name\":\"Home\",\"item\":\"https:\/\/phoenixmicron.com\/de\/phoenix-micron\/\"},{\"@type\":\"ListItem\",\"position\":2,\"name\":\"Animal Stand Pro\"}]},{\"@type\":\"WebSite\",\"@id\":\"https:\/\/phoenixmicron.com\/de\/#website\",\"url\":\"https:\/\/phoenixmicron.com\/de\/\",\"name\":\"Phoenix-Micron\",\"description\":\"\",\"publisher\":{\"@id\":\"https:\/\/phoenixmicron.com\/de\/#organization\"},\"potentialAction\":[{\"@type\":\"SearchAction\",\"target\":{\"@type\":\"EntryPoint\",\"urlTemplate\":\"https:\/\/phoenixmicron.com\/de\/?s={search_term_string}\"},\"query-input\":{\"@type\":\"PropertyValueSpecification\",\"valueRequired\":true,\"valueName\":\"search_term_string\"}}],\"inLanguage\":\"de\"},{\"@type\":\"Organization\",\"@id\":\"https:\/\/phoenixmicron.com\/de\/#organization\",\"name\":\"Phoenix-Micron\",\"url\":\"https:\/\/phoenixmicron.com\/de\/\",\"logo\":{\"@type\":\"ImageObject\",\"inLanguage\":\"de\",\"@id\":\"https:\/\/phoenixmicron.com\/de\/#\/schema\/logo\/image\/\",\"url\":\"https:\/\/phoenixmicron.com\/wp-content\/uploads\/2019\/04\/faviconlogo.png\",\"contentUrl\":\"https:\/\/phoenixmicron.com\/wp-content\/uploads\/2019\/04\/faviconlogo.png\",\"width\":200,\"height\":200,\"caption\":\"Phoenix-Micron\"},\"image\":{\"@id\":\"https:\/\/phoenixmicron.com\/de\/#\/schema\/logo\/image\/\"}}]}<\/script>\n<!-- \/ Yoast SEO plugin. -->","yoast_head_json":{"title":"Animal Stand Pro - Phoenix-Micron","robots":{"index":"index","follow":"follow","max-snippet":"max-snippet:-1","max-image-preview":"max-image-preview:large","max-video-preview":"max-video-preview:-1"},"canonical":"https:\/\/phoenixmicron.com\/de\/animal-stand-pro\/","og_locale":"de_DE","og_type":"article","og_title":"Animal Stand Pro - Phoenix-Micron","og_description":"MICRON\u00ae Animal Stand &#8211; Pro Zum ersten Mal ist die Zuf\u00fchrung eines Inhalationsan\u00e4sthetikums in einen Tierstand integriert, der speziell f\u00fcr die In-vivo-Fundusbild\u00adgebung bei Kleintieren entwickelt wurde. Die leicht zug\u00e4nglichen Zufuhr- und Abl\u00fcftungsanschl\u00fcsse f\u00fcr das Inhalationsan\u00e4sthetikum befinden sich an der Basis des Tierstativs, weit entfernt von den Augen des Versuchstieres und der Objektivlinse. Datenblatt Eine sorgf\u00e4ltig [&hellip;]","og_url":"https:\/\/phoenixmicron.com\/de\/animal-stand-pro\/","og_site_name":"Phoenix-Micron","article_modified_time":"2026-04-13T08:16:38+00:00","og_image":[{"url":"https:\/\/phoenixmicron.com\/wp-content\/uploads\/2025\/06\/Animal_Stand_Pro-Mouse-1-3_website.png","type":"","width":"","height":""}],"twitter_card":"summary_large_image","twitter_misc":{"Gesch\u00e4tzte Lesezeit":"3\u00a0Minuten"},"schema":{"@context":"https:\/\/schema.org","@graph":[{"@type":"WebPage","@id":"https:\/\/phoenixmicron.com\/de\/animal-stand-pro\/","url":"https:\/\/phoenixmicron.com\/de\/animal-stand-pro\/","name":"Animal Stand Pro - Phoenix-Micron","isPartOf":{"@id":"https:\/\/phoenixmicron.com\/de\/#website"},"primaryImageOfPage":{"@id":"https:\/\/phoenixmicron.com\/de\/animal-stand-pro\/#primaryimage"},"image":{"@id":"https:\/\/phoenixmicron.com\/de\/animal-stand-pro\/#primaryimage"},"thumbnailUrl":"https:\/\/phoenixmicron.com\/wp-content\/uploads\/2025\/06\/Animal_Stand_Pro-Mouse-1-3_website.png","datePublished":"2024-06-05T15:53:39+00:00","dateModified":"2026-04-13T08:16:38+00:00","breadcrumb":{"@id":"https:\/\/phoenixmicron.com\/de\/animal-stand-pro\/#breadcrumb"},"inLanguage":"de","potentialAction":[{"@type":"ReadAction","target":["https:\/\/phoenixmicron.com\/de\/animal-stand-pro\/"]}]},{"@type":"ImageObject","inLanguage":"de","@id":"https:\/\/phoenixmicron.com\/de\/animal-stand-pro\/#primaryimage","url":"https:\/\/phoenixmicron.com\/wp-content\/uploads\/2025\/06\/Animal_Stand_Pro-Mouse-1-3_website.png","contentUrl":"https:\/\/phoenixmicron.com\/wp-content\/uploads\/2025\/06\/Animal_Stand_Pro-Mouse-1-3_website.png"},{"@type":"BreadcrumbList","@id":"https:\/\/phoenixmicron.com\/de\/animal-stand-pro\/#breadcrumb","itemListElement":[{"@type":"ListItem","position":1,"name":"Home","item":"https:\/\/phoenixmicron.com\/de\/phoenix-micron\/"},{"@type":"ListItem","position":2,"name":"Animal Stand Pro"}]},{"@type":"WebSite","@id":"https:\/\/phoenixmicron.com\/de\/#website","url":"https:\/\/phoenixmicron.com\/de\/","name":"Phoenix-Micron","description":"","publisher":{"@id":"https:\/\/phoenixmicron.com\/de\/#organization"},"potentialAction":[{"@type":"SearchAction","target":{"@type":"EntryPoint","urlTemplate":"https:\/\/phoenixmicron.com\/de\/?s={search_term_string}"},"query-input":{"@type":"PropertyValueSpecification","valueRequired":true,"valueName":"search_term_string"}}],"inLanguage":"de"},{"@type":"Organization","@id":"https:\/\/phoenixmicron.com\/de\/#organization","name":"Phoenix-Micron","url":"https:\/\/phoenixmicron.com\/de\/","logo":{"@type":"ImageObject","inLanguage":"de","@id":"https:\/\/phoenixmicron.com\/de\/#\/schema\/logo\/image\/","url":"https:\/\/phoenixmicron.com\/wp-content\/uploads\/2019\/04\/faviconlogo.png","contentUrl":"https:\/\/phoenixmicron.com\/wp-content\/uploads\/2019\/04\/faviconlogo.png","width":200,"height":200,"caption":"Phoenix-Micron"},"image":{"@id":"https:\/\/phoenixmicron.com\/de\/#\/schema\/logo\/image\/"}}]}},"_links":{"self":[{"href":"https:\/\/phoenixmicron.com\/de\/wp-json\/wp\/v2\/pages\/6922","targetHints":{"allow":["GET"]}}],"collection":[{"href":"https:\/\/phoenixmicron.com\/de\/wp-json\/wp\/v2\/pages"}],"about":[{"href":"https:\/\/phoenixmicron.com\/de\/wp-json\/wp\/v2\/types\/page"}],"author":[{"embeddable":true,"href":"https:\/\/phoenixmicron.com\/de\/wp-json\/wp\/v2\/users\/1"}],"replies":[{"embeddable":true,"href":"https:\/\/phoenixmicron.com\/de\/wp-json\/wp\/v2\/comments?post=6922"}],"version-history":[{"count":0,"href":"https:\/\/phoenixmicron.com\/de\/wp-json\/wp\/v2\/pages\/6922\/revisions"}],"wp:attachment":[{"href":"https:\/\/phoenixmicron.com\/de\/wp-json\/wp\/v2\/media?parent=6922"}],"curies":[{"name":"wp","href":"https:\/\/api.w.org\/{rel}","templated":true}]}}