{"id":6385,"date":"2025-08-17T17:18:04","date_gmt":"2025-08-17T17:18:04","guid":{"rendered":"https:\/\/phoenixmicrdev.wpengine.com\/micron-m5-und-se\/"},"modified":"2026-03-10T21:00:01","modified_gmt":"2026-03-10T21:00:01","slug":"micron-m5-und-se","status":"publish","type":"page","link":"https:\/\/phoenixmicron.com\/de\/micron-m5-und-se\/","title":{"rendered":"MICRON M5 und SE"},"content":{"rendered":"\n<h1>\n\t\t\tZwei Kameraplattformen, die gleiche marktf\u00fchrende Bildgebungstechnologie\t<\/h1>\n\t<p>Welche MICRON Kamera ist die richtige f\u00fcr Sie? Lassen Sie uns Ihnen bei der Entscheidung helfen. <\/p>\n\t\t\t\t<img decoding=\"async\" data-src=\"https:\/\/phoenixmicron.com\/wp-content\/uploads\/2025\/08\/micron_-se.png\" alt=\"micron_ se\" itemprop=\"image\" height=\"749\" width=\"1000\" title=\"micron_ se\" onerror=\"this.style.display='none'\" src=\"data:image\/svg+xml;base64,PHN2ZyB3aWR0aD0iMSIgaGVpZ2h0PSIxIiB4bWxucz0iaHR0cDovL3d3dy53My5vcmcvMjAwMC9zdmciPjwvc3ZnPg==\" class=\"lazyload\" style=\"--smush-placeholder-width: 1000px; --smush-placeholder-aspect-ratio: 1000\/749;\" \/>\n\t<p>Der MICRON <strong> SE <\/strong>System ist f\u00fcr Sie, wenn Ihr Labor&#8230;<\/p>\n\t<ul>\n<li>Studiert die Netzhaut der Maus<\/li>\n<li>Erfordert Farbfundus und GFP<\/li>\n<li>M\u00f6chte die Option, OCT hinzuzuf\u00fcgen<\/li>\n<li>ERG oder Laser sind keine Voraussetzungen f\u00fcr Sie<\/li>\n<li>Ist die Einrichtung eines neuen Labors oder das Hinzuf\u00fcgen einer Kamera zum Imaging Core<\/li>\n<\/ul>\n\t\t\t<a href=\"https:\/\/phoenixmicron.com\/de\/micron-se\/\" target=\"_self\">\n\t\t\t\t\t\t\tMehr erfahren\n\t\t\t\t\t<\/a>\n\t<p>Die <strong>MICRON 5 <\/strong>System ist f\u00fcr Sie, wenn Ihr Labor&#8230;<\/p>\n\t<ul>\n<li>Muss eine CNV, RVO oder GA ausl\u00f6sen<\/li>\n<li>M\u00f6chte eine Reihe von Anregungs- und Emissionsfiltern verwenden<\/li>\n<li>F\u00fchrt Studien am vorderen Augenabschnitt durch<\/li>\n<li>Ben\u00f6tigt eine Blende zur Verbesserung der Tiefensch\u00e4rfe<\/li>\n<li>M\u00f6chte Focal ERG in Ihre Studien einbeziehen<\/li>\n<\/ul>\n\t\t\t<a href=\"https:\/\/phoenixmicron.com\/de\/phoenix-micron\/phoenix-micron-5\/\" target=\"_self\">\n\t\t\t\t\t\t\tMehr erfahren\n\t\t\t\t\t<\/a>\n\t\t\t\t<img decoding=\"async\" data-src=\"https:\/\/phoenixmicron.com\/wp-content\/uploads\/2025\/08\/smMICRON_5_Review_Station.png\" alt=\"smMICRON_5_Review_Station\" itemprop=\"image\" height=\"838\" width=\"1118\" title=\"smMICRON_5_Review_Station\" onerror=\"this.style.display='none'\" src=\"data:image\/svg+xml;base64,PHN2ZyB3aWR0aD0iMSIgaGVpZ2h0PSIxIiB4bWxucz0iaHR0cDovL3d3dy53My5vcmcvMjAwMC9zdmciPjwvc3ZnPg==\" class=\"lazyload\" style=\"--smush-placeholder-width: 1118px; --smush-placeholder-aspect-ratio: 1118\/838;\" \/>\n<h2>\n\t\t\tVergleichstabelle\t<\/h2>\n<h2>\n\t\t\tErfahren Sie mehr \u00fcber jede unserer Kameras\t<\/h2>\n\t\t\t\t<img decoding=\"async\" data-src=\"https:\/\/phoenixmicron.com\/wp-content\/uploads\/2025\/09\/M5_Hero-2-scaled.png\" alt=\"M5_Held (2)\" itemprop=\"image\" height=\"2455\" width=\"2560\" title=\"M5_Held (2)\" onerror=\"this.style.display='none'\" src=\"data:image\/svg+xml;base64,PHN2ZyB3aWR0aD0iMSIgaGVpZ2h0PSIxIiB4bWxucz0iaHR0cDovL3d3dy53My5vcmcvMjAwMC9zdmciPjwvc3ZnPg==\" class=\"lazyload\" style=\"--smush-placeholder-width: 2560px; --smush-placeholder-aspect-ratio: 2560\/2455;\" \/>\n<h3>\n\t\t\tMICRON 5 System\t<\/h3>\n\t<p>Das voll ausgestattete Imaging-System.<\/p>\n\t\t\t<a href=\"https:\/\/phoenixmicron.com\/retinal-imaging-system-old\/micron-5-retinal-camera\/\" target=\"_self\">\n\t\t\t\t\t\t\tMehr erfahren\n\t\t\t\t\t<\/a>\n\t\t\t\t<img decoding=\"async\" data-src=\"https:\/\/phoenixmicron.com\/wp-content\/uploads\/2025\/09\/MICRON-SE_mouse-lens_processedIMG_4756.png\" alt=\"MICRON SE_Mausobjektiv_bearbeitetIMG_4756\" itemprop=\"image\" title=\"MICRON SE_Mausobjektiv_bearbeitetIMG_4756\" onerror=\"this.style.display='none'\" src=\"data:image\/svg+xml;base64,PHN2ZyB3aWR0aD0iMSIgaGVpZ2h0PSIxIiB4bWxucz0iaHR0cDovL3d3dy53My5vcmcvMjAwMC9zdmciPjwvc3ZnPg==\" class=\"lazyload\" style=\"--smush-placeholder-width: 3576px; --smush-placeholder-aspect-ratio: 3576\/3430;\" \/>\n<h3>\n\t\t\tMICRON SE System\t<\/h3>\n\t<p>Das preisg\u00fcnstige MICRON Imaging-System.<\/p>\n\t\t\t<a href=\"https:\/\/phoenixmicron.com\/de\/micron-se\/\" target=\"_self\">\n\t\t\t\t\t\t\tMehr erfahren\n\t\t\t\t\t<\/a>\n<h2>\n\t\t\tImmer noch nicht sicher? Lassen Sie uns helfen \t<\/h2>\n\t\t\t<a href=\"https:\/\/phoenixmicron.com\/de\/kontakt\/\" target=\"_self\">\n\t\t\t\t\t\t\tEINE FRAGE STELLEN\n\t\t\t\t\t<\/a>\n\n","protected":false},"excerpt":{"rendered":"<p>Zwei Kameraplattformen, die gleiche marktf\u00fchrende Bildgebungstechnologie Welche MICRON Kamera ist die richtige f\u00fcr Sie? Lassen Sie uns Ihnen bei der Entscheidung helfen. Der MICRON SE System ist f\u00fcr Sie, wenn Ihr Labor&#8230; Studiert die Netzhaut der Maus Erfordert Farbfundus und GFP M\u00f6chte die Option, OCT hinzuzuf\u00fcgen ERG oder Laser sind keine Voraussetzungen f\u00fcr Sie Ist [&hellip;]<\/p>\n","protected":false},"author":1,"featured_media":0,"parent":0,"menu_order":0,"comment_status":"closed","ping_status":"closed","template":"page-full-width.php","meta":{"_acf_changed":false,"_themeisle_gutenberg_block_has_review":false,"footnotes":""},"class_list":["post-6385","page","type-page","status-publish","hentry"],"acf":[],"yoast_head":"<!-- This site is optimized with the Yoast SEO plugin v27.2 - https:\/\/yoast.com\/product\/yoast-seo-wordpress\/ -->\n<title>MICRON M5 und SE - Phoenix-Micron<\/title>\n<meta name=\"robots\" content=\"index, follow, max-snippet:-1, max-image-preview:large, max-video-preview:-1\" \/>\n<link rel=\"canonical\" href=\"https:\/\/phoenixmicron.com\/de\/micron-m5-und-se\/\" \/>\n<meta property=\"og:locale\" content=\"de_DE\" \/>\n<meta property=\"og:type\" content=\"article\" \/>\n<meta property=\"og:title\" content=\"MICRON M5 und SE - Phoenix-Micron\" \/>\n<meta property=\"og:description\" content=\"Zwei Kameraplattformen, die gleiche marktf\u00fchrende Bildgebungstechnologie Welche MICRON Kamera ist die richtige f\u00fcr Sie? Lassen Sie uns Ihnen bei der Entscheidung helfen. Der MICRON SE System ist f\u00fcr Sie, wenn Ihr Labor&#8230; Studiert die Netzhaut der Maus Erfordert Farbfundus und GFP M\u00f6chte die Option, OCT hinzuzuf\u00fcgen ERG oder Laser sind keine Voraussetzungen f\u00fcr Sie Ist [&hellip;]\" \/>\n<meta property=\"og:url\" content=\"https:\/\/phoenixmicron.com\/de\/micron-m5-und-se\/\" \/>\n<meta property=\"og:site_name\" content=\"Phoenix-Micron\" \/>\n<meta property=\"article:modified_time\" content=\"2026-03-10T21:00:01+00:00\" \/>\n<meta property=\"og:image\" content=\"https:\/\/phoenixmicron.com\/wp-content\/uploads\/2025\/08\/micron_-se.png\" \/>\n<meta name=\"twitter:card\" content=\"summary_large_image\" \/>\n<meta name=\"twitter:label1\" content=\"Gesch\u00e4tzte Lesezeit\" \/>\n\t<meta name=\"twitter:data1\" content=\"1\u00a0Minute\" \/>\n<script type=\"application\/ld+json\" class=\"yoast-schema-graph\">{\"@context\":\"https:\/\/schema.org\",\"@graph\":[{\"@type\":\"WebPage\",\"@id\":\"https:\/\/phoenixmicron.com\/de\/micron-m5-und-se\/\",\"url\":\"https:\/\/phoenixmicron.com\/de\/micron-m5-und-se\/\",\"name\":\"MICRON M5 und SE - Phoenix-Micron\",\"isPartOf\":{\"@id\":\"https:\/\/phoenixmicron.com\/de\/#website\"},\"primaryImageOfPage\":{\"@id\":\"https:\/\/phoenixmicron.com\/de\/micron-m5-und-se\/#primaryimage\"},\"image\":{\"@id\":\"https:\/\/phoenixmicron.com\/de\/micron-m5-und-se\/#primaryimage\"},\"thumbnailUrl\":\"https:\/\/phoenixmicron.com\/wp-content\/uploads\/2025\/08\/micron_-se.png\",\"datePublished\":\"2025-08-17T17:18:04+00:00\",\"dateModified\":\"2026-03-10T21:00:01+00:00\",\"breadcrumb\":{\"@id\":\"https:\/\/phoenixmicron.com\/de\/micron-m5-und-se\/#breadcrumb\"},\"inLanguage\":\"de\",\"potentialAction\":[{\"@type\":\"ReadAction\",\"target\":[\"https:\/\/phoenixmicron.com\/de\/micron-m5-und-se\/\"]}]},{\"@type\":\"ImageObject\",\"inLanguage\":\"de\",\"@id\":\"https:\/\/phoenixmicron.com\/de\/micron-m5-und-se\/#primaryimage\",\"url\":\"https:\/\/phoenixmicron.com\/wp-content\/uploads\/2025\/08\/micron_-se.png\",\"contentUrl\":\"https:\/\/phoenixmicron.com\/wp-content\/uploads\/2025\/08\/micron_-se.png\"},{\"@type\":\"BreadcrumbList\",\"@id\":\"https:\/\/phoenixmicron.com\/de\/micron-m5-und-se\/#breadcrumb\",\"itemListElement\":[{\"@type\":\"ListItem\",\"position\":1,\"name\":\"Home\",\"item\":\"https:\/\/phoenixmicron.com\/de\/phoenix-micron\/\"},{\"@type\":\"ListItem\",\"position\":2,\"name\":\"MICRON M5 und SE\"}]},{\"@type\":\"WebSite\",\"@id\":\"https:\/\/phoenixmicron.com\/de\/#website\",\"url\":\"https:\/\/phoenixmicron.com\/de\/\",\"name\":\"Phoenix-Micron\",\"description\":\"\",\"publisher\":{\"@id\":\"https:\/\/phoenixmicron.com\/de\/#organization\"},\"potentialAction\":[{\"@type\":\"SearchAction\",\"target\":{\"@type\":\"EntryPoint\",\"urlTemplate\":\"https:\/\/phoenixmicron.com\/de\/?s={search_term_string}\"},\"query-input\":{\"@type\":\"PropertyValueSpecification\",\"valueRequired\":true,\"valueName\":\"search_term_string\"}}],\"inLanguage\":\"de\"},{\"@type\":\"Organization\",\"@id\":\"https:\/\/phoenixmicron.com\/de\/#organization\",\"name\":\"Phoenix-Micron\",\"url\":\"https:\/\/phoenixmicron.com\/de\/\",\"logo\":{\"@type\":\"ImageObject\",\"inLanguage\":\"de\",\"@id\":\"https:\/\/phoenixmicron.com\/de\/#\/schema\/logo\/image\/\",\"url\":\"https:\/\/phoenixmicron.com\/wp-content\/uploads\/2019\/04\/faviconlogo.png\",\"contentUrl\":\"https:\/\/phoenixmicron.com\/wp-content\/uploads\/2019\/04\/faviconlogo.png\",\"width\":200,\"height\":200,\"caption\":\"Phoenix-Micron\"},\"image\":{\"@id\":\"https:\/\/phoenixmicron.com\/de\/#\/schema\/logo\/image\/\"}}]}<\/script>\n<!-- \/ Yoast SEO plugin. -->","yoast_head_json":{"title":"MICRON M5 und SE - Phoenix-Micron","robots":{"index":"index","follow":"follow","max-snippet":"max-snippet:-1","max-image-preview":"max-image-preview:large","max-video-preview":"max-video-preview:-1"},"canonical":"https:\/\/phoenixmicron.com\/de\/micron-m5-und-se\/","og_locale":"de_DE","og_type":"article","og_title":"MICRON M5 und SE - Phoenix-Micron","og_description":"Zwei Kameraplattformen, die gleiche marktf\u00fchrende Bildgebungstechnologie Welche MICRON Kamera ist die richtige f\u00fcr Sie? Lassen Sie uns Ihnen bei der Entscheidung helfen. Der MICRON SE System ist f\u00fcr Sie, wenn Ihr Labor&#8230; Studiert die Netzhaut der Maus Erfordert Farbfundus und GFP M\u00f6chte die Option, OCT hinzuzuf\u00fcgen ERG oder Laser sind keine Voraussetzungen f\u00fcr Sie Ist [&hellip;]","og_url":"https:\/\/phoenixmicron.com\/de\/micron-m5-und-se\/","og_site_name":"Phoenix-Micron","article_modified_time":"2026-03-10T21:00:01+00:00","og_image":[{"url":"https:\/\/phoenixmicron.com\/wp-content\/uploads\/2025\/08\/micron_-se.png","type":"","width":"","height":""}],"twitter_card":"summary_large_image","twitter_misc":{"Gesch\u00e4tzte Lesezeit":"1\u00a0Minute"},"schema":{"@context":"https:\/\/schema.org","@graph":[{"@type":"WebPage","@id":"https:\/\/phoenixmicron.com\/de\/micron-m5-und-se\/","url":"https:\/\/phoenixmicron.com\/de\/micron-m5-und-se\/","name":"MICRON M5 und SE - Phoenix-Micron","isPartOf":{"@id":"https:\/\/phoenixmicron.com\/de\/#website"},"primaryImageOfPage":{"@id":"https:\/\/phoenixmicron.com\/de\/micron-m5-und-se\/#primaryimage"},"image":{"@id":"https:\/\/phoenixmicron.com\/de\/micron-m5-und-se\/#primaryimage"},"thumbnailUrl":"https:\/\/phoenixmicron.com\/wp-content\/uploads\/2025\/08\/micron_-se.png","datePublished":"2025-08-17T17:18:04+00:00","dateModified":"2026-03-10T21:00:01+00:00","breadcrumb":{"@id":"https:\/\/phoenixmicron.com\/de\/micron-m5-und-se\/#breadcrumb"},"inLanguage":"de","potentialAction":[{"@type":"ReadAction","target":["https:\/\/phoenixmicron.com\/de\/micron-m5-und-se\/"]}]},{"@type":"ImageObject","inLanguage":"de","@id":"https:\/\/phoenixmicron.com\/de\/micron-m5-und-se\/#primaryimage","url":"https:\/\/phoenixmicron.com\/wp-content\/uploads\/2025\/08\/micron_-se.png","contentUrl":"https:\/\/phoenixmicron.com\/wp-content\/uploads\/2025\/08\/micron_-se.png"},{"@type":"BreadcrumbList","@id":"https:\/\/phoenixmicron.com\/de\/micron-m5-und-se\/#breadcrumb","itemListElement":[{"@type":"ListItem","position":1,"name":"Home","item":"https:\/\/phoenixmicron.com\/de\/phoenix-micron\/"},{"@type":"ListItem","position":2,"name":"MICRON M5 und SE"}]},{"@type":"WebSite","@id":"https:\/\/phoenixmicron.com\/de\/#website","url":"https:\/\/phoenixmicron.com\/de\/","name":"Phoenix-Micron","description":"","publisher":{"@id":"https:\/\/phoenixmicron.com\/de\/#organization"},"potentialAction":[{"@type":"SearchAction","target":{"@type":"EntryPoint","urlTemplate":"https:\/\/phoenixmicron.com\/de\/?s={search_term_string}"},"query-input":{"@type":"PropertyValueSpecification","valueRequired":true,"valueName":"search_term_string"}}],"inLanguage":"de"},{"@type":"Organization","@id":"https:\/\/phoenixmicron.com\/de\/#organization","name":"Phoenix-Micron","url":"https:\/\/phoenixmicron.com\/de\/","logo":{"@type":"ImageObject","inLanguage":"de","@id":"https:\/\/phoenixmicron.com\/de\/#\/schema\/logo\/image\/","url":"https:\/\/phoenixmicron.com\/wp-content\/uploads\/2019\/04\/faviconlogo.png","contentUrl":"https:\/\/phoenixmicron.com\/wp-content\/uploads\/2019\/04\/faviconlogo.png","width":200,"height":200,"caption":"Phoenix-Micron"},"image":{"@id":"https:\/\/phoenixmicron.com\/de\/#\/schema\/logo\/image\/"}}]}},"_links":{"self":[{"href":"https:\/\/phoenixmicron.com\/de\/wp-json\/wp\/v2\/pages\/6385","targetHints":{"allow":["GET"]}}],"collection":[{"href":"https:\/\/phoenixmicron.com\/de\/wp-json\/wp\/v2\/pages"}],"about":[{"href":"https:\/\/phoenixmicron.com\/de\/wp-json\/wp\/v2\/types\/page"}],"author":[{"embeddable":true,"href":"https:\/\/phoenixmicron.com\/de\/wp-json\/wp\/v2\/users\/1"}],"replies":[{"embeddable":true,"href":"https:\/\/phoenixmicron.com\/de\/wp-json\/wp\/v2\/comments?post=6385"}],"version-history":[{"count":0,"href":"https:\/\/phoenixmicron.com\/de\/wp-json\/wp\/v2\/pages\/6385\/revisions"}],"wp:attachment":[{"href":"https:\/\/phoenixmicron.com\/de\/wp-json\/wp\/v2\/media?parent=6385"}],"curies":[{"name":"wp","href":"https:\/\/api.w.org\/{rel}","templated":true}]}}